{"id":3438,"date":"2017-05-14T22:43:04","date_gmt":"2017-05-14T20:43:04","guid":{"rendered":"https:\/\/metropolevsech.eu\/?page_id=3438"},"modified":"2025-02-20T12:18:15","modified_gmt":"2025-02-20T11:18:15","slug":"mestska-cast-praha-17","status":"publish","type":"page","link":"https:\/\/metropolevsech.eu\/vi\/kontakty\/urady-v-praze\/mestske-casti\/jednotlive-mestske-casti\/mestska-cast-praha-17\/","title":{"rendered":"Qu\u1eadn Praha 17"},"content":{"rendered":"<p><\/p>\n<h3>\u1ee6Y BAN QU\u1eacN PRAHA 17<\/h3>\n<p>\u017dalansk\u00e9ho 291\/12b, 163 00 Praha-\u0158epy<\/p>\n<p>t\u1ed5ng \u0111\u00e0i: 234 683 111, 235 300 005<\/p>\n<p>fax: 235 300 129, e-mail: podatelna@repy.mepnet.cz<\/p>\n<p>trang web: <a href=\"\/\/www.repy.cz\">www.repy.cz<\/a><\/p>\n<div class=\"box-fixa\"><\/p>\n<p><em>Qu\u1eadn h\u00e0nh ch\u00ednh \u0111\u1ed9c l\u1eadp n\u00e0y \u0111\u00e3 \u0111\u01b0\u1ee3c h\u00ecnh th\u00e0nh v\u00e0o n\u0103m 2001 v\u00e0 th\u1ef1c hi\u1ec7n c\u00e1c ho\u1ea1t \u0111\u1ed9ng qu\u1ea3n l\u00fd h\u00e0nh ch\u00ednh qu\u1ed1c gia cho c\u00e1c ph\u01b0\u1eddng <\/em><em>\u0158epy, Zli\u010d\u00edn <\/em><em>v\u00e0 m\u1ed9t ph\u1ea7n c\u1ee7a <\/em><em>T\u0159ebonic<\/em><em>e.<\/em><\/p>\n<p><\/div>\n<p><strong>\u0158epy<\/strong> (ti\u1ebfng \u0110\u1ee9c l\u00e0 R\u00fcben) l\u00e0 m\u1ed9t khu \u0111\u1ea5t \u0111\u1ecba ch\u00ednh c\u1ee7a Praha t\u1ea1o th\u00e0nh qu\u1eadn Praha 17 n\u1eb1m trong qu\u1eadn th\u00e0nh ph\u1ed1 Praha 6. Qu\u1eadn n\u1eb1m \u1edf ph\u00eda t\u00e2y th\u00e0nh ph\u1ed1, ph\u00eda b\u1eafc n\u01a1i xa l\u1ed9 D5 v\u00e0o Praha. L\u1eddi \u0111\u1ec1 c\u1eadp \u0111\u1ea7u ti\u00ean v\u1ec1 \u0158epy c\u00f3 t\u1eeb n\u0103m 993 trong s\u1ed5 th\u00e0nh l\u1eadp c\u1ee7a tu vi\u1ec7n B\u0159evnov.<\/p>\n<p>N\u0103m 2016, qu\u1eadn Praha 17 l\u1ea7n \u0111\u1ea7u ti\u00ean s\u1eed d\u1ee5ng ch\u01b0\u01a1ng tr\u00ecnh t\u00e0i tr\u1ee3 \u0111\u1ec3 h\u1ed7 tr\u1ee3 h\u1ed9i nh\u1eadp ng\u01b0\u1eddi n\u01b0\u1edbc ngo\u00e0i. Trong \u0111\u00f3 qu\u1eadn cung c\u1ea5p c\u00e1c kh\u00f3a \u0111\u00e0o t\u1ea1o c\u00f3 ch\u1ee9ng ch\u1ec9 cho gi\u00e1o vi\u00ean c\u00e1c tr\u01b0\u1eddng m\u1eabu gi\u00e1o v\u00e0 ph\u1ed5 th\u00f4ng trong qu\u1eadn, c\u00e1c workshop gi\u00e1o d\u1ee5c \u0111\u00e0o t\u1ea1o cho h\u1ecdc sinh, kh\u00f3a h\u1ecdc ti\u1ebfng S\u00e9c cho tr\u1ebb em tr\u01b0\u1edbc khi v\u00e0o l\u1edbp 1, h\u1ed7 tr\u1ee3 c\u00e1c tr\u01b0\u1eddng m\u1eabu gi\u00e1o v\u00e0 ph\u1ed5 th\u00f4ng b\u1eb1ng t\u1eadp trung v\u00e0o vi\u1ec7c d\u1ecbch thu\u1eadt khi \u0111\u0103ng k\u00fd h\u1ecdc, h\u1ecdp ph\u1ee5 huynh v\u00e0 c\u00e1c t\u00ecnh hu\u1ed1ng kh\u00e1c c\u1ea7n phi\u00ean d\u1ecbch v\u00e0 h\u00f2a gi\u1ea3i.<\/p>\n<p>C\u00e1c th\u00f4ng tin h\u1eefu \u00edch kh\u00f4ng ch\u1ec9 v\u1ec1 c\u00e1c ho\u1ea1t \u0111\u1ed9ng c\u1ee7a d\u1ef1 \u00e1n trong n\u0103m 2016 m\u00e0 c\u1ea3 th\u00f4ng tin li\u00ean l\u1ea1c v\u1edbi c\u00e1c d\u1ecbch v\u1ee5, c\u00e1c t\u1ed5 ch\u1ee9c kh\u00e1c chuy\u00ean v\u1ec1 h\u1ed9i nh\u1eadp ng\u01b0\u1eddi n\u01b0\u1edbc ngo\u00e0i, c\u00f3 th\u1ec3 t\u00ecm tr\u00ean nh\u1eefng trang web sau:<\/p>\n<ul class=\"bullet-links\">\n<li><a href=\"\/\/www.repy.cz\/mc\/integrace-cizincu-v-mestske-casti-praha-17?highlightWords=integrace+cizinc%C5%AF\">H\u1ed9i nh\u1eadp ng\u01b0\u1eddi n\u01b0\u1edbc ngo\u00e0i<\/a><\/li>\n<li><a href=\"\/\/www.repy.cz\/mc\/projekt-jsme-sousede\">D\u1ef1 \u00e1n Ch\u00fang ta l\u00e0 h\u00e0ng x\u00f3m<\/a><\/li>\n<\/ul>\n<h3><span style=\"font-size: 1.125em;\">Chi nh\u00e1nh c\u1ee7a S\u1edf Lao \u0111\u1ed9ng<\/span><\/h3>\n<ul class=\"bullet\">\n<li><a href=\"https:\/\/www.uradprace.cz\/praha-6\">Praha 6<\/a>\u00a0&#8211; V\u0103n ph\u00f2ng li\u00ean h\u1ec7 Praha 6 (cho Praha 6 v\u00e0 17)<\/li>\n<\/ul>\n<p><a href=\"https:\/\/www.uradprace.cz\/praha-6\">Li\u00ean h\u1ec7<\/a>,\u00a0<a href=\"https:\/\/www.uradprace.cz\/web\/cz\/volna-mista-v-cr\">Tuy\u1ec3n d\u1ee5ng<\/a><\/p>\n<h3>Chi nh\u00e1nh c\u1ee7a C\u1ee5c B\u1ea3o hi\u1ec3m x\u00e3 h\u1ed9i Praha<\/h3>\n<p>C\u1ee5c b\u1ea3o hi\u1ec3m x\u00e3 h\u1ed9i Praha kh\u00f4ng quy \u0111\u1ecbnh ph\u1ea1m vi l\u00e3nh th\u1ed5 quy\u1ec1n h\u00e0nh cho t\u1eebng chi nh\u00e1nh. V\u00ec v\u1eady, b\u1ea1n c\u00f3 th\u1ec3 t\u1edbi b\u1ea5t k\u1ef3 ph\u00f2ng b\u1ea3o hi\u1ec3m x\u00e3 h\u1ed9i n\u00e0o m\u00e0 kh\u00f4ng ph\u1ee5 thu\u1ed9c v\u00e0o \u0111\u1ecba ch\u1ec9 c\u01b0 tr\u00fa c\u1ee7a m\u00ecnh.<\/p>\n<ul class=\"bullet-links\">\n<li><u><a href=\"\/\/www.cssz.cz\/cz\/kontakty\/krajska-a-okresni-pracoviste\/praha\/\">Th\u00f4ng tin chi ti\u1ebft v\u1ec1 t\u1eebng chi nh\u00e1nh<\/a><\/u><\/li>\n<\/ul>\n<h3>Chi nh\u00e1nh c\u1ee7a S\u1edf Thu\u1ebf<\/h3>\n<ul class=\"bullet\">\n<li>V\u0103n ph\u00f2ng khu v\u1ef1c\u00a0<a href=\"https:\/\/www.financnisprava.cz\/cs\/financni-sprava\/financni-sprava-cr\/organizacni-struktura\/organy-financni-spravy\/uzemni-pracoviste\/2006-uzemni-pracoviste-pro-prahu-6\">Praha 6<\/a><\/li>\n<\/ul>\n<p><\/p>","protected":false},"excerpt":{"rendered":"<p>\u1ee6Y BAN QU\u1eacN PRAHA 17 \u017dalansk\u00e9ho 291\/12b, 163 00 Praha-\u0158epy t\u1ed5ng \u0111\u00e0i: 234 683 111, 235 300 005 fax: 235 300 129, e-mail: podatelna@repy.mepnet.cz trang web: www.repy.cz \u0158epy (ti\u1ebfng \u0110\u1ee9c l\u00e0 R\u00fcben) l\u00e0 m\u1ed9t khu \u0111\u1ea5t \u0111\u1ecba ch\u00ednh c\u1ee7a Praha&#8230;<\/p>\n<a class=\"more-block\" href=\"https:\/\/metropolevsech.eu\/vi\/kontakty\/urady-v-praze\/mestske-casti\/jednotlive-mestske-casti\/mestska-cast-praha-17\/\">\u0110\u1ecdc th\u00eam<\/a>","protected":false},"author":7,"featured_media":0,"parent":3406,"menu_order":17,"comment_status":"closed","ping_status":"closed","template":"","meta":[],"acf":[],"_links":{"self":[{"href":"https:\/\/metropolevsech.eu\/vi\/wp-json\/wp\/v2\/pages\/3438"}],"collection":[{"href":"https:\/\/metropolevsech.eu\/vi\/wp-json\/wp\/v2\/pages"}],"about":[{"href":"https:\/\/metropolevsech.eu\/vi\/wp-json\/wp\/v2\/types\/page"}],"author":[{"embeddable":true,"href":"https:\/\/metropolevsech.eu\/vi\/wp-json\/wp\/v2\/users\/7"}],"replies":[{"embeddable":true,"href":"https:\/\/metropolevsech.eu\/vi\/wp-json\/wp\/v2\/comments?post=3438"}],"version-history":[{"count":4,"href":"https:\/\/metropolevsech.eu\/vi\/wp-json\/wp\/v2\/pages\/3438\/revisions"}],"predecessor-version":[{"id":21905,"href":"https:\/\/metropolevsech.eu\/vi\/wp-json\/wp\/v2\/pages\/3438\/revisions\/21905"}],"up":[{"embeddable":true,"href":"https:\/\/metropolevsech.eu\/vi\/wp-json\/wp\/v2\/pages\/3406"}],"wp:attachment":[{"href":"https:\/\/metropolevsech.eu\/vi\/wp-json\/wp\/v2\/media?parent=3438"}],"curies":[{"name":"wp","href":"https:\/\/api.w.org\/{rel}","templated":true}]}}