{"id":3440,"date":"2017-05-14T22:44:07","date_gmt":"2017-05-14T20:44:07","guid":{"rendered":"https:\/\/metropolevsech.eu\/?page_id=3440"},"modified":"2025-02-20T13:08:19","modified_gmt":"2025-02-20T12:08:19","slug":"mestska-cast-praha-16-2","status":"publish","type":"page","link":"https:\/\/metropolevsech.eu\/vi\/kontakty\/urady-v-praze\/mestske-casti\/jednotlive-mestske-casti\/mestska-cast-praha-16-2\/","title":{"rendered":"Qu\u1eadn Praha 16"},"content":{"rendered":"<p><\/p>\n<h3>\u1ee6Y BAN QU\u1eacN PRAHA 16<\/h3>\n<p>V\u00e1clava Bal\u00e9ho 23\/3, 153 00 Praha-Radot\u00edn<\/p>\n<p>(PRAHA-RADOT\u00cdN tr\u01b0\u1edbc \u0111\u00e2y)<\/p>\n<p>t\u1ed5ng \u0111\u00e0i: 234 128 111, fax: 234 128 999<\/p>\n<p>e-mail:\u00a0<a href=\"mailto:elpodatelna@praha16.eu\">elpodatelna@praha16.eu<\/a>,\u00a0<a href=\"mailto:sekretariat@praha16.eu\">sekretariat@praha16.eu<\/a><\/p>\n<p>trang web:\u00a0<a href=\"http:\/\/www.praha16.eu\">www.praha16.eu<\/a><\/p>\n<p>Qu\u1eadn Praha 16 g\u1ed3m ph\u01b0\u1eddng Radot\u00edn tr\u1ea3i d\u00e0i tr\u00ean b\u1edd tr\u00e1i c\u1ee7a s\u00f4ng Berounka g\u1ea7n h\u1ee3p l\u01b0u v\u1edbi s\u00f4ng Vltava \u1edf ranh gi\u1edbi t\u00e2y nam Praha.<\/p>\n<h3>Chi nh\u00e1nh c\u1ee7a S\u1edf Lao \u0111\u1ed9ng<\/h3>\n<ul class=\"bullet\">\n<li><a href=\"https:\/\/www.uradprace.cz\/web\/cz\/praha-5#praha-16\">Praha 5<\/a>\u00a0&#8211; V\u0103n ph\u00f2ng li\u00ean h\u1ec7 Praha 5 (cho Praha 5, 13 v\u00e0 16)<\/li>\n<\/ul>\n<p><a href=\"https:\/\/www.uradprace.cz\/web\/cz\/praha-5#praha-16\">Li\u00ean h\u1ec7<\/a>,\u00a0<a href=\"https:\/\/www.uradprace.cz\/web\/cz\/volna-mista-v-cr\">Tuy\u1ec3n d\u1ee5ng<\/a><\/p>\n<h3>Chi nh\u00e1nh c\u1ee7a C\u1ee5c B\u1ea3o hi\u1ec3m x\u00e3 h\u1ed9i Praha<\/h3>\n<p>C\u1ee5c b\u1ea3o hi\u1ec3m x\u00e3 h\u1ed9i Praha kh\u00f4ng quy \u0111\u1ecbnh ph\u1ea1m vi l\u00e3nh th\u1ed5 quy\u1ec1n h\u00e0nh cho t\u1eebng chi nh\u00e1nh. V\u00ec v\u1eady, b\u1ea1n c\u00f3 th\u1ec3 t\u1edbi b\u1ea5t k\u1ef3 ph\u00f2ng b\u1ea3o hi\u1ec3m x\u00e3 h\u1ed9i n\u00e0o m\u00e0 kh\u00f4ng ph\u1ee5 thu\u1ed9c v\u00e0o \u0111\u1ecba ch\u1ec9 c\u01b0 tr\u00fa c\u1ee7a m\u00ecnh.<\/p>\n<ul class=\"bullet-links\">\n<li><u><a href=\"http:\/\/www.cssz.cz\/cz\/kontakty\/krajska-a-okresni-pracoviste\/praha\/\">Th\u00f4ng tin chi ti\u1ebft v\u1ec1 t\u1eebng chi nh\u00e1nh<\/a><\/u><\/li>\n<\/ul>\n<h3>Chi nh\u00e1nh c\u1ee7a S\u1edf Thu\u1ebf<\/h3>\n<ul class=\"bullet\">\n<li>V\u0103n ph\u00f2ng khu v\u1ef1c\u00a0<a href=\"https:\/\/www.financnisprava.cz\/cs\/financni-sprava\/financni-sprava-cr\/organizacni-struktura\/organy-financni-spravy\/uzemni-pracoviste\/2005-uzemni-pracoviste-pro-prahu-5\">Praha 5<\/a><\/li>\n<\/ul>\n<p><\/p>","protected":false},"excerpt":{"rendered":"<p>\u1ee6Y BAN QU\u1eacN PRAHA 16 V\u00e1clava Bal\u00e9ho 23\/3, 153 00 Praha-Radot\u00edn (PRAHA-RADOT\u00cdN tr\u01b0\u1edbc \u0111\u00e2y) t\u1ed5ng \u0111\u00e0i: 234 128 111, fax: 234 128 999 e-mail:\u00a0elpodatelna@praha16.eu,\u00a0sekretariat@praha16.eu trang web:\u00a0www.praha16.eu Qu\u1eadn Praha 16 g\u1ed3m ph\u01b0\u1eddng Radot\u00edn tr\u1ea3i d\u00e0i tr\u00ean b\u1edd tr\u00e1i c\u1ee7a s\u00f4ng Berounka&#8230;<\/p>\n<a class=\"more-block\" href=\"https:\/\/metropolevsech.eu\/vi\/kontakty\/urady-v-praze\/mestske-casti\/jednotlive-mestske-casti\/mestska-cast-praha-16-2\/\">\u0110\u1ecdc th\u00eam<\/a>","protected":false},"author":7,"featured_media":0,"parent":3406,"menu_order":16,"comment_status":"closed","ping_status":"closed","template":"","meta":[],"acf":[],"_links":{"self":[{"href":"https:\/\/metropolevsech.eu\/vi\/wp-json\/wp\/v2\/pages\/3440"}],"collection":[{"href":"https:\/\/metropolevsech.eu\/vi\/wp-json\/wp\/v2\/pages"}],"about":[{"href":"https:\/\/metropolevsech.eu\/vi\/wp-json\/wp\/v2\/types\/page"}],"author":[{"embeddable":true,"href":"https:\/\/metropolevsech.eu\/vi\/wp-json\/wp\/v2\/users\/7"}],"replies":[{"embeddable":true,"href":"https:\/\/metropolevsech.eu\/vi\/wp-json\/wp\/v2\/comments?post=3440"}],"version-history":[{"count":5,"href":"https:\/\/metropolevsech.eu\/vi\/wp-json\/wp\/v2\/pages\/3440\/revisions"}],"predecessor-version":[{"id":21918,"href":"https:\/\/metropolevsech.eu\/vi\/wp-json\/wp\/v2\/pages\/3440\/revisions\/21918"}],"up":[{"embeddable":true,"href":"https:\/\/metropolevsech.eu\/vi\/wp-json\/wp\/v2\/pages\/3406"}],"wp:attachment":[{"href":"https:\/\/metropolevsech.eu\/vi\/wp-json\/wp\/v2\/media?parent=3440"}],"curies":[{"name":"wp","href":"https:\/\/api.w.org\/{rel}","templated":true}]}}