{"id":3442,"date":"2017-05-14T22:45:21","date_gmt":"2017-05-14T20:45:21","guid":{"rendered":"https:\/\/metropolevsech.eu\/?page_id=3442"},"modified":"2025-02-20T12:29:40","modified_gmt":"2025-02-20T11:29:40","slug":"mestska-cast-praha-18","status":"publish","type":"page","link":"https:\/\/metropolevsech.eu\/vi\/kontakty\/urady-v-praze\/mestske-casti\/jednotlive-mestske-casti\/mestska-cast-praha-18\/","title":{"rendered":"Qu\u1eadn Praha 18"},"content":{"rendered":"<p><\/p>\n<h3>\u1ee6Y BAN QU\u1eacN PRAHA 18<\/h3>\n<p>Bechy\u0148sk\u00e1 639, 199 00 Praha 9<\/p>\n<p>ph\u00f2ng nh\u1eadn h\u1ed3 s\u01a1: 284 028 111, e-mail:\u00a0<a href=\"mailto:epodatelna@letnany.cz\">epodatelna@letnany.cz<\/a><\/p>\n<p>trang web:\u00a0<a href=\"http:\/\/www.praha18.cz\/\">www.praha18.cz<\/a><\/p>\n<p>Let\u0148any c\u00f3 \u0111\u01b0\u1ee3c \u0111\u1eb7c t\u00ednh t\u1eeb th\u1eddi c\u1ed9ng h\u00f2a \u0111\u1ea7u ti\u00ean c\u00f9ng v\u1edbi s\u1ef1 th\u00e0nh l\u1eadp c\u1ee7a xi nghi\u1ec7p m\u00e1y bay Letov. Trong nh\u1eefng n\u0103m 70 v\u00e0 80 t\u1ea1i \u0111\u00e2y c\u00f3 khu chung c\u01b0 beton \u0111\u01b0\u1ee3c x\u00e2y l\u00ean, ph\u1ea7n l\u1edbn c\u1ee7a Let\u0148any \u0111\u00e3 b\u1ecb san b\u1eb1ng \u0111\u1ec3 x\u00e2y chung c\u01b0. B\u01b0\u1edbc \u0111\u1ed9t ph\u00e1 trong s\u1ef1 ph\u00e1t tri\u1ec3n c\u1ee7a Let\u0148any l\u00e0 vi\u1ec7c x\u00e2y d\u1ef1ng Trung t\u00e2m th\u01b0\u01a1ng m\u1ea1i Let\u0148any c\u1ee7a c\u00f4ng ty Tesco, trung t\u00e2m th\u01b0\u01a1ng m\u1ea1i l\u1edbn nh\u1ea5t t\u1ea1i S\u00e9c. M\u1ed9t ph\u1ea7n c\u1ee7a trung t\u00e2m th\u01b0\u01a1ng m\u1ea1i l\u00e0 c\u1ee5m r\u1ea1p chi\u1ebfu phim g\u1ed3m 12 ph\u00f2ng chi\u1ebfu phim v\u00e0 C\u00f4ng vi\u00ean n\u01b0\u1edbc Let\u0148any Lagoon.<\/p>\n<h3>Chi nh\u00e1nh c\u1ee7a S\u1edf Lao \u0111\u1ed9ng<\/h3>\n<ul class=\"bullet\">\n<li><a href=\"https:\/\/www.uradprace.cz\/web\/cz\/praha-9#praha-20\">Praha 9<\/a>\u00a0&#8211; V\u0103n ph\u00f2ng li\u00ean h\u1ec7 Praha 9 (cho Praha 9, 14, 18, 19, 20 v\u00e0 21)<\/li>\n<\/ul>\n<p><a href=\"https:\/\/www.uradprace.cz\/web\/cz\/praha-9#praha-20\">Li\u00ean h\u1ec7<\/a>,\u00a0<a href=\"https:\/\/www.uradprace.cz\/web\/cz\/volna-mista-v-cr\">Tuy\u1ec3n d\u1ee5ng<\/a><\/p>\n<h3>Chi nh\u00e1nh c\u1ee7a C\u1ee5c B\u1ea3o hi\u1ec3m x\u00e3 h\u1ed9i Praha<\/h3>\n<p>C\u1ee5c b\u1ea3o hi\u1ec3m x\u00e3 h\u1ed9i Praha kh\u00f4ng quy \u0111\u1ecbnh ph\u1ea1m vi l\u00e3nh th\u1ed5 quy\u1ec1n h\u00e0nh cho t\u1eebng chi nh\u00e1nh. V\u00ec v\u1eady, b\u1ea1n c\u00f3 th\u1ec3 t\u1edbi b\u1ea5t k\u1ef3 ph\u00f2ng b\u1ea3o hi\u1ec3m x\u00e3 h\u1ed9i n\u00e0o m\u00e0 kh\u00f4ng ph\u1ee5 thu\u1ed9c v\u00e0o \u0111\u1ecba ch\u1ec9 c\u01b0 tr\u00fa c\u1ee7a m\u00ecnh.<\/p>\n<ul class=\"bullet-links\">\n<li><u><a href=\"http:\/\/www.cssz.cz\/cz\/kontakty\/krajska-a-okresni-pracoviste\/praha\/\">Th\u00f4ng tin chi ti\u1ebft v\u1ec1 t\u1eebng chi nh\u00e1nh<\/a><\/u><\/li>\n<\/ul>\n<h3>Chi nh\u00e1nh c\u1ee7a S\u1edf Thu\u1ebf<\/h3>\n<ul class=\"bullet\">\n<li>V\u0103n ph\u00f2ng khu v\u1ef1c\u00a0<a href=\"https:\/\/www.financnisprava.cz\/cs\/financni-sprava\/financni-sprava-cr\/organizacni-struktura\/organy-financni-spravy\/uzemni-pracoviste\/2009-uzemni-pracoviste-pro-prahu-9\">Praha 9<\/a><\/li>\n<\/ul>\n<p><\/p>","protected":false},"excerpt":{"rendered":"<p>\u1ee6Y BAN QU\u1eacN PRAHA 18 Bechy\u0148sk\u00e1 639, 199 00 Praha 9 ph\u00f2ng nh\u1eadn h\u1ed3 s\u01a1: 284 028 111, e-mail:\u00a0epodatelna@letnany.cz trang web:\u00a0www.praha18.cz Let\u0148any c\u00f3 \u0111\u01b0\u1ee3c \u0111\u1eb7c t\u00ednh t\u1eeb th\u1eddi c\u1ed9ng h\u00f2a \u0111\u1ea7u ti\u00ean c\u00f9ng v\u1edbi s\u1ef1 th\u00e0nh l\u1eadp c\u1ee7a xi nghi\u1ec7p&#8230;<\/p>\n<a class=\"more-block\" href=\"https:\/\/metropolevsech.eu\/vi\/kontakty\/urady-v-praze\/mestske-casti\/jednotlive-mestske-casti\/mestska-cast-praha-18\/\">\u0110\u1ecdc th\u00eam<\/a>","protected":false},"author":7,"featured_media":0,"parent":3406,"menu_order":18,"comment_status":"closed","ping_status":"closed","template":"","meta":[],"acf":[],"_links":{"self":[{"href":"https:\/\/metropolevsech.eu\/vi\/wp-json\/wp\/v2\/pages\/3442"}],"collection":[{"href":"https:\/\/metropolevsech.eu\/vi\/wp-json\/wp\/v2\/pages"}],"about":[{"href":"https:\/\/metropolevsech.eu\/vi\/wp-json\/wp\/v2\/types\/page"}],"author":[{"embeddable":true,"href":"https:\/\/metropolevsech.eu\/vi\/wp-json\/wp\/v2\/users\/7"}],"replies":[{"embeddable":true,"href":"https:\/\/metropolevsech.eu\/vi\/wp-json\/wp\/v2\/comments?post=3442"}],"version-history":[{"count":5,"href":"https:\/\/metropolevsech.eu\/vi\/wp-json\/wp\/v2\/pages\/3442\/revisions"}],"predecessor-version":[{"id":21907,"href":"https:\/\/metropolevsech.eu\/vi\/wp-json\/wp\/v2\/pages\/3442\/revisions\/21907"}],"up":[{"embeddable":true,"href":"https:\/\/metropolevsech.eu\/vi\/wp-json\/wp\/v2\/pages\/3406"}],"wp:attachment":[{"href":"https:\/\/metropolevsech.eu\/vi\/wp-json\/wp\/v2\/media?parent=3442"}],"curies":[{"name":"wp","href":"https:\/\/api.w.org\/{rel}","templated":true}]}}