{"id":3444,"date":"2017-05-14T22:46:37","date_gmt":"2017-05-14T20:46:37","guid":{"rendered":"https:\/\/metropolevsech.eu\/?page_id=3444"},"modified":"2025-02-20T12:44:40","modified_gmt":"2025-02-20T11:44:40","slug":"mestska-cast-praha-19","status":"publish","type":"page","link":"https:\/\/metropolevsech.eu\/vi\/kontakty\/urady-v-praze\/mestske-casti\/jednotlive-mestske-casti\/mestska-cast-praha-19\/","title":{"rendered":"Qu\u1eadn Praha 19"},"content":{"rendered":"<p><\/p>\n<h3>\u1ee6Y BAN QU\u1eacN PRAHA 19<\/h3>\n<p>Semilsk\u00e1 43\/1, 197 04 Praha 9<\/p>\n<p>t\u1ed5ng \u0111\u00e0i: 284 080 811, e-mail:\u00a0<a href=\"mailto:info@kbely.mepnet.cz\">info@kbely.mepnet.cz<\/a><\/p>\n<p>trang web:\u00a0<a href=\"http:\/\/www.praha19.cz\">www.praha19.cz<\/a><\/p>\n<p>\u0110\u1ecba b\u00e0n qu\u1eadn Praha 19 do khu \u0111\u1ea5t \u0111\u1ecba ch\u00ednh Kbely t\u1ea1o th\u00e0nh. Qu\u1eadn Praha 19 c\u0169ng l\u00e0 qu\u1eadn h\u00e0nh ch\u00ednh cho qu\u1eadn Praha Vino\u0159 v\u00e0 \u00a0qu\u1eadn Praha Satalice. Kbely \u0111\u01b0\u1ee3c s\u00e1t nh\u1eadp v\u00e0o Praha n\u0103m 1968, nh\u01b0ng s\u1ef1 ph\u00e1t tri\u1ec3n c\u1ee7a n\u00f3 \u0111\u00e3 b\u1eaft \u0111\u1ea7u s\u1edbm h\u01a1n nhi\u1ec1u, t\u1eeb th\u1ebf k\u1ef7 18. \u0110i\u1ec3m nh\u1ea5n c\u1ee7a Kbely l\u00e0 ng\u1ecdn h\u1ea3i \u0111\u0103ng cao 43 m \u0111i k\u00e8m nh\u00e0 m\u00e1y n\u01b0\u1edbc, \u0111\u01b0\u1ee3c x\u00e2y d\u1ef1ng v\u00e0o n\u0103m 1928. Ng\u1ecdn h\u1ea3i \u0111\u0103ng n\u1eb1m tr\u00ean s\u00e2n bay Kbely v\u00e0 \u0111\u01b0\u1ee3c c\u00f4ng b\u1ed1 l\u00e0 di t\u00edch v\u0103n h\u00f3a.<\/p>\n<h3>Chi nh\u00e1nh c\u1ee7a S\u1edf Lao \u0111\u1ed9ng<\/h3>\n<ul class=\"bullet\">\n<li><a href=\"https:\/\/www.uradprace.cz\/web\/cz\/praha-9#praha-20\">Praha 9<\/a>\u00a0&#8211; V\u0103n ph\u00f2ng li\u00ean h\u1ec7 Praha 9 (cho Praha 9, 14, 18, 19, 20 v\u00e0 21)<\/li>\n<\/ul>\n<p><a href=\"https:\/\/www.uradprace.cz\/web\/cz\/praha-9#praha-20\">Li\u00ean h\u1ec7<\/a>,\u00a0<a href=\"https:\/\/www.uradprace.cz\/web\/cz\/volna-mista-v-cr\">Tuy\u1ec3n d\u1ee5ng<\/a><\/p>\n<h3>Chi nh\u00e1nh c\u1ee7a C\u1ee5c B\u1ea3o hi\u1ec3m x\u00e3 h\u1ed9i Praha<\/h3>\n<p>C\u1ee5c b\u1ea3o hi\u1ec3m x\u00e3 h\u1ed9i Praha kh\u00f4ng quy \u0111\u1ecbnh ph\u1ea1m vi l\u00e3nh th\u1ed5 quy\u1ec1n h\u00e0nh cho t\u1eebng chi nh\u00e1nh. V\u00ec v\u1eady, b\u1ea1n c\u00f3 th\u1ec3 t\u1edbi b\u1ea5t k\u1ef3 ph\u00f2ng b\u1ea3o hi\u1ec3m x\u00e3 h\u1ed9i n\u00e0o m\u00e0 kh\u00f4ng ph\u1ee5 thu\u1ed9c v\u00e0o \u0111\u1ecba ch\u1ec9 c\u01b0 tr\u00fa c\u1ee7a m\u00ecnh.<\/p>\n<ul class=\"bullet-links\">\n<li><u><a href=\"http:\/\/www.cssz.cz\/cz\/kontakty\/krajska-a-okresni-pracoviste\/praha\/\">Th\u00f4ng tin chi ti\u1ebft v\u1ec1 t\u1eebng chi nh\u00e1nh<\/a><\/u><\/li>\n<\/ul>\n<h3>Chi nh\u00e1nh c\u1ee7a S\u1edf Thu\u1ebf<\/h3>\n<ul class=\"bullet\">\n<li>V\u0103n ph\u00f2ng khu v\u1ef1c\u00a0<a href=\"https:\/\/www.financnisprava.cz\/cs\/financni-sprava\/financni-sprava-cr\/organizacni-struktura\/organy-financni-spravy\/uzemni-pracoviste\/2009-uzemni-pracoviste-pro-prahu-9\">Praha 9<\/a><\/li>\n<\/ul>\n<p><\/p>","protected":false},"excerpt":{"rendered":"<p>\u1ee6Y BAN QU\u1eacN PRAHA 19 Semilsk\u00e1 43\/1, 197 04 Praha 9 t\u1ed5ng \u0111\u00e0i: 284 080 811, e-mail:\u00a0info@kbely.mepnet.cz trang web:\u00a0www.praha19.cz \u0110\u1ecba b\u00e0n qu\u1eadn Praha 19 do khu \u0111\u1ea5t \u0111\u1ecba ch\u00ednh Kbely t\u1ea1o th\u00e0nh. Qu\u1eadn Praha 19 c\u0169ng l\u00e0 qu\u1eadn h\u00e0nh ch\u00ednh&#8230;<\/p>\n<a class=\"more-block\" href=\"https:\/\/metropolevsech.eu\/vi\/kontakty\/urady-v-praze\/mestske-casti\/jednotlive-mestske-casti\/mestska-cast-praha-19\/\">\u0110\u1ecdc th\u00eam<\/a>","protected":false},"author":7,"featured_media":0,"parent":3406,"menu_order":19,"comment_status":"closed","ping_status":"closed","template":"","meta":[],"acf":[],"_links":{"self":[{"href":"https:\/\/metropolevsech.eu\/vi\/wp-json\/wp\/v2\/pages\/3444"}],"collection":[{"href":"https:\/\/metropolevsech.eu\/vi\/wp-json\/wp\/v2\/pages"}],"about":[{"href":"https:\/\/metropolevsech.eu\/vi\/wp-json\/wp\/v2\/types\/page"}],"author":[{"embeddable":true,"href":"https:\/\/metropolevsech.eu\/vi\/wp-json\/wp\/v2\/users\/7"}],"replies":[{"embeddable":true,"href":"https:\/\/metropolevsech.eu\/vi\/wp-json\/wp\/v2\/comments?post=3444"}],"version-history":[{"count":6,"href":"https:\/\/metropolevsech.eu\/vi\/wp-json\/wp\/v2\/pages\/3444\/revisions"}],"predecessor-version":[{"id":21911,"href":"https:\/\/metropolevsech.eu\/vi\/wp-json\/wp\/v2\/pages\/3444\/revisions\/21911"}],"up":[{"embeddable":true,"href":"https:\/\/metropolevsech.eu\/vi\/wp-json\/wp\/v2\/pages\/3406"}],"wp:attachment":[{"href":"https:\/\/metropolevsech.eu\/vi\/wp-json\/wp\/v2\/media?parent=3444"}],"curies":[{"name":"wp","href":"https:\/\/api.w.org\/{rel}","templated":true}]}}