{"id":3446,"date":"2017-05-14T22:47:53","date_gmt":"2017-05-14T20:47:53","guid":{"rendered":"https:\/\/metropolevsech.eu\/?page_id=3446"},"modified":"2025-02-20T12:44:15","modified_gmt":"2025-02-20T11:44:15","slug":"mestska-cast-praha-20","status":"publish","type":"page","link":"https:\/\/metropolevsech.eu\/vi\/kontakty\/urady-v-praze\/mestske-casti\/jednotlive-mestske-casti\/mestska-cast-praha-20\/","title":{"rendered":"Qu\u1eadn Praha 20"},"content":{"rendered":"<p><\/p>\n<h3>\u1ee6Y BAN QU\u1eacN PRAHA 20<\/h3>\n<p>J\u00edvansk\u00e1 647\/10, 193 21 Praha 9 \u2013 Horn\u00ed Po\u010dernice<\/p>\n<p>t\u1ed5ng \u0111\u00e0i: 271 071 611, 271 071 711, e-mail: <a href=\"mailto:urad@pocernice.cz\">urad@pocernice.cz<\/a><\/p>\n<p>trang web:\u00a0<a href=\"http:\/\/www.pocernice.cz\">www.pocernice.cz<\/a><\/p>\n<p>L\u00e3nh th\u1ed5 c\u1ee7a qu\u1eadn Praha 20 \u2013 Horn\u00ed Po\u010dernice n\u1eb1m \u1edf ranh gi\u1edbi \u0111\u00f4ng c\u1ee7a th\u1ee7 \u0111\u00f4 Praha trong kh\u00f4ng gian c\u1ee7a ba ph\u01b0\u1eddng ban \u0111\u1ea7u \u2013 Chvaly, Sv\u00e9pravice v\u00e0 Horn\u00ed Po\u010dernice. Tr\u00ean \u0111\u1ecba b\u00e0n c\u1ee7a Praha 20 c\u00f3 r\u1ea5t nhi\u1ec1u ao v\u00e0 h\u1ed3 ch\u1ee9a n\u01b0\u1edbc. T\u1ea1i \u0111\u00e2y ph\u1ea7n l\u1edbn l\u00e0 \u0111\u1ea5t n\u00f4ng nghi\u1ec7p v\u00e0 kh\u00f4ng gian xanh r\u1ed9ng l\u1edbn, \u0111a ph\u1ea7n l\u00e0 r\u1eebng v\u00e0 c\u00f4ng vi\u00ean.<\/p>\n<h3>Chi nh\u00e1nh c\u1ee7a S\u1edf Lao \u0111\u1ed9ng<\/h3>\n<ul class=\"bullet\">\n<li><a href=\"https:\/\/www.uradprace.cz\/web\/cz\/praha-9#praha-20\">Praha 9<\/a>\u00a0&#8211; V\u0103n ph\u00f2ng li\u00ean h\u1ec7 Praha 9 (cho Praha 9, 14, 18, 19, 20 v\u00e0 21)<\/li>\n<\/ul>\n<p><a href=\"https:\/\/www.uradprace.cz\/web\/cz\/praha-9#praha-20\">Li\u00ean h\u1ec7<\/a>,\u00a0<a href=\"https:\/\/www.uradprace.cz\/web\/cz\/volna-mista-v-cr\">Tuy\u1ec3n d\u1ee5ng<\/a><\/p>\n<h3>Chi nh\u00e1nh c\u1ee7a C\u1ee5c B\u1ea3o hi\u1ec3m x\u00e3 h\u1ed9i Praha<\/h3>\n<p>C\u1ee5c b\u1ea3o hi\u1ec3m x\u00e3 h\u1ed9i Praha kh\u00f4ng quy \u0111\u1ecbnh ph\u1ea1m vi l\u00e3nh th\u1ed5 quy\u1ec1n h\u00e0nh cho t\u1eebng chi nh\u00e1nh. V\u00ec v\u1eady, b\u1ea1n c\u00f3 th\u1ec3 t\u1edbi b\u1ea5t k\u1ef3 ph\u00f2ng b\u1ea3o hi\u1ec3m x\u00e3 h\u1ed9i n\u00e0o m\u00e0 kh\u00f4ng ph\u1ee5 thu\u1ed9c v\u00e0o \u0111\u1ecba ch\u1ec9 c\u01b0 tr\u00fa c\u1ee7a m\u00ecnh.<\/p>\n<ul class=\"bullet-links\">\n<li><u><a href=\"http:\/\/www.cssz.cz\/cz\/kontakty\/krajska-a-okresni-pracoviste\/praha\/\">Th\u00f4ng tin chi ti\u1ebft v\u1ec1 t\u1eebng chi nh\u00e1nh<\/a><\/u><\/li>\n<\/ul>\n<h3>Chi nh\u00e1nh c\u1ee7a S\u1edf Thu\u1ebf<\/h3>\n<ul class=\"bullet\">\n<li>V\u0103n ph\u00f2ng khu v\u1ef1c\u00a0<a href=\"https:\/\/www.financnisprava.cz\/cs\/financni-sprava\/financni-sprava-cr\/organizacni-struktura\/organy-financni-spravy\/uzemni-pracoviste\/2009-uzemni-pracoviste-pro-prahu-9\">Praha 9<\/a><\/li>\n<\/ul>\n<p><\/p>","protected":false},"excerpt":{"rendered":"<p>\u1ee6Y BAN QU\u1eacN PRAHA 20 J\u00edvansk\u00e1 647\/10, 193 21 Praha 9 \u2013 Horn\u00ed Po\u010dernice t\u1ed5ng \u0111\u00e0i: 271 071 611, 271 071 711, e-mail: urad@pocernice.cz trang web:\u00a0www.pocernice.cz L\u00e3nh th\u1ed5 c\u1ee7a qu\u1eadn Praha 20 \u2013 Horn\u00ed Po\u010dernice n\u1eb1m \u1edf ranh gi\u1edbi \u0111\u00f4ng&#8230;<\/p>\n<a class=\"more-block\" href=\"https:\/\/metropolevsech.eu\/vi\/kontakty\/urady-v-praze\/mestske-casti\/jednotlive-mestske-casti\/mestska-cast-praha-20\/\">\u0110\u1ecdc th\u00eam<\/a>","protected":false},"author":7,"featured_media":0,"parent":3406,"menu_order":20,"comment_status":"closed","ping_status":"closed","template":"","meta":[],"acf":[],"_links":{"self":[{"href":"https:\/\/metropolevsech.eu\/vi\/wp-json\/wp\/v2\/pages\/3446"}],"collection":[{"href":"https:\/\/metropolevsech.eu\/vi\/wp-json\/wp\/v2\/pages"}],"about":[{"href":"https:\/\/metropolevsech.eu\/vi\/wp-json\/wp\/v2\/types\/page"}],"author":[{"embeddable":true,"href":"https:\/\/metropolevsech.eu\/vi\/wp-json\/wp\/v2\/users\/7"}],"replies":[{"embeddable":true,"href":"https:\/\/metropolevsech.eu\/vi\/wp-json\/wp\/v2\/comments?post=3446"}],"version-history":[{"count":4,"href":"https:\/\/metropolevsech.eu\/vi\/wp-json\/wp\/v2\/pages\/3446\/revisions"}],"predecessor-version":[{"id":21910,"href":"https:\/\/metropolevsech.eu\/vi\/wp-json\/wp\/v2\/pages\/3446\/revisions\/21910"}],"up":[{"embeddable":true,"href":"https:\/\/metropolevsech.eu\/vi\/wp-json\/wp\/v2\/pages\/3406"}],"wp:attachment":[{"href":"https:\/\/metropolevsech.eu\/vi\/wp-json\/wp\/v2\/media?parent=3446"}],"curies":[{"name":"wp","href":"https:\/\/api.w.org\/{rel}","templated":true}]}}