{"id":3448,"date":"2017-05-14T22:49:05","date_gmt":"2017-05-14T20:49:05","guid":{"rendered":"https:\/\/metropolevsech.eu\/?page_id=3448"},"modified":"2025-02-20T12:52:49","modified_gmt":"2025-02-20T11:52:49","slug":"mestska-cast-praha-21","status":"publish","type":"page","link":"https:\/\/metropolevsech.eu\/vi\/kontakty\/urady-v-praze\/mestske-casti\/jednotlive-mestske-casti\/mestska-cast-praha-21\/","title":{"rendered":"Qu\u1eadn Praha 21"},"content":{"rendered":"<p><\/p>\n<h3>\u1ee6Y BAN QU\u1eacN PRAHA 21<\/h3>\n<p>Starokl\u00e1novick\u00e1 260, 190 16 Praha 9<\/p>\n<p>ph\u00f2ng nh\u1eadn h\u1ed3 s\u01a1: 281 01 29 11, e-mail:\u00a0<a href=\"mailto:podatelna@praha21.cz\">podatelna@praha21.cz<\/a><\/p>\n<p>trang web:\u00a0<a href=\"http:\/\/www.praha21.cz\">www.praha21.cz<\/a><\/p>\n<p>Qu\u1eadn Praha 21 bao g\u1ed3m ph\u01b0\u1eddng \u00dajezd nad Lesy \u1edf ranh gi\u1edbi \u0111\u00f4ng c\u1ee7a th\u1ee7 \u0111\u00f4 Praha. \u0110\u1ea7u th\u1ebf k\u1ef7 20, qu\u1eadn \u0111\u01b0\u1ee3c ph\u00e1t tri\u1ec3n b\u1edfi s\u1ef1 x\u00e2y d\u1ef1ng c\u1ee7a khu nh\u00e0 bi\u1ec7t th\u1ef1 v\u00e0 nh\u00e0 d\u00e2n, s\u1eeda sang \u0111\u01b0\u1eddng x\u00e1 v\u00e0 v\u1ec9a h\u00e8, x\u00e2y d\u1ef1ng trung t\u00e2m \u0111a ch\u1ee9c n\u0103ng. Qu\u1eadn Praha 21 c\u00f3 \u0111\u1eb7c \u0111i\u1ec3m c\u00f3 nhi\u1ec1u c\u00e1nh r\u1eebng r\u1ed9ng l\u1edbn l\u00e0m n\u00f3 th\u00e0nh m\u1ed9t khu v\u1ef1c thi\u00ean nhi\u00ean th\u00fa v\u1ecb.<\/p>\n<h3>Chi nh\u00e1nh c\u1ee7a S\u1edf Lao \u0111\u1ed9ng<\/h3>\n<ul class=\"bullet\">\n<li><a href=\"https:\/\/www.uradprace.cz\/praha-9\">Praha 9<\/a>\u00a0&#8211; V\u0103n ph\u00f2ng li\u00ean h\u1ec7 Praha 9 (cho Praha 9, 14, 18, 19, 20 v\u00e0 21)<\/li>\n<\/ul>\n<p><a href=\"https:\/\/www.uradprace.cz\/praha-9\">Li\u00ean h\u1ec7<\/a>,\u00a0<a href=\"https:\/\/www.uradprace.cz\/web\/cz\/volna-mista-v-cr\">Tuy\u1ec3n d\u1ee5ng<\/a><\/p>\n<h3>Chi nh\u00e1nh c\u1ee7a C\u1ee5c B\u1ea3o hi\u1ec3m x\u00e3 h\u1ed9i Praha<\/h3>\n<p>C\u1ee5c b\u1ea3o hi\u1ec3m x\u00e3 h\u1ed9i Praha kh\u00f4ng quy \u0111\u1ecbnh ph\u1ea1m vi l\u00e3nh th\u1ed5 quy\u1ec1n h\u00e0nh cho t\u1eebng chi nh\u00e1nh. V\u00ec v\u1eady, b\u1ea1n c\u00f3 th\u1ec3 t\u1edbi b\u1ea5t k\u1ef3 ph\u00f2ng b\u1ea3o hi\u1ec3m x\u00e3 h\u1ed9i n\u00e0o m\u00e0 kh\u00f4ng ph\u1ee5 thu\u1ed9c v\u00e0o \u0111\u1ecba ch\u1ec9 c\u01b0 tr\u00fa c\u1ee7a m\u00ecnh.<\/p>\n<ul class=\"bullet-links\">\n<li><u><a href=\"http:\/\/www.cssz.cz\/cz\/kontakty\/krajska-a-okresni-pracoviste\/praha\/\">Th\u00f4ng tin chi ti\u1ebft v\u1ec1 t\u1eebng chi nh\u00e1nh<\/a><\/u><\/li>\n<\/ul>\n<h3>Chi nh\u00e1nh c\u1ee7a S\u1edf Thu\u1ebf<\/h3>\n<ul class=\"bullet\">\n<li>V\u0103n ph\u00f2ng khu v\u1ef1c\u00a0<a href=\"https:\/\/www.financnisprava.cz\/cs\/financni-sprava\/financni-sprava-cr\/organizacni-struktura\/organy-financni-spravy\/uzemni-pracoviste\/2009-uzemni-pracoviste-pro-prahu-9\">Praha 9<\/a><\/li>\n<\/ul>\n<p><\/p>","protected":false},"excerpt":{"rendered":"<p>\u1ee6Y BAN QU\u1eacN PRAHA 21 Starokl\u00e1novick\u00e1 260, 190 16 Praha 9 ph\u00f2ng nh\u1eadn h\u1ed3 s\u01a1: 281 01 29 11, e-mail:\u00a0podatelna@praha21.cz trang web:\u00a0www.praha21.cz Qu\u1eadn Praha 21 bao g\u1ed3m ph\u01b0\u1eddng \u00dajezd nad Lesy \u1edf ranh gi\u1edbi \u0111\u00f4ng c\u1ee7a th\u1ee7 \u0111\u00f4 Praha. \u0110\u1ea7u&#8230;<\/p>\n<a class=\"more-block\" href=\"https:\/\/metropolevsech.eu\/vi\/kontakty\/urady-v-praze\/mestske-casti\/jednotlive-mestske-casti\/mestska-cast-praha-21\/\">\u0110\u1ecdc th\u00eam<\/a>","protected":false},"author":7,"featured_media":0,"parent":3406,"menu_order":21,"comment_status":"closed","ping_status":"closed","template":"","meta":[],"acf":[],"_links":{"self":[{"href":"https:\/\/metropolevsech.eu\/vi\/wp-json\/wp\/v2\/pages\/3448"}],"collection":[{"href":"https:\/\/metropolevsech.eu\/vi\/wp-json\/wp\/v2\/pages"}],"about":[{"href":"https:\/\/metropolevsech.eu\/vi\/wp-json\/wp\/v2\/types\/page"}],"author":[{"embeddable":true,"href":"https:\/\/metropolevsech.eu\/vi\/wp-json\/wp\/v2\/users\/7"}],"replies":[{"embeddable":true,"href":"https:\/\/metropolevsech.eu\/vi\/wp-json\/wp\/v2\/comments?post=3448"}],"version-history":[{"count":4,"href":"https:\/\/metropolevsech.eu\/vi\/wp-json\/wp\/v2\/pages\/3448\/revisions"}],"predecessor-version":[{"id":21913,"href":"https:\/\/metropolevsech.eu\/vi\/wp-json\/wp\/v2\/pages\/3448\/revisions\/21913"}],"up":[{"embeddable":true,"href":"https:\/\/metropolevsech.eu\/vi\/wp-json\/wp\/v2\/pages\/3406"}],"wp:attachment":[{"href":"https:\/\/metropolevsech.eu\/vi\/wp-json\/wp\/v2\/media?parent=3448"}],"curies":[{"name":"wp","href":"https:\/\/api.w.org\/{rel}","templated":true}]}}