{"id":3450,"date":"2017-05-14T22:51:03","date_gmt":"2017-05-14T20:51:03","guid":{"rendered":"https:\/\/metropolevsech.eu\/?page_id=3450"},"modified":"2025-02-20T13:03:38","modified_gmt":"2025-02-20T12:03:38","slug":"mestska-cast-praha-22","status":"publish","type":"page","link":"https:\/\/metropolevsech.eu\/vi\/kontakty\/urady-v-praze\/mestske-casti\/jednotlive-mestske-casti\/mestska-cast-praha-22\/","title":{"rendered":"Qu\u1eadn Praha 22"},"content":{"rendered":"<p><\/p>\n<h3>\u1ee6Y BAN QU\u1eacN PRAHA 22<\/h3>\n<p>Nov\u00e9 n\u00e1m\u011bst\u00ed 1250\/10, 104 00 Praha 114<\/p>\n<p>trung t\u00e2m th\u00f4ng tin: 271 071 812, e-mail: <a href=\"mailto:podatelna@praha22.cz\">podatelna@praha22.cz<\/a><\/p>\n<p>trang web:\u00a0<a href=\"http:\/\/www.praha22.cz\">www.praha22.cz<\/a><\/p>\n<p>Qu\u1eadn Praha 22 n\u1eb1m \u1edf ranh gi\u1edbi \u0111\u00f4ng nam c\u1ee7a Praha. V\u1edbi di\u1ec7n t\u00edch c\u1ee7a m\u00ecnh n\u00f3 l\u00e0 m\u1ed9t trong nh\u1eefng qu\u1eadn l\u1edbn nh\u1ea5t c\u1ee7a Praha. Qu\u1eadn Praha 22 bao g\u1ed3m ph\u01b0\u1eddng Uh\u0159\u00edn\u011bves, Pitkovice v\u00e0 H\u00e1jek.<\/p>\n<h3>Chi nh\u00e1nh c\u1ee7a S\u1edf Lao \u0111\u1ed9ng<\/h3>\n<ul class=\"bullet\">\n<li><a href=\"https:\/\/www.uradprace.cz\/praha-10\">Praha 10<\/a>\u00a0&#8211; V\u0103n ph\u00f2ng li\u00ean h\u1ec7 Praha 10 (cho Praha 10, 15 v\u00e0 22)<\/li>\n<\/ul>\n<p><a href=\"https:\/\/www.uradprace.cz\/praha-10\">Li\u00ean h\u1ec7<\/a>,\u00a0<a href=\"https:\/\/www.uradprace.cz\/web\/cz\/volna-mista-v-cr\">Tuy\u1ec3n d\u1ee5ng<\/a><\/p>\n<h3>Chi nh\u00e1nh c\u1ee7a C\u1ee5c B\u1ea3o hi\u1ec3m x\u00e3 h\u1ed9i Praha<\/h3>\n<p>C\u1ee5c b\u1ea3o hi\u1ec3m x\u00e3 h\u1ed9i Praha kh\u00f4ng quy \u0111\u1ecbnh ph\u1ea1m vi l\u00e3nh th\u1ed5 quy\u1ec1n h\u00e0nh cho t\u1eebng chi nh\u00e1nh. V\u00ec v\u1eady, b\u1ea1n c\u00f3 th\u1ec3 t\u1edbi b\u1ea5t k\u1ef3 ph\u00f2ng b\u1ea3o hi\u1ec3m x\u00e3 h\u1ed9i n\u00e0o m\u00e0 kh\u00f4ng ph\u1ee5 thu\u1ed9c v\u00e0o \u0111\u1ecba ch\u1ec9 c\u01b0 tr\u00fa c\u1ee7a m\u00ecnh.<\/p>\n<ul class=\"bullet-links\">\n<li><u><a href=\"http:\/\/www.cssz.cz\/cz\/kontakty\/krajska-a-okresni-pracoviste\/praha\/\">Th\u00f4ng tin chi ti\u1ebft v\u1ec1 t\u1eebng chi nh\u00e1nh<\/a><\/u><\/li>\n<\/ul>\n<h3>Chi nh\u00e1nh c\u1ee7a S\u1edf Thu\u1ebf<\/h3>\n<ul class=\"bullet\">\n<li>V\u0103n ph\u00f2ng khu v\u1ef1c\u00a0<a href=\"https:\/\/www.financnisprava.cz\/cs\/financni-sprava\/financni-sprava-cr\/organizacni-struktura\/organy-financni-spravy\/uzemni-pracoviste\/2010-uzemni-pracoviste-pro-prahu-10\">Praha 10<\/a><\/li>\n<\/ul>\n<p><\/p>","protected":false},"excerpt":{"rendered":"<p>\u1ee6Y BAN QU\u1eacN PRAHA 22 Nov\u00e9 n\u00e1m\u011bst\u00ed 1250\/10, 104 00 Praha 114 trung t\u00e2m th\u00f4ng tin: 271 071 812, e-mail: podatelna@praha22.cz trang web:\u00a0www.praha22.cz Qu\u1eadn Praha 22 n\u1eb1m \u1edf ranh gi\u1edbi \u0111\u00f4ng nam c\u1ee7a Praha. V\u1edbi di\u1ec7n t\u00edch c\u1ee7a m\u00ecnh n\u00f3&#8230;<\/p>\n<a class=\"more-block\" href=\"https:\/\/metropolevsech.eu\/vi\/kontakty\/urady-v-praze\/mestske-casti\/jednotlive-mestske-casti\/mestska-cast-praha-22\/\">\u0110\u1ecdc th\u00eam<\/a>","protected":false},"author":7,"featured_media":0,"parent":3406,"menu_order":22,"comment_status":"closed","ping_status":"closed","template":"","meta":[],"acf":[],"_links":{"self":[{"href":"https:\/\/metropolevsech.eu\/vi\/wp-json\/wp\/v2\/pages\/3450"}],"collection":[{"href":"https:\/\/metropolevsech.eu\/vi\/wp-json\/wp\/v2\/pages"}],"about":[{"href":"https:\/\/metropolevsech.eu\/vi\/wp-json\/wp\/v2\/types\/page"}],"author":[{"embeddable":true,"href":"https:\/\/metropolevsech.eu\/vi\/wp-json\/wp\/v2\/users\/7"}],"replies":[{"embeddable":true,"href":"https:\/\/metropolevsech.eu\/vi\/wp-json\/wp\/v2\/comments?post=3450"}],"version-history":[{"count":4,"href":"https:\/\/metropolevsech.eu\/vi\/wp-json\/wp\/v2\/pages\/3450\/revisions"}],"predecessor-version":[{"id":21915,"href":"https:\/\/metropolevsech.eu\/vi\/wp-json\/wp\/v2\/pages\/3450\/revisions\/21915"}],"up":[{"embeddable":true,"href":"https:\/\/metropolevsech.eu\/vi\/wp-json\/wp\/v2\/pages\/3406"}],"wp:attachment":[{"href":"https:\/\/metropolevsech.eu\/vi\/wp-json\/wp\/v2\/media?parent=3450"}],"curies":[{"name":"wp","href":"https:\/\/api.w.org\/{rel}","templated":true}]}}