{"id":407,"date":"2016-12-18T15:00:05","date_gmt":"2016-12-18T14:00:05","guid":{"rendered":"https:\/\/metropolevsech.eu\/?page_id=407"},"modified":"2025-05-27T10:42:40","modified_gmt":"2025-05-27T08:42:40","slug":"doprava-v-praze","status":"publish","type":"page","link":"https:\/\/metropolevsech.eu\/vi\/praha\/doprava-v-praze\/","title":{"rendered":"Giao th\u00f4ng t\u1ea1i Praha"},"content":{"rendered":"<p><em>Trong ph\u1ea7n Giao th\u00f4ng b\u1ea1n s\u1ebd bi\u1ebft \u0111\u01b0\u1ee3c c\u00f3 th\u1ec3 d\u00f9ng ph\u01b0\u01a1ng ti\u1ec7n giao th\u00f4ng g\u00ec khi \u0111i l\u1ea1i trong Praha, mua v\u00e9 \u1edf \u0111\u00e2u v\u00e0 lo\u1ea1i g\u00ec, v\u00e0 t\u00ecm c\u00e1c li\u00ean k\u1ebft di chuy\u1ec3n th\u00edch h\u1ee3p nh\u01b0 th\u1ebf n\u00e0o. <\/em><\/p>\n<p>\u0110\u1ec3 \u0111i l\u1ea1i trong Praha b\u1ea1n c\u00f3 th\u1ec3 s\u1eed d\u1ee5ng t\u00e0u \u0111i\u1ec7n ng\u1ea7m, t\u00e0u \u0111i\u1ec7n, xe bu\u00fdt ho\u1eb7c t\u00e0u h\u1ecfa, \u0111\u01b0\u1ee3c g\u1ecdi l\u00e0 Giao th\u00f4ng c\u00f4ng c\u1ed9ng th\u00e0nh ph\u1ed1 (MHD). T\u1ea5t c\u1ea3 c\u00e1c th\u00f4ng tin v\u1ec1 giao th\u00f4ng, tin t\u1ee9c m\u1edbi nh\u1ea5t, l\u1ecbch tr\u00ecnh t\u00e0u xe v\u00e0 quy \u0111\u1ecbnh di chuy\u1ec3n b\u1ea1n s\u1ebd t\u00ecm th\u1ea5y tr\u00ean trang web c\u1ee7a C\u00f4ng ty giao th\u00f4ng th\u1ee7 \u0111\u00f4 Praha (DPP). B\u1ea1n c\u0169ng c\u00f3 th\u1ec3 b\u1eaft g\u1eb7p c\u1ee5m t\u1eeb Giao th\u00f4ng t\u00edch h\u1ee3p Praha (PID), l\u00e0 t\u00ean d\u00e0nh cho h\u1ec7 th\u1ed1ng giao th\u00f4ng t\u00edch h\u1ee3p hi\u1ec7n \u0111\u1ea1i t\u00edch h\u1ee3p ph\u01b0\u01a1ng ti\u1ec7n giao th\u00f4ng c\u00f4ng c\u1ed9ng c\u00f3 chung c\u00e1c \u0111i\u1ec1u ki\u1ec7n v\u1eadn chuy\u1ec3n v\u00e0 b\u1ea3ng gi\u00e1, v\u00e0 \u0111i\u1ec1u ph\u1ed1i c\u00e1c l\u1ecbch tr\u00ecnh t\u00e0u xe. B\u1ea3ng gi\u00e1 v\u00e9 c\u1ee7a PID \u0111\u01b0\u1ee3c chia theo khu v\u1ef1c v\u00e0 th\u1eddi gian b\u1ea1n c\u00f3 th\u1ec3 di chuy\u1ec3n t\u1eeb m\u1ed9t ch\u1ed7 sang ch\u1ed7 kh\u00e1c.<\/p>\n<h3>\u0110i l\u1ea1i kh\u00f4ng r\u00e0o c\u1ea3n<\/h3>\n<p>PID c\u00f3 m\u1ee5c \u0111\u00edch cung c\u1ea5p d\u1ecbch v\u1ee5 cho t\u1ea5t c\u1ea3 m\u1ecdi ng\u01b0\u1eddi. V\u00ec v\u1eady c\u00e0ng ng\u00e0y c\u00e0ng c\u00f3 nhi\u1ec1u c\u00e1c tuy\u1ebfn \u0111\u01b0\u1eddng c\u00f3 xe g\u1ea7m th\u1ea5p ch\u1ea1y. C\u00e1c b\u1ebfn xe \u0111\u01b0\u1ee3c thi\u1ebft k\u1ebf \u0111\u1ec3 xe l\u0103n d\u1ec5 d\u00e0ng ti\u1ebfp c\u1eadn v\u00e0 c\u00e1c b\u1ebfn t\u00e0u \u0111i\u1ec7n ng\u1ea7m v\u00e0 ga t\u00e0u h\u1ecfa c\u00f3 c\u1eeda v\u00e0o d\u00e0nh cho xe l\u0103n.<\/p>\n<p>Trang <a href=\"\/\/pid.timetable.cz\/spojeni\/\">T\u00ecm \u0111\u01b0\u1eddng PID<\/a> cho ph\u00e9p b\u1ea1n \u0111\u1eb7t tham s\u1ed1 \u201cch\u1ec9 t\u00ecm \u0111\u01b0\u1eddng kh\u00f4ng r\u00e0o c\u1ea3n\u201d.<\/p>\n<p>&nbsp;<\/p>\n<ul class=\"children\">\n<li class=\"page_item page-item-412\"><strong><a href=\"\/\/metropolevsech.eu\/vi\/praha\/doprava-v-praze\/mestska-doprava\/\">Giao th\u00f4ng th\u00e0nh ph\u1ed1<\/a><\/strong><\/li>\n<li class=\"page_item page-item-436\"><strong><a href=\"\/\/metropolevsech.eu\/vi\/praha\/doprava-v-praze\/jizdenky\/\">V\u00e9 xe<\/a><\/strong><\/li>\n<li class=\"page_item page-item-455\"><strong><a href=\"\/\/metropolevsech.eu\/vi\/praha\/doprava-v-praze\/vlaky\/\">T\u00e0u h\u1ecfa<\/a><\/strong><\/li>\n<li class=\"page_item page-item-466\"><a href=\"\/\/metropolevsech.eu\/vi\/praha\/doprava-v-praze\/cestovani-autem\/\"><strong>Di chuy\u1ec3n b\u1eb1ng xe h\u01a1i<\/strong><\/a><\/li>\n<\/ul>\n<p>&nbsp;<\/p>\n<h3>Li\u00ean k\u1ebft<\/h3>\n<ul class=\"bullet-links\">\n<li><a href=\"\/\/www.dpp.cz\/\">C\u00f4ng ty giao th\u00f4ng th\u1ee7 \u0111\u00f4 Praha (DPP)<\/a><\/li>\n<li><a href=\"https:\/\/jizdnirady.pmdp.cz\/\">T\u00ecm \u0111\u01b0\u1eddng\u00a0<\/a><\/li>\n<li><a href=\"https:\/\/jizdnirady.pmdp.cz\/jr\">In\u00a0l\u1ecbch tr\u00ecnh t\u00e0u xe b\u1ea5t k\u1ef3 t\u1eeb b\u1ebfn xe b\u1ea1n ch\u1ecdn<\/a><\/li>\n<\/ul>\n<p><\/p>","protected":false},"excerpt":{"rendered":"<p>Trong ph\u1ea7n Giao th\u00f4ng b\u1ea1n s\u1ebd bi\u1ebft \u0111\u01b0\u1ee3c c\u00f3 th\u1ec3 d\u00f9ng ph\u01b0\u01a1ng ti\u1ec7n giao th\u00f4ng g\u00ec khi \u0111i l\u1ea1i trong Praha, mua v\u00e9 \u1edf \u0111\u00e2u v\u00e0 lo\u1ea1i g\u00ec, v\u00e0 t\u00ecm c\u00e1c li\u00ean k\u1ebft di chuy\u1ec3n th\u00edch h\u1ee3p nh\u01b0 th\u1ebf n\u00e0o&#8230;.<\/p>\n<a class=\"more-block\" href=\"https:\/\/metropolevsech.eu\/vi\/praha\/doprava-v-praze\/\">\u0110\u1ecdc th\u00eam<\/a>","protected":false},"author":7,"featured_media":2561,"parent":10,"menu_order":4,"comment_status":"closed","ping_status":"closed","template":"","meta":[],"acf":[],"_links":{"self":[{"href":"https:\/\/metropolevsech.eu\/vi\/wp-json\/wp\/v2\/pages\/407"}],"collection":[{"href":"https:\/\/metropolevsech.eu\/vi\/wp-json\/wp\/v2\/pages"}],"about":[{"href":"https:\/\/metropolevsech.eu\/vi\/wp-json\/wp\/v2\/types\/page"}],"author":[{"embeddable":true,"href":"https:\/\/metropolevsech.eu\/vi\/wp-json\/wp\/v2\/users\/7"}],"replies":[{"embeddable":true,"href":"https:\/\/metropolevsech.eu\/vi\/wp-json\/wp\/v2\/comments?post=407"}],"version-history":[{"count":4,"href":"https:\/\/metropolevsech.eu\/vi\/wp-json\/wp\/v2\/pages\/407\/revisions"}],"predecessor-version":[{"id":22956,"href":"https:\/\/metropolevsech.eu\/vi\/wp-json\/wp\/v2\/pages\/407\/revisions\/22956"}],"up":[{"embeddable":true,"href":"https:\/\/metropolevsech.eu\/vi\/wp-json\/wp\/v2\/pages\/10"}],"wp:featuredmedia":[{"embeddable":true,"href":"https:\/\/metropolevsech.eu\/vi\/wp-json\/wp\/v2\/media\/2561"}],"wp:attachment":[{"href":"https:\/\/metropolevsech.eu\/vi\/wp-json\/wp\/v2\/media?parent=407"}],"curies":[{"name":"wp","href":"https:\/\/api.w.org\/{rel}","templated":true}]}}