{"id":412,"date":"2016-12-18T15:10:21","date_gmt":"2016-12-18T14:10:21","guid":{"rendered":"https:\/\/metropolevsech.eu\/?page_id=412"},"modified":"2025-03-11T14:22:31","modified_gmt":"2025-03-11T13:22:31","slug":"mestska-doprava","status":"publish","type":"page","link":"https:\/\/metropolevsech.eu\/vi\/praha\/doprava-v-praze\/mestska-doprava\/","title":{"rendered":"Giao th\u00f4ng th\u00e0nh ph\u1ed1"},"content":{"rendered":"<p><em>Ho\u1ea1t \u0111\u1ed9ng c\u1ee7a c\u00e1c ph\u01b0\u01a1ng ti\u1ec7n giao th\u00f4ng c\u00f4ng c\u1ed9ng trong Praha v\u00e0 v\u00f9ng l\u00e2n c\u1eadn \u0111\u01b0\u1ee3c 17 c\u00f4ng ty giao th\u00f4ng cung c\u1ea5p, trong \u0111\u00f3 c\u00f3 c\u00f4ng ty ch\u00ednh l\u00e0 C\u00f4ng ty giao th\u00f4ng th\u1ee7 \u0111\u00f4 Praha. To\u00e0n b\u1ed9 h\u1ec7 th\u1ed1ng Giao th\u00f4ng t\u00edch h\u1ee3p Praha do Nh\u00e0 t\u1ed5 ch\u1ee9c khu v\u1ef1c c\u1ee7a Giao th\u00f4ng t\u00edch h\u1ee3p Praha \u0111i\u1ec1u khi\u1ec3n (ROPID). T\u1ea5t c\u1ea3 c\u00e1c th\u00f4ng tin m\u1edbi nh\u1ea5t v\u1ec1 vi\u1ec7c \u0111i l\u1ea1i trong Praha v\u00e0 v\u00f9ng l\u00e2n c\u1eadn c\u00f3 th\u1ec3 \u0111\u01b0\u1ee3c t\u00ecm th\u1ea5y tr\u00ean trang c\u1ee7a ROPID hay t\u1ea1i b\u1ea5t k\u1ef3 trung t\u00e2m th\u00f4ng tin DPP.<\/em><\/p>\n<ul class=\"bullet\">\n<li><a href=\"#metro-vi\">T\u00e0u \u0111i\u1ec7n ng\u1ea7m<\/a><\/li>\n<li><a href=\"#tramvaje-vi\">T\u00e0u \u0111i\u1ec7n<\/a><\/li>\n<li><a href=\"#autobusy-vi\">Xe bu\u00fdt<\/a><\/li>\n<\/ul>\n<h3 id=\"metro-vi\"><strong>T\u00e0u \u0111i\u1ec7n ng\u1ea7m<\/strong><\/h3>\n<img loading=\"lazy\" class=\"alignnone wp-image-422\" src=\"\/\/metropolevsech.eu\/wp-content\/uploads\/2016\/12\/Mapa-metra-Praha-300x93.gif\" alt=\"mapa-metra-praha\" width=\"758\" height=\"235\" srcset=\"https:\/\/metropolevsech.eu\/wp-content\/uploads\/2016\/12\/Mapa-metra-Praha-300x93.gif 300w, https:\/\/metropolevsech.eu\/wp-content\/uploads\/2016\/12\/Mapa-metra-Praha-1040x322.gif 1040w, https:\/\/metropolevsech.eu\/wp-content\/uploads\/2016\/12\/Mapa-metra-Praha-768x238.gif 768w, https:\/\/metropolevsech.eu\/wp-content\/uploads\/2016\/12\/Mapa-metra-Praha-670x207.gif 670w\" sizes=\"(max-width: 758px) 100vw, 758px\" \/>\n<p>Trong m\u1ea1ng l\u01b0\u1edbi t\u00e0u \u0111i\u1ec7n ng\u1ea7m b\u1ea1n c\u00f3 th\u1ec3 di chuy\u1ec3n tr\u00ean ba tuy\u1ebfn A, B v\u00e0 C. T\u00e0u \u0111i\u1ec7n ng\u1ea7m ch\u1ea1y h\u00e0ng ng\u00e0y t\u1eeb 5g \u0111\u1ebfn 24g. Th\u1eddi gian ch\u1edd gi\u1eefa c\u00e1c chuy\u1ebfn t\u00e0u v\u00e0o gi\u1edd cao \u0111i\u1ec3m bu\u1ed5i s\u00e1ng v\u00e0 bu\u1ed5i chi\u1ec1u l\u00e0 kho\u1ea3ng 2-3 ph\u00fat, v\u00e0o gi\u1edd t\u1ed1i th\u1eddi gian ch\u1edd kh\u00f4ng qu\u00e1 10 ph\u00fat. Cu\u1ed1i tu\u1ea7n th\u1eddi gian ch\u1edd tr\u00ean t\u1ea5t c\u1ea3 c\u00e1c tuy\u1ebfn \u0111\u1ed3ng nh\u1ea5t l\u00e0 7,5 ph\u00fat.<\/p>\n<h4>Di chuy\u1ec3n kh\u00f4ng r\u00e0o c\u1ea3n b\u1eb1ng t\u00e0u \u0111i\u1ec7n ng\u1ea7m<\/h4>\n<p>Trong th\u1eddi gian g\u1ea7n \u0111\u00e2y c\u00f9ng v\u1edbi xu h\u01b0\u1edbng \u0111\u1ec3 ng\u01b0\u1eddi \u0111i l\u1ea1i kh\u00f3 kh\u0103n c\u00f3 th\u1ec3 s\u1eed d\u1ee5ng giao th\u00f4ng c\u00f4ng c\u1ed9ng, c\u00e1c b\u1ebfn t\u00e0u \u0111i\u1ec7n ng\u1ea7m \u0111\u01b0\u1ee3c trang b\u1ecb thang m\u00e1y ho\u1eb7c m\u00e1y kh\u00f4ng r\u00e0o c\u1ea3n.<\/p>\n<h4>Li\u00ean k\u1ebft<\/h4>\n<ul class=\"bullet-links\">\n<li><a href=\"\/\/www.dpp.cz\/stav-bezbarierovych-zarizeni\/\">B\u1ea3n \u0111\u1ed3 c\u00e1c b\u1ebfn t\u00e0u \u0111i\u1ec7n ng\u1ea7m kh\u00f4ng r\u00e0o c\u1ea3n<\/a><\/li>\n<\/ul>\n<h3 id=\"tramvaje-vi\"><a><\/a><strong>T\u00e0u \u0111i\u1ec7n<\/strong><\/h3>\n<p>T\u00e0u \u0111i\u1ec7n t\u1ea1i th\u1ee7 \u0111\u00f4 ho\u1ea1t \u0111\u1ed9ng tr\u00ean 26 tuy\u1ebfn ng\u00e0y v\u00e0 9 tuy\u1ebfn \u0111\u00eam. Trong m\u1ea1ng l\u01b0\u1edbi giao th\u00f4ng c\u00f4ng c\u1ed9ng Praha, nh\u1eefng tuy\u1ebfn x\u01b0\u01a1ng s\u1ed1ng ch\u1ee7 ch\u1ed1t l\u00e0 tuy\u1ebfn s\u1ed1 9 (S\u00eddli\u0161t\u011b \u0158epy \u2013 Spojovac\u00ed), 17 (Vozovna Kobylisy \u2013 S\u00eddli\u0161t\u011b Mod\u0159any) v\u00e0 22 (B\u00edl\u00e1 Hora \u2013 N\u00e1dra\u017e\u00ed Hostiva\u0159).<\/p>\n<p>Nh\u1eefng tuy\u1ebfn t\u00e0u n\u00e0y \u0111i qua nh\u1eefng \u0111\u1ecba \u0111i\u1ec3m s\u1ea7m u\u1ea5t nh\u1ea5t c\u1ee7a th\u1ee7 \u0111\u00f4, th\u1eddi gian ch\u1edd l\u00e0 4-5 ph\u00fat v\u00e0o ng\u00e0y l\u00e0m vi\u1ec7c v\u00e0 7-10 ph\u00fat v\u00e0o bu\u1ed5i t\u1ed1i v\u00e0 cu\u1ed1i tu\u1ea7n.<\/p>\n<p>Nh\u1eefng tuy\u1ebfn t\u00e0u \u0111i\u1ec7n c\u00f2n l\u1ea1i c\u00f3 th\u1eddi gian ch\u1edd 8-10 ph\u00fat v\u00e0o ng\u00e0y l\u00e0m vi\u1ec7c v\u00e0 15-20 ph\u00fat v\u00e0o bu\u1ed5i t\u1ed1i v\u00e0 cu\u1ed1i tu\u1ea7n. Nh\u1eefng tuy\u1ebfn t\u00e0u ng\u00e0y b\u1eaft \u0111\u1ea7u ho\u1ea1t \u0111\u1ed9ng t\u1eeb kho\u1ea3ng 5g s\u00e1ng v\u00e0 th\u01b0\u1eddng k\u1ebft th\u00fac kh\u00f4ng l\u00e2u sau n\u1eeda \u0111\u00eam, v\u00ec v\u1eady n\u00f3 n\u1ed1i chuy\u1ebfn ti\u1ebfp sau nh\u1eefng chuy\u1ebfn t\u00e0u \u0111i\u1ec7n ng\u1ea7m cu\u1ed1i c\u00f9ng.<\/p>\n<h4>Tuy\u1ebfn \u0111\u00eam<\/h4>\n<p>Giao th\u00f4ng c\u00f4ng c\u1ed9ng bu\u1ed5i \u0111\u00eam t\u1eeb kho\u1ea3ng 0g00 \u0111\u1ebfn 5g00 thay th\u1ebf c\u00e1c tuy\u1ebfn t\u00e0u \u0111i\u1ec7n ng\u1ea7m, t\u00e0u \u0111i\u1ec7n v\u00e0 xe bu\u00fdt ng\u00e0y. X\u01b0\u01a1ng s\u1ed1ng c\u1ee7a giao th\u00f4ng bu\u1ed5i \u0111\u00eam l\u00e0 9 tuy\u1ebfn t\u00e0u \u0111i\u1ec7n (51-59) v\u1edbi th\u1eddi gian ch\u1edd 30 ph\u00fat. T\u1ea5t c\u1ea3 c\u00e1c tuy\u1ebfn t\u00e0u \u0111i\u1ec7n \u0111\u00eam n\u1ed1i chuy\u1ebfn nhau \u1edf b\u1ebfn trung chuy\u1ec3n trung t\u00e2m Lazarsk\u00e1 v\u00e0 m\u1ed9t s\u1ed1 n\u1ed1i chuy\u1ebfn \u1edf c\u00e1c b\u1ebfn kh\u00e1c.<\/p>\n<h4>Di chuy\u1ec3n kh\u00f4ng r\u00e0o c\u1ea3n b\u1eb1ng t\u00e0u \u0111i\u1ec7n<\/h4>\n<p>C\u00e1c t\u00e0u g\u1ea7m th\u1ea5p ch\u1ea1y \u1edf tr\u00ean h\u1ea7u h\u1ebft c\u00e1c tuy\u1ebfn t\u00e0u \u0111i\u1ec7n \u2013 b\u1ea1n c\u00f3 th\u1ec3 t\u00ecm ch\u00fang tr\u00ean l\u1ecbch tr\u00ecnh t\u00e0u \u0111i\u1ec7n c\u1ee7a t\u1eebng b\u1ebfn xe <a href=\"https:\/\/jizdnirady.pmdp.cz\/jr\">t\u1ea1i \u0111\u00e2y<\/a>. T\u1ea5t c\u1ea3 c\u00e1c t\u00e0u \u0111\u1ec1u \u0111\u01b0\u1ee3c trang b\u1ecb thi\u1ebft b\u1ecb nh\u1eadn bi\u1ebft \u0111\u1eb7t bi\u1ec7t cho ng\u01b0\u1eddi m\u00f9.<\/p>\n<h3 id=\"autobusy-vi\"><strong>Xe bu\u00fdt<\/strong><\/h3>\n<p>Xe bu\u00fdt th\u00e0nh ph\u1ed1 b\u1ed5 sung cho h\u1ec7 th\u1ed1ng giao th\u00f4ng c\u00f4ng c\u1ed9ng Praha g\u1ed3m c\u00f3 3 tuy\u1ebfn t\u00e0u \u0111i\u1ec7n ng\u1ea7m, m\u1ea1ng l\u01b0\u1edbi t\u00e0u \u0111i\u1ec7n v\u00e0 t\u00e0u h\u1ecfa d\u00e0y \u0111\u1eb7c. Xe bu\u00fdt tr\u00ean 118 tuy\u1ebfn ng\u00e0y v\u00e0 15 tuy\u1ebfn \u0111\u00eam ph\u1ee5c v\u1ee5 ch\u1ee7 y\u1ebfu nh\u1eefng khu v\u1ef1c kh\u00f4ng c\u00f3 \u0111\u01b0\u1eddng ray, v\u00f9ng ngo\u1ea1i \u00f4 c\u1ee7a th\u1ee7 \u0111\u00f4 ho\u1eb7c \u0111\u1ec3 di chuy\u1ec3n nhanh theo chu vi th\u00e0nh ph\u1ed1 m\u00e0 kh\u00f4ng c\u1ea7n v\u00e0o trung t\u00e2m. C\u00e1c tuy\u1ebfn PID ngo\u1ea1i \u00f4 c\u0169ng n\u1ed1i Praha v\u1edbi c\u00e1c v\u00f9ng l\u00e2n c\u1eadn.<\/p>\n<h4>Tuy\u1ebfn \u0111\u00eam<\/h4>\n<p>Giao th\u00f4ng ban \u0111\u00eam t\u1eeb 0g00 \u0111\u1ebfn 4g30 thay th\u1ebf c\u00e1c tuy\u1ebfn t\u00e0u \u0111i\u1ec7n ng\u1ea7m, t\u00e0u \u0111i\u1ec7n v\u00e0 xe bu\u00fdt ng\u00e0y. C\u00e1c tuy\u1ebfn xe bu\u00fdt \u0111\u00eam (501-515) ch\u1ea1y m\u1ed7i 30 ho\u1eb7c 60 ph\u00fat v\u00e0 \u1edf m\u1ed9t s\u1ed1 \u0111\u1ecba \u0111i\u1ec3m trung chuy\u1ec3n n\u1ed1i ti\u1ebfp t\u00e0u \u0111i\u1ec7n ho\u1eb7c tuy\u1ebfn xe bu\u00fdt kh\u00e1c. Giao th\u00f4ng \u0111\u00eam ph\u1ee5c v\u1ee5 m\u1ed9t s\u1ed1 x\u00e3 quanh Praha \u0111\u01b0\u1ee3c cung c\u1ea5p b\u1edfi c\u00e1c tuy\u1ebfn xe bu\u00fdt ngo\u1ea1i \u00f4 (601-610) n\u1ed1i chuy\u1ebfn v\u1edbi m\u1ea1ng l\u01b0\u1edbi tuy\u1ebfn \u0111\u00eam th\u00e0nh ph\u1ed1.<\/p>\n<h4>Tuy\u1ebfn ngo\u1ea1i \u00f4<\/h4>\n<p>Giao th\u00f4ng t\u00edch h\u1ee3p Praha (PID) l\u00e0 h\u1ec7 th\u1ed1ng giao th\u00f4ng bao g\u1ed3m c\u1ea3 xe bu\u00fdt ngo\u1ea1i \u00f4. Xe bu\u00fdt ngo\u1ea1i \u00f4 tr\u00ean 150 tuy\u1ebfn n\u1ed1i th\u1ee7 \u0111\u00f4 v\u1edbi 300 x\u00e3 l\u00e2n c\u1eadn. Nh\u1eefng chi\u1ebfc xe bu\u00fdt n\u00e0y \u0111\u01b0\u1ee3c \u0111\u00e1nh d\u1ea5u b\u1eb1ng s\u1ed1 b\u1eaft \u0111\u1ea7u b\u1eb1ng 3 (c\u00e1c tuy\u1ebfn PID ngo\u00e0i Praha b\u1eaft \u0111\u1ea7u b\u1eb1ng s\u1ed1 4). T\u1eeb Praha \u0111i ch\u1ec9 \u0111\u01b0\u1ee3c l\u00ean b\u1eb1ng c\u1eeda tr\u01b0\u1edbc v\u00e0 kh\u00f4ng tr\u1ea3 v\u00e9 xe b\u1eb1ng tin nh\u1eafn \u0111\u01b0\u1ee3c. C\u00e1c tuy\u1ebfn ngo\u1ea1i \u00f4 n\u1ed1i ti\u1ebfp ch\u1ee7 y\u1ebfu t\u00e0u \u0111i\u1ec7n ng\u1ea7m, ngo\u00e0i Praha n\u1ed1i ti\u1ebfp t\u00e0u h\u1ecfa ho\u1eb7c c\u00e1c tuy\u1ebfn ngo\u1ea1i \u00f4 kh\u00e1c. Xe bu\u00fdt ngo\u1ea1i \u00f4 b\u1ed5 sung cho m\u1ea1ng l\u01b0\u1edbi t\u00e0u h\u1ecfa x\u01b0\u01a1ng s\u01b0\u1eddn S.<\/p>\n<h4>Di chuy\u1ec3n kh\u00f4ng r\u00e0o c\u1ea3n b\u1eb1ng xe bu\u00fdt<\/h4>\n<p>Giao th\u00f4ng xe bu\u00fdt trong nh\u1eefng n\u0103m g\u1ea7n \u0111\u00e2y \u0111\u00e3 c\u00f3 nh\u1eefng s\u1ef1 ti\u1ebfn b\u1ed9 l\u1edbn trong vi\u1ec7c v\u1eadn chuy\u1ec3n nh\u1eefng ng\u01b0\u1eddi \u0111i l\u1ea1i kh\u00f3 kh\u0103n. C\u00f4ng ty giao th\u00f4ng th\u1ee7 \u0111\u00f4 Praha hi\u1ec7n nay \u0111\u1ea3m b\u1ea3o nh\u1eefng chuy\u1ebfn xe g\u1ea7m th\u1ea5p tr\u00ean t\u1ea5t c\u1ea3 c\u00e1c tuy\u1ebfn xe bu\u00fdt. Nh\u1eefng chuy\u1ebfn xe n\u00e0y \u0111\u01b0\u1ee3c \u0111\u00e1nh d\u1ea5u xe l\u0103n tr\u00ean l\u1ecbch tr\u00ecnh xe.<\/p>\n<h3><strong>Li\u00ean k\u1ebft<\/strong><\/h3>\n<ul class=\"bullet-links\">\n<li><a href=\"\/\/www.dpp.cz\/\">C\u00f4ng ty giao th\u00f4ng th\u1ee7 \u0111\u00f4 Praha (DPP)<\/a><\/li>\n<li><a href=\"https:\/\/jizdnirady.pmdp.cz\/\">T\u00ecm \u0111\u01b0\u1eddng\u00a0<\/a><\/li>\n<li><a href=\"https:\/\/jizdnirady.pmdp.cz\/jr\">In\u00a0l\u1ecbch tr\u00ecnh t\u00e0u xe b\u1ea5t k\u1ef3 t\u1eeb b\u1ebfn xe b\u1ea1n ch\u1ecdn<\/a><\/li>\n<\/ul>\n<p><\/p>","protected":false},"excerpt":{"rendered":"<p>Ho\u1ea1t \u0111\u1ed9ng c\u1ee7a c\u00e1c ph\u01b0\u01a1ng ti\u1ec7n giao th\u00f4ng c\u00f4ng c\u1ed9ng trong Praha v\u00e0 v\u00f9ng l\u00e2n c\u1eadn \u0111\u01b0\u1ee3c 17 c\u00f4ng ty giao th\u00f4ng cung c\u1ea5p, trong \u0111\u00f3 c\u00f3 c\u00f4ng ty ch\u00ednh l\u00e0 C\u00f4ng ty giao th\u00f4ng th\u1ee7 \u0111\u00f4 Praha. To\u00e0n b\u1ed9&#8230;<\/p>\n<a class=\"more-block\" href=\"https:\/\/metropolevsech.eu\/vi\/praha\/doprava-v-praze\/mestska-doprava\/\">\u0110\u1ecdc th\u00eam<\/a>","protected":false},"author":7,"featured_media":0,"parent":407,"menu_order":1,"comment_status":"closed","ping_status":"closed","template":"","meta":[],"acf":[],"_links":{"self":[{"href":"https:\/\/metropolevsech.eu\/vi\/wp-json\/wp\/v2\/pages\/412"}],"collection":[{"href":"https:\/\/metropolevsech.eu\/vi\/wp-json\/wp\/v2\/pages"}],"about":[{"href":"https:\/\/metropolevsech.eu\/vi\/wp-json\/wp\/v2\/types\/page"}],"author":[{"embeddable":true,"href":"https:\/\/metropolevsech.eu\/vi\/wp-json\/wp\/v2\/users\/7"}],"replies":[{"embeddable":true,"href":"https:\/\/metropolevsech.eu\/vi\/wp-json\/wp\/v2\/comments?post=412"}],"version-history":[{"count":11,"href":"https:\/\/metropolevsech.eu\/vi\/wp-json\/wp\/v2\/pages\/412\/revisions"}],"predecessor-version":[{"id":22135,"href":"https:\/\/metropolevsech.eu\/vi\/wp-json\/wp\/v2\/pages\/412\/revisions\/22135"}],"up":[{"embeddable":true,"href":"https:\/\/metropolevsech.eu\/vi\/wp-json\/wp\/v2\/pages\/407"}],"wp:attachment":[{"href":"https:\/\/metropolevsech.eu\/vi\/wp-json\/wp\/v2\/media?parent=412"}],"curies":[{"name":"wp","href":"https:\/\/api.w.org\/{rel}","templated":true}]}}