{"id":436,"date":"2016-12-18T15:47:24","date_gmt":"2016-12-18T14:47:24","guid":{"rendered":"https:\/\/metropolevsech.eu\/?page_id=436"},"modified":"2025-05-27T09:00:57","modified_gmt":"2025-05-27T07:00:57","slug":"jizdenky","status":"publish","type":"page","link":"https:\/\/metropolevsech.eu\/vi\/praha\/doprava-v-praze\/jizdenky\/","title":{"rendered":"V\u00e9 xe"},"content":{"rendered":"<p>Khi di chuy\u1ec3n b\u1eb1ng b\u1ea5t k\u1ef3 ph\u01b0\u01a1ng ti\u1ec7n giao th\u00f4ng n\u00e0o, tr\u00e1ch nhi\u1ec7m c\u1ee7a m\u1ed7i h\u00e0nh kh\u00e1ch l\u00e0 c\u00f3 v\u00e9 xe c\u00f3 gi\u00e1 tr\u1ecb v\u00e0 \u0111\u01b0\u1ee3c d\u1eadp \u0111\u00fang. B\u1ea1n c\u00f3 th\u1ec3 mua v\u00e9 xe \u1edf m\u00e1y b\u00e1n v\u00e9 t\u1ef1 \u0111\u1ed9ng (ch\u1ee7 y\u1ebfu \u1edf c\u00e1c b\u1ebfn t\u00e0u \u0111i\u1ec7n ng\u1ea7m), qu\u1ea7y b\u00e1o ho\u1eb7c b\u1eb1ng c\u00e1ch g\u1eedi tin nh\u1eafn t\u1eeb s\u1ed1 \u0111i\u1ec7n tho\u1ea1i S\u00e9c. N\u1ebfu b\u1ea1n \u0111i l\u1ea1i trong Praha th\u01b0\u1eddng xuy\u00ean, b\u1ea1n n\u00ean mua v\u00e9 xe \u0111i\u1ec7n t\u1eed \u0111\u01b0\u1ee3c g\u1ecdi l\u00e0 <a href=\"http:\/\/www.praha.eu\/jnp\/cz\/potrebuji_resit\/litacka\/index.html\">L\u00edta\u010dka<\/a>.<\/p>\n<img loading=\"lazy\" class=\"alignnone wp-image-439\" src=\"https:\/\/metropolevsech.eu\/wp-content\/uploads\/2016\/12\/1705030-litacka-300x169.png\" alt=\"1705030-litacka\" width=\"414\" height=\"233\" srcset=\"https:\/\/metropolevsech.eu\/wp-content\/uploads\/2016\/12\/1705030-litacka-300x169.png 300w, https:\/\/metropolevsech.eu\/wp-content\/uploads\/2016\/12\/1705030-litacka-1040x585.png 1040w, https:\/\/metropolevsech.eu\/wp-content\/uploads\/2016\/12\/1705030-litacka-768x432.png 768w, https:\/\/metropolevsech.eu\/wp-content\/uploads\/2016\/12\/1705030-litacka-670x377.png 670w, https:\/\/metropolevsech.eu\/wp-content\/uploads\/2016\/12\/1705030-litacka.png 1180w\" sizes=\"(max-width: 414px) 100vw, 414px\" \/>\n<p>Tr\u00ean c\u00e1c ph\u01b0\u01a1ng ti\u1ec7n giao th\u00f4ng v\u00e0 trong khu v\u1ef1c t\u00e0u \u0111i\u1ec7n ng\u1ea7m c\u00f3 thanh tra ki\u1ec3m tra v\u00e9 xe. H\u1ecd c\u00f3 ngh\u0129a v\u1ee5 ph\u1ea3i tr\u00ecnh th\u1ebb c\u00f4ng v\u1ee5, c\u00f2n b\u1ea1n ph\u1ea3i tr\u00ecnh v\u00e9 xe c\u00f3 gi\u00e1 tr\u1ecb.<\/p>\n<p><em><div class=\"box-fixa\"><\/em><\/p>\n<p><em>B\u1ea1n \u0111\u1eebng qu\u00ean d\u1eadp v\u00e9 xe t\u1ea1i c\u00e1c c\u1ed9t d\u1eadp v\u00e9 m\u00e0u v\u00e0ng \u1edf c\u1eeda v\u00e0o t\u00e0u \u0111i\u1ec7n ng\u1ea7m, tr\u00ean t\u00e0u \u0111i\u1ec7n, xe bu\u00fdt v\u00e0 t\u00e0u h\u1ecfa. V\u00e9 kh\u00f4ng d\u1eadp kh\u00f4ng <\/em><em>c\u00f3 gi\u00e1 tr\u1ecb<\/em><em>. N\u1ebfu b\u1ea1n kh\u00f4ng c\u00f3 v\u00e9 <\/em><em>h\u1ee3p l\u1ec7<\/em><em>, b\u1ea1n c\u00f3 th\u1ec3 b\u1ecb ph\u1ea1t. Trong tr\u01b0\u1eddng h\u1ee3p \u0111\u00f3, thanh tra s\u1ebd y\u00eau c\u1ea7u b\u1ea1n tr\u00ecnh h\u1ed9 chi\u1ebfu (ho\u1eb7c gi\u1ea5y t\u1edd kh\u00e1c) \u0111\u1ec3 vi\u1ebft phi\u1ebfu ph\u1ea1t. B\u1ea1n c\u00f3 th\u1ec3 n\u1ed9p ph\u1ea1t t\u1ea1i ch\u1ed7 ho\u1eb7c t\u1ea1i c\u00e1c ph\u00f2ng l\u00e0m vi\u1ec7c DPP.<\/em><\/p>\n<p><\/div><\/p>\n<h3>Gi\u00e1 v\u00e9 t\u00e0u xe di chuy\u1ec3n trong Praha<\/h3>\n<p>B\u1ea1n c\u00f3 th\u1ec3 t\u00ecm th\u1ea5y b\u1ea3ng gi\u00e1 hi\u1ec7n h\u00e0nh tr\u00ean trang web c\u1ee7a <a href=\"https:\/\/www.dpp.cz\/jizdne\/cenik-jizdneho\">C\u00f4ng ty V\u1eadn t\u1ea3i Th\u1ee7 \u0111\u00f4 Praha<\/a>. \u0110\u1ec3 \u0111i l\u1ea1i th\u01b0\u1eddng xuy\u00ean trong th\u00e0nh ph\u1ed1 v\u00e9 \u0111i\u1ec7n t\u1eed <a href=\"http:\/\/www.praha.eu\/jnp\/cz\/potrebuji_resit\/litacka\/index.html\">L\u00edta\u010dka<\/a> c\u00f3 gi\u00e1 c\u1ea3 ph\u1ea3i ch\u0103ng nh\u1ea5t.<\/p>\n<h3>Tr\u1ebb em, ng\u01b0\u1eddi cao tu\u1ed5i v\u00e0 sinh vi\u00ean<\/h3>\n<p>Tr\u1ebb em d\u01b0\u1edbi 6 tu\u1ed5i v\u00e0 ng\u01b0\u1eddi cao tu\u1ed5i tr\u00ean 70 tu\u1ed5i c\u00f3 th\u1ec3 s\u1eed d\u1ee5ng ph\u01b0\u01a1ng ti\u1ec7n giao th\u00f4ng c\u00f4ng c\u1ed9ng (MHD) mi\u1ec5n ph\u00ed.<\/p>\n<p>Tr\u1ebb em t\u1eeb 6 \u0111\u1ebfn 15 tu\u1ed5i v\u00e0 ng\u01b0\u1eddi cao tu\u1ed5i gi\u1eefa 65 v\u00e0 70 tu\u1ed5i c\u00f3 th\u1ec3 s\u1eed d\u1ee5ng MHD mi\u1ec5n ph\u00ed v\u1edbi m\u1ed9t s\u1ed1 \u0111i\u1ec1u ki\u1ec7n nh\u1ea5t \u0111\u1ecbnh.<\/p>\n<p>Sinh vi\u00ean d\u01b0\u1edbi 26 tu\u1ed5i v\u00e0 ng\u01b0\u1eddi cao tu\u1ed5i tr\u00ean 60 tu\u1ed5i \u0111\u01b0\u1ee3c gi\u1ea3m gi\u00e1.<\/p>\n<h3>Mua v\u00e9 xe \u1edf \u0111\u00e2u<\/h3>\n<ol>\n<li>T\u1ea1i m\u00e1y b\u00e1n v\u00e9 t\u1ef1 \u0111\u1ed9ng t\u1ea1i t\u1ea5t c\u1ea3 c\u00e1c b\u1ebfn t\u00e0u \u0111i\u1ec7n ng\u1ea7m v\u00e0 \u1edf m\u1ed9t s\u1ed1 b\u1ebfn giao th\u00f4ng tr\u00ean m\u1eb7t \u0111\u1ea5t. Danh s\u00e1ch t\u1ea5t c\u1ea3 c\u00e1c m\u00e1y t\u1ef1 \u0111\u1ed9ng <a href=\"http:\/\/www.dpp.cz\/automaty-na-vydej-jizdenek\/\">t\u1ea1i \u0111\u00e2y<\/a>.<\/li>\n<li>T\u1ea1i c\u00e1c trung t\u00e2m th\u00f4ng tin DPP ho\u1eb7c qu\u1ea7y b\u00e1o. Danh s\u00e1ch c\u00e1c trung t\u00e2m th\u00f4ng tin <a href=\"http:\/\/www.dpp.cz\/prehled-infocenter\/\">t\u1ea1i \u0111\u00e2y<\/a>.<\/li>\n<li>B\u1eb1ng c\u00e1ch g\u1eedi tin nh\u1eafn t\u1eeb \u0111i\u1ec7n tho\u1ea1i di \u0111\u1ed9ng.<\/li>\n<\/ol>\n<h3>Li\u00ean k\u1ebft<\/h3>\n<ul class=\"bullet-links\">\n<li><a href=\"https:\/\/www.litacka.cz\/\">V\u00e9 \u0111i\u1ec7n t\u1eed L\u00edta\u010dka<\/a> \u0111\u1ec3 \u0111i l\u1ea1i th\u01b0\u1eddng xuy\u00ean trong Praha<\/li>\n<li><a href=\"http:\/\/www.dpp.cz\/jizdne-na-uzemi-prahy\/\">Gi\u00e1 v\u00e9 t\u00e0u xe trong Praha<\/a><\/li>\n<li><a href=\"https:\/\/pid.cz\/jizdne-a-tarif\/\">Gi\u00e1 v\u00e9 t\u00e0u xe \u2013 Giao th\u00f4ng t\u00edch h\u1ee3p Praha<\/a><\/li>\n<\/ul>\n<p>&nbsp;<\/p>","protected":false},"excerpt":{"rendered":"<p>Khi di chuy\u1ec3n b\u1eb1ng b\u1ea5t k\u1ef3 ph\u01b0\u01a1ng ti\u1ec7n giao th\u00f4ng n\u00e0o, tr\u00e1ch nhi\u1ec7m c\u1ee7a m\u1ed7i h\u00e0nh kh\u00e1ch l\u00e0 c\u00f3 v\u00e9 xe c\u00f3 gi\u00e1 tr\u1ecb v\u00e0 \u0111\u01b0\u1ee3c d\u1eadp \u0111\u00fang. B\u1ea1n c\u00f3 th\u1ec3 mua v\u00e9 xe \u1edf m\u00e1y b\u00e1n v\u00e9 t\u1ef1 \u0111\u1ed9ng&#8230;<\/p>\n<a class=\"more-block\" href=\"https:\/\/metropolevsech.eu\/vi\/praha\/doprava-v-praze\/jizdenky\/\">\u0110\u1ecdc th\u00eam<\/a>","protected":false},"author":7,"featured_media":0,"parent":407,"menu_order":2,"comment_status":"closed","ping_status":"closed","template":"","meta":[],"acf":[],"_links":{"self":[{"href":"https:\/\/metropolevsech.eu\/vi\/wp-json\/wp\/v2\/pages\/436"}],"collection":[{"href":"https:\/\/metropolevsech.eu\/vi\/wp-json\/wp\/v2\/pages"}],"about":[{"href":"https:\/\/metropolevsech.eu\/vi\/wp-json\/wp\/v2\/types\/page"}],"author":[{"embeddable":true,"href":"https:\/\/metropolevsech.eu\/vi\/wp-json\/wp\/v2\/users\/7"}],"replies":[{"embeddable":true,"href":"https:\/\/metropolevsech.eu\/vi\/wp-json\/wp\/v2\/comments?post=436"}],"version-history":[{"count":26,"href":"https:\/\/metropolevsech.eu\/vi\/wp-json\/wp\/v2\/pages\/436\/revisions"}],"predecessor-version":[{"id":22951,"href":"https:\/\/metropolevsech.eu\/vi\/wp-json\/wp\/v2\/pages\/436\/revisions\/22951"}],"up":[{"embeddable":true,"href":"https:\/\/metropolevsech.eu\/vi\/wp-json\/wp\/v2\/pages\/407"}],"wp:attachment":[{"href":"https:\/\/metropolevsech.eu\/vi\/wp-json\/wp\/v2\/media?parent=436"}],"curies":[{"name":"wp","href":"https:\/\/api.w.org\/{rel}","templated":true}]}}