{"id":455,"date":"2016-12-18T16:24:53","date_gmt":"2016-12-18T15:24:53","guid":{"rendered":"https:\/\/metropolevsech.eu\/?page_id=455"},"modified":"2025-03-13T12:58:28","modified_gmt":"2025-03-13T11:58:28","slug":"vlaky","status":"publish","type":"page","link":"https:\/\/metropolevsech.eu\/vi\/praha\/doprava-v-praze\/vlaky\/","title":{"rendered":"T\u00e0u h\u1ecfa"},"content":{"rendered":"<p><em>Praha l\u00e0 ga \u0111\u1ea7u m\u1ed1i S\u00e9c quan tr\u1ecdng nh\u1ea5t. \u0110\u01b0\u1eddng s\u1eaft kh\u00f4ng ch\u1ec9 n\u1ed1i Praha v\u1edbi nh\u1eefng th\u00e0nh ph\u1ed1 v\u00e0 x\u00e3 l\u00e2n c\u1eadn m\u00e0 c\u00f2n gi\u00fap ng\u01b0\u1eddi d\u00e2n Praha di chuy\u1ec3n t\u1eeb nh\u1eefng qu\u1eadn ngo\u1ea1i \u00f4 v\u00e0o trung t\u00e2m nhanh h\u01a1n b\u1eb1ng MHD th\u00f4ng th\u01b0\u1eddng. Nh\u1eefng tuy\u1ebfn \u0111\u01b0\u1eddng d\u00e0i d\u1eabn \u0111\u1ebfn h\u1ea7u h\u1ebft c\u00e1c th\u00e0nh ph\u1ed1 l\u1edbn c\u1ee7a C\u1ed9ng h\u00f2a S\u00e9c v\u00e0 c\u00e1c th\u1ee7 \u0111\u00f4 ch\u00e2u \u00c2u.<\/em><\/p>\n<h3>Giao th\u00f4ng \u0111\u1ecba ph\u01b0\u01a1ng<\/h3>\n<p>Trong h\u1ec7 th\u1ed1ng <a href=\"https:\/\/pid.cz\">Giao th\u00f4ng t\u00edch h\u1ee3p Praha<\/a> bao g\u1ed3m t\u1ea5t c\u1ea3 c\u00e1c tuy\u1ebfn \u0111i t\u1eeb Praha v\u00e0 \u0111\u01b0\u1ee3c \u00e1p d\u1ee5ng <a href=\"https:\/\/pid.cz\/jizdne-a-tarif\/\">b\u1ea3ng gi\u00e1 PID<\/a>. \u0110a s\u1ed1 c\u00e1c tuy\u1ebfn \u0111\u1ecba ph\u01b0\u01a1ng \u0111\u01b0\u1ee3c \u0111\u00e1nh d\u1ea5u b\u1eb1ng S (trong c\u00e1c l\u1ecbch tr\u00ecnh t\u00e0u xe n\u00f3 c\u00f3 d\u1ea5u hi\u1ec7u S v\u00e0 s\u1ed1 c\u00f3 hai ch\u1eef s\u1ed1) \u2013 \u0111\u00e2y l\u00e0 nh\u1eefng t\u00e0u kh\u00e1ch v\u00e0 xe l\u1eeda t\u1ed1c h\u00e0nh ch\u1ea1y t\u1eeb trung t\u00e2m Praha ra ngo\u00e0i v\u00e0 c\u1ea3 m\u1ed9t s\u1ed1 tuy\u1ebfn n\u1ed1i c\u00e1c qu\u1eadn quanh trung t\u00e2m th\u00e0nh ph\u1ed1 v\u1edbi nhau. Nh\u1edd th\u1eddi gian \u0111\u1ee3i ng\u1eafn v\u00e0 th\u01b0\u1eddng xuy\u00ean (kho\u1ea3ng 15-30 ph\u00fat \u1edf tuy\u1ebfn ch\u00ednh v\u00e0 30-60 ph\u00fat \u1edf nh\u1eefng tuy\u1ebfn kh\u00e1c) t\u00e0u h\u1ecfa li\u00ean k\u1ebft v\u1edbi v\u00f9ng l\u00e2n c\u1eadn c\u1ee7a th\u1ee7 \u0111\u00f4 m\u1ed9t c\u00e1ch nhanh ch\u00f3ng. B\u1ea1n c\u0169ng c\u00f3 th\u1ec3 d\u00f9ng t\u00e0u h\u1ecfa \u0111\u1ec3 di chuy\u1ec3n trong Praha. Tr\u00ean tuy\u1ebfn S c\u00f3 nh\u1eefng \u0111o\u00e0n t\u00e0u City Elefant v\u00e0 Regionova hi\u1ec7n \u0111\u1ea1i. L\u1ee3i \u00edch c\u1ee7a nh\u1eefng \u0111o\u00e0n t\u00e0u n\u00e0y l\u00e0 ch\u00fang n\u1ed1i ti\u1ebfp c\u00e1c ph\u01b0\u01a1ng ti\u1ec7n giao th\u00f4ng c\u00f4ng c\u1ed9ng v\u00e0 c\u00f3 th\u1ec3 d\u00f9ng v\u00e9 xe MHD (PID).<\/p>\n<h3>Giao th\u00f4ng trong n\u01b0\u1edbc<\/h3>\n<p>T\u1eeb m\u00f9a xu\u00e2n 2013 c\u00f3 ba c\u00f4ng ty giao th\u00f4ng cung c\u1ea5p d\u1ecbch v\u1ee5 \u0111\u01b0\u1eddng s\u1eaft t\u1ea1i CH S\u00e9c \u2013 \u0110\u01b0\u1eddng s\u1eaft S\u00e9c (<a href=\"\/\/www.cd.cz\/default.htm\">\u010cesk\u00e9 dr\u00e1hy<\/a>) c\u00f3 m\u1ea1ng l\u01b0\u1edbi d\u00e0y \u0111\u1eb7c nh\u1ea5t v\u00e0 b\u1ea1n c\u00f3 th\u1ec3 \u0111i t\u00e0u c\u1ee7a \u0110\u01b0\u1eddng s\u1eaft S\u00e9c \u0111\u1ebfn t\u1ea5t c\u1ea3 c\u00e1c nh\u00e0 ga \u0111ang ho\u1ea1t \u0111\u1ed9ng trong n\u01b0\u1edbc, ph\u1ee5c v\u1ee5 tr\u00ean tuy\u1ebfn \u0111\u01b0\u1eddng Olomouc \u2013 Ostrava \u2013 T\u0159inec \u2013 \u017dilina (Slovakia), t\u00e0u h\u1ecfa <a href=\"\/\/www.le.cz\/\">Leo Express<\/a> \u0111i \u0111\u1ebfn Ostrava v\u00e0 ng\u01b0\u1ee3c l\u1ea1i.<\/p>\n<p>B\u1ea1n c\u00f3 th\u1ec3 t\u00ecm chuy\u1ebfn v\u00e0 mua v\u00e9 tr\u00ean trang c\u1ee7a t\u1eebng c\u00f4ng ty giao th\u00f4ng, t\u1ea1i qu\u1ea7y v\u00e9 nh\u00e0 ga ho\u1eb7c tr\u00ean t\u00e0u. H\u00e3y v\u00e0o trang web <a href=\"\/\/jizdnirady.idnes.cz\/vlaky\/spojeni\/\">T\u00ecm ki\u1ebfm t\u00edch h\u1ee3p<\/a>.<\/p>\n<h3>Giao th\u00f4ng qu\u1ed1c t\u1ebf<\/h3>\n<p>Praha l\u00e0 n\u01a1i ba \u0111\u01b0\u1eddng s\u1eaft h\u00e0nh lang ch\u00e2u \u00c2u giao nhau (Dresden \u2013 Bratislava, Nuremberg \u2013 \u017dilina a Berlin \u2013 Linz), v\u00e0 k\u1ebft n\u1ed1i v\u1edbi c\u1ea3 ch\u00e2u \u00c2u kh\u00f4ng v\u1ea5n \u0111\u1ec1. Tr\u00ean nh\u1eefng tuy\u1ebfn \u0111\u01b0\u1eddng th\u01b0\u1eddng \u0111\u01b0\u1ee3c b\u1ed1 tr\u00ed nh\u1eefng \u0111o\u00e0n t\u00e0u hi\u1ec7n \u0111\u1ea1i lo\u1ea1i InterCity, EuroCity ho\u1eb7c SuperCity.<\/p>\n<h3>T\u1eeb nh\u00e0 ga \u0111\u1ebfn s\u00e2n bay<\/h3>\n<p>\u0110\u1ec3 k\u1ebft n\u1ed1i nhanh \u0111\u01b0\u1eddng s\u1eaft v\u1edbi s\u00e2n bay V\u00e1clav Havel Praha c\u00f3 xe bu\u00fdt Airport Express. Xe bu\u00fdt \u0111i t\u1eeb nh\u00e0 ga ch\u00ednh \u0111\u1ebfn s\u00e2n bay m\u1ed7i n\u1eeda ti\u1ebfng \u0111\u1ed3ng h\u1ed3 m\u1ed9t l\u1ea7n.<\/p>\n<h3>Li\u00ean k\u1ebft<\/h3>\n<ul class=\"bullet-links\">\n<li><a href=\"https:\/\/mapa.pid.cz\/\">B\u1ea3n \u0111\u1ed3 Giao th\u00f4ng t\u00edch h\u1ee3p Praha<\/a><\/li>\n<li><a href=\"\/\/pid.idos.cz\">T\u00ecm chuy\u1ebfn<\/a><\/li>\n<li>L\u1ecbch tr\u00ecnh t\u00e0u h\u1ecfa t\u1eeb ga t\u00e0u c\u00f3 th\u1ec3 <a href=\"\/\/portalpid.idos.cz\">in t\u1ea1i \u0111\u00e2y<\/a>.<\/li>\n<li>Th\u00f4ng tin v\u1ec1 du l\u1ecbch n\u01b0\u1edbc ngo\u00e0i b\u1eb1ng t\u00e0u h\u1ecfa v\u00e0 mua v\u00e9 c\u00f3 th\u1ec3 t\u00ecm th\u1ea5y tr\u00ean trang web c\u1ee7a <a target=\"_blank\" href=\"\/\/www.cd.cz\/typy-jizdenek\/jedu-do-zahranici\/default.htm\" rel=\"noopener\">\u0110\u01b0\u1eddng s\u1eaft S\u00e9c<\/a><\/li>\n<li><a href=\"\/\/cd.cz\/vnitrostatni-cestovani\/specialni-nabidky\/airport-express-na-letiste-praha\/-3679\/\">Airport Express<\/a><\/li>\n<li>T\u00ecm k\u1ebft n\u1ed1i t\u00e0u h\u1ecfa trung t\u00e2m <a href=\"\/\/idnes.cz\/vlaky\/spojeni\/\">t\u1ea1i \u0111\u00e2y<\/a><\/li>\n<\/ul>\n<p>&nbsp;<\/p>","protected":false},"excerpt":{"rendered":"<p>Praha l\u00e0 ga \u0111\u1ea7u m\u1ed1i S\u00e9c quan tr\u1ecdng nh\u1ea5t. \u0110\u01b0\u1eddng s\u1eaft kh\u00f4ng ch\u1ec9 n\u1ed1i Praha v\u1edbi nh\u1eefng th\u00e0nh ph\u1ed1 v\u00e0 x\u00e3 l\u00e2n c\u1eadn m\u00e0 c\u00f2n gi\u00fap ng\u01b0\u1eddi d\u00e2n Praha di chuy\u1ec3n t\u1eeb nh\u1eefng qu\u1eadn ngo\u1ea1i \u00f4 v\u00e0o trung t\u00e2m nhanh&#8230;<\/p>\n<a class=\"more-block\" href=\"https:\/\/metropolevsech.eu\/vi\/praha\/doprava-v-praze\/vlaky\/\">\u0110\u1ecdc th\u00eam<\/a>","protected":false},"author":7,"featured_media":7892,"parent":407,"menu_order":3,"comment_status":"closed","ping_status":"closed","template":"","meta":[],"acf":[],"_links":{"self":[{"href":"https:\/\/metropolevsech.eu\/vi\/wp-json\/wp\/v2\/pages\/455"}],"collection":[{"href":"https:\/\/metropolevsech.eu\/vi\/wp-json\/wp\/v2\/pages"}],"about":[{"href":"https:\/\/metropolevsech.eu\/vi\/wp-json\/wp\/v2\/types\/page"}],"author":[{"embeddable":true,"href":"https:\/\/metropolevsech.eu\/vi\/wp-json\/wp\/v2\/users\/7"}],"replies":[{"embeddable":true,"href":"https:\/\/metropolevsech.eu\/vi\/wp-json\/wp\/v2\/comments?post=455"}],"version-history":[{"count":6,"href":"https:\/\/metropolevsech.eu\/vi\/wp-json\/wp\/v2\/pages\/455\/revisions"}],"predecessor-version":[{"id":22157,"href":"https:\/\/metropolevsech.eu\/vi\/wp-json\/wp\/v2\/pages\/455\/revisions\/22157"}],"up":[{"embeddable":true,"href":"https:\/\/metropolevsech.eu\/vi\/wp-json\/wp\/v2\/pages\/407"}],"wp:featuredmedia":[{"embeddable":true,"href":"https:\/\/metropolevsech.eu\/vi\/wp-json\/wp\/v2\/media\/7892"}],"wp:attachment":[{"href":"https:\/\/metropolevsech.eu\/vi\/wp-json\/wp\/v2\/media?parent=455"}],"curies":[{"name":"wp","href":"https:\/\/api.w.org\/{rel}","templated":true}]}}