{"id":466,"date":"2016-12-18T16:53:19","date_gmt":"2016-12-18T15:53:19","guid":{"rendered":"https:\/\/metropolevsech.eu\/?page_id=466"},"modified":"2024-12-08T20:07:59","modified_gmt":"2024-12-08T19:07:59","slug":"cestovani-autem","status":"publish","type":"page","link":"https:\/\/metropolevsech.eu\/vi\/praha\/doprava-v-praze\/cestovani-autem\/","title":{"rendered":"Di chuy\u1ec3n b\u1eb1ng xe h\u01a1i"},"content":{"rendered":"<p><em>Gi\u1ed1ng nh\u01b0 c\u00e1c th\u1ee7 \u0111\u00f4 kh\u00e1c, Praha ph\u1ea3i v\u1eadt l\u1ed9n v\u1edbi s\u1ef1 gia t\u0103ng giao th\u00f4ng b\u1eb1ng xe h\u01a1i c\u00e1 nh\u00e2n, n\u1ed7 l\u1ef1c gi\u1ea3m b\u1edbt g\u00e1nh n\u1eb7ng l\u00ean m\u00f4i tr\u01b0\u1eddng v\u00e0 kh\u00f4ng \u0111\u1ee7 ch\u1ed7 \u0111\u1ed7 xe. Do \u0111\u00f3, xe h\u01a1i \u0111\u01b0\u1ee3c khuy\u1ebfn c\u00e1o ch\u1ec9 s\u1eed d\u1ee5ng khi \u0111i xa v\u00e0 ra kh\u1ecfi th\u00e0nh ph\u1ed1. N\u1ebfu b\u1ea1n l\u00e1i xe \u0111i trong Praha, ch\u00fang t\u00f4i khuy\u00ean b\u1ea1n n\u00ean x\u00e1c \u0111\u1ecbnh m\u1eadt \u0111\u1ed9 giao th\u00f4ng t\u1ea1i t\u1eebng \u0111\u1ecba \u0111i\u1ec3m tr\u01b0\u1edbc qua <a href=\"https:\/\/bezpecnost.praha.eu\/mapy\/kamery\">h\u1ec7 th\u1ed1ng camera th\u00e0nh ph\u1ed1<\/a> ho\u1eb7c hi\u1ec7n th\u1ecb th\u00f4ng tin m\u1eadt \u0111\u1ed9 tr\u00ean <a href=\"https:\/\/www.google.cz\/maps\/place\/Praha\/@50.0595849,14.3251999,11z\/data=!4m5!3m4!1s0x470b939c0970798b:0x400af0f66164090!8m2!3d50.0755381!4d14.4378005!5m1!1e1?hl=cs\">b\u1ea3n \u0111\u1ed3 Google<\/a>.<\/em><\/p>\n<h3>\u0110\u1ed7 xe trong Praha<\/h3>\n<p>N\u1ebfu b\u1ea1n \u0111\u1ebfn Praha v\u00e0o bu\u1ed5i s\u00e1ng \u0111\u00fang gi\u1edd cao \u0111i\u1ec3m gi\u1eefa 7g30 v\u00e0 9g30, b\u1ea1n c\u1ea7n ph\u1ea3i t\u00ednh \u0111\u1ebfn vi\u1ec7c b\u1ecb ch\u1eadm tr\u1ec5 \u0111\u00e1ng k\u1ec3. V\u00ec v\u1eady n\u00ean d\u00f9ng b\u00e3i \u0111\u1ed7 xe P+R, n\u01a1i b\u1ea1n c\u00f3 th\u1ec3 \u0111\u1ec3 xe c\u1ea3 ng\u00e0y v\u1edbi gi\u00e1 \u01b0u \u0111\u00e3i. M\u1ed9t s\u1ed1 <strong>b\u00e3i \u0111\u1ed7 xe P+R<\/strong> n\u1eb1m ngay t\u1ea1i c\u00e1c b\u1ebfn t\u00e0u \u0111i\u1ec7n ng\u1ea7m cu\u1ed1i c\u00f9ng, m\u1ed9t s\u1ed1 kh\u00e1c n\u1eb1m \u1edf v\u1ecb tr\u00ed tr\u1ecdng \u0111i\u1ec3m thu\u1eadn l\u1ee3i cho ng\u01b0\u1eddi l\u00e1i xe. Danh s\u00e1ch c\u00e1c b\u00e3i \u0111\u1ed7 xe v\u00e0 gi\u00e1 \u0111\u01b0\u1ee3c t\u00ecm th\u1ea5y <a href=\"https:\/\/parking.praha.eu\/cs\/moznosti-parkovani-v-praze\/\">t\u1ea1i \u0111\u00e2y<\/a>.<\/p>\n<div class=\"box-ok\"><\/p>\n<p><em>Kh\u00f4ng ch\u1ec9 v\u00ec di chuy\u1ec3n b\u1eb1ng xe h\u01a1i r\u1ea5t t\u1ed1n th\u1eddi gian m\u00e0 c\u1ea3 v\u00ec ch\u1ed7 \u0111\u1ed7 xe c\u00f3 h\u1ea1n n\u00ean th\u1ee7 \u0111\u00f4 khuy\u1ebfn c\u00e1o n\u00ean di chuy\u1ec3n trong Praha b\u1eb1ng <\/em><a href=\"http:\/\/www.praha.eu\/old\/cz\/home\/doprava_v_praze\/mhd\/index.html\"><em>ph\u01b0\u01a1ng ti\u1ec7n giao th\u00f4ng c\u00f4ng c\u1ed9ng<\/em><\/a><em>.<\/em><\/p>\n<p><\/div>\n<p><strong>Khu v\u1ef1c \u0111\u1eadu xe \u1edf Praha<\/strong><\/p>\n<p>\u0110\u1ed7 xe tr\u00ean m\u1ed9t s\u1ed1 \u0111\u01b0\u1eddng ph\u1ed1 \u1edf Praha \u0111\u01b0\u1ee3c chia th\u00e0nh c\u00e1c khu v\u1ef1c \u0111\u01b0\u1ee3c \u0111\u00e1nh d\u1ea5u b\u1eb1ng m\u00e0u xanh lam, t\u00edm v\u00e0 cam \u0111\u1ec3 nh\u00ecn r\u00f5 h\u01a1n. M\u1ed7i khu v\u1ef1c c\u00f3 ch\u1ebf \u0111\u1ed9 v\u00e0 \u0111i\u1ec1u ki\u1ec7n \u0111\u1ed7 xe ri\u00eang m\u00e0 b\u1ea1n c\u00f3 th\u1ec3 t\u00ecm th\u1ea5y tr\u00ean bi\u1ec3n b\u00e1o \u0111\u01b0\u1eddng b\u1ed9 ho\u1eb7c tr\u00ean m\u00e1y \u0111\u1ed7 xe t\u1ef1 \u0111\u1ed9ng. V\u00f9ng xanh (khu d\u00e2n c\u01b0) cho ph\u00e9p \u0111\u1ed7 xe kh\u00f4ng gi\u1edbi h\u1ea1n \u0111\u1ed1i v\u1edbi c\u01b0 d\u00e2n, doanh nh\u00e2n, nh\u00e2n vi\u00ean v\u00e0 ch\u1ee7 s\u1edf h\u1eefu t\u00e0i s\u1ea3n trong qu\u1eadn th\u00e0nh ph\u1ed1 nh\u1ea5t \u0111\u1ecbnh c\u00f3 gi\u1ea5y ph\u00e9p \u0111\u1eadu xe d\u00e0i h\u1ea1n. C\u0169ng \u0111\u01b0\u1ee3c cung c\u1ea5p ch\u1ed7 \u0111\u1eadu xe ng\u1eafn h\u1ea1n, c\u00f3 gi\u1edbi h\u1ea1n th\u1eddi gian cho du kh\u00e1ch \u0111\u1ebfn Praha. V\u00f9ng m\u00e0u t\u00edm (h\u1ed7n h\u1ee3p) bi\u1ec3u th\u1ecb c\u00e1c khu v\u1ef1c ph\u1ea3i tr\u1ea3 ph\u00ed m\u00e0 m\u1ecdi <strong>du kh\u00e1ch<\/strong> \u0111\u1ebfn Praha \u0111\u1ec1u c\u00f3 th\u1ec3 \u0111\u1ed7 xe trong m\u1ed9t <strong>kho\u1ea3ng th\u1eddi gian c\u00f3 gi\u1edbi h\u1ea1n<\/strong> ghi tr\u00ean bi\u1ec3n b\u00e1o giao th\u00f4ng. B\u1ea1n c\u00f3 th\u1ec3 d\u1ec5 d\u00e0ng thanh to\u00e1n ph\u00ed \u0111\u1ed7 xe tr\u1ef1c tuy\u1ebfn ho\u1eb7c t\u1ea1i c\u00e1c m\u00e1y thanh to\u00e1n tr\u00ean \u0111\u01b0\u1eddng ph\u1ed1. V\u00f9ng m\u00e0u cam (khu v\u1ef1c d\u00e0nh cho kh\u00e1ch tham quan) bi\u1ec3u th\u1ecb c\u00e1c khu v\u1ef1c m\u00e0 m\u1ecdi du kh\u00e1ch \u0111\u1ebfn Praha c\u00f3 th\u1ec3 \u0111\u1ed7 xe trong m\u1ed9t kho\u1ea3ng th\u1eddi gian gi\u1edbi h\u1ea1n ghi tr\u00ean bi\u1ec3n b\u00e1o giao th\u00f4ng. B\u1ea1n c\u00f3 th\u1ec3 d\u1ec5 d\u00e0ng thanh to\u00e1n ph\u00ed \u0111\u1ed7 xe tr\u1ef1c tuy\u1ebfn ho\u1eb7c t\u1ea1i c\u00e1c m\u00e1y thanh to\u00e1n tr\u00ean \u0111\u01b0\u1eddng ph\u1ed1. Gi\u1ea5y ph\u00e9p \u0111\u1eadu xe d\u00e0i h\u1ea1n kh\u00f4ng c\u00f3 gi\u00e1 tr\u1ecb trong v\u00f9ng m\u00e0u cam.<\/p>\n<p>B\u1ea1n c\u00f3 th\u1ec3 t\u00ecm th\u1ea5y th\u00f4ng tin v\u1ec1 c\u00e1c khu v\u1ef1c \u0111\u1ed7 xe \u1edf Praha<a href=\"https:\/\/parking.praha.eu\/cs\/moznosti-parkovani-v-praze\/parkovani-v-zonach\/\"> t\u1ea1i \u0111\u00e2y<\/a>. Th\u1ebb \u0111\u1ed7 xe cho c\u01b0 d\u00e2n c\u00f3 th\u1ec3 \u0111\u01b0\u1ee3c mua t\u1ea1i c\u00e1c v\u0103n ph\u00f2ng li\u00ean quan c\u1ee7a u\u1ef7 ban qu\u1eadn th\u00e0nh ph\u1ed1 th\u1ee7 \u0111\u00f4 Praha.<\/p>\n<p>\u1ede nh\u1eefng n\u01a1i thu ph\u00ed \u0111\u1ed7 xe, <strong>\u0111\u1ed3ng h\u1ed3 \u0111\u1ed7 xe<\/strong> th\u01b0\u1eddng \u0111\u01b0\u1ee3c l\u1eafp \u0111\u1eb7t h<strong>o\u1eb7c b\u1ea1n c\u00f3 th\u1ec3 s\u1eed d\u1ee5ng <a href=\"https:\/\/ke-utc.appspot.com\/static\/\">\u0111\u1ed3ng h\u1ed3 \u0111\u1ed7 xe tr\u1ef1c tuy\u1ebfn<\/a><\/strong>. B\u1ea1n c\u0169ng c\u00f3 th\u1ec3 \u0111\u1ed7 xe t\u1ea1i c\u00e1c <a href=\"http:\/\/www.praha.eu\/jnp\/cz\/doprava\/automobilova\/parkoviste_a_garaze\/index.html\"><strong>b\u00e3i \u0111\u1ed7 xe v\u00e0 gara<\/strong><\/a> m\u1ea5t ti\u1ec1n.<\/p>\n<h3>Ph\u1ea1t ti\u1ec1n v\u00e0 k\u00e9o xe<\/h3>\n<p>Khi \u0111\u1ed7 xe tr\u00e1i ph\u00e9p, kh\u00f4ng c\u00f3 gi\u1ea5y ph\u00e9p ho\u1eb7c kh\u00f4ng tr\u1ea3 ph\u00ed \u0111\u1ed7 xe th\u00ec b\u1ea1n c\u00f3 nguy c\u01a1 b\u1ecb k\u00e9o xe \u0111i, c\u00f3 th\u1ec3 b\u1ecb kh\u00f3a b\u00e1nh xe v\u00e0 sau \u0111\u00f3 b\u1ecb ph\u1ea1t. \u0110\u1ec3 x\u00e1c \u0111\u1ecbnh xe m\u00ecnh c\u00f3 b\u1ecb k\u00e9o \u0111i kh\u00f4ng, b\u1ea1n c\u00f3 th\u1ec3 t\u00ecm tr\u00ean <a href=\"http:\/\/89.233.169.82:8080\/odtahy\/odtahy.php\">danh b\u1ea1 xe b\u1ecb k\u00e9o \u0111i<\/a> ho\u1eb7c g\u1ecdi th\u1eb3ng \u0111\u1ebfn \u0111\u01b0\u1eddng d\u00e2y c\u1ea3nh s\u00e1t th\u00e0nh ph\u1ed1 156.<\/p>\n<p>M\u1ed9t nguy c\u01a1 kh\u00e1c \u0111e d\u1ecda ng\u01b0\u1eddi l\u00e1i xe b\u1ecb ph\u1ea1t ho\u1eb7c b\u1ecb k\u00e9o xe \u0111i trong tr\u01b0\u1eddng h\u1ee3p \u0111\u1ed7 xe tr\u00ean ph\u1ed1 s\u1ebd \u0111\u01b0\u1ee3c l\u00e0m s\u1ea1ch. B\u1ea1n c\u00f3 th\u1ec3 xem b\u1ea3n \u0111\u1ed3 v\u1edbi l\u1ecbch l\u00e0m s\u1ea1ch c\u00e1c ph\u1ed1 ho\u1eb7c tra l\u1ecbch l\u00e0m s\u1ea1ch ph\u1ed1 trong \u00f4 t\u00ecm ki\u1ebfm <a href=\"http:\/\/www.tsk-praha.cz\/wps\/portal\/root\/pro-ridice\/\">t\u1ea1i \u0111\u00e2y<\/a>.<\/p>\n<h3>\u0110\u01b0\u1eddng v\u00e0nh \u0111ai th\u00e0nh ph\u1ed1 v\u00e0 Praha<\/h3>\n<p>\u0110\u01b0\u1eddng cao t\u1ed1c R1, c\u0169ng \u0111\u01b0\u1ee3c g\u1ecdi l\u00e0 \u0111\u01b0\u1eddng v\u00e0nh \u0111ai Praha, v\u00e0 \u0111\u01b0\u1eddng v\u00e0nh \u0111ai th\u00e0nh ph\u1ed1 \u0111\u00f3ng vai tr\u00f2 quan tr\u1ecdng trong giao th\u00f4ng Praha.<\/p>\n<p><a href=\"http:\/\/www.okruhprahy.cz\/\">\u0110\u01b0\u1eddng v\u00e0nh \u0111ai Praha<\/a> l\u00e0 v\u00e0nh \u0111ai ch\u01b0a l\u00e0m xong quanh bi\u00ean gi\u1edbi t\u00e2y-\u0111\u00f4ng nam c\u1ee7a th\u1ee7 \u0111\u00f4 n\u1ed1i xa l\u1ed9 D1 v\u1edbi \u0111\u01b0\u1eddng r\u1ebd sang D5 v\u00e0 R6. V\u00e0o th\u1eddi \u0111i\u1ec3m hi\u1ec7n t\u1ea1i, \u0111o\u1ea1n \u0111\u01b0\u1eddng d\u00e0i 40 km cho ph\u00e9p b\u1ea1n \u0111i t\u1eeb Brno \u0111\u1ebfn Plze\u0148 ho\u1eb7c s\u00e2n bay V\u00e1clav Havel d\u1ec5 d\u00e0ng m\u00e0 kh\u00f4ng ph\u1ea3i v\u00e0o trung t\u00e2m th\u1ee7 \u0111\u00f4.<\/p>\n<p><a href=\"http:\/\/mestskyokruh.info\/mestsky-okruh\/\">\u0110\u01b0\u1eddng v\u00e0nh \u0111ai th\u00e0nh ph\u1ed1<\/a> l\u00e0 \u0111\u01b0\u1eddng n\u1ed9i b\u1ed9 Praha n\u1ed1i t\u1eeb B\u1eafc B\u0159evnov \u0111\u1ebfn Sm\u00edchov, Zbraslav v\u00e0 Spo\u0159ilov v\u00e0 k\u1ebft n\u1ed1i v\u1edbi nh\u1eefng \u0111o\u1ea1n \u0111\u01b0\u1eddng kh\u00e1c k\u1ec3 c\u1ea3 xa l\u1ed9 D1. B\u1ea1n c\u00f3 th\u1ec3 s\u1eed d\u1ee5ng \u0111\u01b0\u1eddng v\u00e0nh \u0111ai khi \u0111i ra kh\u1ecfi c\u00e1c ph\u01b0\u1eddng trong th\u00e0nh ph\u1ed1.<\/p>\n<h3>Giao th\u00f4ng k\u1ebft n\u1ed1i v\u1edbi Praha<\/h3>\n<p>L\u00e0 n\u00fat giao th\u00f4ng \u0111\u01b0\u1eddng b\u1ed9 ch\u00ednh c\u1ee7a C\u1ed9ng h\u00f2a S\u00e9c, Praha \u0111\u01b0\u1ee3c k\u1ebft n\u1ed1i v\u1edbi nh\u1eefng th\u00e0nh ph\u1ed1 S\u00e9c v\u00e0 ch\u00e2u \u00c2u kh\u00e1c b\u1eb1ng m\u1ea1ng l\u01b0\u1edbi xa l\u1ed9.<\/p>\n<p>Nh\u1eefng xa l\u1ed9 quan tr\u1ecdng nh\u1ea5t l\u00e0 xa l\u1ed9 D1 \u0111i qua Brno \u0111\u1ebfn Ostrava (v\u1edbi k\u1ebft n\u1ed1i \u0111\u1ebfn \u010cesk\u00e9 Bud\u011bjovice, Vienna ho\u1eb7c Bratislava), xa l\u1ed9 D5 n\u1ed1i Praha v\u1edbi Plze\u0148, xa l\u1ed9 D8 h\u01b0\u1edbng \u0111i \u00dast\u00ed nad Labem v\u00e0 xa l\u1ed9 D11 \u0111\u1ebfn Hradec Kr\u00e1lov\u00e9.<\/p>\n<p>Nh\u1eefng \u0111o\u1ea1n \u0111\u01b0\u1eddng kh\u00f4ng c\u00f3 v\u1ea5n \u0111\u1ec1 l\u00e0 h\u01b0\u1edbng \u0111i P\u0159\u00edbram theo \u0111\u01b0\u1eddng cao t\u1ed1c R4, m\u1ed9t \u0111o\u1ea1n \u0111\u01b0\u1eddng R6 \u0111\u1ebfn Karlovy Vary (ti\u1ebfp \u0111\u00f3 sang \u0110\u1ee9c), R7 \u0111i Chomutov v\u00e0 R10 qua Mlad\u00e1 Boleslav \u0111\u1ebfn Turnov.<\/p>\n<p>&nbsp;<\/p>","protected":false},"excerpt":{"rendered":"<p>Gi\u1ed1ng nh\u01b0 c\u00e1c th\u1ee7 \u0111\u00f4 kh\u00e1c, Praha ph\u1ea3i v\u1eadt l\u1ed9n v\u1edbi s\u1ef1 gia t\u0103ng giao th\u00f4ng b\u1eb1ng xe h\u01a1i c\u00e1 nh\u00e2n, n\u1ed7 l\u1ef1c gi\u1ea3m b\u1edbt g\u00e1nh n\u1eb7ng l\u00ean m\u00f4i tr\u01b0\u1eddng v\u00e0 kh\u00f4ng \u0111\u1ee7 ch\u1ed7 \u0111\u1ed7 xe. Do \u0111\u00f3, xe h\u01a1i&#8230;<\/p>\n<a class=\"more-block\" href=\"https:\/\/metropolevsech.eu\/vi\/praha\/doprava-v-praze\/cestovani-autem\/\">\u0110\u1ecdc th\u00eam<\/a>","protected":false},"author":7,"featured_media":0,"parent":407,"menu_order":4,"comment_status":"closed","ping_status":"closed","template":"","meta":[],"acf":[],"_links":{"self":[{"href":"https:\/\/metropolevsech.eu\/vi\/wp-json\/wp\/v2\/pages\/466"}],"collection":[{"href":"https:\/\/metropolevsech.eu\/vi\/wp-json\/wp\/v2\/pages"}],"about":[{"href":"https:\/\/metropolevsech.eu\/vi\/wp-json\/wp\/v2\/types\/page"}],"author":[{"embeddable":true,"href":"https:\/\/metropolevsech.eu\/vi\/wp-json\/wp\/v2\/users\/7"}],"replies":[{"embeddable":true,"href":"https:\/\/metropolevsech.eu\/vi\/wp-json\/wp\/v2\/comments?post=466"}],"version-history":[{"count":16,"href":"https:\/\/metropolevsech.eu\/vi\/wp-json\/wp\/v2\/pages\/466\/revisions"}],"predecessor-version":[{"id":21309,"href":"https:\/\/metropolevsech.eu\/vi\/wp-json\/wp\/v2\/pages\/466\/revisions\/21309"}],"up":[{"embeddable":true,"href":"https:\/\/metropolevsech.eu\/vi\/wp-json\/wp\/v2\/pages\/407"}],"wp:attachment":[{"href":"https:\/\/metropolevsech.eu\/vi\/wp-json\/wp\/v2\/media?parent=466"}],"curies":[{"name":"wp","href":"https:\/\/api.w.org\/{rel}","templated":true}]}}