{"id":472,"date":"2016-12-18T17:46:10","date_gmt":"2016-12-18T16:46:10","guid":{"rendered":"https:\/\/metropolevsech.eu\/?page_id=472"},"modified":"2025-04-22T17:40:45","modified_gmt":"2025-04-22T15:40:45","slug":"472-2","status":"publish","type":"page","link":"https:\/\/metropolevsech.eu\/vi\/praha\/472-2\/","title":{"rendered":"V\u0103n h\u00f3a v\u00e0 gi\u1ea3i tr\u00ed \u1edf Praha"},"content":{"rendered":"<p><em>Praha l\u00e0 th\u1ee7 \u0111\u00f4 v\u0103n h\u00f3a c\u1ee7a C\u1ed9ng h\u00f2a S\u00e9c &#8211; \u1edf \u0111\u1ea5y c\u00f3 r\u1ea5t nhi\u1ec1u nh\u00e0 h\u00e1t, s\u00e2n kh\u1ea5u kh\u00f4ng truy\u1ec1n th\u1ed1ng, c\u00e2u l\u1ea1c b\u1ed9 \u00e2m nh\u1ea1c, r\u1ea1p chi\u1ebfu phim ngh\u1ec7 thu\u1eadt, c\u1ee5m r\u1ea1p chi\u1ebfu phim v\u00e0 nhi\u1ec1u ho\u1ea1t \u0111\u1ed9ng gi\u1ea3i tr\u00ed kh\u00e1c. N\u1ebfu b\u1ea1n l\u00e0 ng\u01b0\u1eddi y\u00eau v\u0103n h\u00f3a ngh\u1ec7 thu\u1eadt, b\u1ea1n s\u1ebd kh\u00f4ng th\u1ec3 th\u1ea5y ch\u00e1n \u1edf Praha \u2013 ch\u01b0\u01a1ng tr\u00ecnh v\u0103n h\u00f3a \u1edf \u0111\u00e2y th\u1eadt phong ph\u00fa cho c\u1ea3 n\u0103m. Ch\u1eafc ch\u1eafn b\u1ea1n n\u00ean gh\u00e9 th\u0103m m\u1ed9t trong nh\u1eefng chi nh\u00e1nh c\u1ee7a Th\u01b0 vi\u1ec7n th\u00e0nh ph\u1ed1 t\u1ea1i Praha, n\u01a1i cung c\u1ea5p nhi\u1ec1u ho\u1ea1t \u0111\u1ed9ng v\u00e0 d\u1ecbch v\u1ee5 \u0111a d\u1ea1ng m\u00e0 ch\u00fang t\u00f4i s\u1ebd gi\u1edbi thi\u1ec7u cho b\u1ea1n t\u1ea1i \u0111\u00e2y.<\/em><\/p>\n<p><em>\u00a0Trong ch\u01b0\u01a1ng n\u00e0y, b\u1ea1n c\u0169ng s\u1ebd t\u00ecm hi\u1ec3u chi ti\u1ebft v\u1ec1 c\u00e1c l\u1ef1a ch\u1ecdn kh\u00e1c \u0111\u1ec3 t\u1eadn d\u1ee5ng th\u1eddi gian r\u1ea3nh r\u1ed7i \u1edf Praha cho d\u00f9 b\u1ea1n l\u00e0 ng\u01b0\u1eddi l\u1edbn hay mu\u1ed1n \u0111\u01b0a con \u0111i ch\u01a1i. B\u1ea1n s\u1ebd t\u00ecm th\u1ea5y nhi\u1ec1u li\u00ean k\u1ebft h\u1eefu \u00edch t\u1ea1i \u0111\u00e2y, bao g\u1ed3m c\u00e1c tip v\u1ec1 chuy\u1ebfn \u0111i, ho\u1ea1t \u0111\u1ed9ng th\u1ec3 thao, kh\u00f3a h\u1ecdc v\u00e0 gi\u00e1o d\u1ee5c, ho\u1eb7c c\u01a1 h\u1ed9i tham gia c\u00e1c ho\u1ea1t \u0111\u1ed9ng t\u00ecnh nguy\u1ec7n. <\/em><strong><em>Ch\u00fang t\u00f4i c\u0169ng \u0111\u01b0a ra nh\u1eefng tip v\u1ec1 c\u00e1c ho\u1ea1t \u0111\u1ed9ng mi\u1ec5n ph\u00ed c\u00f3 th\u1ec3 th\u1ef1c hi\u1ec7n \u1edf Praha<\/em><\/strong><em>. B\u1ea1n kh\u00f4ng ch\u1ec9 \u0111\u01b0\u1ee3c bi\u1ebft \u0111\u1ebfn nhi\u1ec1u n\u01a1i kh\u00e1c nhau \u1edf Praha m\u00e0 c\u00f2n \u0111\u01b0\u1ee3c g\u1eb7p g\u1ee1 nh\u1eefng ng\u01b0\u1eddi m\u1edbi m\u00e0 kh\u00f4ng ph\u1ea3i tr\u1ea3 b\u1ea5t c\u1ee9 kho\u1ea3n ph\u00ed n\u00e0o.<\/em><\/p>\n<p><em>\u00a0H\u00e3y ch\u1ecdn m\u1ed9t s\u1ed1 tip c\u1ee7a ch\u00fang t\u00f4i v\u00e0 h\u00e3y t\u1eadn h\u01b0\u1edfng th\u1eddi gian r\u1ea3nh r\u1ed7i c\u1ee7a b\u1ea1n! C\u00e1c ho\u1ea1t \u0111\u1ed9ng gi\u1ea3i tr\u00ed kh\u00f4ng ch\u1ec9 gi\u00fap b\u1ea1n th\u01b0 gi\u00e3n m\u00e0 c\u00f2n gi\u00fap b\u1ea1n g\u1eb7p g\u1ee1 nhi\u1ec1u ng\u01b0\u1eddi m\u1edbi v\u00e0 c\u1ea3i thi\u1ec7n k\u1ef9 n\u0103ng ti\u1ebfng S\u00e9c c\u1ee7a m\u00ecnh.<\/em><\/p>\n<p><em>\u00a0<div class=\"box-ok\">Vi\u1ec7c ph\u00e1t tri\u1ec3n du l\u1ecbch trong n\u01b0\u1edbc v\u00e0 qu\u1ed1c t\u1ebf t\u1ea1i th\u1ee7 \u0111\u00f4 S\u00e9c \u0111\u01b0\u1ee3c qu\u1ea3n l\u00fd b\u1edfi Prague City Tourism hay D\u1ecbch v\u1ee5 Th\u00f4ng tin Praha l\u00e0 m\u1ed9t t\u1ed5 ch\u1ee9c ti\u1ebfp th\u1ecb hi\u1ec7n \u0111\u1ea1i c\u1ee7a th\u1ee7 \u0111\u00f4 Praha. Tr\u00ean c\u1ed5ng th\u00f4ng tin du l\u1ecbch ch\u00ednh th\u1ee9c c\u1ee7a Praha Prague.eu, b\u1ea1n s\u1ebd t\u00ecm th\u1ea5y m\u1ecdi th\u00f4ng tin c\u1ea7n thi\u1ebft v\u1ec1 du l\u1ecbch v\u00e0 c\u00e1c s\u1ef1 ki\u1ec7n v\u0103n h\u00f3a \u1edf Praha b\u1eb1ng nhi\u1ec1u ng\u00f4n ng\u1eef. Prague City Tourism c\u0169ng t\u1ed5 ch\u1ee9c c\u00e1c chu\u1ed7i ch\u01b0\u01a1ng tr\u00ecnh gi\u00e1o d\u1ee5c v\u1ec1 l\u1ecbch s\u1eed v\u00e0 hi\u1ec7n t\u1ea1i c\u1ee7a th\u00e0nh ph\u1ed1 d\u00e0nh cho c\u1ea3 c\u00e1c chuy\u00ean gia v\u00e0 c\u00f4ng ch\u00fang.<\/div><\/em><\/p>\n<p><em><div class=\"box-ok\">N\u1ebfu b\u1ea1n c\u00f3 con, h\u00e3y nh\u1edb \u0111\u1ecdc k\u1ef9 ch\u01b0\u01a1ng \u0111\u1eb7c bi\u1ec7t v\u1ec1 c\u00e1c ho\u1ea1t \u0111\u1ed9ng gi\u1ea3i tr\u00ed \u0111\u01b0\u1ee3c thi\u1ebft k\u1ebf d\u00e0nh ri\u00eang cho tr\u1ebb em. T\u1ea1i \u0111\u00e2y b\u1ea1n s\u1ebd t\u00ecm th\u1ea5y l\u1eddi khuy\u00ean v\u00e0 m\u1eb9o d\u00e0nh cho tr\u1ebb em h\u1ecdc m\u1eabu gi\u00e1o c\u0169ng nh\u01b0 thanh thi\u1ebfu ni\u00ean. Tr\u00ean trang web Praha sportovn\u00ed Magistr\u00e1tu hl. m. Prahy, b\u1ea1n s\u1ebd t\u00ecm th\u1ea5y th\u00f4ng tin v\u1ec1 c\u00e1c c\u01a1 h\u1ed9i th\u1ec3 thao d\u00e0nh cho m\u1ecdi ng\u01b0\u1eddi. Trong ch\u01b0\u01a1ng n\u00e0y, ch\u00fang t\u00f4i s\u1ebd h\u01b0\u1edbng d\u1eabn b\u1ea1n c\u00e1c ho\u1ea1t \u0111\u1ed9ng th\u1ec3 thao m\u00e0 tr\u1ebb em c\u00f3 th\u1ec3 tham gia m\u1ed9t c\u00e1ch t\u00edch c\u1ef1c ho\u1eb7c gi\u1ea3i tr\u00ed.\u00a0 V\u00e0 cung v\u0103n ho\u00e1 thi\u1ebfu nhi, c\u0169ng \u0111\u01b0\u1ee3c ng\u01b0\u1eddi th\u00e0nh l\u1eadp l\u00e0 th\u1ee7 \u0111\u00f4 th\u00e0nh ph\u1ed1 Praha cung c\u1ea5p nhi\u1ec1u ho\u1ea1t \u0111\u1ed9ng \u0111a d\u1ea1ng, b\u1ea1n ch\u1eafc ch\u1eafn s\u1ebd ch\u1ecdn \u0111\u01b0\u1ee3c ho\u1ea1t \u0111\u1ed9ng ph\u00f9 h\u1ee3p cho con m\u00ecnh. Cu\u1ed1i c\u00f9ng nh\u01b0ng kh\u00f4ng k\u00e9m ph\u1ea7n quan tr\u1ecdng, b\u1ea1n s\u1ebd \u0111\u01b0\u1ee3c t\u00ecm hi\u1ec3u v\u1ec1 m\u1ed9t truy\u1ec1n th\u1ed1ng quan tr\u1ecdng c\u1ee7a S\u00e9c, \u0111\u00f3 l\u00e0 ho\u1ea1t \u0111\u1ed9ng h\u01b0\u1edbng \u0111\u1ea1o. <\/div><\/em><\/p>\n<p><em>\u00a0<\/em><\/p>\n<ul>\n<li><em>\u00a0<\/em><strong><a href=\"#Galerie_a_muzea\"><em>Ph\u00f2ng tr\u01b0ng b\u00e0y v\u00e0 b\u1ea3o t\u00e0ng<\/em><\/a><\/strong><\/li>\n<li><a href=\"https:\/\/metropolevsech.eu\/cs\/praha\/472-2\/divadla\/\"><em><strong>Nh\u00e0 h\u00e1t<\/strong><\/em><\/a><\/li>\n<li><a href=\"https:\/\/metropolevsech.eu\/cs\/praha\/472-2\/hudba\/\"><em><strong>\u00c2m nh\u1ea1c<\/strong><\/em><\/a><\/li>\n<li><a href=\"https:\/\/metropolevsech.eu\/cs\/praha\/472-2\/mestska-knihovna-v-praze\/\"><em><strong>Th\u01b0 vi\u1ec7n th\u00e0nh ph\u1ed1 \u1edf Praha<\/strong><\/em><\/a><\/li>\n<li><a href=\"#kina\"><em><strong>R\u1ea1p chi\u1ebfu phim<\/strong><\/em><\/a><\/li>\n<li><a href=\"https:\/\/metropolevsech.eu\/cs\/praha\/volny-cas\/\"><em><strong>Th\u1eddi gian r\u1ea3nh r\u1ed7i<\/strong><\/em><\/a>\n<ul>\n<li><a href=\"https:\/\/metropolevsech.eu\/cs\/praha\/volny-cas\/dospeli\/\"><em><strong>Ng\u01b0\u1eddi l\u1edbn<\/strong><\/em><\/a><\/li>\n<li><a href=\"https:\/\/metropolevsech.eu\/cs\/praha\/volny-cas\/deti\/\"><strong>Tr\u1ebb em<\/strong><\/a><\/li>\n<\/ul>\n<\/li>\n<\/ul>\n<p><em><div class=\"box-ok\">\u0110\u1ec3 c\u00f3 c\u00e1i nh\u00ecn t\u1ed5ng quan c\u01a1 b\u1ea3n v\u1ec1 c\u00e1c Cung v\u0103n ho\u00e1 thi\u1ebfu nhi v\u00e0 th\u01b0 vi\u1ec7n \u1edf Praha, h\u00e3y xem video v\u1ec1 Trung t\u00e2m h\u1ed9i nh\u1eadp Praha. <\/div><\/em><\/p>\n<h3>Li\u00ean k\u1ebft<\/h3>\n<ul class=\"bullet-links\">\n<li><a href=\"http:\/\/www.praguecitytourism.cz\/cs\">Prague City Tourism<\/a><\/li>\n<li><a href=\"http:\/\/www.prague.eu\/cs\">Prague.eu \u2013 c\u1ed5ng \u0111i\u1ec7n t\u1eed du l\u1ecbch ch\u00ednh th\u1ee9c c\u1ee7a Praha<\/a><\/li>\n<li>Danh s\u00e1ch c\u00e1c s\u1ef1 ki\u1ec7n v\u0103n h\u00f3a c\u00f3 th\u1ec3 t\u00ecm tr\u00ean trang web <a target=\"_blank\" href=\"http:\/\/www.cokdyvpraze.org\/\" rel=\"noopener\">Co kdy v Praze<\/a><\/li>\n<\/ul>\n<p><\/p>","protected":false},"excerpt":{"rendered":"<p>Praha l\u00e0 th\u1ee7 \u0111\u00f4 v\u0103n h\u00f3a c\u1ee7a C\u1ed9ng h\u00f2a S\u00e9c &#8211; \u1edf \u0111\u1ea5y c\u00f3 r\u1ea5t nhi\u1ec1u nh\u00e0 h\u00e1t, s\u00e2n kh\u1ea5u kh\u00f4ng truy\u1ec1n th\u1ed1ng, c\u00e2u l\u1ea1c b\u1ed9 \u00e2m nh\u1ea1c, r\u1ea1p chi\u1ebfu phim ngh\u1ec7 thu\u1eadt, c\u1ee5m r\u1ea1p chi\u1ebfu phim v\u00e0 nhi\u1ec1u ho\u1ea1t&#8230;<\/p>\n<a class=\"more-block\" href=\"https:\/\/metropolevsech.eu\/vi\/praha\/472-2\/\">\u0110\u1ecdc th\u00eam<\/a>","protected":false},"author":7,"featured_media":2557,"parent":10,"menu_order":5,"comment_status":"closed","ping_status":"closed","template":"","meta":[],"acf":[],"_links":{"self":[{"href":"https:\/\/metropolevsech.eu\/vi\/wp-json\/wp\/v2\/pages\/472"}],"collection":[{"href":"https:\/\/metropolevsech.eu\/vi\/wp-json\/wp\/v2\/pages"}],"about":[{"href":"https:\/\/metropolevsech.eu\/vi\/wp-json\/wp\/v2\/types\/page"}],"author":[{"embeddable":true,"href":"https:\/\/metropolevsech.eu\/vi\/wp-json\/wp\/v2\/users\/7"}],"replies":[{"embeddable":true,"href":"https:\/\/metropolevsech.eu\/vi\/wp-json\/wp\/v2\/comments?post=472"}],"version-history":[{"count":12,"href":"https:\/\/metropolevsech.eu\/vi\/wp-json\/wp\/v2\/pages\/472\/revisions"}],"predecessor-version":[{"id":22569,"href":"https:\/\/metropolevsech.eu\/vi\/wp-json\/wp\/v2\/pages\/472\/revisions\/22569"}],"up":[{"embeddable":true,"href":"https:\/\/metropolevsech.eu\/vi\/wp-json\/wp\/v2\/pages\/10"}],"wp:featuredmedia":[{"embeddable":true,"href":"https:\/\/metropolevsech.eu\/vi\/wp-json\/wp\/v2\/media\/2557"}],"wp:attachment":[{"href":"https:\/\/metropolevsech.eu\/vi\/wp-json\/wp\/v2\/media?parent=472"}],"curies":[{"name":"wp","href":"https:\/\/api.w.org\/{rel}","templated":true}]}}