{"id":478,"date":"2016-12-18T18:00:35","date_gmt":"2016-12-18T17:00:35","guid":{"rendered":"https:\/\/metropolevsech.eu\/?page_id=478"},"modified":"2025-05-24T23:15:44","modified_gmt":"2025-05-24T21:15:44","slug":"mestska-knihovna-v-praze","status":"publish","type":"page","link":"https:\/\/metropolevsech.eu\/vi\/praha\/472-2\/mestska-knihovna-v-praze\/","title":{"rendered":"Th\u01b0 vi\u1ec7n th\u00e0nh ph\u1ed1"},"content":{"rendered":"<p><\/p>\n<p style=\"font-weight: 400;\"><strong>T<\/strong><strong>h\u01b0 vi\u1ec7n c\u00f4ng c\u1ed9ng \u1edf \u0111\u00e2y l<\/strong><strong>\u00e0 <\/strong><strong>d\u00e0nh cho t\u1ea5t c\u1ea3 m\u1ecdi ng\u01b0\u1eddi!<\/strong><\/p>\n<p style=\"font-weight: 400;\"><em>T\u1ed5ng c\u1ed9ng 44 chi nh\u00e1nh th\u01b0 vi\u1ec7n tr\u00ean kh\u1eafp Praha cung c\u1ea5p nhi\u1ec1u d\u1ecbch v\u1ee5 v\u00e0 ho\u1ea1t \u0111\u1ed9ng, trong s\u1ed1 \u0111\u00f3 nhi\u1ec1u d\u1ecbch v\u1ee5 c\u00f3 th\u1ec3 \u0111\u01b0\u1ee3c s\u1eed d\u1ee5ng mi\u1ec5n ph\u00ed m\u00e0 kh\u00f4ng c\u1ea7n \u0111\u0103ng k\u00fd. \u0110\u1ed1i v\u1edbi ng\u01b0\u1eddi \u0111\u00e3 \u0111\u0103ng k\u00fd, ph\u1ea1m vi d\u1ecbch v\u1ee5 s\u1ebd \u0111\u01b0\u1ee3c m\u1edf r\u1ed9ng kh\u00f4ng ch\u1ec9 trong kh\u1ea3 n\u0103ng m\u01b0\u1ee3n s\u00e1ch m\u00e0 c\u00f2n <\/em><em>c<\/em><em>\u00f3 m\u1ed9t s\u1ed1 l\u1ef1a ch\u1ecdn kh\u00e1c, ch\u1eb3ng h\u1ea1n nh\u01b0 s\u00e1ng t\u1ea1o ho\u1eb7c s\u1eed d\u1ee5ng m\u00e1y t\u00ednh.<\/em><\/p>\n<p style=\"font-weight: 400;\"><strong><em>B\u1ea5t k\u1ef3 ai<\/em><\/strong><em> c\u0169ng c\u00f3 th\u1ec3 tr\u1edf th\u00e0nh \u0111\u1ed9c gi\u1ea3, k\u1ec3 c\u1ea3 ng\u01b0\u1eddi di c\u01b0 \u0111ang sinh s\u1ed1ng h\u1ee3p ph\u00e1p t\u1ea1i C\u1ed9ng h\u00f2a S\u00e9c. D\u01b0\u1edbi \u0111\u00e2y qu\u00ed v\u1ecb s\u1ebd t\u00ecm \u0111\u01b0\u1ee3c c\u00e1c chi nh\u00e1nh ri\u00eang l\u1ebb, nh\u1eefng g\u00ec th\u01b0 vi\u1ec7n cung c\u1ea5p v\u00e0 c\u00e1ch \u0111\u0103ng k\u00fd.<\/em><\/p>\n<p style=\"font-weight: 400;\"><strong>Chi nh\u00e1nh th\u01b0 vi\u1ec7n<\/strong><\/p>\n<p style=\"font-weight: 400;\"><a href=\"https:\/\/www.mlp.cz\/cz\/kontakty\/pobocky\/ustredni-knihovna\/\">Th\u01b0 vi\u1ec7n Trung t\u00e2m<\/a> n\u1eb1m tr\u00ean qu\u1ea3ng tr\u01b0\u1eddng Mari\u00e1nsk\u00e1, g\u1ea7n Qu\u1ea3ng tr\u01b0\u1eddng Ph\u1ed1 c\u1ed5 v\u00e0 ga t\u00e0u \u0111i\u1ec7n ng\u1ea7m Starom\u011bstsk\u00e1. \u1ede nh\u1eefng n\u01a1i kh\u00f4ng c\u00f3 chi <a href=\"https:\/\/www.mlp.cz\/cz\/kontakty\/pobocky\/\">nh\u00e1nh truy\u1ec1n th\u1ed1ng<\/a>, \u1edf \u0111\u00f3 s\u1ebd c\u00f3 c\u00e1c th\u01b0 vi\u1ec7n di \u0111\u1ed9ng, \u0111\u01b0\u1ee3c g\u1ecdi l\u00e0 <a href=\"https:\/\/www.mlp.cz\/cz\/pobocky\/pojizdna-knihovna\/\">th\u01b0 vi\u1ec7n xe bu\u00fdt<\/a>. Tr\u00ean <a href=\"http:\/\/mlp.cz\/cz\/pobocky\/\">trang web c\u1ee7a th\u01b0 vi\u1ec7n<\/a> c\u00f3 th\u1ec3 t\u00ecm th\u1ea5y t\u1ed5ng quan v\u1ec1 t\u1ea5t c\u1ea3 c\u00e1c chi nh\u00e1nh, bao g\u1ed3m \u0111\u1ecba ch\u1ec9 v\u00e0 li\u00ean h\u1ec7.<\/p>\n<p style=\"font-weight: 400;\">Li\u00ean h\u1ec7: trang web: <a href=\"https:\/\/www.mlp.cz\/cz\/\">mlp.cz<\/a>, e-mail: <a href=\"mailto:knihovna@mlp.cz\">knihovna@mlp.cz<\/a>, \u0111i\u1ec7n tho\u1ea1i: 222 113 555<\/p>\n<p style=\"font-weight: 400;\">Th\u00f4ng tin T\u1edd r\u01a1i v\u1ec1 c\u00e1c d\u1ecbch v\u1ee5 th\u01b0 vi\u1ec7n \u1edf Praha. <a href=\"https:\/\/metropolevsech.eu\/wp-content\/uploads\/2022\/12\/Obecny_letak_AJ.pdf\">Ti\u1ebfng Anh<\/a>, <a href=\"https:\/\/metropolevsech.eu\/wp-content\/uploads\/2022\/12\/Obecny_letak_UKR.pdf\">ti\u1ebfng Ukraina<\/a>, <a href=\"https:\/\/metropolevsech.eu\/wp-content\/uploads\/2022\/12\/Obecny_letak_RJ.pdf\">ti\u1ebfng Nga<\/a> v\u00e0 <a href=\"https:\/\/metropolevsech.eu\/wp-content\/uploads\/2022\/12\/Obecny_letak_VJ.pdf\">ti\u1ebfng Vi\u1ec7t<\/a>.<\/p>\n<ul style=\"font-weight: 400;\">\n<li><a href=\"#knihovnabezprukazky\">V\u00e0o th\u01b0 vi\u1ec7n kh\u00f4ng c\u1ea7n th\u1ebb<\/a><\/li>\n<li><a href=\"#knihovnaregistrace\">\u0110\u0103ng k\u00fd v\u00e0o th\u01b0 vi\u1ec7n<\/a><\/li>\n<\/ul>\n<img loading=\"lazy\" class=\"alignnone wp-image-18923 size-content-image\" src=\"https:\/\/metropolevsech.eu\/wp-content\/uploads\/2023\/04\/plakat_A2_PROVSECHNY_tisk_page-0001-670x933.jpg\" alt=\"\" width=\"670\" height=\"933\" srcset=\"https:\/\/metropolevsech.eu\/wp-content\/uploads\/2023\/04\/plakat_A2_PROVSECHNY_tisk_page-0001-670x933.jpg 670w, https:\/\/metropolevsech.eu\/wp-content\/uploads\/2023\/04\/plakat_A2_PROVSECHNY_tisk_page-0001-215x300.jpg 215w, https:\/\/metropolevsech.eu\/wp-content\/uploads\/2023\/04\/plakat_A2_PROVSECHNY_tisk_page-0001-747x1040.jpg 747w, https:\/\/metropolevsech.eu\/wp-content\/uploads\/2023\/04\/plakat_A2_PROVSECHNY_tisk_page-0001-768x1070.jpg 768w, https:\/\/metropolevsech.eu\/wp-content\/uploads\/2023\/04\/plakat_A2_PROVSECHNY_tisk_page-0001-1103x1536.jpg 1103w, https:\/\/metropolevsech.eu\/wp-content\/uploads\/2023\/04\/plakat_A2_PROVSECHNY_tisk_page-0001-1471x2048.jpg 1471w, https:\/\/metropolevsech.eu\/wp-content\/uploads\/2023\/04\/plakat_A2_PROVSECHNY_tisk_page-0001-scaled.jpg 1838w\" sizes=\"(max-width: 670px) 100vw, 670px\" \/>\n<p style=\"font-weight: 400;\">ngu\u1ed3n: <a href=\"https:\/\/ipk.nkp.cz\/odborne-cinnosti\/interkulturni-knihovnictvi\">trang web c\u1ee7a Th\u01b0 vi\u1ec7n Qu\u1ed1c gia \u1edf Praha<\/a><\/p>\n<p style=\"font-weight: 400;\"><strong>V\u00e0o th\u01b0 vi\u1ec7n kh\u00f4ng c\u1ea7n th\u1ebb<\/strong><\/p>\n<p style=\"font-weight: 400;\"><strong>T\u1ed5ng quan v\u1ec1 c\u00e1c d\u1ecbch v\u1ee5 m\u00e0 th\u01b0 vi\u1ec7n cung c\u1ea5p mi\u1ec5n ph\u00ed cho t\u1ea5t c\u1ea3 kh\u00e1ch ch\u01b0a \u0111\u0103ng k\u00fd:<\/strong><\/p>\n<ul>\n<li style=\"font-weight: 400;\">b\u00e1o h\u00e0ng ng\u00e0y, t\u1ea1p ch\u00ed \u0111\u1ecbnh k\u1ef3, s\u00e1ch \u2013 kh\u1ea3 n\u0103ng \u0111\u1ecdc s\u00e1ch t\u1ea1i ch\u1ed7 (\u0111\u1ecdc ti\u1ebfng S\u00e9c v\u00e0 ti\u1ebfng n\u01b0\u1edbc ngo\u00e0i, \u0111\u1eb7c bi\u1ec7t l\u00e0 ti\u1ebfng Anh, ti\u1ebfng Nga, ti\u1ebfng Ukraina v\u00e0 ti\u1ebfng Ba Lan)<\/li>\n<li style=\"font-weight: 400;\">wifi<\/li>\n<li style=\"font-weight: 400;\">kh\u1ea3 n\u0103ng t\u1ef1 h\u1ecdc trong m\u1ed9t m\u00f4i tr\u01b0\u1eddng y\u00ean t\u0129nh<\/li>\n<li style=\"font-weight: 400;\">s\u00e1ch \u0111i\u1ec7n t\u1eed b\u1eb1ng ti\u1ebfng S\u00e9c v\u00e0 ti\u1ebfng Anh \u2013 <a href=\"https:\/\/www.mlp.cz\/cz\/katalog-on-line\/eknihy\/\">e-knihovna.cz<\/a><\/li>\n<li style=\"font-weight: 400;\">truy c\u1eadp \u0111i\u1ec7n t\u1eed v\u00e0o c\u00e1c t\u1edd b\u00e1o v\u00e0 t\u1ea1p ch\u00ed c\u1ee7a S\u00e9c v\u00e0 n\u01b0\u1edbc ngo\u00e0i \u2013 \u1ee9ng d\u1ee5ng PressReader trong Th\u01b0 vi\u1ec7n Trung t\u00e2m (<a href=\"https:\/\/www.pressreader.com\/\">pressreader.com<\/a>)<\/li>\n<li style=\"font-weight: 400;\"><strong>s\u1ef1 ki\u1ec7n d\u00e0nh cho c\u00f4ng ch\u00fang:<\/strong> bu\u1ed5i thuy\u1ebft gi\u1ea3ng, workshop, ch\u01b0\u01a1ng tr\u00ecnh d\u00e0nh cho tr\u1ebb em, chi\u1ebfu phim, h\u00f2a nh\u1ea1c, v.v. Qu\u00fd v\u1ecb c\u00f3 th\u1ec3 t\u00ecm th\u00f4ng tin t\u1ed5ng quan hi\u1ec7n tr\u00ean trang web <a href=\"https:\/\/www.mlp.cz\/cz\/akce\/\">mlp.cz\/akce.<\/a> H\u1ea7u h\u1ebft c\u00e1c s\u1ef1 ki\u1ec7n \u0111\u1ec1u mi\u1ec5n ph\u00ed, nh\u01b0ng c\u00e1c b\u1ed9 phim, bu\u1ed5i h\u00f2a nh\u1ea1c v\u00e0, v\u00ed d\u1ee5, m\u1ed9t s\u1ed1 s\u1ef1 ki\u1ec7n th\u1ee7 c\u00f4ng m\u1ef9 ngh\u1ec7 \u0111\u00f2i h\u1ecfi nhi\u1ec1u h\u01a1n v\u1ec1 ch\u1ea5t li\u1ec7u, th\u00ecch\u00fang t\u00f4i s\u1ebd thu ph\u00ed v\u00e0o c\u1eeda.<\/li>\n<li style=\"font-weight: 400;\"><strong>d\u1ea1y k\u00e8m cho tr\u1ebb em ng\u01b0\u1eddi n\u01b0\u1edbc ngo\u00e0i v\u00e0 c\u00e1c s\u1ef1 ki\u1ec7n kh\u00e1c d\u00e0nh cho ng\u01b0\u1eddi n\u01b0\u1edbc ngo\u00e0i<\/strong> (v\u00ed d\u1ee5: c\u00e1c kh\u00f3a h\u1ecdc h\u1ed9i tho\u1ea1i) \u2013 c\u00f3 th\u1ec3 t\u00ecm th\u00eam th\u00f4ng tin tr\u00ean <a href=\"http:\/\/mlp.cz\">trang web c\u1ee7a th\u01b0 vi\u1ec7n<\/a> ho\u1eb7c t\u1ea1i c\u00e1c chi nh\u00e1nh ri\u00eang l\u1ebb<\/li>\n<li style=\"font-weight: 400;\">kh\u00f4ng gian \u0111\u1ec3 th\u1ef1c hi\u1ec7n c\u00e1c ho\u1ea1t \u0111\u1ed9ng ri\u00eang<\/li>\n<\/ul>\n<p style=\"font-weight: 400;\"><strong><em><i><span style=\"font-weight: 400;\"><div class=\"box-ok\"> <\/span><\/i>N\u1ebfu qu\u00ed quan t\u00e2m \u0111\u1ebfn vi\u1ec7c d\u1ea1y k\u00e8m trong th\u01b0 vi\u1ec7n cho tr\u1ebb em ng\u01b0\u1eddi n\u01b0\u1edbc ngo\u00e0i, h\u00e3y theo d\u00f5i<\/em><\/strong><em> ph\u1ea7n <strong><a href=\"https:\/\/metropolevsech.eu\/cs\/news\/\">tin t\u1ee9c<\/a><\/strong> v\u00e0 <strong><a href=\"https:\/\/metropolevsech.eu\/cs\/events\/\">s\u1ef1 ki\u1ec7n<\/a> c\u1ee7a ch\u00fang t\u00f4i<\/strong>, <strong>n\u01a1i ch\u00fang t\u00f4i th\u01b0\u1eddng xuy\u00ean \u0111\u0103ng tin t\u1ee9c v\u00e0 theo d\u00f5i ch\u00fang t\u00f4i tr\u00ean <a href=\"https:\/\/www.facebook.com\/metropolevsech\">Facebook<\/a><\/strong><i><span style=\"font-weight: 400;\"><\/div><\/span><\/i><\/em><\/p>\n<p style=\"font-weight: 400;\"><em>Qu\u00ed v\u1ecb \u0111ang t\u00ecm m\u1ed9t \u0111\u1ecba \u0111i\u1ec3m m\u00e0 nh\u00f3m h\u1ecdc ngo\u1ea1i kho\u00e1 theo s\u1edf th\u00edch, nh\u00f3m h\u1ecdc t\u1eadp ho\u1eb7c qu\u00ed v\u1ecb v\u00e0 gi\u00e1o vi\u00ean ngo\u1ea1i ng\u1eef c\u00f3 th\u1ec3 g\u1eb7p nhau? Th\u01b0 vi\u1ec7n cung c\u1ea5p kh\u00f4ng gian n\u01a1i y\u00ean t\u0129nh d\u1ec5 ch\u1ecbu mi\u1ec5n ph\u00ed, n\u01a1i qu\u00ed v\u1ecb c\u00f3 th\u1ec3 l\u00e0m vi\u1ec7c ho\u1eb7c trao \u0111\u1ed5i quan \u0111i\u1ec3m v\u00e0 \u00fd t\u01b0\u1edfng.<\/em><\/p>\n<p style=\"font-weight: 400;\"><strong><em>Sau khi tho\u1ea3 thu\u1eadn tr\u01b0\u1edbc, qu\u00ed v\u1ecb c\u00f3 th\u1ec3 s\u1eed d\u1ee5ng d\u1ecbch v\u1ee5 t\u1ea1i c\u00e1c chi nh\u00e1nh sau:<\/em><\/strong><\/p>\n<ul style=\"font-weight: 400;\">\n<li>B\u0159evnov, B\u011blohorsk\u00e1 1666\/56, Praha 6, \u0111t. +420 770 130 235<\/li>\n<li>Dittrichova, Dittrichova 1543\/2, Praha 2, \u0111t. +420 770 130 251<\/li>\n<li>D\u016fm \u010dten\u00ed, Rusk\u00e1 1455\/192, Praha 10, \u0111t. +420 770 130 256<\/li>\n<li>Jezerka, Nuselsk\u00e1 94, Praha 4, \u0111t. +420 770 130 224<\/li>\n<li>Korunn\u00ed, Korunn\u00ed 68, Praha 10, \u0111t. +420 770 130 218<\/li>\n<li>Lu\u017einy, Archeologick\u00e1 2256\/1, Praha 13, \u0111t. +420 770 130 281<\/li>\n<li>Male\u0161ice, Po\u010dernick\u00e1 524\/64, Praha 10, \u0111t. +420 770 130 261<\/li>\n<li>Opatov, Opatovsk\u00e1 1754\/14, Praha 11, \u0111t. +420 770 130 258<\/li>\n<li>Sedmi\u010dka, Tusarova 35, Praha 7, \u0111t. +420 770 130 205<\/li>\n<li>Sm\u00edchov, N\u00e1m\u011bst\u00ed 14.\u0159\u00edjna 83\/15, Praha 5, \u0111t. +420 770 130 229<\/li>\n<li>\u00dast\u0159edn\u00ed knihovna, D\u00edlna, Mari\u00e1nsk\u00e9 n\u00e1m\u011bst\u00ed 98\/1, Praha 1, \u0111t. +420 222 113 387<\/li>\n<li>Zahradn\u00ed M\u011bsto, Topolov\u00e1 2961\/12a, Praha 10, \u0111t. +420 770 130 247<\/li>\n<li>Z\u00e1h\u0159ebsk\u00e1, Z\u00e1h\u0159ebsk\u00e1 158\/20, Praha 2, \u0111t. +420 770 130 265<\/li>\n<\/ul>\n<p><i><span style=\"font-weight: 400;\">[\/box-ok]<\/span><\/i><\/p>\n<p style=\"font-weight: 400;\"><em>Tr\u00ean trang <a href=\"https:\/\/www.mlp.cz\/cz\/katalog-on-line\/eknihy\/\">e-knihovna.cz<\/a>, qu\u00ed v\u1ecb c\u00f3 th\u1ec3 ch\u1ecdn t\u1eeb h\u01a1n 1700 s\u00e1ch \u0111\u1ec3 t\u1ea3i xu\u1ed1ng mi\u1ec5n ph\u00ed. Bao g\u1ed3m ti\u1ec3u thuy\u1ebft c\u1ee7a S\u00e9c v\u00e0 qu\u1ed1c t\u1ebf, truy\u1ec7n trinh th\u00e1m, s\u00e1ch thi\u1ebfu nhi k\u1ec3 c\u1ea3 s\u00e1ch \u0111\u1ecdc \u1edf tr\u01b0\u1eddng, k\u1ecbch v\u00e0 th\u01a1. C\u00e1c s\u00e1ch c\u00f3 s\u1eb5n \u1edf ba \u0111\u1ecbnh d\u1ea1ng ph\u00f9 h\u1ee3p \u0111\u1ec3 \u0111\u1ecdc tr\u00ean \u0111i\u1ec7n tho\u1ea1i di \u0111\u1ed9ng, m\u00e1y t\u00ednh b\u1ea3ng, m\u00e0n h\u00ecnh m\u00e1y t\u00ednh v\u00e0 \u0111\u1ea7u \u0111\u1ecdc.<i><span style=\"font-weight: 400;\"> [\/box-ok]<\/span><\/i><\/em><\/p>\n<p style=\"font-weight: 400;\"><strong>\u0110\u0103ng k\u00fd v\u00e0o th\u01b0 vi\u1ec7n<\/strong><\/p>\n<p style=\"font-weight: 400;\"><strong>Th\u01b0 vi\u1ec7n c\u0169ng cung c\u1ea5p c\u00e1c d\u1ecbch v\u1ee5 sau cho kh\u00e1ch \u0111\u00e3 \u0111\u0103ng k\u00fd:<\/strong><\/p>\n<ul style=\"font-weight: 400;\">\n<li>\u00a0cho m\u01b0\u1ee3n v\u1ec1 nh\u00e0: s\u00e1ch, t\u1ea1p ch\u00ed, \u0111\u0129a CD nh\u1ea1c, kh\u00f3a h\u1ecdc ng\u00f4n ng\u1eef, b\u1ea3n nh\u1ea1c, tr\u00f2 ch\u01a1i tr\u00ean b\u00e0n c\u1edd, tranh v\u1ebd<\/li>\n<li>\u00a0kh\u1ea3 n\u0103ng \u0111\u1eb7t tr\u01b0\u1edbc m\u00e1y t\u00ednh c\u00f3 k\u1ebft n\u1ed1i internet trong m\u1ed9t gi\u1edd m\u1ed7i ng\u00e0y<\/li>\n<li>m\u00e1y may trong x\u01b0\u1edfng c\u1ee7a chi nh\u00e1nh Jezerka<\/li>\n<li>X\u01b0\u1edfng m\u1ed9c chi nh\u00e1nh DOK16<\/li>\n<li>x\u01b0\u1edfng s\u00e1ng t\u1ea1o d\u01b0\u1edbi t\u1ea7ng h\u1ea7m trong Th\u01b0 vi\u1ec7n Trung t\u00e2m \u2013 in 3D, c\u00e1n m\u00e0ng, pyrography, vi\u1ebft ch\u1eef, v.v.<\/li>\n<li>c\u00e1i g\u1ecdi l\u00e0 &#8220;piano y\u00ean t\u0129nh&#8221; \u0111\u1ec3 ph\u00e1t nh\u1ea1c qua tai nghe trong Th\u01b0 vi\u1ec7n Trung t\u00e2m<\/li>\n<\/ul>\n<p style=\"font-weight: 400;\"><strong>\u0110\u0103ng k\u00fd nh\u01b0 th\u1ebf n\u00e0o?<\/strong><\/p>\n<p style=\"font-weight: 400;\">C\u00f3 th\u1ec3 \u0111\u0103ng k\u00fd v\u00e0o th\u01b0 vi\u1ec7n t\u1ea1i b\u1ea5t k\u1ef3 c\u00e1c chi nh\u00e1nh. Th\u1ebb b\u1ea1n \u0111\u1ecdc c\u00f3 gi\u00e1 tr\u1ecb t\u1ea1i t\u1ea5t c\u1ea3 c\u00e1c chi nh\u00e1nh c\u1ee7a th\u01b0 vi\u1ec7n. Ph\u00ed h\u00e0ng n\u0103m l\u00e0 80 K\u010d (mi\u1ec5n ph\u00ed cho ng\u01b0\u1eddi d\u00f9ng d\u01b0\u1edbi 15 tu\u1ed5i v\u00e0 tr\u00ean 70 tu\u1ed5i).<\/p>\n<p style=\"font-weight: 400;\">C\u00f4ng d\u00e2n EU c\u1ea7n c\u00f3 gi\u1ea5y t\u1edd t\u00f9y th\u00e2n do m\u1ed9t qu\u1ed1c gia EU c\u1ea5p \u0111\u1ec3 \u0111\u0103ng k\u00fd. C\u00f4ng d\u00e2n c\u1ee7a c\u00e1c qu\u1ed1c gia kh\u00e1c ph\u1ea3i ch\u1ee9ng minh m\u00ecnh c\u00f3 gi\u1ea5y ph\u00e9p c\u01b0 tr\u00fa t\u1ea1i C\u1ed9ng h\u00f2a S\u00e9c. N\u1ebfu kh\u00f4ng c\u00f3 gi\u1ea5y ph\u00e9p c\u01b0 tr\u00fa, c\u00f3 th\u1ec3 \u0111\u1eb7t c\u1ecdc 1.000 K\u010d ho\u1eb7c \u0111\u0103ng k\u00fd v\u1edbi s\u1ef1 c\u00f3 m\u1eb7t c\u1ee7a ng\u01b0\u1eddi b\u1ea3o l\u00e3nh.<\/p>\n<p style=\"font-weight: 400;\">\u0110\u1ecdc th\u00eam trong t\u1edd th\u00f4ng tin d\u00e0nh cho ph\u1ee5 huynh c\u1ee7a \u0111\u1ed9c gi\u1ea3 tr\u1ebb em. <a href=\"https:\/\/metropolevsech.eu\/wp-content\/uploads\/2022\/12\/OMJ_AJ_A5.pdf\">Ti\u1ebfng Anh<\/a>, <a href=\"https:\/\/metropolevsech.eu\/wp-content\/uploads\/2022\/04\/MKP-OMJ_UKR_bez-orezek.pdf\">ti\u1ebfng Ukraina<\/a>, <a href=\"https:\/\/metropolevsech.eu\/wp-content\/uploads\/2022\/12\/OMJ_RJ_A5.pdf\">ti\u1ebfng Nga<\/a> v\u00e0 <a href=\"https:\/\/metropolevsech.eu\/wp-content\/uploads\/2022\/12\/OMJ_VJ_A5.pdf\">ti\u1ebfng Vi\u1ec7t.<\/a><\/p>\n<p><i><span style=\"font-weight: 400;\"><div class=\"box-fixa\"><\/span><\/i><\/p>\n<p style=\"font-weight: 400;\">S\u00e1ch \u0111\u01b0\u1ee3c m\u01b0\u1ee3n trong kho\u1ea3ng th\u1eddi gian 4 tu\u1ea7n v\u1edbi kh\u1ea3 n\u0103ng gia h\u1ea1n th\u00eam 4 tu\u1ea7n n\u1eefa. N\u1ebfu qu\u00ed v\u1ecb kh\u00f4ng tr\u1ea3 s\u00e1ch \u0111\u00fang h\u1ea1n, ph\u00ed v\u01b0\u1ee3t qu\u00e1 th\u1eddi gian m\u01b0\u1ee3n (ph\u00ed tr\u1ea3 ch\u1eadm) s\u1ebd b\u1eaft \u0111\u1ea7u t\u00ednh l\u00e0 5 K\u010d cho m\u1ed7i cu\u1ed1n s\u00e1ch (m\u01b0\u1ee3n) v\u00e0 ng\u00e0y m\u1edf c\u1eeda. Qu\u00ed v\u1ecb c\u0169ng c\u00f3 th\u1ec3 gia h\u1ea1n tr\u1ef1c tuy\u1ebfn tr\u01b0\u1edbc khi h\u1ebft h\u1ea1n m\u01b0\u1ee3n.<\/p>\n<p><i><span style=\"font-weight: 400;\"><\/div><\/span><\/i><\/p>\n<p style=\"font-weight: 400;\"><strong>Trung t\u00e2m s\u00e1ng t\u1ea1o trong th\u01b0 vi\u1ec7n<\/strong><\/p>\n<p style=\"font-weight: 400;\">Th\u01b0 vi\u1ec7n kh\u00f4ng ch\u1ec9 c\u00f3 s\u00e1ch m\u00e0 c\u00f2n l\u00e0 n\u01a1i \u0111\u1ec3 qu\u00ed v\u1ecb c\u00f3 th\u1ec3 s\u00e1ng t\u1ea1o! Ch\u1ec9 c\u1ea7n gh\u00e9 th\u0103m m\u1ed9t s\u1ed1 trung t\u00e2m s\u00e1ng t\u1ea1o c\u1ee7a th\u01b0 vi\u1ec7n.<\/p>\n<p style=\"font-weight: 400;\"><a href=\"http:\/\/www.mlp.cz\/dok16\"><strong>DOK 16\u00a0<\/strong><\/a><\/p>\n<p style=\"font-weight: 400;\">X\u01b0\u1edfng h\u00e0ng x\u00f3m trong khu ph\u1ed1 tr\u00ean b\u1edd k\u00e8 Sm\u00edchov d\u00e0nh cho t\u1ea5t c\u1ea3 nh\u1eefng ai mu\u1ed1n th\u1ef1c hi\u1ec7n d\u1ef1 \u00e1n c\u1ee7a m\u00ecnh v\u00e0 thi\u1ebfu c\u00f4ng c\u1ee5 ho\u1eb7c kh\u00f4ng gian.<\/p>\n<p style=\"font-weight: 400;\">Nh\u1eefng ng\u01b0\u1eddi c\u00f3 th\u1ebb th\u01b0 vi\u1ec7n c\u00f3 th\u1ec3 m\u01b0\u1ee3n d\u1ee5ng c\u1ee5 c\u1ea7m tay v\u00e0 d\u1ee5ng c\u1ee5 \u0111i\u1ec7n mi\u1ec5n ph\u00ed t\u1ea1i \u0111\u00e2y. X\u01b0\u1edfng t\u1ed5 ch\u1ee9c c\u00e1c bu\u1ed5iworkshop v\u00e0 kh\u00f3a h\u1ecdc v\u1ec1 c\u00e1ch l\u00e0m vi\u1ec7c v\u1edbi g\u1ed7 v\u00e0 gi\u1ea5y, c\u00e1c thuy\u1ebft gi\u1ea3ng t\u1eadp trung (kh\u00f4ng ch\u1ec9) v\u00e0o ngh\u1ec1 th\u1ee7 c\u00f4ng v\u00e0 l\u1ed1i s\u1ed1ng b\u1ec1n v\u1eefng, c\u00e1c ho\u1ea1t \u0111\u1ed9ng th\u1ee9 b\u1ea3y d\u00e0nh cho gia \u0111\u00ecnh c\u00f3 tr\u1ebb em, c\u00e1c s\u1ef1 ki\u1ec7n c\u1ed9ng \u0111\u1ed3ng, SWAP, v.v.<\/p>\n<p style=\"font-weight: 400;\">\u0111\u1ecba ch\u1ec9: Kobka S\u1ed1 16, Ho\u0159ej\u0161\u00ed n\u00e1b\u0159e\u017e\u00ed, Praha 5 \u2013 Sm\u00edchov<\/p>\n<p style=\"font-weight: 400;\">H\u00e3y theo d\u00f5i x\u01b0\u1edfng tr\u00ean <a href=\"http:\/\/wwww.facebook.com\/dok16\">Facebook<\/a>!<\/p>\n<p style=\"font-weight: 400;\"><strong><a href=\"http:\/\/www.mlp.cz\/jezerka\">X\u01b0\u1edfng may t\u1ea1i Jezerka<\/a><\/strong><\/p>\n<p style=\"font-weight: 400;\">Qu\u00ed v\u1ecb c\u00f3 c\u1ea7n s\u1eeda l\u1ea1i trang ph\u1ee5c kh\u00f4ng? Qu\u00ed v\u1ecb c\u00f3 mu\u1ed1n h\u1ecdc may kh\u00f4ng? Trong X\u01b0\u1edfng may, qu\u00ed v\u1ecb s\u1ebd t\u00ecm th\u1ea5y thi\u1ebft b\u1ecb \u0111\u1ec3 l\u00e0m vi\u1ec7c v\u1edbi h\u00e0ng d\u1ec7t may v\u00e0 c\u00e1c chuy\u00ean gia t\u01b0 v\u1ea5n c\u00f3 kinh nghi\u1ec7m!<\/p>\n<p style=\"font-weight: 400;\">\u0111\u1ecba ch\u1ec9: Pobo\u010dka Jezerka, Nuselsk\u00e1 603\/94, Praha 4<\/p>\n<p style=\"font-weight: 400;\"><strong><a href=\"http:\/\/www.mlp.cz\/suteren\">T\u1ea7ng h\u1ea7m<\/a><\/strong><\/p>\n<p style=\"font-weight: 400;\">M\u1ed9t kh\u00f4ng gian chung, n\u01a1i qu\u00ed v\u1ecb c\u00f3 th\u1ec3 l\u00e0m vi\u1ec7c v\u1ec1 c\u00e1c d\u1ef1 \u00e1n c\u1ee7a ri\u00eang m\u00ecnh ho\u1eb7c h\u1ecdc h\u1ecfi \u0111i\u1ec1u g\u00ec \u0111\u00f3 m\u1edbi! C\u00e1c bu\u1ed5i workshop v\u1ec1 d\u00e1n s\u00e1ch, th\u01b0 ph\u00e1p v\u00e0 vi\u1ebft ch\u1eef, m\u00f4 h\u00ecnh \u0111\u1ec3 in 3D v\u00e0 k\u1ef9 thu\u1eadt kh\u1eafc kim \u0111\u01b0\u1ee3c t\u1ed5 ch\u1ee9c t\u1ea1i \u0111\u00e2y. C\u00e1c ch\u01b0\u01a1ng tr\u00ecnh ch\u1ec9nh s\u1eeda \u1ea3nh v\u00e0 video c\u00f3 s\u1eb5n; thi\u1ebft b\u1ecb in, c\u00e1n m\u00e0ng, \u0111\u00f3ng g\u00e1y k\u1ef9 thu\u1eadt; in 3d<\/p>\n<p style=\"font-weight: 400;\">\u0111\u1ecba ch\u1ec9: Th\u01b0 vi\u1ec7n Trung t\u00e2m \u2013 T\u1ea7ng h\u1ea7m, Mari\u00e1nsk\u00e9 n\u00e1m\u011bst\u00ed 1, Praha 1<\/p>\n<p style=\"font-weight: 400;\">Qu\u00ed v\u1ecb h\u00e3y \u0111\u1ecdc th\u00eam tr\u00ean t\u1edd r\u01a1i th\u00f4ng tin v\u1ec1 c\u00e1c trung t\u00e2m s\u00e1ng t\u1ea1o c\u1ee7a th\u01b0 vi\u1ec7n th\u00e0nh ph\u1ed1. <a href=\"https:\/\/metropolevsech.eu\/wp-content\/uploads\/2022\/04\/MKP_2022_kreativni-centra_eng.pdf\">Ti\u1ebfng Anh<\/a>, <a href=\"https:\/\/metropolevsech.eu\/wp-content\/uploads\/2022\/04\/MKP_2022_kreativni-centra_ukr-1.pdf\">ti\u1ebfng Ukraina<\/a>, <a href=\"https:\/\/metropolevsech.eu\/wp-content\/uploads\/2022\/04\/MKP_2022_kreativni-centra_ru.pdf\">ti\u1ebfng Nga<\/a> v\u00e0 <a href=\"https:\/\/metropolevsech.eu\/wp-content\/uploads\/2022\/04\/MKP_2022_kreativni-centra_viet.pdf\">ti\u1ebfng Vi\u1ec7t<\/a>.<\/p>\n<p><\/p>","protected":false},"excerpt":{"rendered":"<p>Th\u01b0 vi\u1ec7n c\u00f4ng c\u1ed9ng \u1edf \u0111\u00e2y l\u00e0 d\u00e0nh cho t\u1ea5t c\u1ea3 m\u1ecdi ng\u01b0\u1eddi! T\u1ed5ng c\u1ed9ng 44 chi nh\u00e1nh th\u01b0 vi\u1ec7n tr\u00ean kh\u1eafp Praha cung c\u1ea5p nhi\u1ec1u d\u1ecbch v\u1ee5 v\u00e0 ho\u1ea1t \u0111\u1ed9ng, trong s\u1ed1 \u0111\u00f3 nhi\u1ec1u d\u1ecbch v\u1ee5 c\u00f3 th\u1ec3 \u0111\u01b0\u1ee3c&#8230;<\/p>\n<a class=\"more-block\" href=\"https:\/\/metropolevsech.eu\/vi\/praha\/472-2\/mestska-knihovna-v-praze\/\">\u0110\u1ecdc th\u00eam<\/a>","protected":false},"author":7,"featured_media":7876,"parent":472,"menu_order":1,"comment_status":"closed","ping_status":"closed","template":"","meta":[],"acf":[],"_links":{"self":[{"href":"https:\/\/metropolevsech.eu\/vi\/wp-json\/wp\/v2\/pages\/478"}],"collection":[{"href":"https:\/\/metropolevsech.eu\/vi\/wp-json\/wp\/v2\/pages"}],"about":[{"href":"https:\/\/metropolevsech.eu\/vi\/wp-json\/wp\/v2\/types\/page"}],"author":[{"embeddable":true,"href":"https:\/\/metropolevsech.eu\/vi\/wp-json\/wp\/v2\/users\/7"}],"replies":[{"embeddable":true,"href":"https:\/\/metropolevsech.eu\/vi\/wp-json\/wp\/v2\/comments?post=478"}],"version-history":[{"count":40,"href":"https:\/\/metropolevsech.eu\/vi\/wp-json\/wp\/v2\/pages\/478\/revisions"}],"predecessor-version":[{"id":22930,"href":"https:\/\/metropolevsech.eu\/vi\/wp-json\/wp\/v2\/pages\/478\/revisions\/22930"}],"up":[{"embeddable":true,"href":"https:\/\/metropolevsech.eu\/vi\/wp-json\/wp\/v2\/pages\/472"}],"wp:featuredmedia":[{"embeddable":true,"href":"https:\/\/metropolevsech.eu\/vi\/wp-json\/wp\/v2\/media\/7876"}],"wp:attachment":[{"href":"https:\/\/metropolevsech.eu\/vi\/wp-json\/wp\/v2\/media?parent=478"}],"curies":[{"name":"wp","href":"https:\/\/api.w.org\/{rel}","templated":true}]}}