{"id":482,"date":"2016-12-18T18:21:07","date_gmt":"2016-12-18T17:21:07","guid":{"rendered":"https:\/\/metropolevsech.eu\/?page_id=482"},"modified":"2025-05-27T10:02:38","modified_gmt":"2025-05-27T08:02:38","slug":"vytvarne-umeni-a-muzea","status":"publish","type":"page","link":"https:\/\/metropolevsech.eu\/vi\/praha\/472-2\/vytvarne-umeni-a-muzea\/","title":{"rendered":"C\u00e1c ph\u00f2ng tri\u1ec3n l\u00e3m v\u00e0 vi\u1ec7n b\u1ea3o t\u00e0ng"},"content":{"rendered":"<p><em>N\u1ebfu b\u1ea1n quan t\u00e2m \u0111\u1ebfn h\u1ed9i h\u1ecda, b\u1ea1n s\u1ebd h\u00e0i l\u00f2ng \u1edf Praha, \u1edf \u0111\u00e2y b\u1ea1n s\u1ebd t\u00ecm th\u1ea5y h\u00e0ng ch\u1ee5c ph\u00f2ng tri\u1ec3n l\u00e3m qu\u1ed1c gia l\u1eabn t\u01b0 nh\u00e2n th\u01b0\u1eddng xuy\u00ean t\u1ed5 ch\u1ee9c tri\u1ec3n l\u00e3m. T\u00f9y b\u1ea1n ch\u1ecdn th\u1ec3 lo\u1ea1i v\u00e0 th\u1eddi k\u1ef3 b\u1ea1n quan t\u00e2m. <\/em><\/p>\n<ul>\n<li><strong><a href=\"#Galerie hl. m. Prahy\">Ph\u00f2ng tri\u1ec3n l\u00e3m c\u1ee7a th\u1ee7 \u0111\u00f4 Praha<\/a><\/strong><\/li>\n<li><strong><a href=\"#Muzeum hlavn\u00edho m\u011bsta Prahy\">Vi\u1ec7n b\u1ea3o t\u00e0ng th\u1ee7 \u0111\u00f4 Praha<\/a><\/strong><\/li>\n<li><strong><a href=\"#N\u00e1rodn\u00ed galerie v Praze\">Ph\u00f2ng tri\u1ec3n l\u00e3m qu\u1ed1c gia \u1edf Praha<\/a><\/strong><\/li>\n<li><strong><a href=\"#DOX \u2013 Centrum sou\u010dasn\u00e9ho um\u011bn\u00ed\">DOX \u2013 Trung t\u00e2m ngh\u1ec7 thu\u1eadt \u0111\u01b0\u01a1ng \u0111\u1ea1i<\/a><\/strong><\/li>\n<li><a href=\"#N\u00e1rodn\u00ed muzeum\"><strong>Vi\u1ec7n b\u1ea3o t\u00e0ng d\u00e2n t\u1ed9c<\/strong><\/a><\/li>\n<\/ul>\n<h4>Li\u00ean k\u1ebft<\/h4>\n<ul class=\"bullet-links\">\n<li><a href=\"\/\/www.kdykde.cz\/calendar\/zanr\/vytvarne-umeni\">Trang web \u0111\u0103ng l\u1ecbch v\u00e0 \u0111\u1ecba \u0111i\u1ec3m c\u00e1c tri\u1ec3n l\u00e3m \u0111ang di\u1ec5n ra<\/a><\/li>\n<\/ul>\n<p>&nbsp;<\/p>\n<h3><strong>Ph\u00f2ng tri\u1ec3n l\u00e3m c\u1ee7a th\u1ee7 \u0111\u00f4 Praha<\/strong><\/h3>\n<p>Ph\u00f2ng tri\u1ec3n l\u00e3m c\u1ee7a th\u1ee7 \u0111\u00f4 Praha l\u00e0 m\u1ed9t trong nh\u1eefng ph\u00f2ng tri\u1ec3n l\u00e3m quan tr\u1ecdng nh\u1ea5t C\u1ed9ng h\u00f2a S\u00e9c. C\u00e1c ho\u1ea1t \u0111\u1ed9ng tri\u1ec3n l\u00e3m c\u1ee7a n\u00f3 t\u1eadp trung v\u00e0o ngh\u1ec7 thu\u1eadt hi\u1ec7n \u0111\u1ea1i v\u00e0 \u0111\u01b0\u01a1ng \u0111\u1ea1i.<\/p>\n<p>Ph\u00f2ng tri\u1ec3n l\u00e3m thu th\u1eadp, b\u1ea3o t\u1ed3n v\u00e0 x\u1eed l\u00fd chuy\u00ean m\u00f4n c\u00e1c b\u1ed9 s\u01b0u t\u1eadp ngh\u1ec7 thu\u1eadt c\u1ee7a th\u1ee7 \u0111\u00f4 Praha.<\/p>\n<p>Hi\u1ec7n nay ph\u00f2ng tri\u1ec3n l\u00e3m c\u1ee7a th\u1ee7 \u0111\u00f4 Praha \u0111ang tri\u1ec3n l\u00e3m trong b\u1ea3y t\u00f2a nh\u00e0: trong nh\u00e0 U Kamenn\u00e9ho zvonu, \u1edf tr\u00ean t\u1ea7ng hai c\u1ee7a Th\u01b0 vi\u1ec7n th\u00e0nh ph\u1ed1, trong cung \u0111i\u1ec7n Colloredo-Mansfeldsk\u00fd, trong nh\u00e0 \u0110i\u1ec7n \u1ea3nh (D\u016fm fotografie), trong bi\u1ec7t th\u1ef1 B\u00edlkova, trong l\u00e2u \u0111\u00e0i Troja v\u00e0 trong nh\u00e0 Franti\u0161ka B\u00edlka t\u1ea1i Ch\u00fdnov.<\/p>\n<h4>Li\u00ean k\u1ebft<\/h4>\n<ul class=\"bullet-links\">\n<li><a href=\"\/\/ghmp.cz\/oteviraci-doba-a-vstupne\/\/\/ghmp.cz\/oteviraci-doba-a-vstupne\/\">Th\u00f4ng tin v\u1ec1 v\u00e9 v\u00e0o c\u1eeda v\u00e0 gi\u1edd m\u1edf c\u1eeda<\/a><\/li>\n<li><a href=\"\/\/ghmp.cz\/\">Ph\u00f2ng tri\u1ec3n l\u00e3m c\u1ee7a th\u1ee7 \u0111\u00f4 Praha<\/a><\/li>\n<\/ul>\n<p>&nbsp;<\/p>\n<h3><strong>Vi\u1ec7n b\u1ea3o t\u00e0ng th\u1ee7 \u0111\u00f4 Praha<\/strong><\/h3>\n<p>Vi\u1ec7n b\u1ea3o t\u00e0ng qu\u1ea3n l\u00fd nhi\u1ec1u b\u1ed9 s\u01b0u t\u1eadp t\u1eadp h\u1ee3p l\u1ecbch s\u1eed th\u1ee7 \u0111\u00f4 Praha. C\u00e1c b\u1ed9 s\u01b0u t\u1eadp kh\u1ea3o c\u1ed5 t\u1ea1o th\u00e0nh m\u1ed9t t\u1ed5ng th\u1ec3 l\u1edbn nh\u1ea5t c\u1ee7a vi\u1ec7n b\u1ea3o t\u00e0ng. T\u1ea1i 14 t\u00f2a nh\u00e0 c\u1ee7a vi\u1ec7n b\u1ea3o t\u00e0ng, 5 trong s\u1ed1 \u0111\u00f3 l\u00e0 di t\u00edch v\u0103n h\u00f3a v\u00e0 4 t\u00f2a nh\u00e0 l\u00e0 di t\u00edch v\u0103n h\u00f3a d\u00e2n t\u1ed9c, b\u1ea1n c\u00f3 th\u1ec3 chi\u00eam ng\u01b0\u1ee1ng m\u00f4 h\u00ecnh Praha \u0111\u1ed9c \u0111\u00e1o c\u1ee7a Langweil, t\u1ea5m b\u1ea3n l\u1ecbch ch\u00ednh g\u1ed1c c\u1ee7a M\u00e1nes cho \u0110\u1ed3ng h\u1ed3 thi\u00ean v\u0103n c\u1ed5 tr\u00ean qu\u1ea3ng tr\u01b0\u1eddng Th\u00e0nh c\u1ed5 v\u00e0 nhi\u1ec1u \u0111\u1ed3 v\u1eadt l\u1ecbch s\u1eed quan tr\u1ecdng c\u00f3 m\u1ed9t kh\u00f4ng hai. Vi\u1ec7n b\u1ea3o t\u00e0ng t\u1ed5 ch\u1ee9c c\u00e1c ch\u01b0\u01a1ng tr\u00ecnh \u0111i k\u00e8m tri\u1ec3n l\u00e3m, workshop theo chuy\u00ean \u0111\u1ec1, d\u1ecbch v\u1ee5 tham quan tri\u1ec3n l\u00e3m c\u00f3 thuy\u1ebft minh cho c\u00f4ng ch\u00fang, bu\u1ed5i h\u1ecdc cho tr\u01b0\u1eddng h\u1ecdc. Vi\u1ec7n b\u1ea3o t\u00e0ng qu\u1ea3n l\u00fd s\u00e1u t\u00f2a th\u00e1p \u0111\u01b0\u1ee3c y\u00eau th\u00edch nh\u1ea5t \u1edf Praha, bao g\u1ed3m c\u1ea3 Th\u00e1p quan s\u00e1t Pet\u0159\u00edn (Pet\u0159\u00ednsk\u00e1 rozhledna) v\u00e0 M\u00ea cung g\u01b0\u01a1ng (Zrcadlov\u00e9 bludi\u0161t\u011b) tr\u00ean Pet\u0159\u00edn. Trong c\u00e1c t\u00f2a nh\u00e0 c\u1ee7a vi\u1ec7n b\u1ea3o t\u00e0ng c\u0169ng c\u00f3 c\u1ea3 ki\u1ebfn tr\u00fac hi\u1ec7n \u0111\u1ea1i, \u0111\u00f3 l\u00e0 Bi\u1ec7t th\u1ef1 M\u00fcller (M\u00fcllerova vila), Bi\u1ec7t th\u1ef1 Rothmayer (Rothmayerova vila) v\u00e0 Trung t\u00e2m nghi\u00ean c\u1ee9u v\u00e0 l\u01b0u tr\u1eef Norbertov (Studijn\u00ed a dokumenta\u010dn\u00ed centrum Norbertov).<\/p>\n<p>T\u00ecm hi\u1ec3u th\u00eam tr\u00ean <a href=\"https:\/\/prague.eu\/cs\/objevujte-kategorie\/muzea\/?pg=1\">c\u1ed5ng \u0111i\u1ec7n t\u1eed du l\u1ecbch ch\u00ednh th\u1ee9c c\u1ee7a Praha Prague.eu<\/a>.<\/p>\n<p>&nbsp;<\/p>\n<h3><strong>Ph\u00f2ng tri\u1ec3n l\u00e3m qu\u1ed1c gia \u1edf Praha<\/strong><\/h3>\n<p>Ph\u00f2ng tri\u1ec3n l\u00e3m qu\u1ed1c gia \u1edf Praha thu th\u1eadp, ghi ch\u00e9p, b\u1ea3o t\u1ed3n, x\u1eed l\u00fd chuy\u00ean m\u00f4n, tr\u01b0ng b\u00e0y nh\u1eefng t\u00e1c ph\u1ea9m h\u1ed9i h\u1ecda, \u0111i\u00eau kh\u1eafc, \u0111\u1ed3 h\u1ecda v\u00e0 nh\u1eefng t\u00e1c ph\u1ea9m t\u1eeb l\u0129nh v\u1ef1c truy\u1ec1n th\u00f4ng m\u1edbi trong n\u01b0\u1edbc v\u00e0 ngo\u00e0i n\u01b0\u1edbc. Ph\u00f2ng tri\u1ec3n l\u00e3m c\u0169ng nghi\u00ean c\u1ee9u c\u00e1c t\u00e1c ph\u1ea9m v\u1ec1 m\u1eb7t khoa h\u1ecdc.<\/p>\n<p>Ph\u00f2ng tri\u1ec3n l\u00e3m qu\u1ed1c gia \u1edf Praha c\u00f3 m\u1ed9t v\u00e0i chi nh\u00e1nh: cung \u0111i\u1ec7n Kinsk\u00fdch, tu vi\u1ec7n Th\u00e1nh Ane\u017eka S\u00e9c, cung \u0111i\u1ec7n Veletr\u017en\u00ed, cung \u0111i\u1ec7n Schwarzenbersk\u00fd, cung \u0111i\u1ec7n Salmovsk\u00fd v\u00e0 cung \u0111i\u1ec7n \u0160ternbersk\u00fd.<\/p>\n<div class=\"box-fixa\"><\/p>\n<p>C\u00e1c tri\u1ec3n l\u00e3m c\u1ed1 \u0111\u1ecbnh v\u00e0 t\u1ea1m th\u1eddi \u1edf ph\u00f2ng tri\u1ec3n l\u00e3m qu\u1ed1c gia \u1edf Praha \u0111\u1ec1u m\u1ea5t v\u00e9 v\u00e0o c\u1eeda.<\/p>\n<p><\/div>\n<h4>Li\u00ean k\u1ebft<\/h4>\n<ul class=\"bullet-links\">\n<li><a href=\"\/\/www.ngprague.cz\/\">Ph\u00f2ng tri\u1ec3n l\u00e3m qu\u1ed1c gia \u1edf Praha<\/a><\/li>\n<\/ul>\n<p>&nbsp;<\/p>\n<h3><strong>DOX \u2013 Trung t\u00e2m ngh\u1ec7 thu\u1eadt \u0111\u01b0\u01a1ng \u0111\u1ea1i<\/strong><\/h3>\n<p>Trung t\u00e2m ngh\u1ec7 thu\u1eadt \u0111\u01b0\u01a1ng \u0111\u1ea1i DOX l\u00e0 m\u1ed9t kh\u00f4ng gian \u0111a ch\u1ee9c n\u0103ng \u0111\u00e3 ra \u0111\u1eddi nh\u1edd s\u00e1ng ki\u1ebfn c\u00e1 nh\u00e2n x\u00e2y l\u1ea1i nh\u00e0 m\u00e1y c\u0169 t\u1ea1i ph\u01b0\u1eddng Hole\u0161ovice \u1edf Praha. Qua nh\u1eefng tri\u1ec3n l\u00e3m ngh\u1ec7 thu\u1eadt \u0111\u01b0\u01a1ng \u0111\u1ea1i qu\u1ed1c t\u1ebf v\u00e0 S\u00e9c, DOX m\u1edf ra nh\u1eefng \u0111\u1ec1 t\u00e0i hi\u1ec7n t\u1ea1i v\u00e0 ph\u00e1t tri\u1ec3n c\u00e1c th\u1ea3o lu\u1eadn v\u1ec1 n\u00f3 qua nh\u1eefng ch\u01b0\u01a1ng tr\u00ecnh v\u00e0 s\u1ef1 ki\u1ec7n \u0111i c\u00f9ng d\u00e0nh cho \u0111\u00f4ng \u0111\u1ea3o c\u00f4ng ch\u00fang t\u1eeb h\u1ed9i th\u1ea3o, th\u1ea3o lu\u1eadn v\u1edbi c\u00e1c chuy\u00ean gia \u0111\u1ebfn chi\u1ebfu phim, workshop t\u01b0\u01a1ng t\u00e1c v\u00e0 happening c\u00f4ng c\u1ed9ng. M\u1ed9t ph\u1ea7n quan tr\u1ecdng c\u1ee7a trung t\u00e2m l\u00e0 c\u00e1c ch\u01b0\u01a1ng tr\u00ecnh \u0111\u00e0o t\u1ea1o d\u00e0nh cho h\u1ecdc sinh c\u00e1c tr\u01b0\u1eddng ph\u1ed5 th\u00f4ng c\u01a1 s\u1edf v\u00e0 trung h\u1ecdc. Nh\u1eefng ch\u01b0\u01a1ng tr\u00ecnh n\u00e0y t\u1eadp trung ch\u1ee7 y\u1ebfu v\u00e0o vi\u1ec7c ph\u00e1t tri\u1ec3n k\u1ef9 n\u0103ng t\u01b0 duy ph\u00ea ph\u00e1n. DOX c\u0169ng cung c\u1ea5p c\u00e1c ch\u01b0\u01a1ng tr\u00ecnh d\u00e0nh cho tr\u1ebb em.<\/p>\n<h4>Li\u00ean k\u1ebft<\/h4>\n<ul class=\"bullet-links\">\n<li><a href=\"\/\/www.dox.cz\/cs\/contact\">Th\u1eddi gian m\u1edf c\u1eeda v\u00e0 v\u00e9 v\u00e0o c\u1eeda<\/a><\/li>\n<li><a href=\"\/\/www.dox.cz\/cs\/\">Trung t\u00e2m ngh\u1ec7 thu\u1eadt \u0111\u01b0\u01a1ng \u0111\u1ea1i DOX<\/a><\/li>\n<\/ul>\n<p>&nbsp;<\/p>\n<h3><strong>Vi\u1ec7n b\u1ea3o t\u00e0ng d\u00e2n t\u1ed9c<\/strong><\/h3>\n<p>Vi\u1ec7n b\u1ea3o t\u00e0ng d\u00e2n t\u1ed9c l\u00e0 vi\u1ec7n b\u1ea3o t\u00e0ng l\u1edbn nh\u1ea5t C\u1ed9ng h\u00f2a S\u00e9c. Vi\u1ec7n b\u1ea3o t\u00e0ng d\u00e2n t\u1ed9c g\u1ed3m n\u0103m b\u1ea3o t\u00e0ng chuy\u00ean m\u00f4n (B\u1ea3o t\u00e0ng khoa h\u1ecdc t\u1ef1 nhi\u00ean, B\u1ea3o t\u00e0ng l\u1ecbch s\u1eed, Th\u01b0 vi\u1ec7n B\u1ea3o t\u00e0ng qu\u1ed1c gia, B\u1ea3o t\u00e0ng v\u0103n h\u00f3a ch\u00e2u \u00c1, ch\u00e2u Phi v\u00e0 ch\u00e2u M\u1ef9 N\u00e1prstkovo v\u00e0 B\u1ea3o t\u00e0ng \u00e2m nh\u1ea1c S\u00e9c).<\/p>\n<p>T\u00f2a nh\u00e0 ch\u00ednh c\u1ee7a Vi\u1ec7n b\u1ea3o t\u00e0ng d\u00e2n t\u1ed9c l\u00e0 t\u00f2a nh\u00e0 n\u1ed5i b\u1eadt tr\u00ean qu\u1ea3ng tr\u01b0\u1eddng V\u00e1clav (Qu\u1ea3ng tr\u01b0\u1eddng con ng\u1ef1a) \u2013 t\u00f2a nh\u00e0 n\u00e0y hi\u1ec7n nay \u0111ang \u0111\u00f3ng c\u1eeda \u0111\u1ec3 s\u1eeda ch\u1eefa.<\/p>\n<h4>Li\u00ean k\u1ebft<\/h4>\n<ul class=\"bullet-links\">\n<li><a href=\"\/\/www.nm.cz\/\">Vi\u1ec7n b\u1ea3o t\u00e0ng d\u00e2n t\u1ed9c<\/a><\/li>\n<\/ul>\n<p><\/p>","protected":false},"excerpt":{"rendered":"<p>N\u1ebfu b\u1ea1n quan t\u00e2m \u0111\u1ebfn h\u1ed9i h\u1ecda, b\u1ea1n s\u1ebd h\u00e0i l\u00f2ng \u1edf Praha, \u1edf \u0111\u00e2y b\u1ea1n s\u1ebd t\u00ecm th\u1ea5y h\u00e0ng ch\u1ee5c ph\u00f2ng tri\u1ec3n l\u00e3m qu\u1ed1c gia l\u1eabn t\u01b0 nh\u00e2n th\u01b0\u1eddng xuy\u00ean t\u1ed5 ch\u1ee9c tri\u1ec3n l\u00e3m. T\u00f9y b\u1ea1n ch\u1ecdn th\u1ec3 lo\u1ea1i&#8230;<\/p>\n<a class=\"more-block\" href=\"https:\/\/metropolevsech.eu\/vi\/praha\/472-2\/vytvarne-umeni-a-muzea\/\">\u0110\u1ecdc th\u00eam<\/a>","protected":false},"author":7,"featured_media":7888,"parent":472,"menu_order":2,"comment_status":"closed","ping_status":"closed","template":"","meta":[],"acf":[],"_links":{"self":[{"href":"https:\/\/metropolevsech.eu\/vi\/wp-json\/wp\/v2\/pages\/482"}],"collection":[{"href":"https:\/\/metropolevsech.eu\/vi\/wp-json\/wp\/v2\/pages"}],"about":[{"href":"https:\/\/metropolevsech.eu\/vi\/wp-json\/wp\/v2\/types\/page"}],"author":[{"embeddable":true,"href":"https:\/\/metropolevsech.eu\/vi\/wp-json\/wp\/v2\/users\/7"}],"replies":[{"embeddable":true,"href":"https:\/\/metropolevsech.eu\/vi\/wp-json\/wp\/v2\/comments?post=482"}],"version-history":[{"count":3,"href":"https:\/\/metropolevsech.eu\/vi\/wp-json\/wp\/v2\/pages\/482\/revisions"}],"predecessor-version":[{"id":22952,"href":"https:\/\/metropolevsech.eu\/vi\/wp-json\/wp\/v2\/pages\/482\/revisions\/22952"}],"up":[{"embeddable":true,"href":"https:\/\/metropolevsech.eu\/vi\/wp-json\/wp\/v2\/pages\/472"}],"wp:featuredmedia":[{"embeddable":true,"href":"https:\/\/metropolevsech.eu\/vi\/wp-json\/wp\/v2\/media\/7888"}],"wp:attachment":[{"href":"https:\/\/metropolevsech.eu\/vi\/wp-json\/wp\/v2\/media?parent=482"}],"curies":[{"name":"wp","href":"https:\/\/api.w.org\/{rel}","templated":true}]}}