{"id":500,"date":"2016-12-18T18:50:15","date_gmt":"2016-12-18T17:50:15","guid":{"rendered":"https:\/\/metropolevsech.eu\/?page_id=500"},"modified":"2019-01-08T23:51:28","modified_gmt":"2019-01-08T22:51:28","slug":"divadla","status":"publish","type":"page","link":"https:\/\/metropolevsech.eu\/vi\/praha\/472-2\/divadla\/","title":{"rendered":"C\u00e1c nh\u00e0 h\u00e1t v\u00e0 r\u1ea1p chi\u1ebfu phim"},"content":{"rendered":"<p>T\u1ea1i Praha c\u00f3 v\u00f4 s\u1ed1 nh\u00e0 h\u00e1t v\u00e0 s\u00e2n kh\u1ea5u cung c\u1ea5p nh\u1eefng ch\u01b0\u01a1ng tr\u00ecnh v\u0103n h\u00f3a phong ph\u00fa. M\u00f9a nh\u00e0 h\u00e1t b\u1eaft \u0111\u1ea7u m\u1ed7i n\u0103m v\u00e0o th\u00e1ng 9 v\u00e0 k\u1ebft th\u00fac v\u00e0o cu\u1ed1i th\u00e1ng 6. Trong th\u00e1ng 7 v\u00e0 th\u00e1ng 8, c\u00e1c nh\u00e0 h\u00e1t \u201cngh\u1ec9 h\u00e8\u201d \u2013 trong th\u1eddi gian n\u00e0y nh\u00e0 h\u00e1t kh\u00f4ng c\u00f3 bu\u1ed5i bi\u1ec3u di\u1ec5n n\u00e0o, nh\u01b0ng h\u1ecd th\u01b0\u1eddng t\u1eadp cho nh\u1eefng bu\u1ed5i bi\u1ec3u di\u1ec5n cho m\u00f9a ti\u1ebfp theo.<\/p>\n<p>Tuy nhi\u00ean v\u00e0o m\u00f9a h\u00e8 \u1edf Praha v\u1eabn c\u00f3 c\u00e1c l\u1ec5 h\u1ed9i ca k\u1ecbch kh\u00e1c nhau. M\u1ed9t trong nh\u1eefng l\u1ec5 h\u1ed9i n\u1ed5i ti\u1ebfng nh\u1ea5t l\u00e0 <strong>L\u1ec5 h\u1ed9i Shakespear h\u00e8<\/strong> \u0111\u01b0\u1ee3c t\u1ed5 ch\u1ee9c h\u00e0ng n\u0103m t\u1ea1i kh\u00f4ng gian b\u00ean ngo\u00e0i thu\u1ed9c L\u00e2u \u0111\u00e0i Praha. Nh\u1eefng ng\u01b0\u1eddi th\u00edch r\u1ea1p xi\u1ebfc v\u00e0 nh\u00e0 h\u00e1t m\u1edbi th\u00ec c\u00f3 l\u1ec5 h\u1ed9i <strong>Letn\u00e1 h\u00e8 <\/strong>\u0111\u01b0\u1ee3c t\u1ed5 ch\u1ee9c v\u00e0o gi\u1eefa th\u00e1ng 8 v\u00e0 th\u00e1ng 9.<\/p>\n<h3>Nh\u00e0 h\u00e1t d\u00e2n t\u1ed9c<\/h3>\n<p><a href=\"http:\/\/www.narodni-divadlo.cz\/cs\">Nh\u00e0 h\u00e1t d\u00e2n t\u1ed9c<\/a> nghi\u1ec5m nhi\u00ean l\u00e0 nh\u00e0 h\u00e1t S\u00e9c n\u1ed5i ti\u1ebfng nh\u1ea5t kh\u00f4ng ch\u1ec9 b\u1edfi t\u00f2a nh\u00e0 tuy\u1ec7t \u0111\u1eb9p l\u00e0 \u0111i\u1ec3m n\u1ed5i b\u1eadt b\u00ean b\u1edd ph\u1ea3i s\u00f4ng Vltava m\u00e0 c\u00f2n b\u1edfi s\u1ef1 ra \u0111\u1eddi c\u1ee7a n\u00f3 v\u00e0 danh s\u00e1ch d\u00e0i c\u00e1c ngh\u1ec7 s\u0129 S\u00e9c xu\u1ea5t s\u1eafc.<\/p>\n<p>Nh\u00e0 h\u00e1t \u0111\u01b0\u1ee3c x\u00e2y d\u1ef1ng v\u00e0o cu\u1ed1i th\u1ebf k\u1ef7 19 ph\u1ea7n l\u1edbn nh\u1edd t\u00e0i tr\u1ee3 c\u1ee7a ng\u01b0\u1eddi d\u00e2n S\u00e9c th\u00f4ng qua qu\u1ef9 quy\u00ean g\u00f3p to\u00e0n qu\u1ed1c. Nh\u00e0 h\u00e1t d\u00e2n t\u1ed9c t\u1eeb \u0111\u00f3 tr\u1edf th\u00e0nh bi\u1ec3u t\u01b0\u1ee3ng c\u1ee7a b\u1ea3n s\u1eafc S\u00e9c v\u00e0 l\u00f2ng y\u00eau n\u01b0\u1edbc.<\/p>\n<p>Nh\u00e0 h\u00e1t d\u00e2n t\u1ed9c hi\u1ec7n nay g\u1ed3m c\u00f3 b\u1ed1n \u0111o\u00e0n ngh\u1ec7 thu\u1eadt: opera, k\u1ecbch n\u00f3i, balet v\u00e0 Laterna magika. Nh\u00e0 h\u00e1t qu\u1ea3n l\u00fd ngh\u1ec7 thu\u1eadt b\u1ed1n s\u00e2n kh\u1ea5u: Nh\u00e0 h\u00e1t d\u00e2n t\u1ed9c, Nh\u00e0 h\u00e1t opera qu\u1ed1c gia, nh\u00e0 h\u00e1t Stavovsk\u00e9 v\u00e0 S\u00e2n kh\u1ea5u m\u1edbi.<\/p>\n<p>Danh s\u00e1ch t\u1ea5t c\u1ea3 c\u00e1c nh\u00e0 h\u00e1t t\u1ea1i Praha n\u1eb1m tr\u00ean <a href=\"http:\/\/www.prague.eu\/cs\/objekty\/mista\/314?frm.categoryListing=314&amp;frm.tagIds=24&amp;pageNumber=1\">c\u1ed5ng \u0111i\u1ec7n t\u1eed du l\u1ecbch ch\u00ednh th\u1ee9c c\u1ee7a Praha Prague.eu.<\/a><\/p>\n<h3>C\u00e1c r\u1ea1p chi\u1ebfu phim<\/h3>\n<p>T\u1ea1i Praha b\u1ea1n c\u00f3 th\u1ec3 \u0111i xem phim \u1edf nhi\u1ec1u lo\u1ea1i r\u1ea1p, t\u1eeb r\u1ea1p phim ngh\u1ec7 thu\u1eadt \u0111\u1ebfn c\u1ee5m r\u1ea1p chi\u1ebfu phim.<\/p>\n<p>Danh s\u00e1ch c\u00e1c r\u1ea1p chi\u1ebfu phim t\u1ea1i Praha n\u1eb1m tr\u00ean <a href=\"http:\/\/www.prague.eu\/cs\/objekty\/mista\/314?frm.categoryListing=314&amp;pageNumber=1\">c\u1ed5ng \u0111i\u1ec7n t\u1eed du l\u1ecbch ch\u00ednh th\u1ee9c c\u1ee7a Praha Prague.eu.<\/a><\/p>\n<h3>Li\u00ean k\u1ebft<\/h3>\n<ul class=\"bullet-links\">\n<li><a href=\"http:\/\/www.narodni-divadlo.cz\/cs\">Nh\u00e0 h\u00e1t d\u00e2n t\u1ed9c<\/a><\/li>\n<li><a href=\"http:\/\/www.prahadivadla.cz\/\">Danh s\u00e1ch t\u1ea5t c\u1ea3 c\u00e1c nh\u00e0 h\u00e1t d\u00e0nh cho tr\u1ebb em v\u00e0 ng\u01b0\u1eddi l\u1edbn<\/a><\/li>\n<li><a href=\"http:\/\/www.shakespeare.cz\/\">L\u1ec5 h\u1ed9i Shakespear h\u00e8<\/a><\/li>\n<li><a href=\"http:\/\/www.letniletna.cz\">L\u1ec5 h\u1ed9i Letn\u00e1 h\u00e8<\/a><\/li>\n<\/ul>\n<p><\/p>","protected":false},"excerpt":{"rendered":"<p>T\u1ea1i Praha c\u00f3 v\u00f4 s\u1ed1 nh\u00e0 h\u00e1t v\u00e0 s\u00e2n kh\u1ea5u cung c\u1ea5p nh\u1eefng ch\u01b0\u01a1ng tr\u00ecnh v\u0103n h\u00f3a phong ph\u00fa. M\u00f9a nh\u00e0 h\u00e1t b\u1eaft \u0111\u1ea7u m\u1ed7i n\u0103m v\u00e0o th\u00e1ng 9 v\u00e0 k\u1ebft th\u00fac v\u00e0o cu\u1ed1i th\u00e1ng 6. Trong th\u00e1ng 7 v\u00e0&#8230;<\/p>\n<a class=\"more-block\" href=\"https:\/\/metropolevsech.eu\/vi\/praha\/472-2\/divadla\/\">\u0110\u1ecdc th\u00eam<\/a>","protected":false},"author":7,"featured_media":4740,"parent":472,"menu_order":3,"comment_status":"closed","ping_status":"closed","template":"","meta":[],"acf":[],"_links":{"self":[{"href":"https:\/\/metropolevsech.eu\/vi\/wp-json\/wp\/v2\/pages\/500"}],"collection":[{"href":"https:\/\/metropolevsech.eu\/vi\/wp-json\/wp\/v2\/pages"}],"about":[{"href":"https:\/\/metropolevsech.eu\/vi\/wp-json\/wp\/v2\/types\/page"}],"author":[{"embeddable":true,"href":"https:\/\/metropolevsech.eu\/vi\/wp-json\/wp\/v2\/users\/7"}],"replies":[{"embeddable":true,"href":"https:\/\/metropolevsech.eu\/vi\/wp-json\/wp\/v2\/comments?post=500"}],"version-history":[{"count":0,"href":"https:\/\/metropolevsech.eu\/vi\/wp-json\/wp\/v2\/pages\/500\/revisions"}],"up":[{"embeddable":true,"href":"https:\/\/metropolevsech.eu\/vi\/wp-json\/wp\/v2\/pages\/472"}],"wp:featuredmedia":[{"embeddable":true,"href":"https:\/\/metropolevsech.eu\/vi\/wp-json\/wp\/v2\/media\/4740"}],"wp:attachment":[{"href":"https:\/\/metropolevsech.eu\/vi\/wp-json\/wp\/v2\/media?parent=500"}],"curies":[{"name":"wp","href":"https:\/\/api.w.org\/{rel}","templated":true}]}}