{"id":504,"date":"2016-12-18T18:59:56","date_gmt":"2016-12-18T17:59:56","guid":{"rendered":"https:\/\/metropolevsech.eu\/?page_id=504"},"modified":"2025-05-27T10:14:22","modified_gmt":"2025-05-27T08:14:22","slug":"hudba","status":"publish","type":"page","link":"https:\/\/metropolevsech.eu\/vi\/praha\/472-2\/hudba\/","title":{"rendered":"\u00c2m nh\u1ea1c"},"content":{"rendered":"<p><em>Praha m\u1ed7i t\u1ed1i tr\u1edf n\u00ean s\u1ed1ng \u0111\u1ed9ng b\u1edfi v\u00f4 s\u1ed1 bu\u1ed5i h\u00f2a nh\u1ea1c v\u00e0 li\u00ean hoan. Praha l\u00e0 n\u01a1i h\u1ed9i t\u1ee5 c\u1ee7a nhi\u1ec1u ngh\u1ec7 s\u0129 v\u00e0 ban nh\u1ea1c n\u1ed5i ti\u1ebfng th\u1ebf gi\u1edbi \u0111\u1ebfn Praha. \u1ede \u0111\u00e2y c\u00f3 nhi\u1ec1u c\u00e2u l\u1ea1c b\u1ed9 \u00e2m nh\u1ea1c v\u00e0 ph\u00f2ng h\u00f2a nh\u1ea1c, v\u00e0 c\u1ea3 nh\u1eefng \u0111\u1ecba \u0111i\u1ec3m ngo\u00e0i tr\u1eddi th\u01b0\u1eddng xuy\u00ean ch\u01a1i nh\u1ea1c.<\/em><\/p>\n<ul>\n<li><a href=\"#V\u00e1\u017en\u00e1 hudba\">Nh\u1ea1c c\u1ed5 \u0111i\u1ec3n<\/a><\/li>\n<li><a href=\"#Hudebn\u00ed kluby\">C\u00e1c c\u00e2u l\u1ea1c b\u1ed9 \u00e2m nh\u1ea1c<\/a><\/li>\n<li><a href=\"#Hudebn\u00ed festivaly\">C\u00e1c l\u1ec5 h\u1ed9i \u00e2m nh\u1ea1c<\/a><\/li>\n<li><a href=\"#Busking\">Busking<\/a><\/li>\n<\/ul>\n<div class=\"box-ok\"><\/p>\n<p>Nh\u00e0 b\u00e1n v\u00e9 n\u1ed5i ti\u1ebfng to\u00e0n S\u00e9c kh\u00f4ng ch\u1ec9 ri\u00eang v\u00e9 nghe nh\u1ea1c l\u00e0 m\u1ea1ng l\u01b0\u1edbi <a href=\"http:\/\/www.ticketpro.cz\/jnp\/home\/index.html\">Ticketpro<\/a>.<\/p>\n<p><\/div>\n<p>&nbsp;<\/p>\n<h3>Nh\u1ea1c c\u1ed5 \u0111i\u1ec3n<\/h3>\n<p><a href=\"http:\/\/www.dvorakovapraha.cz\/\"><strong>Praha c\u1ee7a Dvo\u0159\u00e1k<\/strong><\/a> \u2013 l\u1ec5 h\u1ed9i nh\u1ea1c c\u1ed5 \u0111i\u1ec3n n\u1ed5i ti\u1ebfng nh\u1ea5t mang t\u00ean nh\u00e0 so\u1ea1n nh\u1ea1c S\u00e9c <a href=\"https:\/\/cs.wikipedia.org\/wiki\/Anton%C3%ADn_Dvo%C5%99%C3%A1k\">Anton\u00edn Dvo\u0159\u00e1k<\/a>. M\u1ed7i n\u0103m \u0111\u01b0\u1ee3c t\u1ed5 ch\u1ee9c v\u00e0o \u0111\u1ea7u m\u00f9a thu trong t\u00f2a nh\u00e0 l\u1ecbch s\u1eed <a href=\"https:\/\/cs.wikipedia.org\/wiki\/Rudolfinum\">Rudolfinum<\/a>.<\/p>\n<p><a href=\"http:\/\/www.festival.cz\/cz\"><strong>M\u00f9a xu\u00e2n Praha <\/strong><\/a>\u2013 l\u1ec5 h\u1ed9i \u00e2m nh\u1ea1c c\u1ed5 \u0111i\u1ec3n S\u00e9c l\u00e2u \u0111\u1eddi nh\u1ea5t di\u1ec5n ra v\u00e0o m\u00f9a xu\u00e2n h\u00e0ng n\u0103m.<br \/>\n<a><\/a><\/p>\n<h3>C\u00e1c c\u00e2u l\u1ea1c b\u1ed9 \u00e2m nh\u1ea1c<\/h3>\n<p>Praha c\u00f3 r\u1ea5t nhi\u1ec1u c\u00e2u l\u1ea1c b\u1ed9 \u00e2m nh\u1ea1c. \u1ede trung t\u00e2m c\u00f3 nhi\u1ec1u c\u00e2u l\u1ea1c b\u1ed9 nh\u1ea5t, nh\u01b0ng m\u1ed9t s\u1ed1 c\u00e2u l\u1ea1c b\u1ed9 c\u0169ng \u0111\u00e1ng \u0111\u1ec3 b\u1ea1n \u0111i kh\u1ecfi trung t\u00e2m v\u00e0 l\u00e0m quen m\u00f4i tr\u01b0\u1eddng m\u1edbi.<\/p>\n<p>Ch\u01b0\u01a1ng tr\u00ecnh c\u1ee7a t\u1ea5t c\u1ea3 c\u00e1c c\u00e2u l\u1ea1c b\u1ed9 Praha <a href=\"https:\/\/prague.eu\/cs\/objevujte-kategorie\/kluby\/?pg=1\">t\u1ea1i \u0111\u00e2y<\/a>.<br \/>\n<a><\/a><\/p>\n<h3>C\u00e1c l\u1ec5 h\u1ed9i \u00e2m nh\u1ea1c<\/h3>\n<p>T\u1ea1i Praha th\u01b0\u1eddng xuy\u00ean di\u1ec5n ra c\u00e1c l\u1ec5 h\u1ed9i \u00e2m nh\u1ea1c \u0111a d\u1ea1ng v\u1ec1 th\u1ec3 lo\u1ea1i \u2013 v\u00e0o m\u00f9a h\u00e8 th\u01b0\u1eddng \u0111\u01b0\u1ee3c t\u1ed5 ch\u1ee9c ngo\u00e0i tr\u1eddi (v\u00ed d\u1ee5 tr\u00ean \u0111\u1ea3o ho\u1eb7c trong c\u00f4ng vi\u00ean), v\u00e0 c\u1ea3 \u1edf b\u1ebfn t\u00e0u \u0111i\u1ec7n ng\u1ea7m, tr\u00ean \u0111\u01b0\u1eddng ph\u1ed1 v\u00e0 trong c\u00e2u l\u1ea1c b\u1ed9. C\u00f3 r\u1ea5t nhi\u1ec1u l\u1ec5 h\u1ed9i \u0111\u01b0\u1ee3c t\u1ed5 ch\u1ee9c \u1edf Praha, ch\u00fang t\u00f4i s\u1ebd gi\u1edbi thi\u1ec7u m\u1ed9t trong nh\u1eefng l\u1ec5 h\u1ed9i l\u1edbn nh\u1ea5t \u0111\u1ec3 l\u00e0m c\u1ea3m h\u1ee9ng.<\/p>\n<p><a href=\"http:\/\/unitedislands.cz\/\"><strong>United Islands of Prague <\/strong><\/a>\u2013 \u0111\u00e2y l\u00e0 l\u1ec5 h\u1ed9i qu\u1ed1c t\u1ebf n\u1ed5i ti\u1ebfng di\u1ec5n ra tr\u00ean m\u1ed9t s\u1ed1 h\u00f2n \u0111\u1ea3o \u1edf Praha theo nh\u01b0 t\u00ean g\u1ecdi c\u1ee7a n\u00f3.<\/p>\n<p>T\u1ea1i Praha b\u1ea1n c\u0169ng c\u00f3 th\u1ec3 b\u1eaft g\u1eb7p nh\u1eefng l\u1ec5 h\u1ed9i khuy\u1ebfn kh\u00edch s\u1ef1 chung s\u1ed1ng gi\u1eefa nh\u1eefng ng\u01b0\u1eddi d\u00e2n Praha t\u1eeb c\u00e1c n\u1ec1n v\u0103n h\u00f3a kh\u00e1c nhau, v\u00ed d\u1ee5 <a href=\"http:\/\/respectfestival.rachot.cz\/\"><strong>Festival Respect<\/strong><\/a> nebo <a href=\"http:\/\/refufest.com\/\"><strong>Refufest<\/strong><\/a><strong>.<\/strong><\/p>\n<h3><a><\/a><br \/>\nBusking<\/h3>\n<p>Busking l\u00e0 t\u1eeb ch\u1ec9 b\u1ea5t k\u1ef3 ngh\u1ec7 thu\u1eadt \u0111\u01b0\u1eddng ph\u1ed1 n\u00e0o \u0111\u01b0\u1ee3c ng\u01b0\u1eddi \u0111i ngang qua t\u00e1n th\u01b0\u1edfng b\u1eb1ng c\u00e1ch b\u1ecf ti\u1ec1n v\u00e0o m\u0169 ho\u1eb7c v\u1ecf nh\u1ea1c c\u1ee5. T\u1ea1i th\u1ee7 \u0111\u00f4 busking \u0111\u01b0\u1ee3c ki\u1ec3m so\u00e1t b\u1eb1ng <a href=\"https:\/\/praha.eu\/web\/kultura\/poulicni-umelecke-verejne-produkce\">ngh\u1ecb \u0111\u1ecbnh<\/a>.<\/p>\n<p><a href=\"http:\/\/www.prahazijehudbou.cz\/\"><strong>Praha s\u1ed1ng b\u1eb1ng \u00e2m nh\u1ea1c <\/strong><\/a>\u2013 l\u1ec5 h\u1ed9i \u00e2m nh\u1ea1c \u1ee7ng h\u1ed9 busking t\u1ea1i Praha.<\/p>\n<div class=\"box-fixa\">\n<p><em>N\u1ebfu b\u1ea1n mu\u1ed1n ki\u1ebfm s\u1ed1ng ho\u1eb7c ki\u1ebfm th\u00eam b\u1eb1ng ngh\u1ec7 thu\u1eadt \u0111\u01b0\u1eddng ph\u1ed1, h\u00e3y l\u00e0m quen v\u1edbi ngh\u1ecb \u0111\u1ecbnh v\u00e0 tu\u00e2n th\u1ee7 n\u1ed9i dung c\u1ee7a n\u00f3, n\u1ebfu kh\u00f4ng b\u1ea1n c\u00f3 th\u1ec3 b\u1ecb ph\u1ea1t ti\u1ec1n!<\/em><\/p>\n<p><\/div><\/p>","protected":false},"excerpt":{"rendered":"<p>Praha m\u1ed7i t\u1ed1i tr\u1edf n\u00ean s\u1ed1ng \u0111\u1ed9ng b\u1edfi v\u00f4 s\u1ed1 bu\u1ed5i h\u00f2a nh\u1ea1c v\u00e0 li\u00ean hoan. Praha l\u00e0 n\u01a1i h\u1ed9i t\u1ee5 c\u1ee7a nhi\u1ec1u ngh\u1ec7 s\u0129 v\u00e0 ban nh\u1ea1c n\u1ed5i ti\u1ebfng th\u1ebf gi\u1edbi \u0111\u1ebfn Praha. \u1ede \u0111\u00e2y c\u00f3 nhi\u1ec1u c\u00e2u l\u1ea1c&#8230;<\/p>\n<a class=\"more-block\" href=\"https:\/\/metropolevsech.eu\/vi\/praha\/472-2\/hudba\/\">\u0110\u1ecdc th\u00eam<\/a>","protected":false},"author":7,"featured_media":0,"parent":472,"menu_order":3,"comment_status":"closed","ping_status":"closed","template":"","meta":[],"acf":[],"_links":{"self":[{"href":"https:\/\/metropolevsech.eu\/vi\/wp-json\/wp\/v2\/pages\/504"}],"collection":[{"href":"https:\/\/metropolevsech.eu\/vi\/wp-json\/wp\/v2\/pages"}],"about":[{"href":"https:\/\/metropolevsech.eu\/vi\/wp-json\/wp\/v2\/types\/page"}],"author":[{"embeddable":true,"href":"https:\/\/metropolevsech.eu\/vi\/wp-json\/wp\/v2\/users\/7"}],"replies":[{"embeddable":true,"href":"https:\/\/metropolevsech.eu\/vi\/wp-json\/wp\/v2\/comments?post=504"}],"version-history":[{"count":4,"href":"https:\/\/metropolevsech.eu\/vi\/wp-json\/wp\/v2\/pages\/504\/revisions"}],"predecessor-version":[{"id":22953,"href":"https:\/\/metropolevsech.eu\/vi\/wp-json\/wp\/v2\/pages\/504\/revisions\/22953"}],"up":[{"embeddable":true,"href":"https:\/\/metropolevsech.eu\/vi\/wp-json\/wp\/v2\/pages\/472"}],"wp:attachment":[{"href":"https:\/\/metropolevsech.eu\/vi\/wp-json\/wp\/v2\/media?parent=504"}],"curies":[{"name":"wp","href":"https:\/\/api.w.org\/{rel}","templated":true}]}}