{"id":511,"date":"2016-12-18T19:09:46","date_gmt":"2016-12-18T18:09:46","guid":{"rendered":"https:\/\/metropolevsech.eu\/?page_id=511"},"modified":"2025-05-24T23:16:07","modified_gmt":"2025-05-24T21:16:07","slug":"volny-cas","status":"publish","type":"page","link":"https:\/\/metropolevsech.eu\/vi\/praha\/volny-cas\/","title":{"rendered":"C\u00e1c ho\u1ea1t \u0111\u1ed9ng kh\u00e1c d\u00e0nh cho tr\u1ebb em v\u00e0 ng\u01b0\u1eddi l\u1edbn"},"content":{"rendered":"<p><em>Trong ch\u01b0\u01a1ng n\u00e0y b\u1ea1n s\u1ebd bi\u1ebft chi ti\u1ebft v\u1ec1 nh\u1eefng h\u00ecnh th\u1ee9c vui ch\u01a1i gi\u1ea3i tr\u00ed \u1edf Praha d\u00e0nh cho b\u1ea1n l\u00e0 ng\u01b0\u1eddi l\u1edbn, ho\u1eb7c cho con b\u1ea1n. \u1ede \u0111\u00e2y c\u00f3 r\u1ea5t nhi\u1ec1u li\u00ean k\u1ebft b\u1ed5 \u00edch bao g\u1ed3m c\u00e1c l\u1eddi khuy\u00ean \u0111i ch\u01a1i d\u00e3 ngo\u1ea1i, ho\u1ea1t \u0111\u1ed9ng th\u1ec3 thao, kh\u00f3a gi\u1ea3i tr\u00ed v\u00e0 gi\u00e1o d\u1ee5c ho\u1eb7c tham gia c\u00e1c ho\u1ea1t \u0111\u1ed9ng t\u00ecnh nguy\u1ec7n. Ch\u00fang t\u00f4i gi\u1edbi thi\u1ec7u c\u1ea3 nh\u1eefng ho\u1ea1t \u0111\u1ed9ng gi\u1ea3i tr\u00ed mi\u1ec5n ph\u00ed \u1edf Praha. B\u1ea1n c\u00f3 th\u1ec3 kh\u00e1m ph\u00e1 nh\u1eefng \u0111\u1ecba \u0111i\u1ec3m kh\u00e1c nhau \u1edf Praha, l\u00e0m quen v\u1edbi b\u1ea1n m\u1edbi v\u00e0 ho\u00e0n to\u00e0n kh\u00f4ng m\u1ea5t ti\u1ec1n.<\/em><\/p>\n<p><em>N\u1ebfu b\u1ea1n c\u00f3 tr\u1ebb con, h\u00e3y \u0111\u1ecdc k\u1ef9 ch\u01b0\u01a1ng vi\u1ebft v\u1ec1 c\u00e1c h\u00ecnh th\u1ee9c vui ch\u01a1i gi\u1ea3i tr\u00ed cho tr\u1ebb em. \u1ede \u0111\u00e2y s\u1ebd c\u00f3 nh\u1eefng l\u1eddi khuy\u00ean cho tr\u1ebb em m\u1ea7m non, l\u1eabn thanh thi\u1ebfu ni\u00ean. Tr\u00ean trang web Praha th\u1ec3 thao c\u1ee7a T\u00f2a th\u1ecb ch\u00ednh th\u1ee7 \u0111\u00f4 Praha, b\u1ea1n s\u1ebd t\u00ecm th\u1ea5y nh\u1eefng th\u00f4ng tin v\u1ec1 nh\u1eefng \u0111i\u1ec1u ki\u1ec7n ch\u01a1i th\u1ec3 thao cho t\u1ea5t c\u1ea3 m\u1ecdi ng\u01b0\u1eddi. Trong ch\u01b0\u01a1ng n\u00e0y ch\u00fang t\u00f4i s\u1ebd gi\u1edbi thi\u1ec7u v\u1ec1 nh\u1eefng ho\u1ea1t \u0111\u1ed9ng th\u1ec3 thao m\u00e0 tr\u1ebb em c\u00f3 th\u1ec3 ch\u01a1i gi\u1ea3i tr\u00ed ho\u1eb7c t\u00edch c\u1ef1c theo \u0111u\u1ed5i. V\u00e0 Cung v\u0103n h\u00f3a tr\u1ebb em v\u00e0 thi\u1ebfu ni\u00ean do T\u00f2a th\u1ecb ch\u00ednh th\u1ee7 \u0111\u00f4 Praha th\u00e0nh l\u1eadp cung c\u1ea5p nhi\u1ec1u ho\u1ea1t \u0111\u1ed9ng phong ph\u00fa. Ch\u1eafc ch\u1eafn b\u1ea1n s\u1ebd t\u00ecm \u0111\u01b0\u1ee3c ho\u1ea1t \u0111\u1ed9ng th\u00edch h\u1ee3p cho con b\u1ea1n. V\u00e0 b\u1ea1n s\u1ebd \u0111\u01b0\u1ee3c l\u00e0m quen v\u1edbi truy\u1ec1n th\u1ed1ng S\u00e9c quan tr\u1ecdng \u0111\u01b0\u1ee3c g\u1ecdi l\u00e0 h\u01b0\u1edbng \u0111\u1ea1o.<\/em><\/p>\n<p><em>B\u1ea1n h\u00e3y ch\u1ecdn m\u1ed9t s\u1ed1 h\u00ecnh th\u1ee9c gi\u1ea3i tr\u00ed ch\u00fang t\u00f4i gi\u1edbi thi\u1ec7u v\u00e0 h\u00e3y t\u1eadn h\u01b0\u1edfng th\u1eddi gian r\u1ed7i c\u1ee7a m\u00ecnh! Kh\u00f4ng nh\u1eefng b\u1ea1n c\u00f3 th\u1ec3 ngh\u1ec9 ng\u01a1i m\u00e0 ho\u1ea1t \u0111\u1ed9ng gi\u1ea3i tr\u00ed c\u00f2n gi\u00fap b\u1ea1n l\u00e0m quen v\u1edbi b\u1ea1n m\u1edbi v\u00e0 gi\u00fap b\u1ea1n gi\u1ecfi ti\u1ebfng S\u00e9c h\u01a1n.<\/em><\/p>\n<ul class=\"bullet\">\n<li><a href=\"\/\/metropolevsech.eu\/vi\/praha\/volny-cas\/dospeli\/\">Ng\u01b0\u1eddi l\u1edbn<\/a><\/li>\n<li><a href=\"\/\/metropolevsech.eu\/vi\/praha\/volny-cas\/deti\/\">Tr\u1ebb em<\/a><\/li>\n<\/ul>\n<p><\/p>","protected":false},"excerpt":{"rendered":"<p>Trong ch\u01b0\u01a1ng n\u00e0y b\u1ea1n s\u1ebd bi\u1ebft chi ti\u1ebft v\u1ec1 nh\u1eefng h\u00ecnh th\u1ee9c vui ch\u01a1i gi\u1ea3i tr\u00ed \u1edf Praha d\u00e0nh cho b\u1ea1n l\u00e0 ng\u01b0\u1eddi l\u1edbn, ho\u1eb7c cho con b\u1ea1n. \u1ede \u0111\u00e2y c\u00f3 r\u1ea5t nhi\u1ec1u li\u00ean k\u1ebft b\u1ed5 \u00edch bao g\u1ed3m c\u00e1c&#8230;<\/p>\n<a class=\"more-block\" href=\"https:\/\/metropolevsech.eu\/vi\/praha\/volny-cas\/\">\u0110\u1ecdc th\u00eam<\/a>","protected":false},"author":7,"featured_media":9373,"parent":10,"menu_order":6,"comment_status":"closed","ping_status":"closed","template":"","meta":[],"acf":[],"_links":{"self":[{"href":"https:\/\/metropolevsech.eu\/vi\/wp-json\/wp\/v2\/pages\/511"}],"collection":[{"href":"https:\/\/metropolevsech.eu\/vi\/wp-json\/wp\/v2\/pages"}],"about":[{"href":"https:\/\/metropolevsech.eu\/vi\/wp-json\/wp\/v2\/types\/page"}],"author":[{"embeddable":true,"href":"https:\/\/metropolevsech.eu\/vi\/wp-json\/wp\/v2\/users\/7"}],"replies":[{"embeddable":true,"href":"https:\/\/metropolevsech.eu\/vi\/wp-json\/wp\/v2\/comments?post=511"}],"version-history":[{"count":6,"href":"https:\/\/metropolevsech.eu\/vi\/wp-json\/wp\/v2\/pages\/511\/revisions"}],"predecessor-version":[{"id":22929,"href":"https:\/\/metropolevsech.eu\/vi\/wp-json\/wp\/v2\/pages\/511\/revisions\/22929"}],"up":[{"embeddable":true,"href":"https:\/\/metropolevsech.eu\/vi\/wp-json\/wp\/v2\/pages\/10"}],"wp:featuredmedia":[{"embeddable":true,"href":"https:\/\/metropolevsech.eu\/vi\/wp-json\/wp\/v2\/media\/9373"}],"wp:attachment":[{"href":"https:\/\/metropolevsech.eu\/vi\/wp-json\/wp\/v2\/media?parent=511"}],"curies":[{"name":"wp","href":"https:\/\/api.w.org\/{rel}","templated":true}]}}