{"id":514,"date":"2016-12-18T19:26:48","date_gmt":"2016-12-18T18:26:48","guid":{"rendered":"https:\/\/metropolevsech.eu\/?page_id=514"},"modified":"2025-04-04T13:36:17","modified_gmt":"2025-04-04T11:36:17","slug":"dospeli","status":"publish","type":"page","link":"https:\/\/metropolevsech.eu\/vi\/praha\/volny-cas\/dospeli\/","title":{"rendered":"Ng\u01b0\u1eddi l\u1edbn"},"content":{"rendered":"<p><em>B\u1ea1n c\u00f3 th\u1eddi gian r\u1ea3nh r\u1ed7i v\u00e0 kh\u00f4ng mu\u1ed1n ng\u1ed3i nh\u00e0? Praha cung c\u1ea5p cho b\u1ea1n r\u1ea5t nhi\u1ec1u l\u1ef1a ch\u1ecdn \u0111a d\u1ea1ng \u0111\u1ec3 gi\u1ea3i tr\u00ed. M\u1ee5c n\u00e0y c\u00f3 th\u1ec3 s\u1ebd truy\u1ec1n c\u1ea3m h\u1ee9ng cho b\u1ea1n l\u00e0m g\u00ec v\u1edbi th\u1eddi gian r\u1ed7i.<\/em><\/p>\n<p>Th\u1eddi gian r\u1ed7i c\u00f3 th\u1ec3 c\u00f3 nhi\u1ec1u h\u00ecnh th\u1ee9c kh\u00e1c nhau. M\u1ed9t s\u1ed1 ng\u01b0\u1eddi s\u1ebd \u01b0u ti\u00ean d\u00e0nh ph\u1ea7n l\u1edbn th\u1eddi gian r\u1ed7i c\u1ee7a m\u00ecnh \u0111\u1ec3 \u1edf b\u00ean gia \u0111\u00ecnh ho\u1eb7c ng\u01b0\u1eddi y\u00eau c\u1ee7a m\u00ecnh. \u0110\u1ed1i v\u1edbi m\u1ed9t s\u1ed1 ng\u01b0\u1eddi kh\u00e1c \u0111\u00f3 l\u00e0 th\u1eddi gian \u0111\u1ec3 g\u1eb7p g\u1ee1 b\u1ea1n b\u00e8, l\u00e0m g\u00ec m\u00ecnh \u0111am m\u00ea, h\u1ecdc h\u1ecfi th\u00eam ki\u1ebfn th\u1ee9c v\u00e0 k\u1ef9 n\u0103ng, ngh\u1ec9 ng\u01a1i ho\u1eb7c l\u00e0m g\u00ec \u0111\u00f3 kh\u00e1c. Th\u00f4ng th\u01b0\u1eddng n\u00f3 l\u00e0 s\u1ef1 k\u1ebft h\u1ee3p c\u1ee7a nh\u1eefng h\u00ecnh th\u1ee9c gi\u1ea3i tr\u00ed n\u00eau tr\u00ean.<\/p>\n<p>Vai tr\u00f2 quan tr\u1ecdng c\u1ee7a gi\u1ea3i tr\u00ed l\u00e0 <strong>ngh\u1ec9 ng\u01a1i<\/strong>, nh\u1edd \u0111\u00f3 ta <strong>l\u1ea5y l\u1ea1i s\u1ee9c l\u1ef1c v\u00e0 n\u0103ng l\u1ef1c<\/strong> \u0111\u00e3 b\u1ecf ra \u0111\u1ec3 l\u00e0m vi\u1ec7c ho\u1eb7c nh\u1eefng nhi\u1ec7m v\u1ee5 c\u1ee7a m\u00ecnh. T\u1eeb m\u1eb7t t\u00e2m l\u00fd \u0111\u00f3 l\u00e0 m\u1ed9t kh\u00eda c\u1ea1nh quan tr\u1ecdng c\u1ee7a l\u1ed1i s\u1ed1ng l\u00e0nh m\u1ea1nh. Khi kh\u00f4ng ngh\u1ec9 ng\u01a1i \u0111\u1ee7, ch\u00fang ta c\u00f3 nguy c\u01a1 b\u1ecb qu\u00e1 t\u1ea3i c\u1ea3 th\u1ec3 ch\u1ea5t l\u1eabn t\u00e2m h\u1ed3n. H\u1eadu qu\u1ea3 c\u1ee7a n\u00f3 l\u00e0 ch\u00fang ta d\u1ec5 b\u1ecb h\u1ed9i ch\u1ee9ng m\u1ec7t m\u1ecfi l\u00e2u d\u00e0i, b\u1ecb \u1ed1m \u0111au, m\u1ea5t n\u0103ng l\u01b0\u1ee3ng v\u00e0 \u0111\u1ed9ng l\u1ef1c s\u1ed1ng.<\/p>\n<p>Gi\u1ea3i tr\u00ed c\u00f3 <strong>t\u00e1c \u0111\u1ed9ng<\/strong> m\u1ea1nh \u0111\u1ebfn vi\u1ec7c <strong>gi\u1ea3i t\u1ecfa t\u00e2m l\u00fd<\/strong> v\u00e0 \u0111\u1ed3ng th\u1eddi cho ta c\u01a1 h\u1ed9i \u0111\u1ec3 ph\u00e1t tri\u1ec3n c\u00e1 nh\u00e2n, h\u1ecdc \u0111i\u1ec1u m\u1edbi, ph\u00e1t tri\u1ec3n kh\u1ea3 n\u0103ng v\u00e0 k\u1ef9 n\u0103ng, t\u00ecm ki\u1ebfm c\u01a1 h\u1ed9i m\u1edbi. Trong th\u1eddi gian r\u1ed7i, ch\u00fang ta c\u00f3 c\u01a1 h\u1ed9i g\u1eb7p g\u1ee1 ng\u01b0\u1eddi m\u1edbi v\u00e0 k\u1ebft b\u1ea1n. C\u00e1c ho\u1ea1t \u0111\u1ed9ng gi\u1ea3i tr\u00ed quan tr\u1ecdng \u0111\u1ed1i v\u1edbi ng\u01b0\u1eddi l\u1edbn l\u1eabn tr\u1ebb em.<\/p>\n<p>C\u00e1c ho\u1ea1t \u0111\u1ed9ng gi\u1ea3i tr\u00ed s\u1ebd gi\u00fap b\u1ea1n h\u1ecdc ti\u1ebfng S\u00e9c t\u1ed1t. Giao ti\u1ebfp v\u1edbi nh\u1eefng ng\u01b0\u1eddi b\u1ea1n g\u1eb7p ngo\u00e0i c\u01a1 quan s\u1ebd gi\u00fap b\u1ea1n h\u1ecdc ti\u1ebfng S\u00e9c t\u1ed1t v\u00e0 nhanh h\u01a1n. Th\u1eddi gian r\u1ed7i c\u1ee7a m\u00ecnh b\u1ea1n c\u00f3 th\u1ec3 d\u00f9ng \u0111\u1ec3 n\u00f3i chuy\u1ec7n v\u1edbi ng\u01b0\u1eddi b\u1ea3n x\u1ee9 \u0111\u1ec3 t\u0103ng c\u01b0\u1eddng k\u1ef9 n\u0103ng ngo\u1ea1i ng\u1eef c\u1ee7a m\u00ecnh. Nhi\u1ec1u khi b\u1ea1n s\u1ebd bi\u1ebft th\u00eam \u0111\u01b0\u1ee3c nh\u1eefng th\u00f4ng tin quan tr\u1ecdng c\u00f3 th\u1ec3 c\u00f3 \u00edch cho b\u1ea1n.<\/p>\n<p>C\u00f3 nhi\u1ec1u c\u00e1ch gi\u1ea3i tr\u00ed. Trong c\u00e1c ch\u01b0\u01a1ng sau, ch\u00fang t\u00f4i s\u1ebd gi\u1edbi thi\u1ec7u v\u1ec1 nh\u1eefng h\u00ecnh th\u1ee9c gi\u1ea3i tr\u00ed ph\u1ed5 bi\u1ebfn nh\u1ea5t.<\/p>\n<ul class=\"bullet\">\n<li><a href=\"#Vyra\u017ete za kulturou\">H\u00e3y \u0111i xem v\u0103n ngh\u1ec7<\/a><\/li>\n<li><a href=\"#Pozn\u00e1vejte nov\u00e1 m\u00edsta\">H\u00e3y \u0111\u1ebfn \u0111\u1ecba \u0111i\u1ec3m m\u1edbi<\/a><\/li>\n<li><a href=\"#Poznejte Prahu na kole\">Kh\u00e1m ph\u00e1 Praha tr\u00ean xe \u0111\u1ea1p<\/a><\/li>\n<li><a href=\"#Pra\u017esk\u00e9 parky\">C\u00e1c c\u00f4ng vi\u00ean v\u00e0 khu v\u01b0\u1eddn \u1edf Praha<\/a><\/li>\n<li><a href=\"#Nau\u010dn\u00e9 stezky\">C\u00e1c con \u0111\u01b0\u1eddng gi\u00e1o d\u1ee5c<\/a><\/li>\n<li><a href=\"#V\u00fdlety\">\u0110i ch\u01a1i d\u00e3 ngo\u1ea1i<\/a><\/li>\n<li><a href=\"#Co je v Praze zadarmo?\">C\u00e1i g\u00ec \u1edf Praha mi\u1ec5n ph\u00ed?<\/a><\/li>\n<li><a href=\"#Sport\">Th\u1ec3 thao<\/a><\/li>\n<li><a href=\"#Dobrovolnick\u00e9 aktivity\">C\u00e1c ho\u1ea1t \u0111\u1ed9ng t\u00ecnh nguy\u1ec7n<\/a><\/li>\n<li><a href=\"#Kurzy a vzd\u011bl\u00e1v\u00e1n\u00ed\">C\u00e1c kh\u00f3a gi\u1ea3i tr\u00ed v\u00e0 gi\u00e1o d\u1ee5c<\/a><\/li>\n<\/ul>\n<div class=\"box-ok\"><br \/>\n<em>B\u1ea1n c\u00f3 th\u1ec3 b\u1eaft \u0111\u1ea7u ngu\u1ed3n c\u1ea3m h\u1ee9ng tr\u00ean <a target=\"_blank\" href=\"https:\/\/praha.eu\/co-delat-v-praze\" rel=\"noopener\">trang web ch\u00ednh th\u1ee9c c\u1ee7a th\u1ee7 \u0111\u00f4 Praha<\/a>, n\u01a1i c\u00e1c th\u00f4ng tin v\u1ec1 nh\u1eefng s\u1ef1 ki\u1ec7n th\u00fa v\u1ecb di\u1ec5n ra \u1edf c\u00e1c ph\u01b0\u1eddng li\u00ean t\u1ee5c \u0111\u01b0\u1ee3c c\u1eadp nh\u1eadt.<\/em><br \/>\n<\/div>\n<p>&nbsp;<\/p>\n<h3>H\u00e3y \u0111i xem v\u0103n ngh\u1ec7<\/h3>\n<p>Praha l\u00e0 th\u00e0nh ph\u1ed1 c\u00f3 \u0111\u1eddi s\u1ed1ng v\u0103n h\u00f3a phong ph\u00fa v\u00e0 kh\u00f4ng gian \u0111\u1ec3 ngh\u1ec7 s\u0129 S\u00e9c v\u00e0 n\u01b0\u1edbc ngo\u00e0i g\u1eb7p nhau (nh\u1ea1c s\u0129, v\u0169 c\u00f4ng, h\u1ecda s\u0129, nhi\u1ebfp \u1ea3nh gia, ngh\u1ec7 s\u0129 s\u00e2n kh\u1ea5u v.v..). H\u00e0ng ngay \u1edf \u0111\u00e2y di\u1ec5n ra h\u00e0ng tr\u0103m s\u1ef1 ki\u1ec7n v\u0103n h\u00f3a (h\u00f2a nh\u1ea1c, tri\u1ec3n l\u00e3m, nh\u00e0 h\u00e1t, r\u1ea1p phim). H\u00e3y ch\u1ecdn l\u0129nh v\u1ef1c b\u1ea1n quan t\u00e2m v\u00e0 nh\u00ecn th\u1ebf gi\u1edbi qua con m\u1eaft c\u1ee7a ngh\u1ec7 s\u0129. Xem th\u00eam v\u1ec1 v\u0103n h\u00f3a \u1edf Praha \u1edf m\u1ee5c V\u0103n h\u00f3a \u1edf Praha t\u1ea1i ch\u01b0\u01a1ng <a href=\"\/\/metropolevsech.eu\/vi\/praha\/472-2\/\">Kultura v Praze<\/a>.<\/p>\n<p>&nbsp;<\/p>\n<h3>H\u00e3y \u0111\u1ebfn \u0111\u1ecba \u0111i\u1ec3m m\u1edbi<\/h3>\n<p>N\u1ebfu b\u1ea1n c\u00f3 bu\u1ed5i chi\u1ec1u r\u1ed7i, h\u00e3y \u0111\u1ebfn m\u1ed9t ch\u1ed7 b\u1ea1n ch\u01b0a \u0111\u1ebfn bao gi\u1edd. \u1ede Praha b\u1ea1n s\u1ebd t\u00ecm th\u1ea5y nhi\u1ec1u \u0111\u1ecba \u0111i\u1ec3m th\u00fa v\u1ecb. S\u1ebd kh\u00f4ng l\u00e3ng ph\u00ed n\u1ebfu b\u1ea1n \u0111i th\u0103m nh\u1eefng \u0111\u1ecba \u0111i\u1ec3m du l\u1ecbch h\u1ea5p d\u1eabn (L\u00e2u \u0111\u00e0i Praha, c\u1ea7u S\u00e1c-l\u01a1, Vy\u0161ehrad), tuy v\u1eady Praha c\u00f3 nhi\u1ec1u h\u01a1n th\u1ebf. Praha c\u00f3 th\u1ec3 g\u00e2y b\u1ea5t ng\u1edd ngay c\u1ea3 cho nh\u1eefng c\u01b0 d\u00e2n s\u1ed1ng l\u00e2u n\u0103m.<\/p>\n<h4>Cung thi\u00ean v\u0103n Praha (<b>Planet\u00e1rium Praha<\/b>)<\/h4>\n<p>\u0110\u00e0i thi\u00ean v\u0103n v\u00e0 cung thi\u00ean v\u0103n \u2013 kh\u00f4ng ph\u1ea3i l\u00e0 m\u1ed9t! T\u1ea1i \u0111\u00e0i thi\u00ean v\u0103n b\u1ea1n c\u00f3 th\u1ec3 quan s\u00e1t b\u1ea7u tr\u1eddi th\u1eadt s\u1ef1 s\u1eed d\u1ee5ng k\u00ednh thi\u00ean v\u0103n. T\u1ea1i cung thi\u00ean v\u0103n, nh\u1eefng v\u00ec sao \u0111\u01b0\u1ee3c chi\u1ebfu l\u00ean tr\u1ea7n nh\u00e0 tr\u00ean \u0111\u1ea7u kh\u00e1n gi\u1ea3 b\u1eb1ng m\u00e1y chi\u1ebfu \u0111\u01b0\u1ee3c g\u1ecdi l\u00e0 planetarium. V\u00e0 cung thi\u00ean v\u0103n Praha v\u1edbi \u0111\u01b0\u1eddng k\u00ednh v\u00f2m chi\u1ebfu 23 m v\u00e0 di\u1ec7n t\u00edch tr\u00ecnh chi\u1ebfu 843 m2 thu\u1ed9c l\u00e0 m\u1ed9t trong nh\u1eefng cung thi\u00ean v\u0103n l\u1edbn nh\u1ea5t th\u1ebf gi\u1edbi. C\u00e1c h\u1ec7 th\u1ed1ng c\u01a1 quang h\u1ecdc v\u00e0 k\u1ef9 thu\u1eadt s\u1ed1 \u0111\u01b0\u1ee3c c\u00e0i \u0111\u1eb7t c\u00f3 th\u1ec3 t\u1ea1o n\u00ean m\u1ed9t h\u00ecnh \u1ea3nh v\u0169 tr\u1ee5 ho\u00e0n h\u1ea3o.<\/p>\n<p>T\u00ecm hi\u1ec3u th\u00eam tr\u00ean <a href=\"\/\/www.prague.eu\/cs\/objekt\/mista\/392\/planetarium-praha\">c\u1ed5ng \u0111i\u1ec7n t\u1eed du l\u1ecbch ch\u00ednh th\u1ee9c c\u1ee7a Praha Prague.eu<\/a>.<\/p>\n<h4>\u0110\u00e0i thi\u00ean v\u0103n \u0160tef\u00e1nik (<b>\u0160tef\u00e1nikova hv\u011bzd\u00e1rna<\/b>)<\/h4>\n<p>\u0110\u00e0i thi\u00ean v\u0103n \u0160tef\u00e1nik xu\u1ea5t hi\u1ec7n trong khu v\u01b0\u1eddn Pet\u0159\u00edn t\u1eeb n\u0103m 1928. \u0110\u00e0i thi\u00ean v\u0103n c\u00f3 h\u00ecnh d\u00e1ng hi\u1ec7n t\u1ea1i t\u1eeb l\u1ea7n s\u1eeda ch\u1eefa l\u1edbn v\u00e0o gi\u1eefa th\u1eadp ni\u00ean 1980. \u0110i\u1ec1u th\u00fa v\u1ecb nh\u1ea5t m\u00e0 \u0111\u00e0i thi\u00ean v\u0103n c\u00f3 th\u1ec3 cung c\u1ea5p ch\u1eafc ch\u1eafn l\u00e0 vi\u1ec7c quan s\u00e1t b\u1ea7u tr\u1eddi ng\u00e0y v\u00e0 \u0111\u00eam d\u00e0nh cho m\u1ecdi ng\u01b0\u1eddi, tri\u1ec3n l\u00e3m thi\u00ean v\u0103n c\u1ed1 \u0111\u1ecbnh v\u00e0 tham quan c\u00e1c thi\u1ebft b\u1ecb c\u1ee7a \u0111\u00e0i thi\u00ean v\u0103n.<\/p>\n<p>T\u00ecm hi\u1ec3u th\u00eam tr\u00ean <a href=\"https:\/\/prague.eu\/cs\/objevujte\/planetum-stefanikova-hvezdarna\/\">c\u1ed5ng \u0111i\u1ec7n t\u1eed du l\u1ecbch ch\u00ednh th\u1ee9c c\u1ee7a Praha Prague.eu<\/a>.<\/p>\n<div class=\"box-ok\"><br \/>\n<em>H\u00e3y <a href=\"\/\/www.kudyznudy.cz\/Aktivity-a-akce\/Aktivity\/Vydejte-se-na-vylet-na-Zavist-za-nejvetsim-a-nejzn.aspx\">\u0111i ch\u01a1i \u0111\u1ebfn t\u00f2a th\u00e0nh Celt l\u1edbn nh\u1ea5t n\u1ed5i ti\u1ebfng \u1edf Bohemia v\u00e0 Trung \u00c2u<\/a>. T\u00f2a th\u00e0nh n\u1eb1m tr\u00ean \u0111\u1ec9nh \u0111\u1ed3i <\/em><em>Z\u00e1vist <\/em><em>\u1edf ph\u01b0\u1eddng <\/em><em>Zbraslav.<\/em><br \/>\n<\/div>\n<div class=\"box-ok\"><br \/>\n<em>H\u00e3y tham gia chuy\u1ebfn \u0111i ch\u01a1i \u0111\u1ebfn nh\u1eefng g\u00f3c Praha \u00edt \u0111\u01b0\u1ee3c bi\u1ebft \u0111\u1ebfn c\u00f9ng v\u1edbi Prague City Tourism. L\u1ecbch c\u00e1c bu\u1ed5i \u0111i ch\u01a1i hi\u1ec3u bi\u1ebft th\u00eam v\u1ec1 \u0111\u1ea5t n\u01b0\u1edbc n\u1eb1m <a href=\"\/\/www.praguecitytourism.cz\/cs\/nase-cinnost\/prazska-vlastiveda\">t\u1ea1i \u0111\u00e2y<\/a>.<\/em><br \/>\n<\/div>\n<p>&nbsp;<\/p>\n<h3>Kh\u00e1m ph\u00e1 Praha b\u1eb1ng xe \u0111\u1ea1p<\/h3>\n<p>T\u1ea1i Praha c\u00f3 h\u01a1n 400 km \u0111\u01b0\u1eddng \u0111\u01b0\u1eddng d\u00e0nh cho xe \u0111\u1ea1p \u0111\u01b0\u1ee3c \u0111\u00e1nh d\u1ea5u. B\u1ea1n h\u00e3y \u0111i ch\u01a1i b\u1eb1ng xe \u0111\u1ea1p (v\u00ed d\u1ee5 \u0111i d\u1ecdc s\u00f4ng Vltava t\u1eeb trung t\u00e2m \u0111\u1ebfn t\u1eadn Zbraslav). B\u1ea3n \u0111\u1ed3 c\u1ee7a t\u1ea5t c\u1ea3 c\u00e1c \u0111\u01b0\u1eddng d\u00e0nh cho xe \u0111\u1ea1p c\u1ee7a Praha v\u00e0 nhi\u1ec1u th\u00f4ng tin thi\u1ebft th\u1ef1c d\u00e0nh cho ng\u01b0\u1eddi \u0111i xe \u0111\u1ea1p c\u00f3 th\u1ec3 t\u00ecm th\u1ea5y tr\u00ean trang web <a href=\"\/\/prahounakole.cz\/\">Praha tr\u00ean xe \u0111\u1ea1p<\/a>.<\/p>\n<p>&nbsp;<\/p>\n<h3>C\u00e1c c\u00f4ng vi\u00ean v\u00e0 khu v\u01b0\u1eddn \u1edf Praha<\/h3>\n<p>Ai c\u0169ng c\u00f3 l\u00fac c\u1ea7n tho\u00e1t kh\u1ecfi ph\u1ed1 x\u00e1 t\u1ea5p n\u1eadp v\u00e0 t\u00ecm m\u1ed9t ch\u1ed7 y\u00ean t\u0129nh. \u1ede Praha c\u00f3 m\u1ed9t s\u1ed1 l\u01b0\u1ee3ng l\u1edbn c\u00e1c c\u00f4ng vi\u00ean to nh\u1ecf, c\u00e1c khu v\u1ef1c r\u1eebng v\u00e0 v\u01b0\u1eddn, n\u01a1i t\u00e2m h\u1ed3n c\u1ee7a b\u1ea1n th\u01b0 gi\u00e3n tuy\u1ec7t v\u1eddi. Danh s\u00e1ch c\u00e1c khu v\u1ef1c xanh b\u1ea1n c\u00f3 th\u1ec3 t\u00ecm th\u1ea5y tr\u00ean trang web <a href=\"https:\/\/prague.eu\/cs\/objevujte-kategorie\/parky-a-zahrady\/?pg=1\">Prague.eu<\/a>.<\/p>\n<h4>V\u01b0\u1eddn b\u00e1ch th\u1ea3o th\u1ee7 \u0111\u00f4 Praha (<b>Botanick\u00e1 zahrada hl. m. Prahy<\/b>)<br \/>\nNh\u00e0 k\u00ednh Fata Morgana (S<b>klen\u00edk Fata Morgana<\/b>)<\/h4>\n<p>Khu v\u01b0\u1eddn c\u00f3 g\u1ea7n 30 h\u00e9c-ta c\u00e1c khu tri\u1ec3n l\u00e3m bao g\u1ed3m c\u1ea3 v\u01b0\u1eddn nho c\u1ed5 Th\u00e1nh Kl\u00e1ra, v\u01b0\u1eddn thi\u1ec1n Nh\u1eadt B\u1ea3n v\u00e0 nh\u00e0 k\u00ednh nhi\u1ec7t \u0111\u1edbi \u0111\u1ed9c nh\u1ea5t v\u00f4 nh\u1ecb Fata Morgana. Nh\u00e0 k\u00ednh n\u00e0y d\u00e0i 130 m, \u0111\u01b0\u1ee3c chia th\u00e0nh ba ph\u1ea7n \u0111\u1ed9c l\u1eadp c\u00f3 nhi\u1ec7t \u0111\u1ed9 v\u00e0 \u0111\u1ed9 \u1ea9m kh\u00f4ng kh\u00ed kh\u00e1c nhau, mang \u0111\u1ebfn cho b\u1ea1n m\u1ed9t chuy\u1ebfn \u0111i ch\u01a1i trong thi\u00ean nhi\u00ean nhi\u1ec7t \u0111\u1edbi v\u00e0o b\u1ea5t k\u1ef3 m\u00f9a n\u00e0o trong n\u0103m.<\/p>\n<p>T\u00ecm hi\u1ec3u th\u00eam tr\u00ean <a href=\"\/\/www.prague.eu\/cs\/objekt\/mista\/577\/botanicka-zahrada-hl-m-prahy-sklenik-fata-morgana\">c\u1ed5ng \u0111i\u1ec7n t\u1eed du l\u1ecbch ch\u00ednh th\u1ee9c c\u1ee7a Praha Prague.eu<\/a>.<\/p>\n<h4>V\u01b0\u1eddn b\u00e1ch th\u00fa th\u1ee7 \u0111\u00f4 Praha (Zoologick\u00e1 zahrada hl. m. Prahy)<\/h4>\n<p>Nh\u1edd c\u00f3 v\u1ecb tr\u00ed \u0111\u1ed9c \u0111\u00e1o, V\u01b0\u1eddn th\u00fa Praha l\u00e0 m\u1ed9t trong nh\u1eefng v\u01b0\u1eddn b\u00e1ch th\u00fa \u0111\u1eb9p nh\u1ea5t tr\u00ean th\u1ebf gi\u1edbi. \u0110\u1ecba h\u00ecnh g\u1ed3 gh\u1ec1 c\u1ee7a n\u00f3 cho b\u1ea1n c\u00f3 th\u1ec3 \u0111i b\u1ed9 t\u1eadn 10 km ng\u1eafm v\u1ebb \u0111\u1eb9p ngo\u1ea1i lai t\u1eeb Ng\u00f4i nh\u00e0 ch\u00e2u Phi, R\u1eebng nhi\u1ec7t \u0111\u1edbi Indonesia ho\u1eb7c Thung l\u0169ng voi. M\u1ed9t g\u00f3c thi\u00ean nhi\u00ean tuy\u1ec7t v\u1eddi n\u00e0y l\u00e0 \u0111i\u1ec3m \u0111\u1ebfn ch\u01a1i y\u00eau th\u00edch kh\u00f4ng ch\u1ec9 ri\u00eang \u0111\u1ed1i v\u1edbi nh\u1eefng gia \u0111\u00ecnh c\u00f3 con nh\u1ecf. T\u1ea1i v\u01b0\u1eddn b\u00e1ch th\u00fa thi\u1ebfu nhi \u0111\u1eb7c bi\u1ec7t, tr\u1ebb em c\u00f3 th\u1ec3 vu\u1ed1t ve ho\u1eb7c cho th\u00fa nu\u00f4i \u0103n.<\/p>\n<p>T\u00ecm hi\u1ec3u th\u00eam tr\u00ean <a href=\"\/\/www.prague.eu\/cs\/objekt\/mista\/591\/zoologicka-zahrada-hl-m-prahy\">c\u1ed5ng \u0111i\u1ec7n t\u1eed du l\u1ecbch ch\u00ednh th\u1ee9c c\u1ee7a Praha Prague.eu<\/a>.<\/p>\n<div class=\"box-ok\"><br \/>\n<em>H\u00e3y \u0111i ch\u01a1i \u0111\u1ebfn <a target=\"_blank\" href=\"\/\/www.hrad.cz\/cs\/prazsky-hrad-pro-navstevniky\/zahrady\/jeleni-prikop-10251\" rel=\"noopener\">Jelen\u00ed p\u0159\u00edkop<\/a> \u1edf ngay g\u1ea7n L\u00e2u \u0111\u00e0i Praha.<\/em><br \/>\n<\/div>\n<p>&nbsp;<\/p>\n<h3>C\u00e1c con \u0111\u01b0\u1eddng gi\u00e1o d\u1ee5c<\/h3>\n<p>M\u1ed9t s\u1ed1 c\u00e1c \u0111\u1ecba \u0111i\u1ec3m th\u00fa v\u1ecb \u1edf Praha \u0111\u01b0\u1ee3c k\u1ebft n\u1ed1i v\u1edbi nhau b\u1eb1ng nh\u1eefng con \u0111\u01b0\u1eddng \u0111i d\u1ea1o c\u00f3 t\u00ednh ch\u1ea5t gi\u00e1o d\u1ee5c. \u0110\u00e2y l\u00e0 nh\u1eefng tuy\u1ebfn \u0111\u01b0\u1eddng theo ch\u1ee7 \u0111\u1ec1 \u0111\u00e3 \u0111\u01b0\u1ee3c so\u1ea1n. M\u1ee5c \u0111\u00edch c\u1ee7a ch\u00fang \u0111\u1ec3 cung c\u1ea5p th\u00f4ng tin v\u1ec1 nh\u1eefng ch\u1ee7 \u0111\u1ec1 nh\u1ea5t \u0111\u1ecbnh (v\u00ed d\u1ee5 th\u1ec3 thao, l\u1ecbch s\u1eed \u0111\u1ecba l\u00fd d\u00e2n t\u1ed9c, \u0111\u1ecba ch\u1ea5t, b\u1ea3o v\u1ec7 thi\u00ean nhi\u00ean v.v..). \u0110\u1ee9ng d\u1ecdc li\u00eap ti\u1ebfp tr\u00ean nh\u1eefng con \u0111\u01b0\u1eddng gi\u00e1o d\u1ee5c l\u00e0 c\u00e1c b\u1ea3ng th\u00f4ng tin v\u1edbi l\u1eddi gi\u1ea3i th\u00edch, h\u00ecnh \u1ea3nh, s\u01a1 \u0111\u1ed3 v.v.. Tuy\u1ec3n ch\u1ecdn c\u00e1c con \u0111\u01b0\u1eddng gi\u00e1o d\u1ee5c \u1edf Praha c\u00f3 th\u1ec3 t\u00ecm \u1edf nh\u1eefng trang web n\u00e0y:<\/p>\n<ul class=\"bullet-links\">\n<li><a href=\"\/\/www.stezky.info\/ns\/naucnestezky\/naucne-stezky-praha\">C\u00e1c con \u0111\u01b0\u1eddng gi\u00e1o d\u1ee5c tr\u00ean trang Stezky.info<\/a><a href=\"\/\/www.prazskestezky.cz\/\"><\/a><\/li>\n<\/ul>\n<div class=\"box-ok\"><br \/>\n<em>H\u00e3y \u0111i ch\u01a1i \u0111\u1ebfn thung l\u0169ng <\/em><a href=\"\/\/www.praha-priroda.cz\/naucne-stezky\/roztocky-haj-tiche-udoli\/\"><em>\u00dan\u011btick<\/em><em>\u00fd<\/em><\/a><em> potok.<\/em><br \/>\n<\/div>\n<p>&nbsp;<\/p>\n<h3>\u0110i ch\u01a1i d\u00e3 ngo\u1ea1i<\/h3>\n<p>N\u1ebfu b\u1ea1n c\u00f3 nhi\u1ec1u th\u1eddi gian h\u01a1n, h\u00e3y \u0111i ch\u01a1i ra ngo\u00e0i Praha. Nh\u1edd h\u1ec7 th\u1ed1ng Giao th\u00f4ng t\u00edch h\u1ee3p Praha (PID) ch\u1ec9 trong th\u1eddi gian ng\u1eafn b\u1ea1n c\u00f3 th\u1ec3 di chuy\u1ec3n t\u1eeb trung t\u00e2m th\u00e0nh ph\u1ed1 \u0111\u1ebfn v\u00f9ng thi\u00ean nhi\u00ean l\u00e2n c\u1eadn ho\u1eb7c \u0111\u1ebfn l\u00e0ng m\u1ea1c, th\u1ecb tr\u1ea5n th\u00fa v\u1ecb xung quanh Praha. B\u1ea1n c\u0169ng c\u00f3 th\u1ec3 quay tr\u1edf l\u1ea1i \u0111\u01a1n gi\u1ea3n nh\u01b0 th\u1ebf.<\/p>\n<div class=\"box-ok\"><br \/>\n<em>H\u00e3y \u0111i xem <a target=\"_blank\" href=\"https:\/\/www.okor.cz\/\" rel=\"noopener\">di t\u00edch t\u00f2a th\u00e0nh <\/a><\/em><em>Oko\u0159<\/em><em> t\u1eebng l\u00e0 ph\u00e1o \u0111\u00e0i kh\u00f4ng th\u1ec3 ti\u1ebfp c\u1eadn \u0111\u01b0\u1ee3c trong qu\u00e1 kh\u1ee9<\/em><em>.<\/em><br \/>\n<\/div>\n<p>&nbsp;<\/p>\n<h3>C\u00e1i g\u00ec \u1edf Praha mi\u1ec5n ph\u00ed?<\/h3>\n<p>C\u00f3 nhi\u1ec1u \u0111\u1ecba \u0111i\u1ec3m \u00fd ngh\u0129a th\u00fa v\u1ecb, b\u1ea3o t\u00e0ng, di t\u00edch, tri\u1ec3n l\u00e3m v.v.. cho v\u00e0o c\u1eeda mi\u1ec5n ph\u00ed. S\u1ebd l\u00e0 \u0111\u00e1ng ti\u1ebfc n\u1ebfu kh\u00f4ng t\u1eadn d\u1ee5ng \u0111i\u1ec1u \u0111\u00f3. Danh s\u00e1ch nh\u1eefng ch\u1ed7 v\u00e0o c\u1eeda mi\u1ec5n ph\u00ed tr\u00ean trang web:<\/p>\n<ul class=\"bullet-links\">\n<li><a href=\"\/\/www.kamvpraze.info\/zdarma.htm\">\u0110i \u0111\u00e2u ch\u01a1i trong Praha<\/a><\/li>\n<li>Trang Facebook <a href=\"\/\/www.facebook.com\/PrahaZdarma\">\u0110i \u0111\u00e2u mi\u1ec5n ph\u00ed trong Praha<\/a><\/li>\n<\/ul>\n<p>&nbsp;<\/p>\n<h3>Th\u1ec3 thao<\/h3>\n<p>Th\u1ec3 thao l\u00e0 m\u1ed9t trong nh\u1eefng ho\u1ea1t \u0111\u1ed9ng gi\u1ea3i tr\u00ed y\u00eau th\u00edch nh\u1ea5t \u1edf h\u00ecnh th\u1ee9c th\u1ee5 \u0111\u1ed9ng (kh\u00e1n gi\u1ea3), l\u1eabn h\u00ecnh th\u1ee9c ch\u1ee7 \u0111\u1ed9ng. Ch\u1eafc kh\u00f4ng c\u1ea7n vi\u1ebft qu\u00e1 nhi\u1ec1u v\u1ec1 vi\u1ec7c theo d\u00f5i c\u00e1c ch\u01b0\u01a1ng tr\u00ecnh th\u1ec3 thao. Tuy nhi\u00ean n\u1ebfu b\u1ea1n th\u00edch ch\u01a1i th\u1ec3 thao, \u1edf Praha b\u1ea1n c\u00f3 h\u00e0ng tr\u0103m c\u01a1 h\u1ed9i v\u1eadn \u0111\u1ed9ng v\u00e0 th\u1ec3 d\u1ee5c. Cho d\u00f9 b\u1ea1n th\u00edch ch\u1ea1y, ch\u01a1i tennis, leo t\u01b0\u1eddng, l\u1eb7n, b\u1eafn cung, v\u00f5 thu\u1eadt hay b\u1ea5t k\u1ef3 m\u00f4n th\u1ec3 thao n\u00e0o kh\u00e1c, ch\u1eafc b\u1ea1n s\u1ebd t\u00ecm \u0111\u01b0\u1ee3c \u1edf Praha m\u1ed9t ch\u1ed7 th\u00edch h\u1ee3p \u0111\u1ec3 ch\u01a1i m\u00f4n th\u1ec3 thao \u0111\u00f3.<\/p>\n<ul class=\"bullet-links\">\n<li><a href=\"\/\/www.prahavolnocasova.cz\/jnp\/\">Praha gi\u1ea3i tr\u00ed<\/a><\/li>\n<li><a href=\"\/\/www.kudyznudy.cz\/\">Kudy z nudy (\u0110i \u0111\u00e2u gi\u1ea3i tr\u00ed)<\/a><\/li>\n<\/ul>\n<p>&nbsp;<\/p>\n<h3>C\u00e1c ho\u1ea1t \u0111\u1ed9ng t\u00ecnh nguy\u1ec7n<\/h3>\n<p>N\u1ebfu b\u1ea1n mu\u1ed1n l\u00e0m g\u00ec \u0111\u00f3 c\u00f3 \u00edch cho ng\u01b0\u1eddi xung quanh trong th\u1eddi gian r\u1ea3nh r\u1ed7i c\u1ee7a m\u00ecnh, h\u00e3y th\u1eed m\u1ed9t trong c\u00e1c s\u1ed1 ho\u1ea1t \u0111\u1ed9ng t\u00ecnh nguy\u1ec7n. T\u00ecnh nguy\u1ec7n trong th\u1eddi gian g\u1ea7n \u0111\u00e2y c\u00e0ng ng\u00e0y c\u00e0ng \u0111\u01b0\u1ee3c t\u00ecm \u0111\u1ebfn nhi\u1ec1u h\u01a1n nh\u01b0 m\u1ed9t c\u00e1ch d\u00f9ng th\u1eddi gian r\u1ed7i c\u1ee7a m\u00ecnh cho ho\u1ea1t \u0111\u1ed9ng c\u00f4ng \u00edch. B\u1ea1n c\u00f3 th\u1ec3 l\u00e0m ho\u1ea1t \u0111\u1ed9ng t\u00ecnh nguy\u1ec7n m\u1ed9t l\u1ea7n ho\u1eb7c l\u00e2u d\u00e0i. C\u00e1c t\u1ed5 ch\u1ee9c t\u00ecnh nguy\u1ec7n cung c\u1ea5p m\u1ed9t lo\u1ea1t c\u00e1c l\u1ef1a ch\u1ecdn \u0111a d\u1ea1ng t\u1eeb gi\u00fap \u0111\u1ee1 trong b\u1ec7nh vi\u1ec7n, gia s\u01b0, c\u1ea3i thi\u1ec7n kh\u00f4ng gian c\u00f4ng c\u1ed9ng, ch\u0103m s\u00f3c thi\u00ean nhi\u00ean, gi\u00fap \u0111\u1ee1 c\u00e1c t\u1ed5 ch\u1ee9c phi l\u1ee3i nhu\u1eadn khi t\u1ed5 ch\u1ee9c nh\u1eefng d\u1ef1 \u00e1n th\u00fa v\u1ecb v\u00e0 nhi\u1ec1u ho\u1ea1t \u0111\u1ed9ng kh\u00e1c.<\/p>\n<p>H\u00e3y v\u00e0o c\u1ed5ng \u0111i\u1ec7n t\u1eed <a href=\"\/\/www.dobrovolnik.cz\/\">www.dobrovolnik.cz<\/a> \u0111\u1ec3 bi\u1ebft th\u00f4ng tin chi ti\u1ebft v\u1ec1 nh\u1eefng c\u01a1 h\u1ed9i ho\u1ea1t \u0111\u1ed9ng t\u00ecnh nguy\u1ec7n. Trang Facebook <a href=\"\/\/www.facebook.com\/groups\/PragueVolunteering\/?ref=br_tf&amp;qsefr=1\">Prague Volunteering<\/a>\u00a0b\u1eb1ng ti\u1ebfng Anh c\u0169ng chuy\u00ean v\u1ec1 t\u00ecnh nguy\u1ec7n.<\/p>\n<p>&nbsp;<\/p>\n<h3>C\u00e1c kh\u00f3a gi\u1ea3i tr\u00ed v\u00e0 gi\u00e1o d\u1ee5c<\/h3>\n<p>B\u1ea1n h\u00e3y s\u1eed d\u1ee5ng th\u1eddi gian r\u1ed7i \u0111\u1ec3 h\u1ecdc \u0111i\u1ec1u g\u00ec m\u1edbi. M\u1ed7i ng\u00e0y \u1edf Praha di\u1ec5n ra nhi\u1ec1u kh\u00f3a h\u1ecdc v\u00e0 workshop cho ng\u01b0\u1eddi l\u1edbn. B\u1ea1n c\u00f3 th\u1ec3 b\u1eaft \u0111\u1ea7u h\u1ecdc m\u1ed9t ngo\u1ea1i ng\u1eef m\u1edbi ho\u1eb7c c\u1ea3i thi\u1ec7n ngo\u1ea1i ng\u1eef m\u00ecnh \u0111\u00e3 bi\u1ebft. H\u00e3y ngh\u0129 xem m\u00ecnh lu\u00f4n mu\u1ed1n th\u1eed c\u00e1i g\u00ec. C\u00f3 th\u1ec3 b\u00e2y gi\u1edd ch\u00ednh l\u00e0 th\u1eddi \u0111i\u1ec3m th\u00edch h\u1ee3p \u0111\u1ec3 h\u1ecdc kh\u00f3a di\u1ec5n xu\u1ea5t, h\u1ed9i h\u1ecda, th\u01b0 ph\u00e1p Nh\u1eadt, nhi\u1ebfp \u1ea3nh ho\u1eb7c nh\u1ea3y m\u00faa. C\u0169ng c\u00f3 th\u1ec3 b\u1ea1n s\u1ebd b\u1ecb thu h\u00fat b\u1edfi kh\u00f3a h\u1ecdc thi\u1ebft k\u1ebf n\u1ed9i th\u1ea5t c\u01a1 b\u1ea3n, luy\u1ec7n t\u1eadp tr\u00ed nh\u1edb, h\u1ecdc ch\u01b0\u01a1ng tr\u00ecnh \u0111\u1ed3 h\u1ecda ho\u1eb7c m\u1ed9t trong v\u00f4 s\u1ed1 c\u00e1c ho\u1ea1t \u0111\u1ed9ng \u0111\u00e0o t\u1ea1o kh\u00e1c.<\/p>\n<h3>Li\u00ean k\u1ebft<\/h3>\n<p>B\u1ea1n c\u00f3 th\u1ec3 t\u00ecm c\u1ea3m h\u1ee9ng tr\u00ean nh\u1eefng trang web n\u00e0y:<\/p>\n<ul class=\"bullet-links\">\n<li><a href=\"\/\/www.volnycaspraha.cz\/pro-dospele\/kurzy\">\/\/www.volnycaspraha.cz\/pro-dospele\/kurzy<\/a><\/li>\n<li><a href=\"\/\/www.naucmese.cz\/\">\/\/www.naucmese.cz\/<\/a><\/li>\n<\/ul>\n<p><div class=\"box-ok\"><br \/>\n<em><strong>Danh s\u00e1ch c\u00e1c t\u1eeb kh\u00f3a \u0111\u1ec3 t\u00ecm ki\u1ebfm ho\u1ea1t \u0111\u1ed9ng gi\u1ea3i tr\u00ed<\/strong><\/em><br \/>\n<em>Danh s\u00e1ch c\u00e1c ho\u1ea1t \u0111\u1ed9ng gi\u1ea3i tr\u00ed r\u1ea5t d\u00e0i v\u00e0 c\u00e0ng ng\u00e0y c\u00e0ng ph\u00e1t tri\u1ec3n. B\u1ea1n c\u00f3 th\u1ec3 bi\u1ebft hi\u1ec7n nay \u0111ang c\u00f3 nh\u1eefng ho\u1ea1t \u0111\u1ed9ng g\u00ec b\u1eb1ng c\u00e1ch cho m\u1ed9t trong s\u1ed1 nh\u1eefng t\u1eeb kh\u00f3a sau (c\u00f9ng v\u1edbi t\u1eeb \u201cPraha\u201d ho\u1eb7c \u201cv Praze\u201d) v\u00e0o c\u00f4ng c\u1ee5 t\u00ecm ki\u1ebfm tr\u00ean m\u1ea1ng.<\/em><\/p>\n<p><em>T\u1eeb kh\u00f3a: <strong>voln\u00fd \u010das<\/strong> (gi\u1ea3i tr\u00ed), <strong>kultura<\/strong> (v\u0103n h\u00f3a), <strong>v\u00fdlet<\/strong> (\u0111i ch\u01a1i), <strong>proch\u00e1zka<\/strong> (\u0111i d\u1ea1o), <strong>sport<\/strong> (th\u1ec3 thao), <strong>odpo\u010dinek<\/strong> (th\u01b0 gi\u00e3n), <strong>park<\/strong> (c\u00f4ng vi\u00ean), <strong>pam\u00e1tka<\/strong> (di t\u00edch), <strong>z\u00e1bava<\/strong> (vui ch\u01a1i gi\u1ea3i tr\u00ed), <strong>ud\u00e1losti<\/strong> (s\u1ef1 ki\u1ec7n), <strong>dobrovolnictv\u00ed<\/strong> (t\u00ecnh nguy\u1ec7n), <strong>kurzy pro dosp\u011bl\u00e9<\/strong> (kh\u00f3a h\u1ecdc d\u00e0nh cho ng\u01b0\u1eddi l\u1edbn), <strong>vzd\u011bl\u00e1v\u00e1n\u00ed<\/strong> (\u0111\u00e0o t\u1ea1o), <strong>v\u00fduka jazyk\u016f<\/strong> (h\u1ecdc ti\u1ebfng)<\/em><br \/>\n<\/div><\/p>","protected":false},"excerpt":{"rendered":"<p>B\u1ea1n c\u00f3 th\u1eddi gian r\u1ea3nh r\u1ed7i v\u00e0 kh\u00f4ng mu\u1ed1n ng\u1ed3i nh\u00e0? Praha cung c\u1ea5p cho b\u1ea1n r\u1ea5t nhi\u1ec1u l\u1ef1a ch\u1ecdn \u0111a d\u1ea1ng \u0111\u1ec3 gi\u1ea3i tr\u00ed. M\u1ee5c n\u00e0y c\u00f3 th\u1ec3 s\u1ebd truy\u1ec1n c\u1ea3m h\u1ee9ng cho b\u1ea1n l\u00e0m g\u00ec v\u1edbi th\u1eddi gian&#8230;<\/p>\n<a class=\"more-block\" href=\"https:\/\/metropolevsech.eu\/vi\/praha\/volny-cas\/dospeli\/\">\u0110\u1ecdc th\u00eam<\/a>","protected":false},"author":7,"featured_media":0,"parent":511,"menu_order":1,"comment_status":"closed","ping_status":"closed","template":"","meta":[],"acf":[],"_links":{"self":[{"href":"https:\/\/metropolevsech.eu\/vi\/wp-json\/wp\/v2\/pages\/514"}],"collection":[{"href":"https:\/\/metropolevsech.eu\/vi\/wp-json\/wp\/v2\/pages"}],"about":[{"href":"https:\/\/metropolevsech.eu\/vi\/wp-json\/wp\/v2\/types\/page"}],"author":[{"embeddable":true,"href":"https:\/\/metropolevsech.eu\/vi\/wp-json\/wp\/v2\/users\/7"}],"replies":[{"embeddable":true,"href":"https:\/\/metropolevsech.eu\/vi\/wp-json\/wp\/v2\/comments?post=514"}],"version-history":[{"count":3,"href":"https:\/\/metropolevsech.eu\/vi\/wp-json\/wp\/v2\/pages\/514\/revisions"}],"predecessor-version":[{"id":22443,"href":"https:\/\/metropolevsech.eu\/vi\/wp-json\/wp\/v2\/pages\/514\/revisions\/22443"}],"up":[{"embeddable":true,"href":"https:\/\/metropolevsech.eu\/vi\/wp-json\/wp\/v2\/pages\/511"}],"wp:attachment":[{"href":"https:\/\/metropolevsech.eu\/vi\/wp-json\/wp\/v2\/media?parent=514"}],"curies":[{"name":"wp","href":"https:\/\/api.w.org\/{rel}","templated":true}]}}