{"id":526,"date":"2016-12-18T20:08:37","date_gmt":"2016-12-18T19:08:37","guid":{"rendered":"https:\/\/metropolevsech.eu\/?page_id=526"},"modified":"2025-04-04T13:43:37","modified_gmt":"2025-04-04T11:43:37","slug":"deti","status":"publish","type":"page","link":"https:\/\/metropolevsech.eu\/vi\/praha\/volny-cas\/deti\/","title":{"rendered":"Tr\u1ebb em"},"content":{"rendered":"<p><\/p>\n<ul class=\"bullet\">\n<li><a href=\"#Aktivity pro p\u0159ed\u0161koln\u00ed d\u011bti\">Ho\u1ea1t \u0111\u1ed9ng cho tr\u1ebb em m\u1eabu gi\u00e1o<\/a><\/li>\n<li><a href=\"#Aktivity pro d\u011bti a ml\u00e1de\u017e\">Ho\u1ea1t \u0111\u1ed9ng d\u00e0nh cho thi\u1ebfu nhi<\/a><\/li>\n<li><a href=\"#Chcete se aktivn\u011b v\u011bnovat sportu?\">B\u1ea1n c\u00f3 mu\u1ed1n ch\u01a1i th\u1ec3 thao th\u01b0\u1eddng xuy\u00ean?<\/a><\/li>\n<li><a href=\"#V\u011bnujete se sportu rekrea\u010dn\u011b?\">B\u1ea1n ch\u01a1i th\u1ec3 thao gi\u1ea3i tr\u00ed?<\/a><\/li>\n<li><a href=\"#Skauting\">H\u01b0\u1edbng \u0111\u1ea1o (Skauting)<\/a><\/li>\n<li><a href=\"#Domy d\u011bt\u00ed a ml\u00e1de\u017ee (DDM)\">Cung v\u0103n h\u00f3a thi\u1ebfu nhi (Domy d\u011bt\u00ed a ml\u00e1de\u017ee \u2013 DDM)<\/a><\/li>\n<\/ul>\n<p>\u1ede tr\u1ebb em ta hi\u1ec3u th\u1eddi gian r\u1ed7i l\u00e0 l\u00fac c\u00e1c em kh\u00f4ng \u1edf tr\u01b0\u1eddng ho\u1eb7c kh\u00f4ng ph\u1ea3i l\u00e0m b\u00e0i v\u1edf. C\u1ea3 tr\u1ebb em c\u0169ng c\u1ea7n ngh\u1ec9 ng\u01a1i v\u00e0 n\u1ea1p n\u0103ng l\u01b0\u1ee3ng m\u1edbi. Tuy nhi\u00ean trong tr\u01b0\u1eddng h\u1ee3p ho\u1ea1t \u0111\u1ed9ng gi\u1ea3i tr\u00ed c\u1ee7a tr\u1ebb em th\u01b0\u1eddng nh\u1ea5n m\u1ea1nh v\u00e0o kh\u00eda c\u1ea1nh gi\u00e1o d\u1ee5c, c\u00f2n g\u1ecdi l\u00e0 \u0111i h\u1ecdc ngo\u1ea1i kh\u00f3a. Qua c\u00e1c l\u1edbp h\u1ecdc ngo\u1ea1i kh\u00f3a (krou\u017eky) tr\u1ebb em h\u1ecdc \u0111\u01b0\u1ee3c k\u1ef9 n\u0103ng m\u1edbi, k\u1ebft b\u1ea1n ngo\u00e0i gi\u1edd h\u1ecdc, kh\u00e1m ph\u00e1 c\u00e1i g\u00ec c\u00e1c em gi\u1ecfi v\u00e0 th\u00edch.<\/p>\n<p>N\u1ebfu con c\u1ee7a b\u1ea1n \u0111ang h\u1ecdc ti\u1ebfng S\u00e9c, khi tham gia v\u00e0o c\u00e1c ho\u1ea1t \u0111\u1ed9ng ngo\u1ea1i kh\u00f3a v\u1edbi tr\u1ebb em \u0111\u1ed3ng l\u1ee9a s\u1ebd gi\u00fap cho con b\u1ea1n r\u1ea5t nhi\u1ec1u. Tr\u1ebb em c\u00f3 nhi\u1ec1u kh\u00f4ng gian \u0111\u1ec3 giao ti\u1ebfp h\u01a1n b\u00ecnh th\u01b0\u1eddng \u1edf tr\u01b0\u1eddng, c\u00e1c em h\u1ecdc khi l\u00e0m vi\u1ec7c m\u00ecnh th\u00edch, v\u00e0 x\u00e2y d\u1ef1ng ki\u1ebfn th\u1ee9c ng\u00f4n ng\u1eef tr\u00ean c\u01a1 s\u1edf s\u1eed d\u1ee5ng t\u00edch c\u1ef1c. Giao ti\u1ebfp v\u1edbi c\u00e1c tr\u1ebb em n\u00f3i ti\u1ebfng S\u00e9c s\u1ebd gi\u00fap c\u00e1c em hi\u1ec3u c\u00e1c b\u1ea1n c\u00f9ng l\u1edbp, hi\u1ec3u c\u00e1c s\u1edf th\u00edch v\u00e0 \u0111\u1ec1 t\u00e0i c\u1ee7a c\u00e1c b\u1ea1n \u0111\u00f3 t\u1ed1t h\u01a1n.<\/p>\n<p>C\u00e0ng ng\u00e0y vi\u1ec7c gi\u1ea3i tr\u00ed c\u1ee7a tr\u1ebb em c\u00e0ng \u0111\u01b0\u1ee3c quan t\u00e2m nhi\u1ec1u h\u01a1n. C\u00f3 l\u1ebd ch\u01b0a bao gi\u1edd l\u1ea1i c\u00f3 nhi\u1ec1u ho\u1ea1t \u0111\u1ed9ng ngo\u1ea1i kh\u00f3a cho tr\u1ebb em nh\u01b0 b\u00e2y gi\u1edd. V\u00ec v\u1eady c\u1ea7n ph\u1ea3i c\u00e2n b\u1eb1ng v\u00e0 tr\u00e1nh qu\u00e1 t\u1ea3i (kh\u00f4ng b\u1eaft con h\u1ecdc qu\u00e1 nhi\u1ec1u l\u1edbp ngo\u1ea1i kh\u00f3a). \u0110\u1ec3 tr\u1ebb em ph\u00e1t tri\u1ec3n t\u1ed1t th\u00ec \u0111\u1ee9a tr\u1ebb c\u1ea7n \u0111\u01b0\u1ee3c k\u00edch th\u00edch v\u1eeba ph\u1ea3i ch\u1ee9 kh\u00f4ng \u0111\u01b0\u1ee3c \u0111\u1ec3 b\u1ecb qu\u00e1 t\u1ea3i v\u00e0 \u00e1p l\u1ef1c. Nh\u01b0 th\u1ebf t\u1eeb ho\u1ea1t \u0111\u1ed9ng ngo\u1ea1i kh\u00f3a s\u1ebd tr\u1edf th\u00e0nh m\u1ed9t ngh\u0129a v\u1ee5 ti\u1ebfp m\u00e0 th\u00f4i.<\/p>\n<p>&nbsp;<\/p>\n<h3>Ho\u1ea1t \u0111\u1ed9ng cho tr\u1ebb em m\u1eabu gi\u00e1o<\/h3>\n<p>C\u00f3 r\u1ea5t nhi\u1ec1u ho\u1ea1t \u0111\u1ed9ng gi\u00e1o d\u1ee5c d\u00e0nh cho tr\u1ebb em tu\u1ed5i m\u1eabu gi\u00e1o. Trong khu\u00f4n kh\u1ed1 c\u00e1c cung v\u0103n h\u00f3a thi\u1ebfu nhi (D\u016fm d\u011bt\u00ed a ml\u00e1de\u017ee \u2013 DDM) \u1edf Praha c\u00f3 c\u00e1c trung t\u00e2m d\u00e0nh cho tr\u1ebb em m\u1eabu gi\u00e1o (Centrum pro p\u0159ed\u0161koln\u00ed d\u011bti \u2013 CPD). C\u00e1c trung t\u00e2m n\u00e0y t\u1ed5 ch\u1ee9c ch\u01b0\u01a1ng tr\u00ecnh bu\u1ed5i s\u00e1ng m\u00e0 nhi\u1ec1u khi l\u00e0 m\u1ed9t l\u1ef1a ch\u1ecdn thay th\u1ebf khi con kh\u00f4ng \u0111\u01b0\u1ee3c nh\u1eadn v\u00e0o tr\u01b0\u1eddng m\u1eabu gi\u00e1o. N\u1ed9i dung c\u1ee7a ch\u01b0\u01a1ng tr\u00ecnh bu\u1ed5i s\u00e1ng l\u00e0 gi\u00e1o d\u1ee5c ngo\u1ea1i kh\u00f3a cho tr\u1ebb em m\u1eabu gi\u00e1o nh\u1ea5n m\u1ea1nh v\u00e0o ho\u1ea1t \u0111\u1ed9ng v\u1eadn \u0111\u1ed9ng, \u00e2m nh\u1ea1c, h\u1ed9i h\u1ecda v\u00e0 vui ch\u01a1i v\u00e0 ph\u00e1t tri\u1ec3n nh\u00e2n c\u00e1ch trong x\u00e3 h\u1ed9i.<\/p>\n<p>Ngo\u00e0i c\u00e1c trung t\u00e2m n\u00f3i tr\u00ean c\u00f3 nhi\u1ec1u kh\u00f3a h\u1ecdc ngo\u1ea1i kh\u00f3a cho tr\u1ebb em m\u1eabu gi\u00e1o (\u00e2m nh\u1ea1c, h\u1ed9i h\u1ecda, th\u1ec3 thao v.v..) kh\u00e1c do DDM cung c\u1ea5p, ho\u1eb7c do c\u00e1c t\u1ed5 ch\u1ee9c kh\u00e1c cung c\u1ea5p, v\u00ed d\u1ee5 <strong>trung t\u00e2m m\u1eabu gi\u00e1o<\/strong>. Trung t\u00e2m m\u1eabu gi\u00e1o th\u01b0\u1eddng l\u00e0 c\u00e1c t\u1ed5 ch\u1ee9c phi l\u1ee3i nhu\u1eadn n\u01a1i b\u1ed1 m\u1eb9 ho\u1eb7c ng\u01b0\u1eddi nh\u00e0 kh\u00e1c \u1edf nh\u00e0 tr\u00f4ng con g\u1eb7p g\u1ee1 v\u1edbi m\u1ee5c \u0111\u00edch gi\u1ea3i tr\u00ed. C\u00e1c trung t\u00e2m m\u1eabu gi\u00e1o ngo\u00e0i vi\u1ec7c t\u1ed5 ch\u1ee9c c\u00e1c ho\u1ea1t \u0111\u1ed9ng ngo\u1ea1i kh\u00f3a gi\u1ea3i tr\u00ed c\u00f2n t\u1ed5 ch\u1ee9c c\u00e1c ho\u1ea1t \u0111\u1ed9ng gi\u00e1o d\u1ee5c (th\u01b0\u1eddng s\u1eed d\u1ee5ng \u0111i\u1ec1u ki\u1ec7n v\u00e0 kh\u1ea3 n\u0103ng c\u1ee7a b\u1ed1 m\u1eb9).<\/p>\n<ul class=\"bullet-links\">\n<li><a href=\"\/\/www.volnycaspraha.cz\/pro-rodice\/centra-pro-predskolni-deti\">Danh s\u00e1ch c\u00e1c trung t\u00e2m cho tr\u1ebb em m\u1eabu gi\u00e1o<\/a><\/li>\n<li><a target=\"_blank\" href=\"\/\/sitprorodinu.cz\/rodina-v-centru\/seznam-clenskych-mc\/\" rel=\"noopener\">Danh s\u00e1ch trung t\u00e2m m\u1eabu gi\u00e1o v\u00e0 c\u00e1c ho\u1ea1t \u0111\u1ed9ng c\u1ee7a trung t\u00e2m<\/a><\/li>\n<\/ul>\n<p>&nbsp;<\/p>\n<h3>Ho\u1ea1t \u0111\u1ed9ng d\u00e0nh cho\u00a0thi\u1ebfu nhi<\/h3>\n<p>C\u00e1c ho\u1ea1t \u0111\u1ed9ng ngo\u1ea1i kh\u00f3a cho thi\u1ebfu nhi\u00a0c\u00f3 r\u1ea5t nhi\u1ec1u v\u00e0 \u0111a d\u1ea1ng. C\u00e1c kh\u00f3a h\u1ecdc nh\u01b0 \u0111\u00e3 n\u00f3i c\u00f3 nhi\u1ec1u nh\u1ea5t, nh\u01b0ng nhi\u1ec1u c\u01a1 quan v\u00e0 t\u1ed5 ch\u1ee9c cung c\u1ea5p c\u1ea3 c\u00e1c s\u1ef1 ki\u1ec7n m\u1ed9t l\u1ea7n, tr\u00f2 thi, tr\u1ea1i h\u00e8, c\u00e2u l\u1ea1c b\u1ed9 ho\u1eb7c workshop m\u1edf n\u1eefa.<br \/>\nC\u00f3 th\u1ec3 chia ho\u1ea1t \u0111\u1ed9ng ngo\u1ea1i kh\u00f3a theo ch\u1ee7 \u0111\u1ec1 ra h\u00e0ng ch\u1ee5c l\u0129nh v\u1ef1c. B\u1ea1n c\u00f3 th\u1ec3 tham gia kh\u00f3a h\u1ecdc di\u1ec5n xu\u1ea5t, ch\u1ee5p \u1ea3nh, l\u00e0m video, \u00e2m nh\u1ea1c, m\u00e1y t\u00ednh, n\u1eb7n g\u1ed1m, nh\u1ea3y m\u00faa, th\u1ec3 thao, kh\u00f3a k\u1ef9 thu\u1eadt, du l\u1ecbch, c\u00e1c ho\u1ea1t \u0111\u1ed9ng gi\u00e1o d\u1ee5c kh\u00e1c nhau v\u00e0 nhi\u1ec1u l\u0129nh v\u1ef1c kh\u00e1c.<\/p>\n<p>T\u1ed5 ch\u1ee9c b\u1ea3o tr\u1ee3 cho c\u00e1c t\u1ed5 ch\u1ee9c thi\u1ebfu nhi \u1edf C\u1ed9ng h\u00f2a S\u00e9c l\u00e0 H\u1ed9i \u0111\u1ed3ng thi\u1ebfu nhi\u00a0S\u00e9c (<b>\u010cesk\u00e1 rada d\u011bt\u00ed a <\/b><b>ml\u00e1de\u017ee <\/b>\u2013 <b>\u010cRDM)<\/b>. C\u00e1c t\u1ed5 ch\u1ee9c th\u00e0nh vi\u00ean n\u1eb1m tr\u00ean trang web <a href=\"\/\/www.crdm.cz\/\">crdm.cz<\/a>.<\/p>\n<ul class=\"bullet-links\">\n<li><a href=\"\/\/www.volnycaspraha.cz\/aktivity-pro-deti-a-mladez\">C\u00e1c ho\u1ea1t \u0111\u1ed9ng c\u1ee7a cung v\u0103n h\u00f3a<\/a><\/li>\n<li><a href=\"\/\/www.volnycaspraha.cz\/pro-deti-a-mladez\/krouzky\">C\u00f4ng c\u1ee5 t\u00ecm ki\u1ebfm ngo\u1ea1i kh\u00f3a<\/a><\/li>\n<li><a href=\"\/\/crdm.cz\/\">C\u00e1c th\u00e0nh vi\u00ean c\u1ee7a H\u1ed9i \u0111\u1ed3ng thi\u1ebfu ni\u00ean nhi \u0111\u1ed3ng S\u00e9c (\u010cRDM)<\/a><\/li>\n<\/ul>\n<p>&nbsp;<\/p>\n<h3>B\u1ea1n c\u00f3 mu\u1ed1n ch\u01a1i th\u1ec3 thao th\u01b0\u1eddng xuy\u00ean?<\/h3>\n<p>\u1ede Praha c\u00f3 nhi\u1ec1u c\u00e2u l\u1ea1c b\u1ed9 th\u1ec3 thao. H\u00e0ng n\u0103m h\u1ecd nh\u1eadn c\u00e1c th\u00e0nh vi\u00ean m\u1edbi. Khi b\u1ea1n t\u00ecm c\u00e2u l\u1ea1c b\u1ed9 cho b\u1ea3n th\u00e2n hay cho con m\u00ecnh, ch\u1eafc b\u1ea1n s\u1ebd quan t\u00e2m \u0111\u1ebfn trang web <a href=\"\/\/www.prahasportovni.cz\/\">Praha th\u1ec3 thao<\/a>.<\/p>\n<p>T\u1ea1i \u0111\u00e2y b\u1ea1n s\u1ebd t\u00ecm th\u1ea5y li\u00ean k\u1ebft v\u00e0 \u0111i\u1ec7n tho\u1ea1i \u0111\u1ecba ch\u1ec9 li\u00ean l\u1ea1c v\u1edbi c\u00e1c c\u00e2u l\u1ea1c b\u1ed9 th\u1ec3 thao, l\u1ecbch tuy\u1ec3n th\u00e0nh vi\u00ean m\u1edbi, th\u00f4ng tin chi ti\u1ebft v\u1ec1 c\u01a1 h\u1ed9i t\u1eadp th\u1ec3 thao t\u00edch c\u1ef1c v\u00e0 l\u1ecbch s\u1ef1 ki\u1ec7n th\u1ec3 thao.<\/p>\n<div class=\"box-ok\"><\/p>\n<p>H\u00e0ng n\u0103m c\u00f3 l\u1ec5 h\u1ed9i th\u1ec3 thao d\u00e0nh cho tr\u1ebb em \u2013 Spor\u0165\u00e1\u010dek, n\u01a1i c\u00e1c em c\u00f3 \u0111i\u1ec1u ki\u1ec7n l\u00e0m quen v\u00e0 th\u1eed r\u1ea5t nhi\u1ec1u lo\u1ea1i th\u1ec3 thao. Ng\u00e0y t\u1ed5 ch\u1ee9c v\u00e0 ch\u01b0\u01a1ng tr\u00ecnh c\u1ee7a l\u1ec5 h\u1ed9i c\u00f3 th\u1ec3 t\u00ecm th\u1ea5y <a target=\"_blank\" href=\"https:\/\/sportacek.cz\/\" rel=\"noopener\">t\u1ea1i \u0111\u00e2y<\/a>.<\/p>\n<p><\/div>\n<ul class=\"bullet-links\">\n<li><a href=\"\/\/www.prahasportovni.cz\/\">Praha th\u1ec3 thao<\/a><\/li>\n<\/ul>\n<p>&nbsp;<\/p>\n<h3>B\u1ea1n ch\u01a1i th\u1ec3 thao gi\u1ea3i tr\u00ed?<\/h3>\n<p>N\u1ebfu th\u1ebf c\u00f3 l\u1ebd b\u1ea1n s\u1ebd quan t\u00e2m \u0111\u1ebfn danh s\u00e1ch c\u00e1c s\u00e2n th\u1ec3 thao v\u00e0 c\u00f4ng vi\u00ean \u1edf Praha, n\u01a1i b\u1ea1n c\u00f3 th\u1ec3 ch\u01a1i th\u1ec3 thao gi\u1ea3i tr\u00ed (tr\u01b0\u1ee3t b\u0103ng, tr\u01b0\u1ee3t v\u00e1n, \u0111i xe \u0111\u1ea1p, \u0111\u00e1 b\u00f3ng, ch\u01a1i petanque, b\u00f3ng b\u00e0n, b\u01a1i l\u1ed9i v.v..)<\/p>\n<ul class=\"bullet-links\">\n<li><a href=\"http:\/\/www.prazska-hriste.cz\/\">Danh s\u00e1ch s\u00e2n ch\u01a1i, c\u00f4ng vi\u00ean, s\u00e2n th\u1ec3 thao Praha<\/a><\/li>\n<\/ul>\n<p>&nbsp;<\/p>\n<h3>H\u01b0\u1edbng \u0111\u1ea1o (Skauting)<\/h3>\n<p>H\u01b0\u1edbng \u0111\u1ea1o (gi\u1ed1ng \u0110\u1ed9i thi\u1ebfu ni\u00ean nhi \u0111\u1ed3ng) l\u00e0 phong tr\u00e0o to\u00e0n c\u1ea7u c\u00f3 m\u1ee5c \u0111\u00edch khuy\u1ebfn kh\u00edch v\u00e0 ch\u1ec9 d\u1eabn nh\u1eefng ng\u01b0\u1eddi tr\u1ebb tu\u1ed5i ph\u00e1t tri\u1ec3n nh\u00e2n c\u00e1ch. Tr\u1ebb em h\u1ecdc c\u00e1ch l\u00e0m vi\u1ec7c theo nh\u00f3m, t\u00f4n tr\u1ecdng ng\u01b0\u1eddi kh\u00e1c v\u00e0 thi\u00ean nhi\u00ean, v\u00e0 k\u1ebft b\u1ea1n m\u1edbi. C\u00e1c \u0111\u1ed9i\u00a0 \u0111\u01b0\u1ee3c ph\u00e2n chia theo l\u1ee9a tu\u1ed5i t\u1eeb 5 \u0111\u1ebfn 18 tu\u1ed5i.<\/p>\n<ul class=\"bullet-links\">\n<li>T\u00ecm hi\u1ec3u th\u00eam th\u00f4ng tin v\u1ec1 \u0111i\u1ec1u ki\u1ec7n tham gia h\u01b0\u1edbng \u0111\u1ea1o tr\u00ean trang web <a href=\"\/\/www.skaut.cz\/\">Skauting<\/a><\/li>\n<\/ul>\n<p>&nbsp;<\/p>\n<h3>Cung v\u0103n h\u00f3a thi\u1ebfu nhi (Domy d\u011bt\u00ed a ml\u00e1de\u017ee \u2013 DDM)<\/h3>\n<p>M\u1ed9t ph\u1ea7n quan tr\u1ecdng c\u1ee7a c\u00e1c ho\u1ea1t \u0111\u1ed9ng vui ch\u01a1i gi\u1ea3i tr\u00ed l\u00e0 ch\u01b0\u01a1ng tr\u00ecnh \u0111\u00e0o t\u1ea1o ngo\u1ea1i kh\u00f3a do c\u00e1c cung v\u0103n h\u00f3a thi\u1ebfu nhi (Domy d\u011bt\u00ed a ml\u00e1de\u017ee \u2013 DDM) t\u1ed5 ch\u1ee9c.<\/p>\n<p>DDM l\u00e0 m\u1ed9t trong nh\u1eefng c\u01a1 s\u1edf ngo\u1ea1i kh\u00f3a l\u1edbn nh\u1ea5t t\u1ea1i C\u00f4ng h\u00f2a S\u00e9c. Cung v\u0103n h\u00f3a cung c\u1ea5p h\u01a1n 2300 l\u1edbp h\u1ecdc ngo\u1ea1i kh\u00f3a, ph\u00f2ng v\u1ebd, kh\u00f3a h\u1ecdc v\u00e0 \u0111\u1ed9i. H\u1ecd c\u0169ng t\u1ed5 ch\u1ee9c r\u1ea5t nhi\u1ec1u s\u1ef1 ki\u1ec7n cho c\u00f4ng ch\u00fang: c\u00e1c bu\u1ed5i bi\u1ec3u di\u1ec5n k\u1ecbch, ca h\u00e1t v\u00e0 nh\u1ea3y m\u00faa, tri\u1ec3n l\u00e3m, tr\u00ecnh di\u1ec5n, cu\u1ed9c thi v\u00e0 l\u1ec5 h\u1ed9i m\u1eebng ng\u00e0y l\u1ec5 kh\u00e1c nhau v.v.. Cung v\u0103n h\u00f3a thi\u1ebfu nhi Praha bao g\u1ed3m s\u00e2n v\u1eadn \u0111\u1ed9ng, trung t\u00e2m k\u1ef9 thu\u1eadt vi\u00ean, trung t\u00e2m c\u01b0\u1ee1i ng\u1ef1a v\u00e0 c\u00e1c trung t\u00e2m ngo\u1ea1i kh\u00f3a kh\u00e1c.<\/p>\n<p>Ng\u01b0\u1eddi th\u00e0nh l\u1eadp DDM \u1edf Praha l\u00e0 th\u1ee7 \u0111\u00f4 Praha.<\/p>\n<p>Cung v\u0103n h\u00f3a t\u1ed5 ch\u1ee9c c\u00e1c ho\u1ea1t \u0111\u1ed9ng c\u00f3 h\u1ec7 th\u1ed1ng \u0111\u1ec1u \u0111\u1eb7n v\u00e0 di\u1ec5n ra c\u1ea3 n\u0103m d\u00e0nh cho thi\u1ebfu nhi v\u00e0 t\u1ea1o c\u1ea3m h\u1ee9ng s\u00e2u \u0111\u1eadm h\u01a1n cho c\u00e1c em trong m\u1ed9t s\u1ed1 b\u1ed9 m\u00f4n. Cung v\u0103n h\u00f3a c\u0169ng t\u1eadp trung v\u00e0o nh\u1eefng thi\u1ebfu nhi n\u0103ng khi\u1ebfu.<\/p>\n<p>Cung v\u0103n h\u00f3a cung c\u1ea5p m\u1ed9t lo\u1ea1t c\u00e1c ho\u1ea1t \u0111\u1ed9ng kh\u00e1c nhau t\u1eeb ho\u1ea1t \u0111\u1ed9ng th\u1ec3 ch\u1ea5t, nh\u1ea3y m\u00faa, th\u1ec3 thao \u0111\u1ebfn ca h\u00e1t, thi\u00ean nhi\u00ean h\u1ecdc, ch\u0103n nu\u00f4i, c\u00e1c ho\u1ea1t \u0111\u1ed9ng h\u1ed9i h\u1ecda, th\u1ee7 c\u00f4ng v\u00e0 k\u1ef9 thu\u1eadt, du l\u1ecbch. Ngo\u00e0i c\u00e1c ho\u1ea1t \u0111\u1ed9ng th\u01b0\u1eddng xuy\u00ean, cung v\u0103n h\u00f3a c\u00f2n t\u1ed5 ch\u1ee9c tr\u1ea1i h\u00e8, t\u1eadp hu\u1ea5n, thi \u0111\u1ea5u, c\u00e1c bu\u1ed5i bi\u1ec3u di\u1ec5n k\u1ecbch v\u00e0 nh\u1ea1c, tham quan, b\u00e0i gi\u1ea3ng, h\u1ed9i th\u1ea3o, \u0111i ch\u01a1i cu\u1ed1i tu\u1ea7n, s\u1ef1 ki\u1ec7n chung d\u00e0nh cho b\u1ed1 m\u1eb9 v\u00e0 con c\u00e1i, ho\u1ea1t \u0111\u1ed9ng qu\u1ea3ng b\u00e1 theo ch\u1ee7 \u0111\u1ec1 v.v.<\/p>\n<p>M\u1ed9t trong nh\u1eefng s\u1ef1 ki\u1ec7n l\u1edbn nh\u1ea5t c\u1ee7a Cung v\u0103n h\u00f3a Praha l\u00e0 \u201cNg\u00e0y m\u00f4 h\u00ecnh tr\u1ebb em\u201d t\u1ea1i s\u00e2n bay m\u00f4 h\u00ecnh Sob\u00ednka, \u201cB\u1ebfn xe gi\u1ea3i tr\u00ed \u2013 Vypich\u201d g\u1ed3m nhi\u1ec1u ho\u1ea1t \u0111\u1ed9ng vui ch\u01a1i gi\u1ea3i tr\u00ed cho tr\u1ebb em \u0111i k\u00e8m bu\u1ed5i bi\u1ec3u di\u1ec5n k\u1ecbch, \u201cNg\u00e0y gia \u0111\u00ecnh\u201d v\u1edbi c\u00e1c ho\u1ea1t \u0111\u1ed9ng vui ch\u01a1i gi\u1ea3i tr\u00ed d\u00e0nh cho tr\u1ebb em v\u00e0 c\u00e1c gia \u0111\u00ecnh c\u00f3 tr\u1ebb em bao g\u1ed3m nh\u1eefng m\u00e0n tr\u00ecnh di\u1ec5n nh\u1ea1c v\u00e0 k\u1ecbch \u0111i k\u00e8m, L\u1ec5 h\u1ed9i ph\u00f9 th\u1ee7y Vltavan trong khu Vltavan\u016f \u1edf Bran\u00edk, l\u1ec5 h\u1ed9i \u00e2m nh\u1ea1c ANTIDEPKA \u0111\u01b0\u1ee3c t\u1ed5 ch\u1ee9c \u1edf Praha 2. C\u00e1c s\u1ef1 ki\u1ec7n nh\u1ecf d\u01b0\u1edbi 20 tr\u1ebb em v\u1edbi ch\u1ee7 \u0111\u1ec1 nh\u1ea3y m\u00faa \u0111i k\u00e8m ho\u1ea1t \u0111\u1ed9ng ng\u1ee7 qua \u0111\u00eam t\u1ea1i Cung v\u0103n h\u00f3a \u0111\u01b0\u1ee3c g\u1ecdi l\u00e0 \u201cnocovky\u201d c\u0169ng \u0111\u01b0\u1ee3c y\u00eau th\u00edch.<\/p>\n<p>Trong nh\u1eefng k\u1ef3 ngh\u1ec9 h\u00e8 di\u1ec5n ra \u0111\u1ec1u \u0111\u1eb7n \u201cM\u00f9a h\u00e8 c\u1ee7a tr\u1ebb em Praha\u201d v\u1edbi ch\u01b0\u01a1ng tr\u00ecnh h\u1ea5p d\u1eabn. Ch\u01b0\u01a1ng tr\u00ecnh g\u1ed3m c\u00f3 c\u00e1c tr\u1ea1i h\u00e8 ngh\u1ec9 ng\u01a1i v\u00e0 kh\u00e1m ph\u00e1 gi\u1eefa thi\u00ean nhi\u00ean, tr\u1ea1i h\u00e8 t\u1ea1i th\u00e0nh ph\u1ed1, c\u00e1c c\u00e2u l\u1ea1c b\u1ed9 h\u00e8 d\u00e0nh cho tr\u1ebb em v\u00e0 thi\u1ebfu ni\u00ean kh\u00f4ng c\u00f3 ch\u01b0\u01a1ng tr\u00ecnh h\u00e8, c\u00e1c s\u00e2n ch\u01a1i \u0111a n\u0103ng ngo\u00e0i tr\u1eddi v\u00e0 c\u00e1c s\u1ef1 ki\u1ec7n h\u00e8.<\/p>\n<p>Ho\u1ea1t \u0111\u1ed9ng t\u1ef1 ph\u00e1t bao g\u1ed3m c\u00e1c ho\u1ea1t \u0111\u1ed9ng m\u1edf d\u00e0nh cho tr\u1ebb em v\u00e0 thi\u1ebfu ni\u00ean tr\u00ean 13 tu\u1ed5i. C\u1ea5u tr\u00fac hi\u1ec7n t\u1ea1i d\u1ef1a tr\u00ean ba h\u01b0\u1edbng \u2013 c\u00e1c c\u00e2u l\u1ea1c b\u1ed9 vui ch\u01a1i gi\u1ea3i tr\u00ed m\u1edf, c\u00e1c s\u00e2n ch\u01a1i \u0111a n\u0103ng ngo\u00e0i tr\u1eddi trong Cung v\u0103n h\u00f3a v\u00e0 c\u00e1c s\u1ef1 ki\u1ec7n m\u1edf. Ngo\u00e0i c\u00e1c ho\u1ea1t \u0111\u1ed9ng th\u01b0\u1eddng xuy\u00ean d\u00e0nh cho thi\u1ebfu nhi t\u00e0i n\u0103ng, Cung v\u0103n h\u00f3a c\u00f9ng v\u1edbi c\u00e1c tr\u01b0\u1eddng h\u1ecdc v\u00e0 t\u1ed5 ch\u1ee9c kh\u00e1c t\u1ed5 ch\u1ee9c c\u00e1c gi\u1ea3i thi \u0111\u1ea5u chuy\u00ean m\u00f4n v\u00e0 c\u00f4ng c\u1ed9ng.<\/p>\n<p>Ho\u1ea1t \u0111\u1ed9ng d\u00e0nh cho thi\u1ebfu ni\u00ean khuy\u1ebft t\u1eadt \u0111\u01b0\u1ee3c t\u1ed5 ch\u1ee9c trong khu\u00f4n kh\u1ed5 c\u00e1c s\u1ef1 ki\u1ec7n kh\u00f4ng th\u01b0\u1eddng xuy\u00ean (kh\u00f3a h\u1ecdc tin h\u1ecdc c\u01a1 b\u1ea3n, c\u00e1c ho\u1ea1t \u0111\u1ed9ng v\u00e0 s\u1ef1 ki\u1ec7n th\u1ee7 c\u00f4ng h\u1ee3p t\u00e1c v\u1edbi Hi\u1ec7p h\u1ed9i ng\u01b0\u1eddi khuy\u1ebft t\u1eadt t\u1ea1i Praha v.v.).<\/p>\n<p>Tr\u1ebb em t\u1eeb nh\u1eefng gia \u0111\u00ecnh di c\u01b0 s\u1ed1ng t\u1ea1i th\u1ee7 \u0111\u00f4 Praha c\u0169ng tham gia nh\u1eefng ho\u1ea1t \u0111\u1ed9ng c\u1ee7a Cung v\u0103n h\u00f3a. Tr\u00ean \u0111\u1ecba b\u00e0n th\u1ee7 \u0111\u00f4 Praha c\u00f3 m\u1ed9t m\u1ea1ng l\u01b0\u1edbi c\u00e1c cung v\u0103n h\u00f3a ho\u1ea1t \u0111\u1ed9ng t\u1ed1t v\u00e0 thu\u1eadn ti\u1ec7n giao th\u00f4ng, 13 trong s\u1ed1 \u0111\u00f3 do th\u1ee7 \u0111\u00f4 Praha qu\u1ea3n l\u00fd, hai cung v\u0103n h\u00f3a do \u1ee7y ban qu\u1eadn Praha 13 \u2013 Stod\u016flky v\u00e0 Praha 20 \u2013 Horn\u00ed Po\u010dernice. Do v\u1ecb tr\u00ed c\u1ee7a c\u00e1c cung v\u0103n h\u00f3a bao g\u1ed3m c\u1ea3 nh\u1eefng chi nh\u00e1nh n\u1eb1m t\u1ea1i nhi\u1ec1u n\u01a1i kh\u00e1c nhau n\u00ean c\u00e1c em c\u00f3 th\u1ec3 \u0111\u1ebfn 48 c\u01a1 s\u1edf \u1edf tr\u00ean to\u00e0n th\u00e0nh ph\u1ed1 k\u1ec3 c\u1ea3 nh\u1eefng khu v\u1ef1c ngo\u1ea1i \u00f4. Cung v\u0103n h\u00f3a qu\u1ea3n l\u00fd c\u1ea3 18 s\u00e2n ch\u01a1i gi\u1ea3i tr\u00ed ngo\u00e0i tr\u1eddi. B\u00ean ngo\u00e0i th\u00e0nh ph\u1ed1, Cung v\u0103n h\u00f3a cung c\u1ea5p ch\u1ed7 \u1edf v\u00e0 c\u00e1c ho\u1ea1t \u0111\u1ed9ng tr\u1ea1i h\u00e8 t\u1ea1i 8 khu du l\u1ecbch v\u00e0 4 tr\u01b0\u1eddng d\u00e3 ngo\u1ea1i.<\/p>\n<p>B\u1ea1n c\u00f3 th\u1ec3 t\u00ecm m\u1ecdi th\u00f4ng tin v\u1ec1 c\u00e1c ho\u1ea1t \u0111\u1ed9ng c\u1ee7a Cung v\u0103n h\u00f3a tr\u00ean nh\u1eefng trang web:<\/p>\n<ul class=\"bullet-links\">\n<li><a href=\"\/\/www.volnycaspraha.cz\">Cung v\u0103n h\u00f3a thi\u1ebfu nhi Praha<\/a><\/li>\n<\/ul>\n<div class=\"box-ok\">\n<p>T\u1eeb kh\u00f3a \u0111\u1ec3 t\u00ecm tr\u00ean m\u1ea1ng: voln\u00fd \u010das (gi\u1ea3i tr\u00ed), d\u011bti (tr\u1ebb em), ml\u00e1de\u017e (thi\u1ebfu ni\u00ean), krou\u017eky (l\u1edbp h\u1ecdc ngo\u1ea1i kh\u00f3a), d\u011btsk\u00e9 t\u00e1bory (tr\u1ea1i h\u00e8 thi\u1ebfu nhi), sout\u011b\u017ee (cu\u1ed9c thi), kurzy (kh\u00f3a h\u1ecdc), v\u00fdukov\u00e9 programy (ch\u01b0\u01a1ng tr\u00ecnh gi\u1ea3ng d\u1ea1y), d\u00edlny (l\u1edbp h\u1ecdc th\u1ee7 c\u00f4ng).<\/p>\n<p><\/div><\/p>","protected":false},"excerpt":{"rendered":"<p>Ho\u1ea1t \u0111\u1ed9ng cho tr\u1ebb em m\u1eabu gi\u00e1o Ho\u1ea1t \u0111\u1ed9ng d\u00e0nh cho thi\u1ebfu nhi B\u1ea1n c\u00f3 mu\u1ed1n ch\u01a1i th\u1ec3 thao th\u01b0\u1eddng xuy\u00ean? B\u1ea1n ch\u01a1i th\u1ec3 thao gi\u1ea3i tr\u00ed? H\u01b0\u1edbng \u0111\u1ea1o (Skauting) Cung v\u0103n h\u00f3a thi\u1ebfu nhi (Domy d\u011bt\u00ed a ml\u00e1de\u017ee \u2013&#8230;<\/p>\n<a class=\"more-block\" href=\"https:\/\/metropolevsech.eu\/vi\/praha\/volny-cas\/deti\/\">\u0110\u1ecdc th\u00eam<\/a>","protected":false},"author":7,"featured_media":0,"parent":511,"menu_order":2,"comment_status":"closed","ping_status":"closed","template":"","meta":[],"acf":[],"_links":{"self":[{"href":"https:\/\/metropolevsech.eu\/vi\/wp-json\/wp\/v2\/pages\/526"}],"collection":[{"href":"https:\/\/metropolevsech.eu\/vi\/wp-json\/wp\/v2\/pages"}],"about":[{"href":"https:\/\/metropolevsech.eu\/vi\/wp-json\/wp\/v2\/types\/page"}],"author":[{"embeddable":true,"href":"https:\/\/metropolevsech.eu\/vi\/wp-json\/wp\/v2\/users\/7"}],"replies":[{"embeddable":true,"href":"https:\/\/metropolevsech.eu\/vi\/wp-json\/wp\/v2\/comments?post=526"}],"version-history":[{"count":6,"href":"https:\/\/metropolevsech.eu\/vi\/wp-json\/wp\/v2\/pages\/526\/revisions"}],"predecessor-version":[{"id":22444,"href":"https:\/\/metropolevsech.eu\/vi\/wp-json\/wp\/v2\/pages\/526\/revisions\/22444"}],"up":[{"embeddable":true,"href":"https:\/\/metropolevsech.eu\/vi\/wp-json\/wp\/v2\/pages\/511"}],"wp:attachment":[{"href":"https:\/\/metropolevsech.eu\/vi\/wp-json\/wp\/v2\/media?parent=526"}],"curies":[{"name":"wp","href":"https:\/\/api.w.org\/{rel}","templated":true}]}}