{"id":554,"date":"2017-01-01T11:06:51","date_gmt":"2017-01-01T10:06:51","guid":{"rendered":"https:\/\/metropolevsech.eu\/?page_id=554"},"modified":"2026-01-15T20:16:41","modified_gmt":"2026-01-15T19:16:41","slug":"pobyt-na-uzemi-ceske-republiky","status":"publish","type":"page","link":"https:\/\/metropolevsech.eu\/vi\/potrebuji-resit\/pobyt-na-uzemi-ceske-republiky\/","title":{"rendered":"Th\u1ecb th\u1ef1c v\u00e0 c\u01b0 tr\u00fa"},"content":{"rendered":"<p><em>B\u1ea1n l\u00e0 ng\u01b0\u1eddi n\u01b0\u1edbc ngo\u00e0i v\u00e0 \u0111ang c\u01b0 tr\u00fa ho\u1eb7c c\u00f3 k\u1ebf ho\u1ea1ch c\u01b0 tr\u00fa \u2013 v\u00ec m\u1ee5c \u0111\u00edch c\u00f4ng vi\u1ec7c hay c\u00e1 nh\u00e2n, d\u00e0i h\u1ea1n hay ng\u1eafn h\u1ea1n &#8211; t\u1ea1i C\u1ed9ng h\u00f2a S\u00e9c? B\u1ea1n mu\u1ed1n \u0111\u01b0a gia \u0111\u00ecnh \u0111\u1ebfn C\u1ed9ng h\u00f2a S\u00e9c? <\/em><\/p>\n<p><em>T\u1ea1i trang web Praha &#8211; Th\u1ee7 \u0111\u00f4 c\u1ee7a m\u1ecdi ng\u01b0\u1eddi, b\u1ea1n s\u1ebd t\u00ecm th\u1ea5y th\u00f4ng tin c\u01a1 b\u1ea3n v\u1ec1 th\u1ecb th\u1ef1c, c\u01b0 tr\u00fa v\u00e0 c\u00e1c ngh\u0129a v\u1ee5 kh\u00e1c c\u00f3 hi\u1ec7u l\u1ef1c t\u1ea1i C\u1ed9ng h\u00f2a S\u00e9c theo Lu\u1eadt c\u01b0 tr\u00fa c\u1ee7a ng\u01b0\u1eddi n\u01b0\u1edbc ngo\u00e0i v\u00e0 theo c\u00e1c lu\u1eadt kh\u00e1c. B\u1ea1n s\u1ebd bi\u1ebft v\u1ec1 c\u00e1c c\u01a1 quan ch\u1ee9c n\u0103ng t\u1ea1i C\u1ed9ng h\u00f2a S\u00e9c m\u00e0 b\u1ea1n c\u1ea7n li\u00ean h\u1ec7, bao g\u1ed3m c\u00e1c th\u00f4ng tin li\u00ean l\u1ea1c v\u00e0 c\u00e1c li\u00ean k\u1ebft h\u1eefu \u00edch t\u1edbi c\u00e1c ngu\u1ed3n th\u00f4ng tin b\u1ed5 sung \u0111\u00e3 \u0111\u01b0\u1ee3c x\u00e1c minh. B\u1ea1n\u00a0 s\u1ebd t\u00ecm th\u1ea5y th\u00f4ng tin d\u00e0nh cho nh\u1eefng ng\u01b0\u1eddi m\u1edbi \u0111\u1ebfn t\u1eeb Ukraina v\u00e0 nh\u1eefng ng\u01b0\u1eddi n\u1ed9p \u0111\u01a1n ho\u1eb7c c\u00f3 b\u1ea3o v\u1ec7 qu\u1ed1c t\u1ebf (theo \u0110\u1ea1o lu\u1eadt T\u1ecb n\u1ea1n). Bao g\u1ed3m c\u1ea3 ng\u01b0\u1eddi kh\u00f4ng c\u00f3 qu\u1ed1c t\u1ecbch.<\/em><\/p>\n<p><span style=\"font-weight: 400;\"><div class=\"box-ok\"><\/span><\/p>\n<p>B\u1ea1n mu\u1ed1n c\u00f3 c\u00e1i nh\u00ecn t\u1ed5ng quan nhanh v\u1ec1 nh\u1eefng vi\u1ec7c b\u1ea1n c\u1ea7n ph\u1ea3i l\u00e0m sau khi \u0111\u1ebfn Praha? Tr\u00ean trang web <strong>Praha l\u00e0 nh\u00e0 c\u1ee7a ch\u00fang ta<\/strong>, b\u1ea1n s\u1ebd t\u00ecm th\u1ea5y <strong><a href=\"https:\/\/newinprague.cz\/rozcestnik\">H\u01b0\u1edbng d\u1eabn t\u01b0\u01a1ng t\u00e1c d\u00e0nh cho c\u01b0 d\u00e2n m\u1edbi \u0111\u1ebfn Praha.<\/a><\/strong> H\u00e3y tr\u1ea3 l\u1eddi m\u1ed9t v\u00e0i c\u00e2u h\u1ecfi \u0111\u01a1n gi\u1ea3n \u0111\u1ec3 t\u00ecm hi\u1ec3u v\u1ec1 ngh\u0129a v\u1ee5 c\u1ee7a m\u00ecnh l\u00e0 g\u00ec v\u00e0 nh\u1eefng \u0111i\u1ec1u b\u1ea1n kh\u00f4ng n\u00ean qu\u00ean khi x\u1eed l\u00fd c\u00e1c v\u1ea5n \u0111\u1ec1 v\u1ec1 th\u1ecb th\u1ef1c v\u00e0 c\u01b0 tr\u00fa.<span style=\"font-weight: 400;\"><\/div><\/span><\/p>\n<p>[\/box-fixa]<\/p>\n<p>H\u00e3y t\u1ea3i th\u1ebb giao ti\u1ebfp song ng\u1eef t\u1eeb tr\u00ean trang web nh\u1ecf <a href=\"https:\/\/newinprague.cz\/komunikacni-karty\">Praha l\u00e0 nh\u00e0 c\u1ee7a ch\u00fang ta<\/a>. Nh\u1eefng t\u1ea5m th\u1ebb n\u00e0y s\u1ebd gi\u00fap b\u1ea1n d\u1ec5 d\u00e0ng giao ti\u1ebfp v\u1edbi c\u00e1c c\u01a1 quan ch\u1ee9c n\u0103ng v\u00e0 c\u00e1c t\u1ed5 ch\u1ee9c. Ch\u00fang ch\u1ee9a \u0111\u1ef1ng nh\u1eefng c\u1ee5m t\u1eeb giao ti\u1ebfp \u0111\u01b0\u1ee3c s\u1eed d\u1ee5ng ph\u1ed5 bi\u1ebfn nh\u1ea5t v\u00e0 m\u1ed9t t\u1eeb \u0111i\u1ec3n c\u00e1c thu\u1eadt ng\u1eef quan tr\u1ecdng trong c\u00e1c t\u1ed5 h\u1ee3p ng\u00f4n ng\u1eef n\u00e0y: Anh-S\u00e9c, Ukraina-S\u00e9c, Nga-S\u00e9c v\u00e0 Vi\u1ec7t-S\u00e9c.&#8221; [\/box-ok]<\/p>\n<p>[\/box-fixa]<\/p>\n<p>\u0110\u1ec3 bi\u1ebft th\u00f4ng tin m\u1edbi nh\u1ea5t v\u1ec1 vi\u1ec7c gi\u1ea3i quy\u1ebft c\u00e1c v\u1ea5n \u0111\u1ec1 c\u01b0 tr\u00fa cho c\u00f4ng d\u00e2n Ukraina m\u1edbi \u0111\u1ebfn do h\u1eadu qu\u1ea3 c\u1ee7a xung \u0111\u1ed9t chi\u1ebfn tranh, h\u00e3y theo d\u00f5i <a href=\"https:\/\/frs.gov.cz\/docasna-ochrana\/\">C\u1ed5ng th\u00f4ng tin d\u00e0nh cho ng\u01b0\u1eddi n\u01b0\u1edbc ngo\u00e0i c\u1ee7a B\u1ed9 N\u1ed9i v\u1ee5<\/a> v\u00e0 trang web <a href=\"https:\/\/www.nasiukrajinci.cz\/cs\/\">Nh\u1eefng ng\u01b0\u1eddi Ukraina c\u1ee7a ch\u00fang ta<\/a> v\u00e0 Facebook <a href=\"https:\/\/www.facebook.com\/oampMV\/\">Nh\u1eefng ng\u01b0\u1eddi Ukraina c\u1ee7a ch\u00fang ta.<\/a><\/p>\n<p>[\/box-fixa]<\/p>\n<h3>C\u00e1c lo\u1ea1i h\u00ecnh l\u01b0u tr\u00fa c\u1ee7a ng\u01b0\u1eddi n\u01b0\u1edbc ngo\u00e0i t\u1ea1i C\u1ed9ng h\u00f2a S\u00e9c<\/h3>\n<ul>\n<li><a href=\"https:\/\/metropolevsech.eu\/cs\/obcane-eu-a-jejich-rodinni-prislusnici\/\"><strong>C\u00f4ng d\u00e2n EU v\u00e0 c\u00e1c th\u00e0nh vi\u00ean gia \u0111\u00ecnh c\u1ee7a h\u1ecd<\/strong><\/a><\/li>\n<li><a href=\"https:\/\/metropolevsech.eu\/cs\/potrebuji-resit\/pobyt-na-uzemi-ceske-republiky\/obcane-tretich-zemi\/\"><strong>C\u00f4ng d\u00e2n n\u01b0\u1edbc th\u1ee9 ba (ngo\u00e0i Li\u00ean minh Ch\u00e2u \u00c2u)<\/strong><\/a><\/li>\n<\/ul>\n<div class=\"box-fixa\">\n<p><strong>C\u00e1c ngu\u1ed3n th\u00f4ng tin ch\u00ednh th\u1ee9c<\/strong> \u2013 th\u00f4ng tin \u0111\u1ea7y \u0111\u1ee7 v\u1ec1 c\u01b0 tr\u00fa t\u1ea1i C\u1ed9ng h\u00f2a S\u00e9c c\u00f3 th\u1ec3 \u0111\u01b0\u1ee3c t\u00ecm th\u1ea5y tr\u00ean c\u00e1c trang web do B\u1ed9 N\u1ed9i v\u1ee5 C\u1ed9ng h\u00f2a S\u00e9c qu\u1ea3n l\u00fd v\u00e0 \u0111i\u1ec1u h\u00e0nh:<\/p>\n<ul>\n<li>B\u1ed9 N\u1ed9i v\u1ee5 C\u1ed9ng h\u00f2a S\u00e9c \u2013 tham kh\u1ea3o nhanh ph\u1ea7n <a href=\"https:\/\/www.mvcr.cz\/clanek\/sluzby-pro-verejnost-informace-pro-cizince-informace-pro-cizince.aspx\">Ng\u01b0\u1eddi n\u01b0\u1edbc ngo\u00e0i<\/a> (b\u1eb1ng ti\u1ebfng S\u00e9c v\u00e0 ti\u1ebfng Anh)<\/li>\n<li><a href=\"https:\/\/ipc.gov.cz\/\">C\u1ed5ng th\u00f4ng tin ch\u00ednh th\u1ee9c d\u00e0nh cho ng\u01b0\u1eddi n\u01b0\u1edbc ngo\u00e0i c\u1ee7a B\u1ed9 N\u1ed9i v\u1ee5 C\u1ed9ng h\u00f2a S\u00e9c<\/a> (b\u1eb1ng ti\u1ebfng S\u00e9c, ti\u1ebfng Anh v\u00e0 ti\u1ebfng Ukraina).<span style=\"font-weight: 400;\"><\/div><\/span><\/li>\n<\/ul>\n<p>[\/box-fixa]<\/p>\n<div class=\"box-fixa\">B\u1ea1n c\u1ea7n th\u00eam th\u00f4ng tin kh\u00f4ng? Lu\u00f4n ch\u1ec9 tin t\u01b0\u1edfng v\u00e0o c\u00e1c ngu\u1ed3n tin \u0111\u00e3 \u0111\u01b0\u1ee3c x\u00e1c minh v\u00e0 th\u00f4ng tin ch\u00ednh th\u1ee9c! Ki\u1ec3m tra c\u00e1c li\u00ean k\u1ebft v\u00e0 <a href=\"https:\/\/metropolevsech.eu\/cs\/potrebuji-resit\/pobyt-na-uzemi-ceske-republiky\/kam-se-obratit-uzitecne-odkazy-a-kontakty\/\">\u0111\u1ecba ch\u1ec9 li\u00ean l\u1ea1c h\u1eefu \u00edch<\/a>.\u00a0<\/div>\n<p style=\"text-align: right;\">C\u1eadp nh\u1eadt l\u1ea7n cu\u1ed1i: 4 th\u00e1ng 3 n\u0103m 2025<\/p>\n<p><\/p>","protected":false},"excerpt":{"rendered":"<p>B\u1ea1n l\u00e0 ng\u01b0\u1eddi n\u01b0\u1edbc ngo\u00e0i v\u00e0 \u0111ang c\u01b0 tr\u00fa ho\u1eb7c c\u00f3 k\u1ebf ho\u1ea1ch c\u01b0 tr\u00fa \u2013 v\u00ec m\u1ee5c \u0111\u00edch c\u00f4ng vi\u1ec7c hay c\u00e1 nh\u00e2n, d\u00e0i h\u1ea1n hay ng\u1eafn h\u1ea1n &#8211; t\u1ea1i C\u1ed9ng h\u00f2a S\u00e9c? B\u1ea1n mu\u1ed1n \u0111\u01b0a gia \u0111\u00ecnh \u0111\u1ebfn&#8230;<\/p>\n<a class=\"more-block\" href=\"https:\/\/metropolevsech.eu\/vi\/potrebuji-resit\/pobyt-na-uzemi-ceske-republiky\/\">\u0110\u1ecdc th\u00eam<\/a>","protected":false},"author":7,"featured_media":0,"parent":736,"menu_order":2,"comment_status":"closed","ping_status":"closed","template":"","meta":[],"acf":[],"_links":{"self":[{"href":"https:\/\/metropolevsech.eu\/vi\/wp-json\/wp\/v2\/pages\/554"}],"collection":[{"href":"https:\/\/metropolevsech.eu\/vi\/wp-json\/wp\/v2\/pages"}],"about":[{"href":"https:\/\/metropolevsech.eu\/vi\/wp-json\/wp\/v2\/types\/page"}],"author":[{"embeddable":true,"href":"https:\/\/metropolevsech.eu\/vi\/wp-json\/wp\/v2\/users\/7"}],"replies":[{"embeddable":true,"href":"https:\/\/metropolevsech.eu\/vi\/wp-json\/wp\/v2\/comments?post=554"}],"version-history":[{"count":108,"href":"https:\/\/metropolevsech.eu\/vi\/wp-json\/wp\/v2\/pages\/554\/revisions"}],"predecessor-version":[{"id":24459,"href":"https:\/\/metropolevsech.eu\/vi\/wp-json\/wp\/v2\/pages\/554\/revisions\/24459"}],"up":[{"embeddable":true,"href":"https:\/\/metropolevsech.eu\/vi\/wp-json\/wp\/v2\/pages\/736"}],"wp:attachment":[{"href":"https:\/\/metropolevsech.eu\/vi\/wp-json\/wp\/v2\/media?parent=554"}],"curies":[{"name":"wp","href":"https:\/\/api.w.org\/{rel}","templated":true}]}}