{"id":561,"date":"2017-01-01T11:11:53","date_gmt":"2017-01-01T10:11:53","guid":{"rendered":"https:\/\/metropolevsech.eu\/?page_id=561"},"modified":"2025-03-31T23:26:03","modified_gmt":"2025-03-31T21:26:03","slug":"cestovani","status":"publish","type":"page","link":"https:\/\/metropolevsech.eu\/vi\/potrebuji-resit\/pobyt-na-uzemi-ceske-republiky\/cestovani\/","title":{"rendered":"\u0110i l\u1ea1i c\u1ee7a ng\u01b0\u1eddi n\u01b0\u1edbc ngo\u00e0i ngo\u00e0i l\u00e3nh th\u1ed5 C\u1ed9ng h\u00f2a S\u00e9c"},"content":{"rendered":"<p><strong>\u0110i l\u1ea1i c\u1ee7a ng\u01b0\u1eddi n\u01b0\u1edbc ngo\u00e0i \u0111\u1ebfn khu v\u1ef1c Schengen<\/strong><\/p>\n<p>Khu v\u1ef1c Schengen l\u00e0 m\u1ed9t l\u00e3nh th\u1ed5 kh\u00f4ng c\u00f3 bi\u00ean gi\u1edbi n\u1ed9i b\u1ed9, n\u01a1i b\u1ea1n c\u00f3 th\u1ec3 t\u1ef1 do di chuy\u1ec3n, tr\u1eeb m\u1ed9t s\u1ed1 tr\u01b0\u1eddng h\u1ee3p ngo\u1ea1i l\u1ec7. B\u1ea1n c\u00f3 th\u1ec3 t\u00ecm hi\u1ec3u th\u00eam th\u00f4ng tin <a href=\"https:\/\/metropolevsech.eu\/cs\/obcane-eu-a-jejich-rodinni-prislusnici\/#schengen-cz\">t\u1ea1i \u0111\u00e2y.<\/a><\/p>\n<p><strong>B\u1ea1n l\u00e0 c\u00f4ng d\u00e2n n\u01b0\u1edbc th\u1ee9 ba v\u00e0 mu\u1ed1n \u0111i l\u1ea1i trong khu v\u1ef1c Schengen?<\/strong><\/p>\n<p>N\u1ebfu qu\u1ed1c gia c\u1ee7a b\u1ea1n kh\u00f4ng y\u00eau c\u1ea7u th\u1ecb th\u1ef1c v\u1edbi c\u00e1c n\u01b0\u1edbc thu\u1ed9c kh\u1ed1i Schengen th\u00ec b\u1ea1n c\u00f3 th\u1ec3 t\u1ef1 do \u0111i l\u1ea1i \u0111\u1ebfn c\u00e1c qu\u1ed1c gia \u0111\u00f3 m\u00e0 ch\u1ec9 c\u1ea7n c\u00f3 h\u1ed9 chi\u1ebfu h\u1ee3p l\u1ec7 v\u00e0 c\u01b0 tr\u00fa t\u1ea1i \u0111\u00f3 t\u1ed5ng c\u1ed9ng 90 ng\u00e0y trong v\u00f2ng 180 ng\u00e0y.<\/p>\n<p>N\u1ebfu b\u1ea1n c\u1ea7n th\u1ecb th\u1ef1c \u0111\u1ec3 v\u00e0o kh\u1ed1i Schengen, th\u1ecb th\u1ef1c ng\u1eafn h\u1ea1n (c\u00f2n g\u1ecdi l\u00e0 Schengen), th\u1ecb th\u1ef1c d\u00e0i h\u1ea1n do C\u1ed9ng h\u00f2a S\u00e9c c\u1ea5p, gi\u1ea5y ph\u00e9p c\u01b0 tr\u00fa d\u00e0i h\u1ea1n ho\u1eb7c gi\u1ea5y ph\u00e9p tr\u00fa v\u0129nh v\u00e0 gi\u1ea5y t\u1edd th\u00f4ng h\u00e0nh h\u1ee3p l\u1ec7 l\u00e0 \u0111\u1ee7. B\u1ea1n c\u00f3 th\u1ec3 c\u01b0 tr\u00fa t\u1ed1i \u0111a 90 ng\u00e0y trong v\u00f2ng 180 ng\u00e0y t\u1ea1i l\u00e3nh th\u1ed5 c\u00e1c qu\u1ed1c gia Schengen kh\u00e1c.<\/p>\n<div class=\"box-ok\"> N\u1ebfu b\u1ea1n l\u00e0 th\u00e0nh vi\u00ean gia \u0111\u00ecnh c\u1ee7a c\u00f4ng d\u00e2n EU, h\u00e3y \u0111\u1ecdc th\u00f4ng tin v\u1ec1 vi\u1ec7c \u0111i l\u1ea1i trong khu v\u1ef1c Schengen v\u00e0 Li\u00ean minh ch\u00e2u \u00c2u tr\u00ean <a href=\"https:\/\/ipc.gov.cz\/zivot-v-eu\/zivot-v-eu-obcane-evropske-unie\/cestovani-po-schengenu-obcane-eu\/?iqTabs=%7B%220%22%3A1%7D\">C\u1ed5ng th\u00f4ng tin ch\u00ednh th\u1ee9c d\u00e0nh cho ng\u01b0\u1eddi n\u01b0\u1edbc ngo\u00e0i c\u1ee7a B\u1ed9 N\u1ed9i v\u1ee5.<\/a> <\/div>\n<div class=\"box-ok\">H\u00e3y s\u1eed d\u1ee5ng <a href=\"\/\/ec.europa.eu\/assets\/home\/visa-calculator\/calculator.htm?lang=en\">c\u00e1i g\u1ecdi l\u00e0 m\u00e1y t\u00ednh Schengen<\/a> \u0111\u1ec3 t\u00ednh s\u1ed1 ng\u00e0y b\u1ea1n v\u1eabn c\u00f3 th\u1ec3 \u1edf l\u1ea1i khu v\u1ef1c Schengen.<\/div>\n<div class=\"box-ok\">\u0110\u1eebng qu\u00ean mua b\u1ea3o hi\u1ec3m du l\u1ecbch tr\u01b0\u1edbc khi \u0111i n\u01b0\u1edbc ngo\u00e0i \u0111\u1ec3 ph\u00f2ng tr\u01b0\u1eddng h\u1ee3p b\u1ea1n c\u1ea7n \u0111\u01b0\u1ee3c ch\u0103m s\u00f3c y t\u1ebf.<\/div>\n<p><strong>B\u1ea1n c\u00f3 \u0111ang \u0111i l\u1ea1i b\u00ean ngo\u00e0i khu v\u1ef1c Schengen kh\u00f4ng?<\/strong><\/p>\n<p>Trong tr\u01b0\u1eddng h\u1ee3p n\u00e0y, b\u1ea1n ph\u1ea3i ki\u1ec3m tra xem qu\u1ed1c gia b\u1ea1n sinh s\u1ed1ng c\u00f3 y\u00eau c\u1ea7u c\u1ea5p th\u1ecb th\u1ef1c v\u1edbi qu\u1ed1c gia \u0111\u00f3 hay kh\u00f4ng.<\/p>\n<p><strong>\u0110i l\u1ea1i c\u1ee7a ng\u01b0\u1eddi \u0111\u01b0\u1ee3c b\u1ea3o v\u1ec7 qu\u1ed1c t\u1ebf<\/strong><\/p>\n<p>N\u1ebfu b\u1ea1n \u0111\u00e3 \u0111\u01b0\u1ee3c c\u1ea5p t\u1ecb n\u1ea1n ho\u1eb7c b\u1ea3o v\u1ec7 b\u1ed5 sung t\u1ea1i C\u1ed9ng h\u00f2a S\u00e9c, b\u1ea1n kh\u00f4ng th\u1ec3 s\u1eed d\u1ee5ng h\u1ed9 chi\u1ebfu g\u1ed1c c\u1ee7a m\u00ecnh. \u0110\u1ec3 \u0111i du l\u1ecbch n\u01b0\u1edbc ngo\u00e0i, b\u1ea1n c\u00f3 th\u1ec3 n\u1ed9p \u0111\u01a1n xin <strong>gi\u1ea5y th\u00f4ng h\u00e0nh d\u00e0nh cho ng\u01b0\u1eddi t\u1ecb n\u1ea1n<\/strong> ho\u1eb7c <strong>h\u1ed9 chi\u1ebfu n\u01b0\u1edbc ngo\u00e0i<\/strong> t\u1ea1i v\u0103n ph\u00f2ng c\u1ee7a C\u1ee5c ch\u00ednh s\u00e1ch t\u1ecb n\u1ea1n v\u00e0 di d\u00e2n. B\u1ea1n c\u00f3 th\u1ec3 \u0111i du l\u1ecbch trong th\u1eddi gian ng\u1eafn v\u1edbi gi\u1ea5y t\u1edd n\u00e0y. <strong>Vi\u1ec7c c\u1ea5p t\u1ecb n\u1ea1n kh\u00f4ng h\u1ee7y b\u1ecf b\u1ea5t k\u1ef3 l\u1ec7nh b\u1eaft gi\u1eef qu\u1ed1c t\u1ebf n\u00e0o, v\u00ec v\u1eady n\u1ebfu b\u1ea1n b\u1ecb ban h\u00e0nh l\u1ec7nh n\u00e0y, ch\u00fang t\u00f4i khuy\u00ean b\u1ea1n n\u00ean c\u00e2n nh\u1eafc c\u1ea9n th\u1eadn b\u1ea5t k\u1ef3 chuy\u1ebfn \u0111i n\u00e0o ra kh\u1ecfi C\u1ed9ng h\u00f2a S\u00e9c<\/strong>. B\u1ed9 N\u1ed9i v\u1ee5 C\u1ed9ng h\u00f2a S\u00e9c s\u1ebd cung c\u1ea5p cho b\u1ea1n th\u00f4ng tin chi ti\u1ebft h\u01a1n.<\/p>\n<p style=\"text-align: right;\">C\u1eadp nh\u1eadt l\u1ea7n cu\u1ed1i: 4 th\u00e1ng 3 n\u0103m 2025<\/p>\n<p><\/p>","protected":false},"excerpt":{"rendered":"<p>\u0110i l\u1ea1i c\u1ee7a ng\u01b0\u1eddi n\u01b0\u1edbc ngo\u00e0i \u0111\u1ebfn khu v\u1ef1c Schengen Khu v\u1ef1c Schengen l\u00e0 m\u1ed9t l\u00e3nh th\u1ed5 kh\u00f4ng c\u00f3 bi\u00ean gi\u1edbi n\u1ed9i b\u1ed9, n\u01a1i b\u1ea1n c\u00f3 th\u1ec3 t\u1ef1 do di chuy\u1ec3n, tr\u1eeb m\u1ed9t s\u1ed1 tr\u01b0\u1eddng h\u1ee3p ngo\u1ea1i l\u1ec7. B\u1ea1n c\u00f3&#8230;<\/p>\n<a class=\"more-block\" href=\"https:\/\/metropolevsech.eu\/vi\/potrebuji-resit\/pobyt-na-uzemi-ceske-republiky\/cestovani\/\">\u0110\u1ecdc th\u00eam<\/a>","protected":false},"author":7,"featured_media":0,"parent":554,"menu_order":3,"comment_status":"closed","ping_status":"closed","template":"","meta":[],"acf":[],"_links":{"self":[{"href":"https:\/\/metropolevsech.eu\/vi\/wp-json\/wp\/v2\/pages\/561"}],"collection":[{"href":"https:\/\/metropolevsech.eu\/vi\/wp-json\/wp\/v2\/pages"}],"about":[{"href":"https:\/\/metropolevsech.eu\/vi\/wp-json\/wp\/v2\/types\/page"}],"author":[{"embeddable":true,"href":"https:\/\/metropolevsech.eu\/vi\/wp-json\/wp\/v2\/users\/7"}],"replies":[{"embeddable":true,"href":"https:\/\/metropolevsech.eu\/vi\/wp-json\/wp\/v2\/comments?post=561"}],"version-history":[{"count":23,"href":"https:\/\/metropolevsech.eu\/vi\/wp-json\/wp\/v2\/pages\/561\/revisions"}],"predecessor-version":[{"id":22394,"href":"https:\/\/metropolevsech.eu\/vi\/wp-json\/wp\/v2\/pages\/561\/revisions\/22394"}],"up":[{"embeddable":true,"href":"https:\/\/metropolevsech.eu\/vi\/wp-json\/wp\/v2\/pages\/554"}],"wp:attachment":[{"href":"https:\/\/metropolevsech.eu\/vi\/wp-json\/wp\/v2\/media?parent=561"}],"curies":[{"name":"wp","href":"https:\/\/api.w.org\/{rel}","templated":true}]}}