{"id":564,"date":"2017-01-01T11:13:35","date_gmt":"2017-01-01T10:13:35","guid":{"rendered":"https:\/\/metropolevsech.eu\/?page_id=564"},"modified":"2025-04-01T19:18:16","modified_gmt":"2025-04-01T17:18:16","slug":"navsteva","status":"publish","type":"page","link":"https:\/\/metropolevsech.eu\/vi\/potrebuji-resit\/pobyt-na-uzemi-ceske-republiky\/navsteva\/","title":{"rendered":"Th\u0103m th\u00e2n c\u1ee7a ng\u01b0\u1eddi n\u01b0\u1edbc ngo\u00e0i t\u1ea1i CH S\u00e9c"},"content":{"rendered":"<p><\/p>\n<h4><a href=\"https:\/\/ipc.gov.cz\/typy-viz-a-pobytu\/obcane-tretich-zemi\/kratkodobe-a-bezvizove-pobyty\/schengenske-kratkodobe-vizum-do-90-dnu\/\">Th\u1ecb th\u1ef1c ng\u1eafn h\u1ea1n<\/a><\/h4>\n<p>B\u1ea1n mu\u1ed1n m\u1eddi ng\u01b0\u1eddi th\u00e2n hay ng\u01b0\u1eddi b\u1ea1n sang ch\u01a1i? <span style=\"font-weight: 400;\">Th\u00ec b\u1ea1n ph\u1ea3i l\u00e0m th\u1ee7 t\u1ee5c xin\u00a0 (trong tr\u01b0\u1eddng h\u1ee3p c\u00f3 ngh\u0129a v\u1ee5 th\u1ecb th\u1ef1c t\u1eeb \u0111\u1ea5t n\u01b0\u1edbc c\u1ee7a h\u1ecd ) th\u1ecb th\u1ef1c c\u01b0 tr\u00fa ng\u1eafn h\u1ea1n \u0111\u1ebfn C\u1ed9ng h\u00f2a S\u00e9c. B\u1ea1n c\u1ea7n ph\u1ea3i l\u00e0m cho ng\u01b0\u1eddi th\u00e2n c\u00e1i g\u1ecdi l\u00e0 gi\u1ea5y m\u1eddi th\u0103m th\u00e2n cho ng\u01b0\u1eddi n\u01b0\u1edbc ngo\u00e0i t\u1ea1i ph\u00f2ng c\u1ea3nh s\u00e1t ngo\u1ea1i ki\u1ec1u \u1edf C\u1ed9ng h\u00f2a S\u00e9c, sau \u0111\u00f3 ng\u01b0\u1eddi th\u00e2n c\u1ee7a b\u1ea1n s\u1ebd n\u1ed9p gi\u1ea5y n\u00e0y c\u00f9ng \u0111\u01a1n xin th\u1ecb th\u1ef1c c\u1ee7a m\u00ecnh t\u1ea1i \u0111\u1ea1i s\u1ee9 qu\u00e1n C\u1ed9ng h\u00f2a S\u00e9c \u1edf n\u01b0\u1edbc ngo\u00e0i.<\/span><\/p>\n<ul class=\"bullet-links\">\n<li>B\u1ea1n c\u00f3 th\u1ec3 t\u00ecm th\u1ea5y t\u1ea5t c\u1ea3 c\u00e1c th\u00f4ng tin quan tr\u1ecdng tr\u00ean <a href=\"\/\/www.policie.cz\/clanek\/informace-pro-pobyt-cizincu-pozvani-k-navsteve-cr.aspx\">trang web c\u1ee7a C\u1ea3nh s\u00e1t ngo\u1ea1i ki\u1ec1u.\u00a0<\/a>B\u1ea1n c\u00f3 th\u1ec3 t\u00ecm hi\u1ec3u quy tr\u00ecnh c\u01a1 b\u1ea3n t<a href=\"https:\/\/policie.gov.cz\/soubor\/letacek-epozvani-pdf.aspx\">rong t\u1edd r\u01a1i \u0111\u00ednh k\u00e8m<\/a> b\u1eb1ng ti\u1ebfng S\u00e9c v\u00e0 ti\u1ebfng Anh.<\/li>\n<\/ul>\n<h4><a href=\"https:\/\/ipc.gov.cz\/typy-viz-a-pobytu\/obcane-tretich-zemi\/dlouhodoba-viza\/dlouhodobe-vizum-za-ucelem-rodinnym\/\">Th\u1ecb th\u1ef1c d\u00e0i h\u1ea1n v\u1edbi m\u1ee5c \u0111\u00edch gia \u0111\u00ecnh t\u1ea1i CH S\u00e9c<\/a><\/h4>\n<p>Th\u00e0nh vi\u00ean gia \u0111\u00ecnh c\u1ee7a b\u1ea1n c\u00f3 th\u1ec3 theo lu\u1eadt c\u01b0 tr\u00fa c\u1ee7a ng\u01b0\u1eddi n\u01b0\u1edbc ngo\u00e0i \u0111\u1ebfn C\u1ed9ng h\u00f2a S\u00e9c b\u1eb1ng th\u1ecb th\u1ef1c d\u00e0i h\u1ea1n v\u1edbi m\u1ee5c \u0111\u00edch gia \u0111\u00ecnh \u0111\u01b0\u1ee3c c\u1ea5p t\u1eeb B\u1ed9 N\u1ed9i v\u1ee5 CH S\u00e9c cho th\u1eddi gian d\u00e0i nh\u1ea5t l\u00e0 m\u1ed9t n\u0103m. \u0110\u01a1n xin \u0111\u01b0\u1ee3c n\u1ed9p \u1edf c\u01a1 quan \u0111\u1ea1i di\u1ec7n C\u1ed9ng h\u00f2a S\u00e9c t\u1ea1i n\u01b0\u1edbc ngo\u00e0i. H\u1ea1n gi\u1ea3i quy\u1ebft l\u00e0 90 \u0111\u1ebfn 120 ng\u00e0y. Sau khi ng\u01b0\u1eddi n\u01b0\u1edbc ngo\u00e0i \u0111\u1ebfn S\u00e9c c\u00f3 th\u1ec3 xin c\u01b0 tr\u00fa d\u00e0i h\u1ea1n v\u1edbi m\u1ee5c \u0111\u00edch \u0111o\u00e0n t\u1ee5 gia \u0111\u00ecnh.<\/p>\n<h4><a href=\"https:\/\/ipc.gov.cz\/typy-viz-a-pobytu\/obcane-tretich-zemi\/dlouhodobe-pobyty\/povoleni-k-dlouhodobemu-pobytu-za-ucelem-spolecneho-souziti-rodiny\/\"><strong>C\u01b0 tr\u00fa d\u00e0i h\u1ea1n v\u1edbi m\u1ee5c \u0111\u00edch \u0111o\u00e0n t\u1ee5 gia \u0111\u00ecnh t\u1ea1i C\u1ed9ng h\u00f2a S\u00e9c<\/strong><\/a><\/h4>\n<div class=\"box-ok\">B\u1ea1n c\u0169ng c\u00f3 th\u1ec3 tr\u1ef1c ti\u1ebfp n\u1ed9p \u0111\u01a1n xin gi\u1ea5y ph\u00e9p c\u01b0 tr\u00fa d\u00e0i h\u1ea1n &#8220;v\u1edbi m\u1ee5c \u0111\u00edch \u0111o\u00e0n t\u1ee5 gia \u0111\u00ecnh&#8221; t\u1ea1i C\u1ed9ng h\u00f2a S\u00e9c. Tuy nhi\u00ean, c\u00e1c th\u00e0nh vi\u00ean gia \u0111\u00ecnh c\u1ee7a b\u1ea1n ch\u1ec9 c\u00f3 th\u1ec3 n\u1ed9p \u0111\u01a1n n\u00e0y t\u1edbi \u0111\u1ea1i s\u1ee9 qu\u00e1n S\u00e9c sau 15 th\u00e1ng c\u01b0 tr\u00fa c\u1ee7a b\u1ea1n t\u1ea1i C\u1ed9ng h\u00f2a S\u00e9c v\u00e0 th\u1eddi gian x\u1eed l\u00fd l\u00ean t\u1edbi 270 ng\u00e0y.<\/div>\n<p style=\"text-align: right;\">C\u1eadp nh\u1eadt l\u1ea7n cu\u1ed1i: 4 th\u00e1ng 3 n\u0103m 2025<\/p>\n<p><\/p>","protected":false},"excerpt":{"rendered":"<p>Th\u1ecb th\u1ef1c ng\u1eafn h\u1ea1n B\u1ea1n mu\u1ed1n m\u1eddi ng\u01b0\u1eddi th\u00e2n hay ng\u01b0\u1eddi b\u1ea1n sang ch\u01a1i? Th\u00ec b\u1ea1n ph\u1ea3i l\u00e0m th\u1ee7 t\u1ee5c xin\u00a0 (trong tr\u01b0\u1eddng h\u1ee3p c\u00f3 ngh\u0129a v\u1ee5 th\u1ecb th\u1ef1c t\u1eeb \u0111\u1ea5t n\u01b0\u1edbc c\u1ee7a h\u1ecd ) th\u1ecb th\u1ef1c c\u01b0 tr\u00fa ng\u1eafn&#8230;<\/p>\n<a class=\"more-block\" href=\"https:\/\/metropolevsech.eu\/vi\/potrebuji-resit\/pobyt-na-uzemi-ceske-republiky\/navsteva\/\">\u0110\u1ecdc th\u00eam<\/a>","protected":false},"author":7,"featured_media":0,"parent":554,"menu_order":4,"comment_status":"closed","ping_status":"closed","template":"","meta":[],"acf":[],"_links":{"self":[{"href":"https:\/\/metropolevsech.eu\/vi\/wp-json\/wp\/v2\/pages\/564"}],"collection":[{"href":"https:\/\/metropolevsech.eu\/vi\/wp-json\/wp\/v2\/pages"}],"about":[{"href":"https:\/\/metropolevsech.eu\/vi\/wp-json\/wp\/v2\/types\/page"}],"author":[{"embeddable":true,"href":"https:\/\/metropolevsech.eu\/vi\/wp-json\/wp\/v2\/users\/7"}],"replies":[{"embeddable":true,"href":"https:\/\/metropolevsech.eu\/vi\/wp-json\/wp\/v2\/comments?post=564"}],"version-history":[{"count":23,"href":"https:\/\/metropolevsech.eu\/vi\/wp-json\/wp\/v2\/pages\/564\/revisions"}],"predecessor-version":[{"id":22404,"href":"https:\/\/metropolevsech.eu\/vi\/wp-json\/wp\/v2\/pages\/564\/revisions\/22404"}],"up":[{"embeddable":true,"href":"https:\/\/metropolevsech.eu\/vi\/wp-json\/wp\/v2\/pages\/554"}],"wp:attachment":[{"href":"https:\/\/metropolevsech.eu\/vi\/wp-json\/wp\/v2\/media?parent=564"}],"curies":[{"name":"wp","href":"https:\/\/api.w.org\/{rel}","templated":true}]}}