{"id":568,"date":"2017-01-01T11:18:34","date_gmt":"2017-01-01T10:18:34","guid":{"rendered":"https:\/\/metropolevsech.eu\/?page_id=568"},"modified":"2026-02-01T18:40:55","modified_gmt":"2026-02-01T17:40:55","slug":"kam-se-obratit-uzitecne-odkazy-a-kontakty","status":"publish","type":"page","link":"https:\/\/metropolevsech.eu\/vi\/potrebuji-resit\/pobyt-na-uzemi-ceske-republiky\/kam-se-obratit-uzitecne-odkazy-a-kontakty\/","title":{"rendered":"C\u00e1c li\u00ean k\u1ebft v\u00e0 th\u00f4ng tin li\u00ean h\u1ec7 h\u1eefu \u00edch"},"content":{"rendered":"<p><div class=\"box-fixa\"><em>B\u1ea1n c\u1ea7n nhi\u1ec1u th\u00f4ng tin h\u01a1n? H\u00e3y lu\u00f4n lu\u00f4n d\u1ef1a v\u00e0o c\u00e1c ngu\u1ed3n tin tin c\u1eady v\u00e0 th\u00f4ng tin ch\u00ednh th\u1ee9c m\u00e0 th\u00f4i!<\/em><\/div><\/p>\n<h3><strong>Trang web<\/strong><\/h3>\n<ul class=\"bullet-links\">\n<li><a href=\"\/\/www.cizinci.cz\">C\u1ed5ng \u0111i\u1ec7n t\u1eed c\u1ee7a B\u1ed9 Lao \u0111\u1ed9ng v\u00e0 X\u00e3 H\u1ed9i v\u00e0 B\u1ed9 N\u1ed9i v\u1ee5 CH S\u00e9c<\/a><\/li>\n<li>Th\u00f4ng tin d\u00e0nh cho ng\u01b0\u1eddi n\u01b0\u1edbc ngo\u00e0i (ngo\u00e0i ti\u1ebfng S\u00e9c ra c\u00f3 c\u1ea3 ti\u1ebfng Anh) tr\u00ean <a href=\"\/\/www.mvcr.cz\/clanek\/sluzby-pro-verejnost-informace-pro-cizince-informace-pro-cizince.aspx\">trang web c\u1ee7a B\u1ed9 N\u1ed9i v\u1ee5<\/a><\/li>\n<li>\u0110\u01b0\u1eddng d\u00e2y \u0111i\u1ec7n tho\u1ea1i v\u00e0 e-mail B\u1ed9 N\u1ed9i v\u1ee5 CH S\u00e9c<\/li>\n<li>\u0110\u01b0\u1eddng d\u00e2y \u0111i\u1ec7n tho\u1ea1i h\u1ed7 tr\u1ee3 th\u00f4ng tin danh cho ng\u01b0\u1eddi n\u01b0\u1edbc ngo\u00e0i b\u1eb1ng ti\u1ebfng M\u00f4ng C\u1ed5, ti\u1ebfng Ukraina v\u00e0 ti\u1ebfng Vi\u1ec7 Nam<\/li>\n<li>\u0110\u01b0\u1eddng d\u00e2y SOS La Strada gi\u00fap \u0111\u1ee1 nh\u1eefng ng\u01b0\u1eddi b\u1ecb bu\u00f4n b\u00e1n v\u00e0 b\u00f3c l\u1ed9t<\/li>\n<li>\u0110\u01b0\u1eddng d\u00e2y ch\u1ed1ng tham nh\u0169ng d\u00e0nh cho ng\u01b0\u1eddi n\u01b0\u1edbc ngo\u00e0i<\/li>\n<\/ul>\n<h3><b>\u0110\u01b0\u1eddng d\u00e2y \u0111i\u1ec7n tho\u1ea1i v\u00e0 e-mail c\u1ee7a B\u1ed9 N\u1ed9i v\u1ee5 C\u1ed9ng h\u00f2a S\u00e9c<\/b><\/h3>\n<p>\u0111i\u1ec7n tho\u1ea1i: +420 <b>974\u00a0801\u00a0801<\/b><\/p>\n<p>Ch\u1ec9 li\u00ean h\u1ec7 v\u1edbi OAMP c\u1ee7a B\u1ed9 N\u1ed9i v\u1ee5 C\u1ed9ng h\u00f2a S\u00e9c \u0111\u1ed1i v\u1edbi ng\u01b0\u1eddi n\u01b0\u1edbc ngo\u00e0i trong tr\u01b0\u1eddng h\u1ee3p tr\u01b0\u1edbc \u0111\u00f3 b\u1ea1n ch\u01b0a t\u00ecm th\u1ea5y c\u00e2u tr\u1ea3 l\u1eddi tr\u00ean trang web c\u1ee7a B\u1ed9 N\u1ed9i v\u1ee5 C\u1ed9ng h\u00f2a S\u00e9c d\u00e0nh cho ng\u01b0\u1eddi n\u01b0\u1edbc ngo\u00e0i.<\/p>\n<p>S\u1eed d\u1ee5ng \u0111\u01b0\u1eddng d\u00e2y \u0111i\u1ec7n tho\u1ea1i n\u1ebfu:<\/p>\n<ul class=\"bullet\">\n<li>b\u1ea1n c\u00f3 m\u1ed9t c\u00e2u h\u1ecfi chung v\u1ec1 c\u00e1c v\u1ea5n \u0111\u1ec1 nh\u1eadp c\u01b0<\/li>\n<li>b\u1ea1n kh\u00f4ng bi\u1ebft chi ti\u1ebft\u00a0 \u0111\u01a1n c\u01b0 tr\u00fa<\/li>\n<li>b\u1ea1n kh\u00f4ng ch\u1eafc ph\u1ea3i ti\u1ebfn h\u00e0nh nh\u01b0 th\u1ebf n\u00e0o trong c\u00e1c v\u1ea5n \u0111\u1ec1 c\u01b0 tr\u00fa ho\u1eb7c li\u00ean h\u1ec7 v\u1edbi v\u0103n ph\u00f2ng l\u00e0m vi\u1ec7c n\u00e0o.<\/li>\n<li>\u0110\u01b0\u1eddng d\u00e2y \u0111ang ho\u1ea1t \u0111\u1ed9ng b\u1eb1ng ti\u1ebfng S\u00e9c v\u00e0 ti\u1ebfng Anh t\u1eeb th\u1ee9 hai \u0111\u1ebfn th\u1ee9 n\u0103m, t\u1eeb 08:00 \u0111\u1ebfn 16:00 v\u00e0 th\u1ee9 s\u00e1u t\u1eeb 09:00 \u0111\u1ebfn 12:00.<\/li>\n<\/ul>\n<p><b><i>B\u1ea1n c\u0169ng c\u00f3 th\u1ec3 g\u1eedi c\u00e2u h\u1ecfi c\u1ee7a m\u00ecnh qua e-mail: zostty@mvcr.cz<\/i><\/b><\/p>\n<p>B\u1ea1n c\u00f3 th\u1ec3 t\u00ecm th\u00eam th\u00f4ng tin v\u1ec1 \u0111\u01b0\u1eddng d\u00e2y \u0111i\u1ec7n tho\u1ea1i <a href=\"\/\/www.mvcr.cz\/clanek\/infolinka-oamp-mv.aspx\">tr\u00ean trang web c\u1ee7a B\u1ed9 N\u1ed9i v\u1ee5 C\u1ed9ng h\u00f2a S\u00e9c.<\/a><br \/>\n<div class=\"box-ok\"><br \/>\n<em><strong>H\u00e3y s\u1eed d\u1ee5ng s\u1ef1 gi\u00fap \u0111\u1ee1 mi\u1ec5n ph\u00ed!<\/strong><\/em><\/p>\n<p><em>B\u1ea1n c\u00f3 kh\u00fac m\u1eafc v\u1edbi c\u01b0 tr\u00fa c\u1ee7a m\u00ecnh? B\u1ea1n c\u1ea7n t\u01b0 v\u1ea5n? B\u1ea1n c\u00f3 th\u1ec3 t\u00ecm g\u1eb7p c\u00e1c <strong>trung t\u00e2m h\u1ed9i nh\u1eadp v\u00e0 t\u1ed5 ch\u1ee9c phi l\u1ee3i nhu\u1eadn phi ch\u00ednh ph\u1ee7<\/strong>, n\u01a1i th\u01b0\u1eddng cung c\u1ea5p s\u1ef1 gi\u00fap \u0111\u1ee1 v\u00e0 t\u01b0 v\u1ea5n x\u00e3 h\u1ed9i, ph\u00e1p l\u00fd v\u00e0 c\u00e1c l\u0129nh v\u1ef1c kh\u00e1c mi\u1ec5n ph\u00ed.<\/em><\/p>\n<p><span style=\"font-weight: 400;\">M\u1eb9o: H\u00e3y theo d\u00f5i c\u00e1c trang web v\u00e0 m\u1ea1ng x\u00e3 h\u1ed9i c\u1ee7a c\u00e1c trung t\u00e2m h\u1ed9i nh\u1eadp v\u00e0 c\u00e1c t\u1ed5 ch\u1ee9c phi l\u1ee3i nhu\u1eadn \u1edf C\u1ed9ng h\u00f2a S\u00e9c. H\u1ecd c\u00f3 th\u00f4ng tin v\u1ec1\u00a0 c\u00e1c s\u1ef1 ki\u1ec7n hi\u1ec7n t\u1ea1i v\u00e0 nh\u1eefng thay \u0111\u1ed5i trong lu\u1eadt ph\u00e1p b\u1eb1ng ti\u1ebfng n\u01b0\u1edbc ngo\u00e0i v\u00e0 ng\u00f4n ng\u1eef m\u00e0 b\u1ea1n s\u1ebd hi\u1ec3u nh\u01b0 m\u1ed9t ng\u01b0\u1eddi n\u01b0\u1edbc ngo\u00e0i. T\u1ea5t c\u1ea3 c\u00e1c t\u1ed5 ch\u1ee9c n\u00e0y c\u0169ng c\u00f3 nh\u1eefng ng\u01b0\u1eddi n\u01b0\u1edbc ngo\u00e0i l\u00e0m vi\u1ec7c, nh\u1eefng ng\u01b0\u1eddi c\u00f3 nhi\u1ec1u n\u0103m kinh nghi\u1ec7m trong l\u0129nh v\u1ef1c h\u1ed9i nh\u1eadp c\u1ee7a ng\u01b0\u1eddi n\u01b0\u1edbc ngo\u00e0i t\u1ea1i C\u1ed9ng h\u00f2a S\u00e9c.<\/span><\/div><\/p>\n<h3><strong>\u0110\u01b0\u1eddng d\u00e2y \u0111i\u1ec7n tho\u1ea1i h\u1ed7 tr\u1ee3 th\u00f4ng tin d\u00e0nh cho ng\u01b0\u1eddi n\u01b0\u1edbc ngo\u00e0i Charita C\u1ed9ng h\u00f2a S\u00e9c<\/strong><\/h3>\n<p>B\u1ea1n c\u0169ng c\u00f3 th\u1ec3 s\u1eed d\u1ee5ng \u0111\u01b0\u1eddng d\u00e2y \u0111i\u1ec7n tho\u1ea1i h\u1ed7 tr\u1ee3 b\u1eb1ng ti\u1ebfng M\u00f4ng C\u1ed5, Ukraina v\u00e0 Vi\u1ec7t Nam.\u00a0<span style=\"font-weight: 400;\">B\u1ea1n c\u00f3 th\u1ec3 li\u00ean h\u1ec7 v\u1edbi \u0111\u01b0\u1eddng d\u00e2y trong gi\u1edd l\u00e0m vi\u1ec7c qua \u0111i\u1ec7n tho\u1ea1i ho\u1eb7c e-mail. D\u1ecbch v\u1ee5 \u1ea9n danh v\u00e0 mi\u1ec5n ph\u00ed, ch\u1ec9 tr\u1ea3 gi\u00e1 cu\u1ed9c g\u1ecdi theo gi\u00e1 c\u01b0\u1edbc c\u1ee7a t\u1ed5ng \u0111\u00e0i. Nh\u00e2n vi\u00ean t\u1ed5ng \u0111\u00e0i s\u1ebd gi\u00fap b\u1ea1n trong nh\u1eefng vi\u1ec7c sau:<\/span><\/p>\n<ul>\n<li><span style=\"font-weight: 400;\"> cung c\u1ea5p th\u00f4ng tin li\u00ean quan \u0111\u1ebfn vi\u1ec7c c\u01b0 tr\u00fa c\u1ee7a ng\u01b0\u1eddi n\u01b0\u1edbc ngo\u00e0i t\u1ea1i C\u1ed9ng h\u00f2a S\u00e9c;<\/span><\/li>\n<li><span style=\"font-weight: 400;\"> tr\u1ea3 l\u1eddi c\u00e1c c\u00e2u h\u1ecfi v\u1ec1 vi\u1ec7c l\u00e0m, h\u1ec7 th\u1ed1ng d\u1ecbch v\u1ee5 x\u00e3 h\u1ed9i, y t\u1ebf v\u00e0 gi\u00e1o d\u1ee5c;<\/span><\/li>\n<li><span style=\"font-weight: 400;\"> cung c\u1ea5p cho b\u1ea1n th\u00f4ng tin v\u00e0 h\u1ed7 tr\u1ee3 t\u00e2m l\u00fd x\u00e3 h\u1ed9i \u0111\u1ec3 \u0111\u1ed1i ph\u00f3 v\u1edbi c\u00e1c t\u00ecnh hu\u1ed1ng kh\u00f3 kh\u0103n trong cu\u1ed9c s\u1ed1ng;<\/span><\/li>\n<li><span style=\"font-weight: 400;\"> c\u00f3 th\u1ec3 gi\u00fap \u0111\u1ee1 b\u1eb1ng c\u00e1ch \u0111i\u1ec1n v\u00e0o c\u00e1c m\u1eabu \u0111\u01a1n ch\u00ednh th\u1ee9c qua \u0111i\u1ec7n tho\u1ea1i;<\/span><\/li>\n<li><span style=\"font-weight: 400;\"> cung c\u1ea5p d\u1ecbch thu\u1eadt trong c\u00e1c tr\u01b0\u1eddng h\u1ee3p li\u00ean quan \u0111\u1ebfn c\u00e1c ch\u1ee7 \u0111\u1ec1 \u0111\u00e3 \u0111\u01b0\u1ee3c \u0111\u1ec1 c\u1eadp.<\/span><\/li>\n<\/ul>\n<h4><a href=\"\/\/www.charita.cz\/jak-pomahame\/doma\/integrace-cizincu\/infolinka-v-mongolstine\/\">\u0110\u01b0\u1eddng d\u00e2y \u0111i\u1ec7n tho\u1ea1i h\u1ed7 tr\u1ee3 th\u00f4ng tin b\u1eb1ng ti\u1ebfng M\u00f4ng C\u1ed5 v\u00e0 ti\u1ebfng S\u00e9c <\/a><\/h4>\n<ul>\n<li><span style=\"font-weight: 400;\"><strong>S\u1ed1 \u0111i\u1ec7n tho\u1ea1i:<\/strong> +420 733 676 667<\/span><\/li>\n<li><span style=\"font-weight: 400;\"><strong>Email:<\/strong> mongol.info@charita.cz<\/span><\/li>\n<li><span style=\"font-weight: 400;\"><strong>Gi\u1edd l\u00e0m vi\u1ec7c:<\/strong> th\u1ee9 hai v\u00e0 th\u1ee9 t\u01b0: 9-11 gi\u1edd v\u00e0 14-16 gi\u1edd<\/span><\/li>\n<\/ul>\n<h4><strong>\u0110\u01b0\u1eddng d\u00e2y \u0111i\u1ec7n tho\u1ea1i h\u1ed7 tr\u1ee3 th\u00f4ng tin b\u1eb1ng ti\u1ebfng Ukraina v\u00e0 ti\u1ebfng S\u00e9c<\/strong><\/h4>\n<ul>\n<li><strong>S\u1ed1 \u0111i\u1ec7n tho\u1ea1i<\/strong>: +420 731 432 431<\/li>\n<li><strong>Email:<\/strong> ukraina.info@charita.cz<\/li>\n<li><strong>Gi\u1edd l\u00e0m vi\u1ec7c<\/strong>: th\u1ee9 hai, th\u1ee9 t\u01b0 v\u00e0 th\u1ee9 s\u00e1u: 9-12h v\u00e0 14-17h<\/li>\n<\/ul>\n<h4>\u0110\u01b0\u1eddng d\u00e2y \u0111i\u1ec7n tho\u1ea1i h\u1ed7 tr\u1ee3 th\u00f4ng tin b\u1eb1ng ti\u1ebfng Vi\u1ec7t Nam v\u00e0 ti\u1ebfng S\u00e9c<\/h4>\n<ul>\n<li><strong>S\u1ed1 \u0111i\u1ec7n tho\u1ea1i:<\/strong> +420 605 999 969<\/li>\n<li><strong>Email:<\/strong> vietnam.info@charita.cz<\/li>\n<li><strong>Gi\u1edd l\u00e0m vi\u1ec7c:<\/strong> th\u1ee9 hai, th\u1ee9 t\u01b0 v\u00e0 th\u1ee9 s\u00e1u: 9-12 v\u00e0 14-17<\/li>\n<\/ul>\n<h4>\u0110\u01b0\u1eddng d\u00e2y SOS La Strada gi\u00fap \u0111\u1ee1 n\u1ea1n nh\u00e2n bu\u00f4n b\u00e1n ng\u01b0\u1eddi v\u00e0 b\u1ecb b\u00f3c l\u1ed9t lao \u0111\u1ed9ng<\/h4>\n<p>\u0110\u01b0\u1eddng d\u00e2y La Strada SOS ch\u1ee7 y\u1ebfu d\u00e0nh cho nh\u1eefng ng\u01b0\u1eddi b\u1ecb bu\u00f4n b\u00e1n v\u00e0 b\u00f3c l\u1ed9t. T\u1ea1i \u0111\u00e2y ch\u00fang t\u00f4i cung c\u1ea5p cho h\u1ecd th\u00f4ng tin v\u1ec1 quy\u1ec1n c\u1ee7a h\u1ecd v\u00e0 kh\u1ea3 n\u0103ng gi\u1ea3i quy\u1ebft t\u00ecnh hu\u1ed1ng c\u1ee7a h\u1ecd.<\/p>\n<p>\u0110i\u1ec1u sau c\u00f3 x\u1ea3y ra v\u1edbi b\u1ea1n ho\u1eb7c ai \u0111\u00f3 xung quanh b\u1ea1n kh\u00f4ng ?<\/p>\n<ul class=\"bullet\">\n<li>H\u1ecd c\u00f3 b\u1eaft b\u1ea1n l\u00e0m vi\u1ec7c m\u00e0 b\u1ea1n kh\u00f4ng mu\u1ed1n l\u00e0m kh\u00f4ng?<\/li>\n<li>B\u1ea1n c\u00f3 l\u00e0m vi\u1ec7c trong \u0111i\u1ec1u ki\u1ec7n kh\u00f4ng \u0111\u1ee7 ti\u00eau chu\u1ea9n?<\/li>\n<li>H\u1ecd \u0111\u00e3 l\u1ea5y gi\u1ea5y t\u1edd t\u00f9y th\u00e2n c\u1ee7a b\u1ea1n?<\/li>\n<li>B\u1ea1n kh\u00f4ng \u0111\u01b0\u1ee3c tr\u1ea3 ti\u1ec1n cho c\u00f4ng vi\u1ec7c \u0111\u00e3 l\u00e0m?<\/li>\n<li>H\u1ecd c\u00f3 ki\u1ec3m tra vi\u1ec7c \u0111i l\u1ea1i kh\u00f4ng?<\/li>\n<li>H\u1ecd c\u00f3 l\u00e0m t\u1ed5n th\u01b0\u01a1ng b\u1ea1n kh\u00f4ng?<\/li>\n<li>H\u1ecd \u0111\u00e3 l\u1eeba d\u1ed1i b\u1ea1n?<\/li>\n<li>H\u1ecd c\u00f3 \u0111e d\u1ecda b\u1ea1n?<\/li>\n<li>Ch\u1ee7 lao \u0111\u1ed9ng c\u1ee7a b\u1ea1n \u0111\u00e3 sa th\u1ea3i b\u1ea1n m\u1ed9t c\u00e1ch v\u00f4 c\u1edb,<br \/>\nB\u1ea1n c\u1ea7n gi\u00fap \u0111\u1ee1 trong vi\u1ec7c giao ti\u1ebfp v\u1edbi c\u00e1c c\u01a1 quan ch\u1ee9c n\u0103ng, b\u1edfi v\u00ec nh\u1eefng l\u00fd do tr\u00ean, b\u1ea1n ph\u1ea3i s\u1ed1ng t\u1ea1i S\u00e9c b\u1ea5t h\u1ee3p ph\u00e1p?<\/li>\n<\/ul>\n<p>N\u1ebfu b\u1ea1n \u0111\u00e3 tr\u1ea3 l\u1eddi \u00edt nh\u1ea5t ba l\u1ea7n, th\u00ec kh\u1ea3 n\u0103ng b\u1ea1n ho\u1eb7c ng\u01b0\u1eddi th\u00e2n c\u1eadn c\u1ee7a b\u1ea1n c\u00f3 th\u1ec3 \u0111\u00e3 l\u00e0 n\u1ea1n nh\u00e2n c\u1ee7a t\u1ed9i ph\u1ea1m bu\u00f4n b\u00e1n ng\u01b0\u1eddi ho\u1eb7c b\u1ea1n c\u00f3 nguy c\u01a1 b\u1ecb bu\u00f4n b\u00e1n v\u00e0 b\u1ecb b\u00f3c l\u1ed9t. Trong tr\u01b0\u1eddng h\u1ee3p n\u00e0y, b\u1ea1n c\u00f3 th\u1ec3 s\u1eed d\u1ee5ng c\u00e1c d\u1ecbch v\u1ee5 x\u00e3 h\u1ed9i c\u1ee7a La Strada CH S\u00e9c.<\/p>\n<p><strong>Gi\u1edd l\u00e0m vi\u1ec7c c\u1ee7a \u0111\u01b0\u1eddng d\u00e2y:<\/strong><br \/>\n(+420) 222 71 71 71<br \/>\n800 07 77 77 (cu\u1ed9c g\u1ecdi mi\u1ec5n ph\u00ed)<\/p>\n<p><strong>E-mail t\u01b0 v\u1ea5n: pomoc@strada.cz<\/strong><br \/>\nTh\u00f4ng tin th\u00eam c\u00f3 th\u1ec3 \u0111\u01b0\u1ee3c t\u00ecm th\u1ea5y <a href=\"\/\/www.strada.cz\/cz\/sos-linka-la-strada\">tr\u00ean trang web La Strada.<\/a><\/p>\n<h4>\u0110\u01b0\u1eddng d\u00e2y ch\u1ed1ng tham nh\u0169ng cho ng\u01b0\u1eddi n\u01b0\u1edbc ngo\u00e0i<\/h4>\n<p>S\u1ed1 \u0111i\u1ec7n tho\u1ea1i: 974 847 704<\/p>\n<p>\u0110\u01b0\u1eddng d\u00e2y ph\u1ee5c v\u1ee5 m\u1ee5c \u0111\u00edch th\u00f4ng b\u00e1o t\u1ea5t c\u1ea3 c\u00e1c h\u00ecnh th\u1ee9c h\u00e0nh \u0111\u1ed9ng tham nh\u0169ng m\u00e0 ng\u01b0\u1eddi n\u01b0\u1edbc ngo\u00e0i g\u1eb7p ph\u1ea3i, v\u00ed d\u1ee5 nh\u01b0 khi \u0111i gi\u1ea3i quy\u1ebft v\u1ea5n \u0111\u1ec1 c\u01b0 tr\u00fa. \u0110\u01b0\u1eddng d\u00e2y ph\u1ee5c v\u1ee5 c\u00e1c cu\u1ed9c g\u1ecdi b\u1eb1ng ti\u1ebfng S\u00e9c v\u00e0 ti\u1ebfng Anh v\u00e0o th\u1ee9 hai v\u00e0 th\u1ee9 t\u01b0, 8-17h th\u1ee9 ba v\u00e0 th\u1ee9 n\u0103m 8-15h th\u1ee9 s\u00e1u 8-14h. Ngo\u00e0i gi\u1edd l\u00e0m vi\u1ec7c ra b\u1ea1n c\u00f3 th\u1ec3 \u0111\u1ec3 l\u1ea1i l\u1eddi nh\u1eafn tr\u00ean m\u00e1y ghi \u00e2m. Nh\u00e2n vi\u00ean t\u1ed5ng \u0111\u00e0i s\u1ebd x\u1eed l\u00fd v\u00e0o ng\u00e0y h\u00f4m sau. B\u1ea1n c\u00f3 \u0111\u1ec3 l\u1ea1i l\u1eddi nh\u1eafn b\u1eb1ng ng\u00f4n ng\u1eef g\u00ec c\u0169ng \u0111\u01b0\u1ee3c.<\/p>\n<h3><strong>Li\u00ean h\u1ec7 v\u1edbi c\u01a1 quan n\u00e0o?<\/strong><\/h3>\n<h4><strong>B\u1ed9 Ngo\u1ea1i giao C\u1ed9ng h\u00f2a S\u00e9c (MVZ)<\/strong><\/h4>\n<p>B\u1ed9 Ngo\u1ea1i giao ch\u1ecbu tr\u00e1ch nhi\u1ec7m c\u1ea5p th\u1ecb th\u1ef1c c\u01b0 tr\u00fa ng\u1eafn h\u1ea1n. N\u1ed9p \u0111\u01a1n th\u00f4ng qua c\u00e1c \u0111\u1ea1i s\u1ee9 qu\u00e1n c\u1ee7a C\u1ed9ng h\u00f2a S\u00e9c t\u1ea1i qu\u1ed1c gia c\u1ee7a m\u00ecnh.<br \/>\nTh\u00f4ng tin th\u00eam c\u00f3 th\u1ec3 \u0111\u01b0\u1ee3c t\u00ecm th\u1ea5y t<a href=\"\/\/www.mzv.cz\">r\u00ean trang web ch\u00ednh th\u1ee9c c\u1ee7a B\u1ed9 Ngo\u1ea1i giao.<\/a><\/p>\n<h4><strong>B\u1ed9 N\u1ed9i v\u1ee5 C\u1ed9ng h\u00f2a S\u00e9c (MV \u010cR)<\/strong><\/h4>\n<p><span style=\"font-weight: 400;\">T\u1ea1i C\u1ed9ng h\u00f2a S\u00e9c, 2 chi nh\u00e1nh c\u1ee7a B\u1ed9 N\u1ed9i v\u1ee5 C\u1ed9ng h\u00f2a S\u00e9c (MV \u010cR) ph\u1ee5 tr\u00e1ch c\u00e1c v\u1ea5n \u0111\u1ec1 c\u01b0 tr\u00fa. \u0110\u00e2y l\u00e0 1) <strong>S\u1edf\u00a0 c\u1ea3nh s\u00e1t ngo\u1ea1i ki\u1ec1u<\/strong> v\u00e0 2) <strong>C\u1ee5c ch\u00ednh s\u00e1ch t\u1ecb n\u1ea1n v\u00e0 di d\u00e2n<\/strong> (sau \u0111\u00e2y g\u1ecdi l\u00e0 OAMP).<\/span><\/p>\n<p><i><span style=\"font-weight: 400;\">\u00a0\u00a0box-fixa<\/span><\/i><\/p>\n<p><i><span style=\"font-weight: 400;\">\u0110\u1eebng nh\u1ea7m l\u1eabn gi\u1eefa hai c\u01a1 quan ch\u1ee9c n\u0103ng kh\u00e1c nhau! G\u1eedi gi\u1ea5y t\u1edd cho C\u1ea3nh s\u00e1t ngo\u1ea1i ki\u1ec1u thay v\u00ec OAMP MV\u010cR s\u1ebd t\u1ef1 \u0111\u1ed9ng kh\u00f4ng \u0111\u01b0\u1ee3c ch\u1ea5p nh\u1eadn v\u00e0 b\u1ea1n c\u00f3 th\u1ec3 b\u1ecf l\u1ee1 th\u1eddi h\u1ea1n quan tr\u1ecdng \u0111\u1ec3 n\u1ed9p \u0111\u01a1n c\u1ee7a m\u00ecnh!<\/span><\/i><\/p>\n<h4><strong>C\u1ea3nh s\u00e1t n\u01b0\u1edbc ngo\u00e0i<\/strong><\/h4>\n<p>B\u1ea1n ph\u1ea3i \u0111\u1ebfn C\u1ea3nh s\u00e1t ngo\u1ea1i ki\u1ec1u trong v\u00f2ng <strong>ba ng\u00e0y k\u1ec3 t\u1eeb ng\u00e0y \u0111\u1ea7u ti\u00ean \u0111\u1ebfn C\u1ed9ng h\u00f2a S\u00e9c<\/strong> v\u00e0 <strong>b\u00e1o c\u00e1o vi\u1ec7c b\u1ea1n \u1edf l\u1ea1i<\/strong>\u00a0(tr\u1eeb khi ch\u1ee7 nh\u00e0 l\u00e0m vi\u1ec7c \u0111\u00f3 cho b\u1ea1n). C\u0169ng c\u00f3 xin <strong>gi\u1ea5y m\u1eddi th\u0103m th\u00e2n<\/strong> cho gia \u0111\u00ecnh \/ b\u1ea1n b\u00e8 c\u1ee7a m\u00ecnh. C\u1ea3nh s\u00e1t ngo\u1ea1i ki\u1ec1u th\u1ef1c hi\u1ec7n ki\u1ec3m tra c\u01b0 tr\u00fa v\u00e0 x\u1eed l\u00fd trong tr\u01b0\u1eddng h\u1ee3p kh\u00f4ng tu\u00e2n th\u1ee7 c\u00e1c \u0111i\u1ec1u ki\u1ec7n c\u01b0 tr\u00fa t\u1ea1i C\u1ed9ng h\u00f2a S\u00e9c.<\/p>\n<h4><strong>OAMP c\u1ee7a B\u1ed9 N\u1ed9i v\u1ee5 C\u1ed9ng h\u00f2a S\u00e9c<\/strong><\/h4>\n<p>C\u1ee5c ch\u00ednh s\u00e1ch t\u1ecb n\u1ea1n v\u00e0 di d\u00e2n (OAMP) &#8211; Ph\u00f2ng c\u01b0 tr\u00fa c\u1ee7a ng\u01b0\u1eddi n\u01b0\u1edbc ngo\u00e0i (OPC) ph\u1ee5 tr\u00e1ch ch\u01b0\u01a1ng tr\u00ecnh ngh\u1ecb s\u1ef1 v\u1ec1 th\u1ecb th\u1ef1c d\u00e0i h\u1ea1n, c\u01b0 tr\u00fa d\u00e0i h\u1ea1n v\u00e0 v\u0129nh tr\u00fa, c\u01b0 tr\u00fa t\u1ea1m th\u1eddi cho c\u00f4ng d\u00e2n EU v\u00e0 th\u00e0nh vi\u00ean gia \u0111\u00ecnh c\u1ee7a h\u1ecd, th\u1ebb sinh tr\u1eafc h\u1ecdc, v.v.<\/p>\n<p>B\u1ea1n c\u00f3 nhi\u1ec7m v\u1ee5 b\u00e1o c\u00e1o v\u1edbi ph\u00f2ng OAMP t\u1ea5t c\u1ea3 nh\u1eefng thay \u0111\u1ed5i li\u00ean quan \u0111\u1ebfn n\u01a1i c\u01b0 tr\u00fa, h\u1ecd, t\u00ecnh tr\u1ea1ng c\u00e1 nh\u00e2n c\u1ee7a m\u00ecnh, nh\u1eefng thay \u0111\u1ed5i v\u1ec1 d\u1eef li\u1ec7u trong gi\u1ea5y th\u00f4ng h\u00e0nh v\u00e0 trong gi\u1ea5y t\u1edd \u0111\u01b0\u1ee3c c\u1ea5p cho c\u01b0 tr\u00fa t\u1ea1i C\u1ed9ng h\u00f2a S\u00e9c. B\u1ea1n ph\u1ea3i b\u00e1o c\u00e1o thay \u0111\u1ed5i n\u01a1i c\u01b0 tr\u00fa trong v\u00f2ng 30 ng\u00e0y, nh\u01b0ng b\u1ea1n ph\u1ea3i b\u00e1o c\u00e1o nh\u1eefng thay \u0111\u1ed5i kh\u00e1c ch\u1eadm nh\u1ea5t trong v\u00f2ng 3 ng\u00e0y. <strong>Lu\u00f4n tu\u00e2n th\u1ee7 \u0111\u00fang th\u1eddi h\u1ea1n!<\/strong><\/p>\n<p><strong>Li\u00ean k\u1ebft:<\/strong><br \/>\nB\u1ea1n c\u00f3 th\u1ec3 t\u00ecm th\u1ea5y n\u01a1i li\u00ean h\u1ec7 v\u1edbi c\u00e1c ph\u00f2ng l\u00e0m vi\u1ec7c OAMP\u00a0<a href=\"\/\/www.mvcr.cz\/cizinci\"> tr\u00ean trang web c\u1ee7a B\u1ed9 N\u1ed9i v\u1ee5.<\/a><br \/>\n\u0110\u01b0\u1eddng d\u00e2y th\u00f4ng tin c\u1ee7a B\u1ed9 N\u1ed9i v\u1ee5 CH S\u00e9c.<\/p>","protected":false},"excerpt":{"rendered":"<p>Trang web C\u1ed5ng \u0111i\u1ec7n t\u1eed c\u1ee7a B\u1ed9 Lao \u0111\u1ed9ng v\u00e0 X\u00e3 H\u1ed9i v\u00e0 B\u1ed9 N\u1ed9i v\u1ee5 CH S\u00e9c Th\u00f4ng tin d\u00e0nh cho ng\u01b0\u1eddi n\u01b0\u1edbc ngo\u00e0i (ngo\u00e0i ti\u1ebfng S\u00e9c ra c\u00f3 c\u1ea3 ti\u1ebfng Anh) tr\u00ean trang web c\u1ee7a B\u1ed9 N\u1ed9i v\u1ee5&#8230;<\/p>\n<a class=\"more-block\" href=\"https:\/\/metropolevsech.eu\/vi\/potrebuji-resit\/pobyt-na-uzemi-ceske-republiky\/kam-se-obratit-uzitecne-odkazy-a-kontakty\/\">\u0110\u1ecdc th\u00eam<\/a>","protected":false},"author":7,"featured_media":0,"parent":554,"menu_order":5,"comment_status":"closed","ping_status":"closed","template":"","meta":[],"acf":[],"_links":{"self":[{"href":"https:\/\/metropolevsech.eu\/vi\/wp-json\/wp\/v2\/pages\/568"}],"collection":[{"href":"https:\/\/metropolevsech.eu\/vi\/wp-json\/wp\/v2\/pages"}],"about":[{"href":"https:\/\/metropolevsech.eu\/vi\/wp-json\/wp\/v2\/types\/page"}],"author":[{"embeddable":true,"href":"https:\/\/metropolevsech.eu\/vi\/wp-json\/wp\/v2\/users\/7"}],"replies":[{"embeddable":true,"href":"https:\/\/metropolevsech.eu\/vi\/wp-json\/wp\/v2\/comments?post=568"}],"version-history":[{"count":43,"href":"https:\/\/metropolevsech.eu\/vi\/wp-json\/wp\/v2\/pages\/568\/revisions"}],"predecessor-version":[{"id":24842,"href":"https:\/\/metropolevsech.eu\/vi\/wp-json\/wp\/v2\/pages\/568\/revisions\/24842"}],"up":[{"embeddable":true,"href":"https:\/\/metropolevsech.eu\/vi\/wp-json\/wp\/v2\/pages\/554"}],"wp:attachment":[{"href":"https:\/\/metropolevsech.eu\/vi\/wp-json\/wp\/v2\/media?parent=568"}],"curies":[{"name":"wp","href":"https:\/\/api.w.org\/{rel}","templated":true}]}}