{"id":582,"date":"2017-01-01T11:34:01","date_gmt":"2017-01-01T10:34:01","guid":{"rendered":"https:\/\/metropolevsech.eu\/?page_id=582"},"modified":"2026-01-23T16:50:17","modified_gmt":"2026-01-23T15:50:17","slug":"kde-hledat-praci","status":"publish","type":"page","link":"https:\/\/metropolevsech.eu\/vi\/potrebuji-resit\/zamestnani\/kde-hledat-praci\/","title":{"rendered":"N\u01a1i t\u00ecm vi\u1ec7c l\u00e0m"},"content":{"rendered":"<p>N\u1ebfu b\u1ea1n \u0111\u01b0\u1ee3c t\u1ef1 do ti\u1ebfp c\u1eadn th\u1ecb tr\u01b0\u1eddng lao \u0111\u1ed9ng, th\u00ec\u00a0b\u1ea1n c\u00f3 th\u1ec3 t\u00ecm vi\u1ec7c l\u00e0m \u1edf qu\u1ea3ng c\u00e1o \u0111\u0103ng tr\u00ean b\u00e1o ho\u1eb7c internet. B\u1ea1n c\u0169ng c\u00f3 th\u1ec3 s\u1eed d\u1ee5ng d\u1ecbch v\u1ee5 c\u1ee7a v\u0103n ph\u00f2ng m\u00f4i gi\u1edbi vi\u1ec7c l\u00e0m.<\/p>\n<p><strong>C\u00e1c li\u00ean k\u1ebft h\u1eefu \u00edch khi t\u00ecm vi\u1ec7c l\u00e0m<\/strong><\/p>\n<ul class=\"bullet-links\">\n<li><a href=\"\/\/www.jobs.cz\/\">\/\/www.jobs.cz\/<\/a><\/li>\n<li><a href=\"\/\/www.profesia.cz\/\">\/\/www.profesia.cz\/<\/a><\/li>\n<li><a href=\"\/\/www.prace.cz\/\">\/\/www.prace.cz\/<\/a><\/li>\n<li><a href=\"\/\/www.annonce.cz\/hledam-praci-chci-vydelat.html\">\/\/www.annonce.cz\/hledam-praci-chci-vydelat.html<\/a><\/li>\n<li><a href=\"https:\/\/www.dobraprace.cz\/nabidka-prace\/mesto-praha\/\">\u00a0\/\/www.dobraprace.cz\/<\/a><\/li>\n<li><a href=\"\/\/www.fajn-brigady.cz\/\">\/\/www.fajn-brigady.cz\/<\/a><\/li>\n<li><a href=\"\/\/www.neziskovky.cz\/\">\/\/www.neziskovky.cz<\/a> \u2013 m\u1ee5c <em>burza pr\u00e1ce<\/em> (qu\u1ea3ng c\u00e1o vi\u1ec7c l\u00e0m)<\/li>\n<li><a href=\"https:\/\/www.avizo.cz\/prace\/\" data-saferedirecturl=\"https:\/\/www.google.com\/url?q=https:\/\/www.avizo.cz\/prace\/&amp;source=gmail&amp;ust=1746609072272000&amp;usg=AOvVaw39fqklKZlDTnZt8lOYFKgj\">Avizo.cz<\/a><\/li>\n<\/ul>\n<div class=\"box-fixa\"><\/p>\n<p><em>N\u1ebfu b\u1ea1n c\u00f3 \u00fd \u0111\u1ecbnh \u0111\u1ec3 v\u0103n ph\u00f2ng m\u00f4i gi\u1edbi vi\u1ec7c l\u00e0m cho b\u1ea1n, h\u00e3y ki\u1ec3m tra xem v\u0103n ph\u00f2ng \u0111\u00f3 c\u00f3 n\u1eb1m trong danh s\u00e1ch c\u00e1c v\u0103n ph\u00f2ng c\u00f3 ch\u1ee9ng ch\u1ec9 tr\u00ean trang web c\u1ee7a B\u1ed9 Lao \u0111\u1ed9ng v\u00e0 X\u00e3 h\u1ed9i \u1edf <a href=\"\/\/portal.mpsv.cz\/sz\/zamest\/zpr_prace\">m\u1ee5c \u201cLao \u0111\u1ed9ng\u201d<\/a><\/em><strong><em>.<\/em><\/strong><\/p>\n<p><em>N\u1ebfu b\u1ea1n xin th\u1ebb lao \u0111\u1ed9ng (ho\u1eb7c lo\u1ea1i gi\u1ea5y ph\u00e9p kh\u00e1c), vi\u1ec7c l\u00e0m t\u01b0\u01a1ng lai c\u1ee7a b\u1ea1n ph\u1ea3i \u0111\u01b0\u1ee3c \u0111\u0103ng tr\u00ean c\u01a1 s\u1edf d\u1eef li\u1ec7u tuy\u1ec3n d\u1ee5ng cho ng\u01b0\u1eddi n\u01b0\u1edbc ngo\u00e0i tr\u00ean trang web c\u1ee7a B\u1ed9 Lao \u0111\u1ed9ng v\u00e0 X\u00e3 h\u1ed9i trong <a href=\"\/\/portal.mpsv.cz\/sz\/zahr_zam\/prociz\/vmciz\">m\u1ee5c \u201cLao \u0111\u1ed9ng n\u01b0\u1edbc ngo\u00e0i\u201d<\/a><\/em><em>. https:\/\/www.mpsv.cz\/web\/cz\/hledani-volnych-mist-2https:\/\/www.mpsv.cz\/web\/cz\/-\/vyhledavani-volnych-pracovnich-mist-pro-cizince<\/em><\/p>\n<p><\/div>\n<p>B\u1ea1n h\u00e3y c\u00e0ng \u0111\u1ed9c l\u1eadp c\u00e0ng t\u1ed1t! \u0110\u1eebng ng\u1ea1i li\u00ean l\u1ea1c v\u1edbi nh\u00e2n vi\u00ean x\u00e3 h\u1ed9i c\u1ee7a c\u00e1c <strong>trung t\u00e2m h\u1ed9i nh\u1eadp<\/strong> v\u00e0 <strong>t\u1ed5 ch\u1ee9c phi l\u1ee3i nhu\u1eadn phi ch\u00ednh ph\u1ee7<\/strong>. H\u1ecd s\u1ebd gi\u00fap b\u1ea1n t\u00ecm vi\u1ec7c l\u00e0m, vi\u1ebft s\u01a1 y\u1ebfu l\u00fd l\u1ecbch b\u00e0i b\u1ea3n v\u00e0 chu\u1ea9n b\u1ecb cho cu\u1ed9c ph\u1ecfng v\u1ea5n vi\u1ec7c l\u00e0m mi\u1ec5n ph\u00ed.<\/p>","protected":false},"excerpt":{"rendered":"<p>N\u1ebfu b\u1ea1n \u0111\u01b0\u1ee3c t\u1ef1 do ti\u1ebfp c\u1eadn th\u1ecb tr\u01b0\u1eddng lao \u0111\u1ed9ng, th\u00ec\u00a0b\u1ea1n c\u00f3 th\u1ec3 t\u00ecm vi\u1ec7c l\u00e0m \u1edf qu\u1ea3ng c\u00e1o \u0111\u0103ng tr\u00ean b\u00e1o ho\u1eb7c internet. B\u1ea1n c\u0169ng c\u00f3 th\u1ec3 s\u1eed d\u1ee5ng d\u1ecbch v\u1ee5 c\u1ee7a v\u0103n ph\u00f2ng m\u00f4i gi\u1edbi vi\u1ec7c l\u00e0m&#8230;.<\/p>\n<a class=\"more-block\" href=\"https:\/\/metropolevsech.eu\/vi\/potrebuji-resit\/zamestnani\/kde-hledat-praci\/\">\u0110\u1ecdc th\u00eam<\/a>","protected":false},"author":7,"featured_media":0,"parent":772,"menu_order":2,"comment_status":"closed","ping_status":"closed","template":"","meta":[],"acf":[],"_links":{"self":[{"href":"https:\/\/metropolevsech.eu\/vi\/wp-json\/wp\/v2\/pages\/582"}],"collection":[{"href":"https:\/\/metropolevsech.eu\/vi\/wp-json\/wp\/v2\/pages"}],"about":[{"href":"https:\/\/metropolevsech.eu\/vi\/wp-json\/wp\/v2\/types\/page"}],"author":[{"embeddable":true,"href":"https:\/\/metropolevsech.eu\/vi\/wp-json\/wp\/v2\/users\/7"}],"replies":[{"embeddable":true,"href":"https:\/\/metropolevsech.eu\/vi\/wp-json\/wp\/v2\/comments?post=582"}],"version-history":[{"count":15,"href":"https:\/\/metropolevsech.eu\/vi\/wp-json\/wp\/v2\/pages\/582\/revisions"}],"predecessor-version":[{"id":24543,"href":"https:\/\/metropolevsech.eu\/vi\/wp-json\/wp\/v2\/pages\/582\/revisions\/24543"}],"up":[{"embeddable":true,"href":"https:\/\/metropolevsech.eu\/vi\/wp-json\/wp\/v2\/pages\/772"}],"wp:attachment":[{"href":"https:\/\/metropolevsech.eu\/vi\/wp-json\/wp\/v2\/media?parent=582"}],"curies":[{"name":"wp","href":"https:\/\/api.w.org\/{rel}","templated":true}]}}