{"id":603,"date":"2017-01-01T11:48:38","date_gmt":"2017-01-01T10:48:38","guid":{"rendered":"https:\/\/metropolevsech.eu\/?page_id=603"},"modified":"2026-01-27T20:04:00","modified_gmt":"2026-01-27T19:04:00","slug":"podnikani","status":"publish","type":"page","link":"https:\/\/metropolevsech.eu\/vi\/potrebuji-resit\/podnikani\/","title":{"rendered":"Kinh doanh"},"content":{"rendered":"<p><i>Trong ch\u01b0\u01a1ng n\u00e0y Praha &#8211; Th\u1ee7 \u0111\u00f4 c\u1ee7a m\u1ecdi\u00a0ng\u01b0\u1eddi, qu\u00ed v\u1ecb s\u1ebd \u0111\u01b0\u1ee3c bi\u1ebft, kinh doanh l\u00e0 g\u00ec, kinh doanh ho\u1ea1t \u0111\u1ed9ng nh\u01b0 th\u1ebf n\u00e0o v\u00e0 \u0111\u1eb7c bi\u1ec7t l\u00e0 kinh doanh c\u00e1 th\u1ec3 hay c\u00f4ng ty. Ch\u00fang t\u00f4i s\u1ebd gi\u1edbi thi\u1ec7u nh\u1eefng lo\u1ea1i h\u00ecnh kinh doanh t\u1ea1i CH S\u00e9c, \u0111\u1eb7c bi\u1ec7t l\u00e0 s\u1ebd gi\u1edbi thi\u1ec7u chi ti\u1ebft v\u1ec1 kinh doanh c\u00f3 gi\u1ea5y ph\u00e9p. Ch\u00fang t\u00f4i s\u1ebd ch\u00fa tr\u1ecdng v\u00e0o vi\u1ec7c, ng\u01b0\u1eddi n\u01b0\u1edbc ngo\u00e0i t\u1ea1i CH S\u00e9c \u0111\u01b0\u1ee3c ph\u00e9p kinh doanh theo nh\u1eefng \u0111i\u1ec1u ki\u1ec7n n\u00e0o. Ch\u00fang t\u00f4i s\u1ebd \u0111\u1ec3 l\u1ea1i li\u00ean l\u1ea1c, ph\u1ea3i t\u00ecm tr\u1ee3 gi\u00fap \u1edf \u0111\u00e2u khi b\u1eaft \u0111\u1ea7u kinh doanh v\u00e0 lo li\u1ec7u nh\u1eefng th\u1ee7 t\u1ee5c c\u1ea7n thi\u1ebft \u1edf ch\u1ed7 n\u00e0o. Qu\u00ed v\u1ecb c\u0169ng c\u00f3 th\u1ec3 t\u00ecm th\u1ea5y c\u00e1c \u0111\u01b0\u1eddng li\u00ean k\u1ebft internet c\u00f3 th\u00f4ng tin li\u00ean quan \u0111\u1ebfn kinh doanh \u0111\u00e3 \u0111\u01b0\u1ee3c ki\u1ec3m ch\u1ee9ng. Ch\u00fang t\u00f4i s\u1ebd nh\u1ea5n m\u1ea1nh \u0111\u1ebfn ngh\u0129a v\u1ee5 tr\u1ea3 b\u1ea3o hi\u1ec3m s\u1ee9c kh\u1ecfe v\u00e0 x\u00e3 h\u1ed9i v\u00e0 thu\u1ebf c\u1ee7a doanh nh\u00e2n. <\/i><\/p>\n<ul>\n<li><a href=\"https:\/\/metropolevsech.eu\/cs\/potrebuji-resit\/podnikani\/#podnikani\">Kinh doanh l\u00e0 g\u00ec?<\/a><\/li>\n<li><a href=\"https:\/\/metropolevsech.eu\/cs\/za-jakych-podminek-mohou-cizinci-podnikat-v-ceske-republice\/\">Ng\u01b0\u1eddi n\u01b0\u1edbc ngo\u00e0i c\u00f3 th\u1ec3 kinh doanh t\u1ea1i CH S\u00e9c theo nh\u1eefng \u0111i\u1ec1u ki\u1ec7n n\u00e0o?<\/a><\/li>\n<li><a href=\"https:\/\/metropolevsech.eu\/cs\/podnikani-fyzickych-osob-2\/\">Kinh doanh c\u00e1 th\u1ec3 (\u0111\u1eb7c bi\u1ec7t l\u00e0 kinh doanh c\u00f3 gi\u1ea5y ph\u00e9p)<\/a><\/li>\n<li><a href=\"https:\/\/metropolevsech.eu\/cs\/potrebuji-resit\/podnikani\/zalozeni-obchodni-korporace\/\">Kinh doanh ph\u00e1p nh\u00e2n \u2013 <\/a><u>c\u00f4ng ty th\u01b0\u01a1ng m\u1ea1i<\/u><\/li>\n<li><a href=\"https:\/\/metropolevsech.eu\/cs\/povinnosti-podnikatelu\/\"><u>Ngh\u0129a v\u1ee5 c\u1ee7a doanh nh\u00e2n<\/u><\/a><\/li>\n<li><a href=\"https:\/\/metropolevsech.eu\/cs\/potrebuji-resit\/podnikani\/jednotne-kontaktni-misto\/\">Trung t\u00e2m li\u00ean l\u1ea1c (JRC)<\/a><\/li>\n<\/ul>\n<p><strong>Kinh doanh l\u00e0 g\u00ec<\/strong><\/p>\n<p>Lu\u1eadt ph\u00e1p \u0111\u1ecbnh ngh\u0129a vi\u1ec7c kinh doanh \u1edf CH S\u00e9c l\u00e0 <strong>c\u00f4ng vi\u1ec7c li\u00ean t\u1ee5c do doanh nh\u00e2n th\u1ef1c hi\u1ec7n m\u1ed9t c\u00e1ch \u0111\u1ed9c l\u1eadp, tr\u00ean danh ngh\u0129a c\u00e1 nh\u00e2n v\u00e0 t\u1ef1 ch\u1ecbu tr\u00e1ch nhi\u1ec7m, nh\u1eb1m m\u1ee5c \u0111\u00edch ki\u1ebfm l\u1eddi.<\/strong><\/p>\n<p>Th\u00f4ng th\u01b0\u1eddng, c\u00f3 th\u1ec3 kinh doanh t\u1ea1i CH S\u00e9c d\u01b0\u1edbi c\u00e1c h\u00ecnh th\u1ee9c 1) <a href=\"https:\/\/metropolevsech.eu\/cs\/podnikani-fyzickych-osob-2\/\"><strong><u>kinh doanh c\u00e1 th\u1ec3<\/u><\/strong><\/a> -th\u01b0\u1eddng g\u1eb7p nh\u1ea5t l\u00e0<a href=\"https:\/\/metropolevsech.eu\/cs\/podnikani-fyzickych-osob-2\/zivnostenske-podnikani-cizincu-v-cr\/\"><strong><u> kinh doanh c\u00f3 gi\u1ea5y ph\u00e9p<\/u><\/strong><\/a>, ho\u1eb7c 2) <a href=\"https:\/\/metropolevsech.eu\/cs\/potrebuji-resit\/podnikani\/zalozeni-obchodni-korporace\/\"><u>\u00a0<\/u><strong><u>kinh doanh ph\u00e1p nh\u00e2n<\/u><\/strong><\/a> \u2013 tham gia v\u00e0o c\u00f4ng ty th\u01b0\u01a1ng m\u1ea1i. Ch\u00fang t\u00f4i s\u1ebd n\u00f3i v\u1ec1 t\u1eebng lo\u1ea1i h\u00ecnh kinh doanh c\u1ee5 th\u1ec3 h\u01a1n trong nh\u1eefng m\u1ee5c sau.<\/p>\n<p>H\u00e3y c\u00f9ng gi\u1ea3i th\u00edch c\u1ee5 th\u1ec3 h\u01a1n, ho\u1ea1t \u0111\u1ed9ng \u0111\u00f3 ph\u1ea3i l\u00e0 ho\u1ea1t \u0111\u1ed9ng g\u00ec \u0111\u1ec3 \u0111\u01b0\u1ee3c xem l\u00e0 kinh doanh:<\/p>\n<p><strong>C\u00f4ng vi\u1ec7c li\u00ean t\u1ee5c<\/strong><\/p>\n<p>M\u1ed9t c\u00f4ng vi\u1ec7c \u0111\u01b0\u1ee3c xem l\u00e0 li\u00ean t\u1ee5c, n\u1ebfu n\u00f3 l\u1eb7p l\u1ea1i. V\u00ed d\u1ee5, n\u1ebfu qu\u00ed v\u1ecb c\u00f3 \u0111\u01b0\u1ee3c m\u1ed9t kho\u1ea3n thu nh\u1eadp b\u1ea5t ng\u1edd ho\u1eb7c nh\u00e2n d\u1ecbp g\u00ec \u0111\u00f3 (ch\u1ec9 m\u1ed9t l\u1ea7n) nh\u01b0 l\u00e0 gi\u00fap \u0111\u1ee1 ng\u01b0\u1eddi quen x\u00e2y nh\u00e0, ho\u1eb7c c\u1eaft c\u1ecf, ho\u1eb7c d\u1ecdn nh\u00e0, ho\u1eb7c t\u01b0 v\u1ea5n thu ti\u1ec1n m\u1ed9t l\u1ea7n, th\u00ec kh\u00f4ng \u0111\u01b0\u1ee3c xem l\u00e0 c\u00f4ng vi\u1ec7c kinh doanh. Nh\u01b0ng n\u1ebfu qu\u00ed v\u1ecb c\u00f3 k\u1ebf ho\u1ea1ch l\u00e0 s\u1ebd ti\u1ebfp t\u1ee5c trong m\u1ed9t c\u00f4ng vi\u1ec7c kinh doanh n\u00e0o \u0111\u00f3 th\u00ec vi\u1ec7c n\u00e0y \u0111\u01b0\u1ee3c xem l\u00e0 kinh doanh, k\u1ec3 c\u1ea3 khi ch\u1ec9 c\u00f3 v\u00e0i l\u1ea7n m\u1ed9t n\u0103m.<\/p>\n<p><em><div class=\"box-fixa\"><\/div>C\u00f4ng vi\u1ec7c \u0111\u01b0\u1ee3c xem l\u00e0 li\u00ean t\u1ee5c k\u1ec3 c\u1ea3 khi doanh nh\u00e2n l\u00e0 ng\u01b0\u1eddi l\u00e0m thu\u00ea c\u00f3 h\u1ee3p \u0111\u1ed3ng v\u00e0 ch\u1ec9 kinh doanh trong th\u1eddi gian r\u1ed7i ho\u1eb7c trong m\u1ed9t th\u1eddi gian nh\u1ea5t \u0111\u1ecbnh trong n\u0103m.<div class=\"box-fixa\"><\/div><\/em><\/p>\n<p><strong>L\u00e0m vi\u1ec7c \u0111\u1ed9c l\u1eadp<\/strong><\/p>\n<p>N\u1ebfu qu\u00ed v\u1ecb t\u1ef1 quy\u1ebft \u0111\u1ecbnh v\u1ec1 th\u1eddi gian l\u00e0m vi\u1ec7c, n\u01a1i th\u1ef1c hi\u1ec7n c\u00f4ng vi\u1ec7c v\u00e0 t\u1ef1 t\u1ed5 ch\u1ee9c c\u00f4ng vi\u1ec7c, t\u1ef1 chi tr\u1ea3 cho vi\u1ec7c kinh doanh c\u1ee7a m\u00ecnh (vd. n\u01a1i l\u00e0m vi\u1ec7c, m\u00e1y m\u00f3c v\u00e0 d\u1ee5ng c\u1ee5), th\u00ec \u0111\u00e2y \u0111\u01b0\u1ee3c xem l\u00e0 ho\u1ea1t \u0111\u1ed9ng \u0111\u1ed9c l\u1eadp<\/p>\n<p><strong>Ho\u1ea1t \u0111\u1ed9ng \u0111\u01b0\u1ee3c th\u1ef1c hi\u1ec7n tr\u00ean danh ngh\u0129a c\u00e1 nh\u00e2n v\u00e0 t\u1ef1 ch\u1ecbu tr\u00e1ch nhi\u1ec7m<\/strong><\/p>\n<p>Qu\u00ed v\u1ecb t\u1ef1 \u0111\u1ea1i di\u1ec7n cho m\u00ecnh ho\u1eb7c cho c\u00f4ng ty th\u01b0\u01a1ng m\u1ea1i c\u1ee7a m\u00ecnh. Qu\u00ed v\u1ecb \u0111\u1ed3ng th\u1eddi t\u1ef1 ch\u1ecbu tr\u00e1ch nhi\u1ec7m v\u1ec1 k\u1ebft qu\u1ea3 c\u00f4ng vi\u1ec7c c\u1ee7a m\u00ecnh, \u0111\u1eb7c bi\u1ec7t l\u00e0 n\u1ebfu qu\u00ed v\u1ecb vi ph\u1ea1m th\u1ecfa thu\u1eadn ho\u1eb7c v\u0103n b\u1ea3n ph\u00e1p lu\u1eadt. C\u00e1 nh\u00e2n ch\u1ecbu tr\u00e1ch nhi\u1ec7m cho nh\u1eefng th\u1ecfa thu\u1eadn \u0111\u01b0\u1ee3c suy ra t\u1eeb vi\u1ec7c kinh doanh b\u1eb1ng to\u00e0n b\u1ed9 t\u00e0i s\u1ea3n c\u1ee7a m\u00ecnh.<\/p>\n<p><em><div class=\"box-fixa\"><\/div><\/em><strong><em>H\u00e3y ch\u00fa \u00fd \u0111\u1ebfn nh\u1eefng c\u00e1ch h\u00e0nh x\u1eed thi\u1ebfu c\u00f4ng b\u1eb1ng c\u1ee7a c\u00e1c ch\u1ee7 lao \u0111\u1ed9ng! \u0110\u1eb7c bi\u1ec7t l\u00e0 h\u1ec7 th\u1ed1ng <\/em><\/strong><strong><em>\u0160<\/em><\/strong><strong><em>varc!<\/em><\/strong><\/p>\n<p><em>N\u1ebfu ch\u1ee7 lao \u0111\u1ed9ng b\u1eaft qu\u00ed v\u1ecb ph\u1ea3i c\u00f3 <\/em><strong><em><a href=\"https:\/\/metropolevsech.eu\/wp-login.php?redirect_to=https%3A%2F%2Fmetropolevsech.eu%2Fwp-admin%2Fpost.php%3Fpost%3D14817%26action%3Dedit&amp;reauth=1\">gi\u1ea5y ph\u00e9p kinh doanh<\/a><\/em><\/strong><em> \u0111\u1ec3 qu\u00ed v\u1ecb ph\u1ea3i ch\u00ednh th\u1ee9c l\u00e0m vi\u1ec7c nh\u01b0 nh\u1eefng doanh nh\u00e2n \u0111\u1ed9c l\u1eadp, trong khi th\u1ef1c ra qu\u00ed v\u1ecb th\u1ef1c hi\u1ec7n nh\u1eefng c\u00f4ng vi\u1ec7c nh\u01b0 ng\u01b0\u1eddi l\u00e0m thu\u00ea, \u00e2y l\u00e0 h\u00e0nh vi tr\u1ed1n tr\u00e1nh ph\u00e1p lu\u1eadt b\u1ea5t h\u1ee3p ph\u00e1p (ngh\u0129a l\u00e0 <strong>h\u1ec7 th\u1ed1ng<\/strong> <\/em><strong><em>\u0160varc<\/em><\/strong><strong><em> \u2013 <\/em><\/strong><em>c\u00e1ch th\u1ee9c l\u00e0m vi\u1ec7c b\u1ecb c\u1ea5m gi\u1eefa ng\u01b0\u1eddi c\u00f3 gi\u1ea5y ph\u00e9p kinh doanh v\u00e0 ch\u1ee7 lao \u0111\u1ed9ng)!<\/em><\/p>\n<p>V\u00ed d\u1ee5 th\u01b0\u1eddng g\u1eb7p nh\u1ea5t l\u00e0 vi\u1ec7c d\u1ea1y h\u1ecdc t\u1ea1i tr\u01b0\u1eddng h\u1ecdc ti\u1ebfng, qu\u00ed v\u1ecb c\u00f3 m\u1ed9t n\u01a1i l\u00e0m vi\u1ec7c ri\u00eang, m\u00e1y t\u00ednh, danh thi\u1ebfp c\u00e1 nh\u00e2n tr\u00ean danh ngh\u0129a tr\u01b0\u1eddng ti\u1ebfng. H\u00e0nh \u0111\u1ed9ng n\u00e0y s\u1ebd kh\u00f4ng \u0111\u01b0\u1ee3c ch\u1ea5p nh\u1eadn nh\u01b0 \u201c<strong>c\u00f4ng vi\u1ec7c do doanh nh\u00e2n \u0111\u1ed9c l\u1eadp th\u1ef1c hi\u1ec7n tr\u00ean danh ngh\u0129a c\u00e1 nh\u00e2n, t\u1ef1 ch\u1ecbu tr\u00e1ch nhi\u1ec7m<\/strong>\u201d theo \u0111\u1ecbnh ngh\u0129a c\u1ee7a lu\u1eadt. Ngo\u00e0i vi\u1ec7c c\u00f3 th\u1ec3 b\u1ecb tr\u1eebng ph\u1ea1t m\u1ed9t c\u00e1ch \u0111\u00e1ng k\u1ec3 v\u1ec1 t\u00e0i ch\u00ednh (ti\u1ec1n ph\u1ea1t) th\u00ec qu\u00ed v\u1ecb c\u00f2n m\u1ea5t m\u1ecdi \u01b0u \u0111\u00e3i nh\u1edd m\u1ed1i quan h\u1ec7 vi\u1ec7c l\u00e0m theo lu\u1eadt \u0111\u1ecbnh (ch\u1ee7 lao \u0111\u1ed9ng kh\u00f4ng th\u1ec3 cho qu\u00ed v\u1ecb ngh\u1ec9 v\u00f4 l\u00fd do, qu\u00ed v\u1ecb kh\u00f4ng c\u00f3 quy\u1ec1n l\u1ee3i v\u1ec1 k\u1ef3 ngh\u1ec9 \u0111\u01b0\u1ee3c tr\u1ea3 ti\u1ec1n v\u00e0 vv&#8230;) v\u00e0 qu\u00ed v\u1ecb c\u0169ng kh\u00f4ng \u0111\u01b0\u1ee3c lu\u1eadt Lao \u0111\u1ed9ng b\u1ea3o v\u1ec7. \u0110\u1ed3ng th\u1eddi l\u01b0\u01a1ng h\u01b0u c\u1ee7a qu\u00ed v\u1ecb r\u1ea5t c\u00f3 th\u1ec3 l\u00e0 s\u1ebd th\u1ea5p h\u01a1n.<\/p>\n<p><strong>\u0110\u1ea1t \u0111\u01b0\u1ee3c l\u1ee3i nhu\u1eadn<\/strong><\/p>\n<p>Qu\u00ed v\u1ecb \u0111\u01b0\u1ee3c tr\u1ea3 ti\u1ec1n cho c\u00f4ng vi\u1ec7c m\u00ecnh l\u00e0m. Tuy nhi\u00ean, qu\u00ed v\u1ecb kh\u00f4ng nh\u1eadn l\u01b0\u01a1ng gi\u1ed1ng nh\u01b0 khi \u0111i l\u00e0m thu\u00ea, nh\u01b0ng tr\u00ecnh lo\u1ea1i gi\u1ea5y c\u00f3 t\u00ean <strong>h\u00f3a \u0111\u01a1n. <\/strong>M\u1ee5c ti\u00eau c\u1ee7a qu\u00ed v\u1ecb l\u00e0 t\u1ea1o ra l\u1ee3i nhu\u1eadn, nh\u01b0ng li\u1ec7u qu\u00ed v\u1ecb c\u00f3 th\u1ef1c s\u1ef1 \u0111\u1ea1t \u0111\u01b0\u1ee3c l\u1ee3i nhu\u1eadn hay kh\u00f4ng, kh\u00f4ng quan tr\u1ecdng. V\u00ed d\u1ee5, n\u1ebfu qu\u00ed v\u1ecb b\u00e1n \u0111\u1ed3 th\u1eeba t\u1eeb v\u01b0\u1eddn ri\u00eang c\u1ee7a m\u00ecnh mi\u1ec5n ph\u00ed th\u00ec h\u00e0nh \u0111\u1ed9ng n\u00e0y kh\u00f4ng ph\u1ea3i l\u00e0 kinh doanh.<\/p>\n<p>\u0110\u1ecdc ti\u1ebfp ph\u1ea7n: <a href=\"https:\/\/metropolevsech.eu\/cs\/za-jakych-podminek-mohou-cizinci-podnikat-v-ceske-republice\/\">Ng\u01b0\u1eddi n\u01b0\u1edbc c\u00f3 th\u1ec3 kinh doanh t\u1ea1i CH S\u00e9c theo nh\u1eefng \u0111i\u1ec1u ki\u1ec7n n\u00e0o?<\/a><\/p>\n<p>C\u1eadp nh\u1eadt n\u1ed9i dung t\u1eeb kh\u00eda c\u1ea1nh x\u00e3 h\u1ed9i-ph\u00e1p l\u00fd ng\u00e0y 8.11.2021.<\/p>","protected":false},"excerpt":{"rendered":"<p>Trong ch\u01b0\u01a1ng n\u00e0y Praha &#8211; Th\u1ee7 \u0111\u00f4 c\u1ee7a m\u1ecdi\u00a0ng\u01b0\u1eddi, qu\u00ed v\u1ecb s\u1ebd \u0111\u01b0\u1ee3c bi\u1ebft, kinh doanh l\u00e0 g\u00ec, kinh doanh ho\u1ea1t \u0111\u1ed9ng nh\u01b0 th\u1ebf n\u00e0o v\u00e0 \u0111\u1eb7c bi\u1ec7t l\u00e0 kinh doanh c\u00e1 th\u1ec3 hay c\u00f4ng ty. Ch\u00fang t\u00f4i s\u1ebd gi\u1edbi&#8230;<\/p>\n<a class=\"more-block\" href=\"https:\/\/metropolevsech.eu\/vi\/potrebuji-resit\/podnikani\/\">\u0110\u1ecdc th\u00eam<\/a>","protected":false},"author":7,"featured_media":9376,"parent":736,"menu_order":7,"comment_status":"closed","ping_status":"closed","template":"","meta":[],"acf":[],"_links":{"self":[{"href":"https:\/\/metropolevsech.eu\/vi\/wp-json\/wp\/v2\/pages\/603"}],"collection":[{"href":"https:\/\/metropolevsech.eu\/vi\/wp-json\/wp\/v2\/pages"}],"about":[{"href":"https:\/\/metropolevsech.eu\/vi\/wp-json\/wp\/v2\/types\/page"}],"author":[{"embeddable":true,"href":"https:\/\/metropolevsech.eu\/vi\/wp-json\/wp\/v2\/users\/7"}],"replies":[{"embeddable":true,"href":"https:\/\/metropolevsech.eu\/vi\/wp-json\/wp\/v2\/comments?post=603"}],"version-history":[{"count":20,"href":"https:\/\/metropolevsech.eu\/vi\/wp-json\/wp\/v2\/pages\/603\/revisions"}],"predecessor-version":[{"id":24736,"href":"https:\/\/metropolevsech.eu\/vi\/wp-json\/wp\/v2\/pages\/603\/revisions\/24736"}],"up":[{"embeddable":true,"href":"https:\/\/metropolevsech.eu\/vi\/wp-json\/wp\/v2\/pages\/736"}],"wp:featuredmedia":[{"embeddable":true,"href":"https:\/\/metropolevsech.eu\/vi\/wp-json\/wp\/v2\/media\/9376"}],"wp:attachment":[{"href":"https:\/\/metropolevsech.eu\/vi\/wp-json\/wp\/v2\/media?parent=603"}],"curies":[{"name":"wp","href":"https:\/\/api.w.org\/{rel}","templated":true}]}}