{"id":616,"date":"2017-01-01T12:06:12","date_gmt":"2017-01-01T11:06:12","guid":{"rendered":"https:\/\/metropolevsech.eu\/?page_id=616"},"modified":"2026-01-23T17:51:01","modified_gmt":"2026-01-23T16:51:01","slug":"jednotne-kontaktni-misto","status":"publish","type":"page","link":"https:\/\/metropolevsech.eu\/vi\/potrebuji-resit\/podnikani\/jednotne-kontaktni-misto\/","title":{"rendered":"Trung t\u00e2m \u0111\u0103ng k\u00fd duy nh\u1ea5t"},"content":{"rendered":"<p><em>Trung t\u00e2m \u0111\u0103ng k\u00fd duy nh\u1ea5t (JKM) cung c\u1ea5p th\u00f4ng tin c\u1ea7n thi\u1ebft mi\u1ec5n ph\u00ed cho vi\u1ec7c b\u1eaft \u0111\u1ea7u kinh doanh, kh\u00f4ng ch\u1ec9 t\u1ea1i CH S\u00e9c, nh\u01b0ng c\u00f2n \u1edf b\u1ea5t c\u1ee9 \u0111\u00e2u \u1edf EU. Ngo\u00e0i ra c\u00f2n gi\u1edbi thi\u1ec7u cho qu\u00ed v\u1ecb \u0111\u1ecba ch\u1ec9 li\u00ean l\u1ea1c v\u1edbi nh\u1eefng c\u01a1 quan c\u1ea7n thi\u1ebft c\u00f3 th\u1ea9m quy\u1ec1n ph\u00ea duy\u1ec7t m\u1ed9t lo\u1ea1i c\u00f4ng vi\u1ec7c [kinh doanh] c\u1ee5 th\u1ec3 n\u00e0o \u0111\u00f3 t\u1ea1i CH S\u00e9c v\u00e0 EU. H\u1ecd s\u1ebd chuy\u1ec3n h\u1ed3 s\u01a1 xin c\u1ea5p ph\u00e9p kinh doanh ho\u1eb7c c\u00f4ng nh\u1eadn b\u1eb1ng c\u1ea5p chuy\u00ean m\u00f4n cho c\u01a1 quan c\u1ea7n thi\u1ebft. Qu\u00ed v\u1ecb c\u0169ng c\u00f3 th\u1ec3 lo li\u1ec7u t\u1ea5t c\u1ea3 nh\u1eefng th\u1ee7 t\u1ee5c cho vi\u1ec7c b\u1eaft \u0111\u1ea7u kinh doanh t\u1ea1i m\u1ed9t \u0111\u1ecba \u0111i\u1ec3m duy nh\u1ea5t. JMK \u0111\u01b0\u1ee3c \u0111i\u1ec1u h\u00e0nh b\u1edfi nh\u00e0 n\u01b0\u1edbc d\u1ef1a v\u00e0o<\/em><a href=\"https:\/\/www.mpo.cz\/assets\/dokumenty\/31182\/34462\/370481\/priloha001.pdf\"><em> lu\u1eadt ph\u00e1p li\u00ean minh ch\u00e2u \u00c2u.<\/em><\/a><em> Th\u00f4ng tin m\u00e0 h\u1ecd cung c\u1ea5p l\u00e0 th\u00f4ng tin \u0111\u01b0\u1ee3c ki\u1ec3m ch\u1ee9ng v\u00e0 ch\u00ednh x\u00e1c. <\/em><\/p>\n<p>\u1ede CH c\u00f3 15 Trung t\u00e2m \u0111\u0103ng k\u00fd duy nh\u1ea5t. Danh s\u00e1ch v\u00e0 \u0111\u1ecba ch\u1ec9 li\u00ean l\u1ea1c c\u1ee7a h\u1ecd c\u00f3 t\u1ea1i trang web <a href=\"https:\/\/www.businessinfo.cz\/navody\/adresy-jednotnych-kontaktnich-mist-jkm\/#b14\">BusinessINFO<\/a>.<\/p>\n<p><em>V Praze se m\u016f\u017eete obr\u00e1tit na dv\u011b JKM, a sice na \u017eivnostensk\u00e9m \u00fa\u0159ad\u011b m\u011bstsk\u00e9 \u010d\u00e1sti Praha 1 a Praha 7.<\/em><\/p>\n<p>\u1ede Praha qu\u00ed c\u00f3 th\u1ec3 li\u00ean l\u1ea1c v\u1edbi 2 JMK, v\u00e0 t\u1ea1i ph\u00f2ng gi\u1ea5y ph\u00e9p kinh doanh c\u1ee7a Praha u\u1ef7 ban qu\u1eadn 1 v\u00e0 qu\u1eadn 7.<\/p>\n<p><strong>U\u1ef7 ban qu\u1eadn Praha 7 &#8211; ph\u00f2ng gi\u1ea5y ph\u00e9p th\u01b0\u01a1ng m\u1ea1i th\u00e0nh ph\u1ed1<\/strong><\/p>\n<p><strong>\u0111\u1ecba ch\u1ec9:<\/strong> Vodi\u010dkova 681\/18, 115 68, Praha 1 \u2013 Nov\u00e9 M\u011bsto<\/p>\n<p><strong>\u0111i\u1ec7n tho\u1ea1i:<\/strong> + 420 221 097 139, + 420 221 097 394, + 420 221 097 366<\/p>\n<p><strong>e-mail: <\/strong><a href=\"mailto:jkm@praha1.cz\">jkm@praha1.cz<\/a><\/p>\n<p><strong>trang web:<\/strong><a href=\"http:\/\/www.praha1.cz\/\"> www.praha1.cz<\/a><\/p>\n<p><strong>U\u1ef7 ban qu\u1eadn Praha 7 &#8211; ph\u00f2ng gi\u1ea5y ph\u00e9p th\u01b0\u01a1ng m\u1ea1i th\u00e0nh ph\u1ed1<\/strong><\/p>\n<p><strong>\u0111\u1ecba ch\u1ec9:<\/strong> N\u00e1b\u0159e\u017e\u00ed kpt. Jaro\u0161e 1000, 170 00 Praha 7<\/p>\n<p><strong>\u0111i\u1ec7n tho\u1ea1i:<\/strong> + 420 220 144 164<\/p>\n<p><strong>e-mail:<\/strong> <a href=\"mailto:jkm@praha7.cz\">jkm@praha7.cz<\/a><\/p>\n<p><strong>trang web:<\/strong><a href=\"http:\/\/www.praha7.cz\/\"> www.praha7.cz<\/a><\/p>\n<p><strong><em>M\u1eabu \u0111\u01a1n \u0111i\u1ec7n t\u1eed<\/em><\/strong><\/p>\n<p>Qu\u00ed v\u1ecb c\u00f3 th\u1ec3 \u0111\u1eb7t c\u00e2u h\u1ecfi v\u1ec1 vi\u1ec7c kinh doanh \u1edf CH S\u00e9c v\u00e0 EU b\u1eb1ng c\u00e1c m\u1eabu \u0111\u01a1n li\u00ean l\u1ea1c c\u00f3 s\u1eb5n t\u1ea1i trang web <a href=\"http:\/\/www.businessinfo.cz\/\"><em>BusinessINFO.cz.<\/em><\/a><\/p>\n<p>\u0110\u1ec3 bi\u1ebft th\u00f4ng tin ho\u00e0n ch\u00ecnh v\u00e0 d\u1ecbch v\u1ee5 c\u1ee7a JMK, m\u1eddi gh\u00e9 trang wb<a href=\"http:\/\/www.businessinfo.cz\/\"> BusinessINFO.cz<\/a>.<\/p>\n<p>Qu\u00ed v\u1ecb c\u00f3 th\u1ec3 n\u00f3i b\u1eb1ng c\u1ea3 ti\u1ebfng S\u00e9c l\u1eabn ti\u1ebfng Anh t\u1ea1i c\u00e1c Trung t\u00e2m \u0111\u0103ng k\u00fd duy nh\u1ea5t.<\/p>\n<p>C\u1eadp nh\u1eadt n\u1ed9i dung t\u1eeb kh\u00eda c\u1ea1nh x\u00e3 h\u1ed9i-ph\u00e1p l\u00fd ng\u00e0y 8.11.2021.<\/p>","protected":false},"excerpt":{"rendered":"<p>Trung t\u00e2m \u0111\u0103ng k\u00fd duy nh\u1ea5t (JKM) cung c\u1ea5p th\u00f4ng tin c\u1ea7n thi\u1ebft mi\u1ec5n ph\u00ed cho vi\u1ec7c b\u1eaft \u0111\u1ea7u kinh doanh, kh\u00f4ng ch\u1ec9 t\u1ea1i CH S\u00e9c, nh\u01b0ng c\u00f2n \u1edf b\u1ea5t c\u1ee9 \u0111\u00e2u \u1edf EU. Ngo\u00e0i ra c\u00f2n gi\u1edbi thi\u1ec7u cho&#8230;<\/p>\n<a class=\"more-block\" href=\"https:\/\/metropolevsech.eu\/vi\/potrebuji-resit\/podnikani\/jednotne-kontaktni-misto\/\">\u0110\u1ecdc th\u00eam<\/a>","protected":false},"author":7,"featured_media":0,"parent":603,"menu_order":5,"comment_status":"closed","ping_status":"closed","template":"","meta":[],"acf":[],"_links":{"self":[{"href":"https:\/\/metropolevsech.eu\/vi\/wp-json\/wp\/v2\/pages\/616"}],"collection":[{"href":"https:\/\/metropolevsech.eu\/vi\/wp-json\/wp\/v2\/pages"}],"about":[{"href":"https:\/\/metropolevsech.eu\/vi\/wp-json\/wp\/v2\/types\/page"}],"author":[{"embeddable":true,"href":"https:\/\/metropolevsech.eu\/vi\/wp-json\/wp\/v2\/users\/7"}],"replies":[{"embeddable":true,"href":"https:\/\/metropolevsech.eu\/vi\/wp-json\/wp\/v2\/comments?post=616"}],"version-history":[{"count":11,"href":"https:\/\/metropolevsech.eu\/vi\/wp-json\/wp\/v2\/pages\/616\/revisions"}],"predecessor-version":[{"id":24550,"href":"https:\/\/metropolevsech.eu\/vi\/wp-json\/wp\/v2\/pages\/616\/revisions\/24550"}],"up":[{"embeddable":true,"href":"https:\/\/metropolevsech.eu\/vi\/wp-json\/wp\/v2\/pages\/603"}],"wp:attachment":[{"href":"https:\/\/metropolevsech.eu\/vi\/wp-json\/wp\/v2\/media?parent=616"}],"curies":[{"name":"wp","href":"https:\/\/api.w.org\/{rel}","templated":true}]}}