{"id":619,"date":"2017-01-01T12:07:13","date_gmt":"2017-01-01T11:07:13","guid":{"rendered":"https:\/\/metropolevsech.eu\/?page_id=619"},"modified":"2026-01-23T17:46:00","modified_gmt":"2026-01-23T16:46:00","slug":"zalozeni-obchodni-korporace","status":"publish","type":"page","link":"https:\/\/metropolevsech.eu\/vi\/potrebuji-resit\/podnikani\/zalozeni-obchodni-korporace\/","title":{"rendered":"Ho\u1ea1t \u0111\u1ed9ng kinh doanh c\u1ee7a ph\u00e1p nh\u00e2n"},"content":{"rendered":"<p>Qu\u00ed v\u1ecb mu\u1ed1n l\u1eadp c\u00f4ng ty ri\u00eang? C\u00e1c t\u1ed5 ch\u1ee9c th\u01b0\u01a1ng m\u1ea1i l\u00e0 c\u00e1c <strong>c\u00f4ng ty th\u01b0\u01a1ng m\u1ea1i<\/strong> v\u00e0 h\u1ee3p t\u00e1c x\u00e3 (\u0111\u01b0\u1ee3c chia th\u00e0nh h\u1ee3p t\u00e1c x\u00e3 v\u00e0 hi\u1ec7p h\u1ed9i h\u1ee3p t\u00e1c ch\u00e2u \u00c2u). C\u00e1c c\u00f4ng ty th\u01b0\u01a1ng m\u1ea1i l\u00e0:<\/p>\n<ul>\n<li>c\u00f4ng ty h\u1ee3p doanh<\/li>\n<li>c\u00f4ng ty \u0111\u01a1n doanh,<\/li>\n<li>c\u00f4ng ty tr\u00e1ch nhi\u1ec7m h\u1eefu h\u1ea1n,<\/li>\n<li>c\u00f4ng ty c\u1ed5 ph\u1ea7n,<\/li>\n<li>c\u00f4ng ty ch\u00e2u \u00c2u,<\/li>\n<li>hi\u1ec7p h\u1ed9i l\u1ee3i \u00edch kinh t\u1ebf ch\u00e2u \u00c2u.<\/li>\n<\/ul>\n<p>T\u1ea5t c\u1ea3 c\u00e1c doanh nghi\u1ec7p v\u00e0 h\u1ee3p t\u00e1c bu\u1ed9c ph\u1ea3i \u0111\u0103ng k\u00fd v\u00e0o <a href=\"http:\/\/www.obchodnirejstrik.cz\"><u>h\u1ec7 th\u1ed1ng \u0111\u0103ng k\u00fd th\u01b0\u01a1ng m\u1ea1i<\/u><\/a>, n\u1ebfu kh\u00f4ng \u0111\u0103ng k\u00fd th\u00ec kh\u00f4ng c\u00f3 c\u00f4ng ty n\u00e0o t\u1ed3n t\u1ea1i c\u1ea3. C\u1ea7n ph\u1ea3i ph\u00e2n bi\u1ec7t s\u1ef1 h\u00ecnh th\u00e0nh v\u00e0 th\u00e0nh l\u1eadp c\u1ee7a m\u1ed9t t\u1ed5 ch\u1ee9c th\u01b0\u01a1ng m\u1ea1i, v\u00ec s\u1ef1 th\u00e0nh l\u1eadp c\u00f3 tr\u01b0\u1edbc c\u1ea3 qu\u00e1 tr\u00ecnh \u0111\u0103ng k\u00fd.<\/p>\n<p><em>L\u00e0 ng\u01b0\u1eddi n\u01b0\u1edbc ngo\u00e0i, qu\u00ed v\u1ecb c\u00f3 th\u1ec3 c\u1ea7n gi\u1ea5y ph\u00e9p \u0111\u1ec3 l\u00e0m thu\u00ea, k\u1ec3 c\u1ea3 khi qu\u00ed v\u1ecb l\u00e0 ng\u01b0\u1eddi h\u1ee3p doanh, c\u01a1 quan \u0111i\u1ec1u h\u00e0nh ho\u1eb7c l\u00e0 th\u00e0nh vi\u00ean c\u1ee7a m\u1ed9t ph\u00e1p nh\u00e2n (c\u00f4ng ty th\u01b0\u01a1ng m\u1ea1i), v\u00e0 k\u1ec3 c\u1ea3 trong tr\u01b0\u1eddng h\u1ee3p c\u00f4ng vi\u1ec7c c\u1ee7a qu\u00ed v\u1ecb l\u00e0 th\u1ef1c hi\u1ec7n c\u00f4ng vi\u1ec7c theo l\u0129nh v\u1ef1c ho\u1ea1t \u0111\u1ed9ng c\u1ee7a ph\u00e1p nh\u00e2n.<\/em><\/p>\n<p><em>Trang web <\/em><a href=\"https:\/\/www.businessinfo.cz\/navody\/obchodni-korporace-zalozeni-a-vznik-ppbi\/#!&amp;chapter=1\"><em>\u00a0<\/em><em>businessinfo.cz<\/em><\/a> <em>\u00a0<\/em><em>mi\u00eau t\u1ea3 chi ti\u1ebft nh\u1eefng b\u01b0\u1edbc kh\u1edfi \u0111\u1ea7u khi mu\u1ed1n th\u00e0nh l\u1eadp v\u00e0 h\u00ecnh th\u00e0nh c\u00f4ng ty th\u01b0\u01a1ng m\u1ea1i v\u00e0 h\u1ee3p t\u00e1c, \u0111\u1ed3ng th\u1eddi l\u01b0u \u00fd nh\u1eefng s\u1ef1 kh\u00e1c bi\u1ec7t khi th\u00e0nh l\u1eadp. Tr\u00ean \u0111\u00f3 c\u00f2n c\u00f3 c\u1ea9m nang chi ti\u1ebft v\u1ec1 kinh doanh.<\/em><\/p>\n<p>C\u1eadp nh\u1eadt n\u1ed9i dung t\u1eeb kh\u00eda c\u1ea1nh x\u00e3 h\u1ed9i-ph\u00e1p l\u00fd ng\u00e0y 8.11.2021.<\/p>","protected":false},"excerpt":{"rendered":"<p>Qu\u00ed v\u1ecb mu\u1ed1n l\u1eadp c\u00f4ng ty ri\u00eang? C\u00e1c t\u1ed5 ch\u1ee9c th\u01b0\u01a1ng m\u1ea1i l\u00e0 c\u00e1c c\u00f4ng ty th\u01b0\u01a1ng m\u1ea1i v\u00e0 h\u1ee3p t\u00e1c x\u00e3 (\u0111\u01b0\u1ee3c chia th\u00e0nh h\u1ee3p t\u00e1c x\u00e3 v\u00e0 hi\u1ec7p h\u1ed9i h\u1ee3p t\u00e1c ch\u00e2u \u00c2u). C\u00e1c c\u00f4ng ty th\u01b0\u01a1ng m\u1ea1i&#8230;<\/p>\n<a class=\"more-block\" href=\"https:\/\/metropolevsech.eu\/vi\/potrebuji-resit\/podnikani\/zalozeni-obchodni-korporace\/\">\u0110\u1ecdc th\u00eam<\/a>","protected":false},"author":7,"featured_media":0,"parent":603,"menu_order":3,"comment_status":"closed","ping_status":"closed","template":"","meta":[],"acf":[],"_links":{"self":[{"href":"https:\/\/metropolevsech.eu\/vi\/wp-json\/wp\/v2\/pages\/619"}],"collection":[{"href":"https:\/\/metropolevsech.eu\/vi\/wp-json\/wp\/v2\/pages"}],"about":[{"href":"https:\/\/metropolevsech.eu\/vi\/wp-json\/wp\/v2\/types\/page"}],"author":[{"embeddable":true,"href":"https:\/\/metropolevsech.eu\/vi\/wp-json\/wp\/v2\/users\/7"}],"replies":[{"embeddable":true,"href":"https:\/\/metropolevsech.eu\/vi\/wp-json\/wp\/v2\/comments?post=619"}],"version-history":[{"count":12,"href":"https:\/\/metropolevsech.eu\/vi\/wp-json\/wp\/v2\/pages\/619\/revisions"}],"predecessor-version":[{"id":24549,"href":"https:\/\/metropolevsech.eu\/vi\/wp-json\/wp\/v2\/pages\/619\/revisions\/24549"}],"up":[{"embeddable":true,"href":"https:\/\/metropolevsech.eu\/vi\/wp-json\/wp\/v2\/pages\/603"}],"wp:attachment":[{"href":"https:\/\/metropolevsech.eu\/vi\/wp-json\/wp\/v2\/media?parent=619"}],"curies":[{"name":"wp","href":"https:\/\/api.w.org\/{rel}","templated":true}]}}