{"id":633,"date":"2017-01-01T12:23:07","date_gmt":"2017-01-01T11:23:07","guid":{"rendered":"https:\/\/metropolevsech.eu\/?page_id=633"},"modified":"2026-01-15T09:35:47","modified_gmt":"2026-01-15T08:35:47","slug":"vzdelavani-a-nostrifikace-diplomu","status":"publish","type":"page","link":"https:\/\/metropolevsech.eu\/vi\/potrebuji-resit\/vzdelavani-a-nostrifikace-diplomu\/","title":{"rendered":"Gi\u00e1o d\u1ee5c"},"content":{"rendered":"<p><em>Gi\u00e1o d\u1ee5c thu\u1ed9c v\u1ec1 m\u1ed9t trong nh\u1eefng nhu c\u1ea7u quan tr\u1ecdng c\u1ee7a con ng\u01b0\u1eddi. C\u00f3 th\u1ec3 n\u00f3i l\u00e0 ch\u00fang ta h\u1ecdc c\u1ea3 \u0111\u1eddi. V\u1ec1 m\u1eb7t x\u00e3 h\u1ed9i gi\u00e1o d\u1ee5c \u0111\u00f3ng vai tr\u00f2 quan tr\u1ecdng. Ch\u00fang ta kh\u00f4ng ch\u1ec9 h\u1ecdc nh\u1eefng ki\u1ebfn th\u1ee9c quan tr\u1ecdng, m\u00e0 gi\u00e1o d\u1ee5c c\u0169ng gi\u00fap ch\u00fang ta \u0111\u1ecbnh h\u01b0\u1edbng trong x\u00e3 h\u1ed9i v\u00e0 hi\u1ec3u quy t\u1eafc c\u1ee7a n\u00f3. B\u1ea1n s\u1ebd g\u1eb7p c\u00e1c h\u00ecnh th\u1ee9c gi\u00e1o d\u1ee5c kh\u00e1c nhau. Ho\u1eb7c b\u1ea1n c\u00f3 con v\u00e0 con b\u1ea1n ph\u1ea3i <strong>\u0111i h\u1ecdc b\u1eaft bu\u1ed9c<\/strong>, ho\u1eb7c ch\u00ednh b\u1ea1n mu\u1ed1n \u0111\u01b0\u1ee3c h\u1ecdc ti\u1ebfp. Trong c\u00e1c ch\u01b0\u01a1ng ti\u1ebfp theo b\u1ea1n s\u1ebd c\u00f3 \u0111\u01b0\u1ee3c c\u00e1i nh\u00ecn t\u1ed5ng quan v\u1ec1 h\u1ec7 th\u1ed1ng gi\u00e1o d\u1ee5c S\u00e9c v\u00e0 c\u00e1c h\u00ecnh th\u1ee9c gi\u00e1o d\u1ee5c kh\u00e1c.<\/em><\/p>\n<p><em>\u00a0<\/em><em>H\u1ec7 th\u1ed1ng gi\u00e1o d\u1ee5c c\u1ee7a c\u00e1c n\u01b0\u1edbc s\u1ebd kh\u00e1c nhau. B\u1edfi v\u1eady c\u00f3 th\u1ec3 b\u1ea1n s\u1ebd ng\u1ea1c nhi\u00ean v\u1ec1 m\u1ed9t m\u1eb7t n\u00e0o \u0111\u00f3 tr\u01b0\u1eddng ho\u1ea1t \u0111\u1ed9ng kh\u00e1c so v\u1edbi nh\u1eefng g\u00ec b\u1ea1n \u0111\u00e3 quen \u1edf \u0111\u1ea5t n\u01b0\u1edbc, n\u01a1i b\u1ea1n \u0111\u00e3 \u0111i h\u1ecdc. Trong tr\u01b0\u1eddng h\u1ee3p b\u1ea1n c\u1ea7n gi\u1ea3i quy\u1ebft v\u1ea5n \u0111\u1ec1 kh\u00f3 kh\u0103n n\u00e0o \u0111\u00f3, c\u00f3 th\u1ec3 t\u00ecm \u0111\u1ebfn t\u1ed5 ch\u1ee9c cung c\u1ea5p t\u01b0 v\u1ea5n chuy\u00ean m\u00f4n v\u1ec1 l\u0129nh v\u1ef1c gi\u00e1o d\u1ee5c. Th\u00f4ng tin li\u00ean h\u1ec7 c\u00f3 th\u1ec3 t\u00ecm \u0111\u01b0\u1ee3c \u1edf d\u01b0\u1edbi.<\/em><\/p>\n<ul class=\"bullet\">\n<li><a href=\"\/\/metropolevsech.eu\/vi\/potrebuji-resit\/vzdelavani-a-nostrifikace-diplomu\/kurzy-ceskeho-jazyka\/\">C\u00e1c kh\u00f3a h\u1ecdc ti\u1ebfng S\u00e9c<\/a><\/li>\n<li><a href=\"\/\/metropolevsech.eu\/vi\/potrebuji-resit\/vzdelavani-a-nostrifikace-diplomu\/vzdelavani-deti\/\">Gi\u00e1o d\u1ee5c tr\u1ebb em<\/a><\/li>\n<li><a href=\"\/\/metropolevsech.eu\/vi\/potrebuji-resit\/vzdelavani-a-nostrifikace-diplomu\/vzdelavani-dospelych\/\">Gi\u00e1o d\u1ee5c ng\u01b0\u1eddi l\u1edbn<\/a><\/li>\n<li><a href=\"\/\/metropolevsech.eu\/vi\/potrebuji-resit\/vzdelavani-a-nostrifikace-diplomu\/nostrifikace\/\">C\u00f4ng nh\u1eadn v\u0103n b\u1eb1ng<\/a><\/li>\n<\/ul>\n<p><\/p>","protected":false},"excerpt":{"rendered":"<p>Gi\u00e1o d\u1ee5c thu\u1ed9c v\u1ec1 m\u1ed9t trong nh\u1eefng nhu c\u1ea7u quan tr\u1ecdng c\u1ee7a con ng\u01b0\u1eddi. C\u00f3 th\u1ec3 n\u00f3i l\u00e0 ch\u00fang ta h\u1ecdc c\u1ea3 \u0111\u1eddi. V\u1ec1 m\u1eb7t x\u00e3 h\u1ed9i gi\u00e1o d\u1ee5c \u0111\u00f3ng vai tr\u00f2 quan tr\u1ecdng. Ch\u00fang ta kh\u00f4ng ch\u1ec9 h\u1ecdc nh\u1eefng&#8230;<\/p>\n<a class=\"more-block\" href=\"https:\/\/metropolevsech.eu\/vi\/potrebuji-resit\/vzdelavani-a-nostrifikace-diplomu\/\">\u0110\u1ecdc th\u00eam<\/a>","protected":false},"author":7,"featured_media":2551,"parent":736,"menu_order":6,"comment_status":"closed","ping_status":"closed","template":"","meta":[],"acf":[],"_links":{"self":[{"href":"https:\/\/metropolevsech.eu\/vi\/wp-json\/wp\/v2\/pages\/633"}],"collection":[{"href":"https:\/\/metropolevsech.eu\/vi\/wp-json\/wp\/v2\/pages"}],"about":[{"href":"https:\/\/metropolevsech.eu\/vi\/wp-json\/wp\/v2\/types\/page"}],"author":[{"embeddable":true,"href":"https:\/\/metropolevsech.eu\/vi\/wp-json\/wp\/v2\/users\/7"}],"replies":[{"embeddable":true,"href":"https:\/\/metropolevsech.eu\/vi\/wp-json\/wp\/v2\/comments?post=633"}],"version-history":[{"count":14,"href":"https:\/\/metropolevsech.eu\/vi\/wp-json\/wp\/v2\/pages\/633\/revisions"}],"predecessor-version":[{"id":24449,"href":"https:\/\/metropolevsech.eu\/vi\/wp-json\/wp\/v2\/pages\/633\/revisions\/24449"}],"up":[{"embeddable":true,"href":"https:\/\/metropolevsech.eu\/vi\/wp-json\/wp\/v2\/pages\/736"}],"wp:featuredmedia":[{"embeddable":true,"href":"https:\/\/metropolevsech.eu\/vi\/wp-json\/wp\/v2\/media\/2551"}],"wp:attachment":[{"href":"https:\/\/metropolevsech.eu\/vi\/wp-json\/wp\/v2\/media?parent=633"}],"curies":[{"name":"wp","href":"https:\/\/api.w.org\/{rel}","templated":true}]}}