{"id":638,"date":"2017-01-01T12:27:21","date_gmt":"2017-01-01T11:27:21","guid":{"rendered":"https:\/\/metropolevsech.eu\/?page_id=638"},"modified":"2026-01-27T20:26:01","modified_gmt":"2026-01-27T19:26:01","slug":"vzdelavani-dospelych","status":"publish","type":"page","link":"https:\/\/metropolevsech.eu\/vi\/potrebuji-resit\/vzdelavani-a-nostrifikace-diplomu\/vzdelavani-dospelych\/","title":{"rendered":"Gi\u00e1o d\u1ee5c ng\u01b0\u1eddi l\u1edbn"},"content":{"rendered":"<p>B\u1ea1n \u0111\u00e3 h\u1ecdc xong trung h\u1ecdc ph\u1ed5 th\u00f4ng v\u00e0 b\u1ea1n mu\u1ed1n h\u1ecdc ti\u1ebfp? B\u1ea1n c\u00f3 th\u1ec3 ch\u1ecdn tr\u01b0\u1eddng \u0111\u1ea1i h\u1ecdc, ho\u1eb7c tr\u01b0\u1eddng cao \u0111\u1eb3ng ngh\u1ec1.<\/p>\n<h3>Tr\u01b0\u1eddng cao \u0111\u1eb3ng ngh\u1ec1<\/h3>\n<p>Tr\u01b0\u1eddng cao \u0111\u1eb3ng ngh\u1ec1 (Vy\u0161\u0161\u00ed odborn\u00e9 \u0161koly \u2013 VO\u0160) cung c\u1ea5p ch\u01b0\u01a1ng tr\u00ecnh h\u1ecdc chuy\u00ean m\u00f4n th\u01b0\u1eddng k\u00e9o d\u00e0i 2-3 n\u0103m. Sinh vi\u00ean t\u1ed1t nghi\u1ec7p nh\u1eadn \u0111\u01b0\u1ee3c danh hi\u1ec7u t\u1ed1t nghi\u1ec7p (Dis.) chuy\u00ean gia v\u1edbi m\u1ed9t t\u1ea5m b\u1eb1ng ch\u1ee9ng nh\u1eadn. \u0110\u00e2y kh\u00f4ng ph\u1ea3i l\u00e0 m\u1ed9t n\u1ec1n gi\u00e1o d\u1ee5c \u0111\u1ea1i h\u1ecdc. \u00a0C\u00e1c chuy\u00ean ng\u00e0nh c\u00f3 th\u1ec3 theo h\u1ecdc tr\u00ean tr\u01b0\u1eddng cao \u0111\u1eb3ng ngh\u1ec1 l\u00e0 s\u01b0 ph\u1ea1m x\u00e3 h\u1ed9i, qu\u1ea3ng c\u00e1o v\u00e0 s\u00e1ng t\u1ea1o ngh\u1ec7 thu\u1eadt, ng\u00e0nh y t\u00e1, c\u1ee9u h\u1ed9, du l\u1ecbch, thi\u1ebft k\u1ebf \u0111\u1ed3 h\u1ecda v.v..<\/p>\n<h4>Li\u00ean k\u1ebft<\/h4>\n<ul class=\"bullet-links\">\n<li>Danh s\u00e1ch c\u00e1c tr\u01b0\u1eddng cao \u0111\u1eb3ng ngh\u1ec1 c\u00f3 th\u1ec3 t\u00ecm th\u1ea5y tr\u00ean <a href=\"\/\/www.atlasskolstvi.cz\/vyssi-odborne-skoly\">trang n\u00e0y<\/a><\/li>\n<\/ul>\n<p>\u0110i\u1ec1u ki\u1ec7n tuy\u1ec3n sinh c\u00f3 th\u1ec3 t\u00ecm th\u1ea5y trang web c\u1ee7a t\u1eebng tr\u01b0\u1eddng.<\/p>\n<h3>Tr\u01b0\u1eddng \u0111\u1ea1i h\u1ecdc<\/h3>\n<p>B\u1ea1n mu\u1ed1n h\u1ecdc \u0111\u1ea1i h\u1ecdc? Praha l\u00e0 th\u00e0nh ph\u1ed1 c\u00f3 nhi\u1ec1u tr\u01b0\u1eddng \u0111\u1ea1i h\u1ecdc nh\u1ea5t c\u1ea3 n\u01b0\u1edbc. \u1ede \u0111\u00e2y c\u00f3 m\u1ea5y ch\u1ee5c tr\u01b0\u1eddng \u0111\u1ea1i h\u1ecdc c\u00f4ng c\u1ed9ng, d\u00e2n l\u1eadp ho\u1eb7c c\u00f4ng l\u1eadp \u1edf \u0111\u00e2y c\u00f3 v\u00e0i ch\u1ee5c tr\u01b0\u1eddng cung c\u1ea5p h\u00e0ng tr\u0103ng ch\u01b0\u01a1ng tr\u00ecnh \u0111\u00e0o t\u1ea1o. Danh s\u00e1ch c\u00e1c tr\u01b0\u1eddng \u0111\u1ea1i h\u1ecdc v\u00e0 ch\u01b0\u01a1ng tr\u00ecnh \u0111\u00e0o t\u1ea1o c\u00f3 th\u1ec3 t\u00ecm th\u1ea5y tr\u00ean trang <a href=\"\/\/www.vysokeskoly.cz\/\">www.vysokeskoly.cz<\/a> (t\u1ea1i \u0111\u00e2y b\u1ea1n c\u00f3 th\u1ec3 t\u00ecm tr\u01b0\u1eddng \u0111\u1ea1i h\u1ecdc theo ng\u00e0nh ho\u1eb7c chuy\u00ean m\u00f4n). C\u00e1c trang t\u00ecm ki\u1ebfm ti\u1ebfp theo l\u00e0 <a href=\"\/\/www.atlasskolstvi.cz\/\">www.atlasskolstvi.cz<\/a> ho\u1eb7c <a href=\"\/\/www.msmt.cz\/vzdelavani\/vysoke-skolstvi\/prehled-vysokych-skol-v-cr-3\">trang web c\u1ee7a B\u1ed9 Gi\u00e1o d\u1ee5c CH S\u00e9c<\/a>.<\/p>\n<p>B\u1ea1n c\u00f3 th\u1ec3 ch\u1ecdn h\u1ecdc c\u00e1c h\u00ecnh th\u1ee9c kh\u00e1c nhau (ch\u00ednh quy, b\u1ed5 t\u00fac, k\u1ebft h\u1ee3p v.v..) trong ch\u01b0\u01a1ng tr\u00ecnh h\u1ecdc c\u1eed nh\u00e2n, th\u1ea1c s\u0129 ho\u1eb7c ch\u01b0\u01a1ng tr\u00ecnh n\u00e2ng cao. \u0110i\u1ec1u ki\u1ec7n tuy\u1ec3n sinh l\u00e0 v\u01b0\u1ee3t qua k\u1ef3 thi tuy\u1ec3n sinh. M\u1ed7i tr\u01b0\u1eddng quy \u0111\u1ecbnh h\u00ecnh th\u1ee9c c\u1ee7a k\u1ef3 thi tuy\u1ec3n sinh. M\u1ed9t s\u1ed1 tr\u01b0\u1eddng \u0111\u1ea1i h\u1ecdc cho thi d\u1ea1ng tr\u1eafc nghi\u1ec7m, thi v\u1ea5n \u0111\u00e1p, ho\u1eb7c thi n\u0103ng khi\u1ebfu, ho\u1eb7c k\u1ebft h\u1ee3p c\u00e1c d\u1ea1ng thi n\u00e0y. M\u1ed9t s\u1ed1 tr\u01b0\u1eddng \u0111\u1ea1i h\u1ecdc tuy\u1ec3n sinh kh\u00f4ng d\u1ef1a v\u00e0o k\u1ef3 thi tuy\u1ec3n sinh m\u00e0 ch\u1ec9 tr\u00ean c\u01a1 s\u1edf k\u1ebft qu\u1ea3 h\u1ecdc t\u1eadp t\u1ea1i tr\u01b0\u1eddng trung h\u1ecdc ph\u1ed5 th\u00f4ng.<\/p>\n<p>Th\u00ed sinh kh\u00f4ng c\u00f3 qu\u1ed1c t\u1ecbch S\u00e9c ho\u1eb7c kh\u00f4ng thi t\u1ed1t nghi\u1ec7p m\u00f4n ti\u1ebfng S\u00e9c trong m\u1ed9t s\u1ed1 tr\u01b0\u1eddng h\u1ee3p ph\u1ea3i <strong>thi ti\u1ebfng S\u00e9c<\/strong> trong k\u1ef3 thi tuy\u1ec3n sinh. H\u00e3y xem \u0111i\u1ec1u ki\u1ec7n tuy\u1ec3n sinh tr\u00ean trang web c\u1ee7a tr\u01b0\u1eddng \u0111\u1ea1i h\u1ecdc\/khoa\/b\u1ed9 m\u00f4n, ho\u1eb7c t\u1ea1i ph\u00f2ng qu\u1ea3n l\u00fd sinh vi\u00ean.<\/p>\n<p>Trong tr\u01b0\u1eddng h\u1ee3p b\u1ea1n th\u1ea5y h\u1ec7 th\u1ed1ng \u0111\u1ea1i h\u1ecdc kh\u00f3 hi\u1ec3u, b\u1ea1n c\u00f3 th\u1ec3 h\u1eb9n t\u01b0 v\u1ea5n t\u1ea1i m\u1ed9t trong c\u00e1c t\u1ed5 ch\u1ee9c chuy\u00ean h\u1ed9i nh\u1eadp ng\u01b0\u1eddi di c\u01b0 trong l\u0129nh v\u1ef1c gi\u00e1o d\u1ee5c (v\u00ed d\u1ee5 META).<\/p>\n<p>M\u1ed9t trong nh\u1eefng gi\u1ea5y t\u1edd quan tr\u1ecdng \u0111i k\u00e8m phi\u1ebfu \u0111\u0103ng k\u00fd x\u00e9t tuy\u1ec3n \u0111\u1ea1i h\u1ecdc l\u00e0 c\u00f4ng nh\u1eadn b\u1eb1ng t\u1ed1t nghi\u1ec7p trung h\u1ecdc ph\u1ed5 th\u00f4ng (n\u1ebfu b\u1ea1n \u0111\u00e3 h\u1ecdc \u1edf ngo\u00e0i C\u1ed9ng h\u00f2a S\u00e9c). Xem th\u00eam th\u00f4ng tin v\u1ec1 ch\u1ee9ng nh\u1eadn v\u0103n b\u1eb1ng \u1edf ch\u01b0\u01a1ng ti\u1ebfp theo. N\u1ebfu b\u1ea1n t\u1ed1t nghi\u1ec7p trung h\u1ecdc \u1edf tr\u01b0\u1eddng S\u00e9c, b\u1ea1n n\u1ed9p k\u00e8m b\u1ea3ng \u0111i\u1ec3m t\u1ed1t nghi\u1ec7p v\u00e0 kh\u00f4ng c\u1ea7n c\u00f4ng nh\u1eadn v\u0103n b\u1eb1ng.<\/p>","protected":false},"excerpt":{"rendered":"<p>B\u1ea1n \u0111\u00e3 h\u1ecdc xong trung h\u1ecdc ph\u1ed5 th\u00f4ng v\u00e0 b\u1ea1n mu\u1ed1n h\u1ecdc ti\u1ebfp? B\u1ea1n c\u00f3 th\u1ec3 ch\u1ecdn tr\u01b0\u1eddng \u0111\u1ea1i h\u1ecdc, ho\u1eb7c tr\u01b0\u1eddng cao \u0111\u1eb3ng ngh\u1ec1. Tr\u01b0\u1eddng cao \u0111\u1eb3ng ngh\u1ec1 Tr\u01b0\u1eddng cao \u0111\u1eb3ng ngh\u1ec1 (Vy\u0161\u0161\u00ed odborn\u00e9 \u0161koly \u2013 VO\u0160) cung c\u1ea5p&#8230;<\/p>\n<a class=\"more-block\" href=\"https:\/\/metropolevsech.eu\/vi\/potrebuji-resit\/vzdelavani-a-nostrifikace-diplomu\/vzdelavani-dospelych\/\">\u0110\u1ecdc th\u00eam<\/a>","protected":false},"author":7,"featured_media":7863,"parent":633,"menu_order":2,"comment_status":"closed","ping_status":"closed","template":"","meta":[],"acf":[],"_links":{"self":[{"href":"https:\/\/metropolevsech.eu\/vi\/wp-json\/wp\/v2\/pages\/638"}],"collection":[{"href":"https:\/\/metropolevsech.eu\/vi\/wp-json\/wp\/v2\/pages"}],"about":[{"href":"https:\/\/metropolevsech.eu\/vi\/wp-json\/wp\/v2\/types\/page"}],"author":[{"embeddable":true,"href":"https:\/\/metropolevsech.eu\/vi\/wp-json\/wp\/v2\/users\/7"}],"replies":[{"embeddable":true,"href":"https:\/\/metropolevsech.eu\/vi\/wp-json\/wp\/v2\/comments?post=638"}],"version-history":[{"count":9,"href":"https:\/\/metropolevsech.eu\/vi\/wp-json\/wp\/v2\/pages\/638\/revisions"}],"predecessor-version":[{"id":24740,"href":"https:\/\/metropolevsech.eu\/vi\/wp-json\/wp\/v2\/pages\/638\/revisions\/24740"}],"up":[{"embeddable":true,"href":"https:\/\/metropolevsech.eu\/vi\/wp-json\/wp\/v2\/pages\/633"}],"wp:featuredmedia":[{"embeddable":true,"href":"https:\/\/metropolevsech.eu\/vi\/wp-json\/wp\/v2\/media\/7863"}],"wp:attachment":[{"href":"https:\/\/metropolevsech.eu\/vi\/wp-json\/wp\/v2\/media?parent=638"}],"curies":[{"name":"wp","href":"https:\/\/api.w.org\/{rel}","templated":true}]}}