{"id":640,"date":"2017-01-01T12:28:02","date_gmt":"2017-01-01T11:28:02","guid":{"rendered":"https:\/\/metropolevsech.eu\/?page_id=640"},"modified":"2026-01-27T20:27:50","modified_gmt":"2026-01-27T19:27:50","slug":"nostrifikace","status":"publish","type":"page","link":"https:\/\/metropolevsech.eu\/vi\/potrebuji-resit\/vzdelavani-a-nostrifikace-diplomu\/nostrifikace\/","title":{"rendered":"C\u00f4ng nh\u1eadn v\u0103n b\u1eb1ng"},"content":{"rendered":"<p><\/p>\n<ul class=\"bullet\">\n<li><a href=\"#Uzn\u00e1v\u00e1n\u00ed z\u00e1kladn\u00edho, st\u0159edn\u00edho a vy\u0161\u0161\u00edho odborn\u00e9ho vzd\u011bl\u00e1n\u00ed\">C\u00f4ng nh\u1eadn tr\u00ecnh \u0111\u1ed9 trung h\u1ecdc c\u01a1 s\u1edf, ph\u1ed5 th\u00f4ng v\u00e0 cao \u0111\u1eb3ng<\/a><\/li>\n<li><a href=\"#Uzn\u00e1v\u00e1n\u00ed vysoko\u0161kolsk\u00e9ho vzd\u011bl\u00e1n\u00ed\">C\u00f4ng nh\u1eadn tr\u00ecnh \u0111\u1ed9 \u0111\u1ea1i h\u1ecdc<\/a><\/li>\n<\/ul>\n<p>C\u00f4ng nh\u1eadn v\u0103ng b\u1eb1ng (nostrifikace) l\u00e0 t\u1eeb ph\u1ed5 bi\u1ebfn ch\u1ec9 s\u1ef1 c\u00f4ng nh\u1eadn v\u0103n b\u1eb1ng v\u1ec1 tr\u00ecnh \u0111\u1ed9 h\u1ecdc v\u1ea5n \u0111\u1ea1t \u0111\u01b0\u1ee3c \u1edf n\u01b0\u1edbc ngo\u00e0i c\u00f3 gi\u00e1 tr\u1ecb ho\u1eb7c t\u01b0\u01a1ng \u0111\u01b0\u01a1ng v\u1edbi tr\u00ecnh \u0111\u1ed9 c\u1ee7a C\u1ed9ng h\u00f2a S\u00e9c. C\u00f4ng nh\u1eadn v\u0103n b\u1eb1ng th\u01b0\u1eddng l\u00e0 \u0111i\u1ec1u ki\u1ec7n \u0111\u1ec3 c\u00f3 th\u1ec3 ti\u1ebfp t\u1ee5c h\u1ecdc ti\u1ebfp \u1edf m\u1ed9t s\u1ed1 tr\u01b0\u1eddng S\u00e9c. Khi xin c\u00f4ng nh\u1eadn v\u0103n b\u1eb1ng, b\u1ea1n nh\u1eadn \u0111\u01b0\u1ee3c m\u1ed9t ch\u1ee9ng nh\u1eadn tr\u00ecnh \u0111\u1ed9 h\u1ecdc v\u1ea5n c\u1ee7a b\u1ea1n \u1edf t\u01b0\u01a1ng \u0111\u01b0\u01a1ng v\u1edbi tr\u00ecnh \u0111\u1ed9 b\u1ea1n c\u00f3 \u0111\u01b0\u1ee3c khi h\u1ecdc \u1edf m\u1ed9t tr\u01b0\u1eddng t\u01b0\u01a1ng t\u1ef1 \u1edf C\u1ed9ng h\u00f2a S\u00e9c.<\/p>\n<p>C\u00f4ng nh\u1eadn v\u0103n b\u1eb1ng di\u1ec5n ra d\u01b0\u1edbi h\u00ecnh th\u1ee9c kh\u00e1c nhau. B\u1eb1ng t\u1ed1t nghi\u1ec7p trung h\u1ecdc c\u01a1 s\u1edf, ph\u1ed5 th\u00f4ng hay cao \u0111\u1eb3ng do ph\u00f2ng gi\u00e1o d\u1ee5c \u1ee7y ban t\u1ec9nh t\u01b0\u01a1ng \u1ee9ng cung c\u1ea5p. \u1ede Praha \u0111\u1ea5y l\u00e0 ph\u00f2ng gi\u00e1o d\u1ee5c c\u1ee7a T\u00f2a th\u1ecb ch\u00ednh th\u1ee7 \u0111\u00f4 Praha. Trong tr\u01b0\u1eddng h\u1ee3p tr\u00ecnh \u0111\u1ed9 \u0111\u1ea1i h\u1ecdc b\u1ea1n ph\u1ea3i n\u1ed9p \u0111\u01a1n xin c\u00f4ng nh\u1eadn v\u0103n b\u1eb1ng t\u1ed1t nghi\u1ec7p \u0111\u1ea1i h\u1ecdc t\u1ea1i tr\u01b0\u1eddng \u0111\u1ea1i h\u1ecdc c\u00f3 ch\u01b0\u01a1ng tr\u00ecnh h\u1ecdc t\u01b0\u01a1ng t\u1ef1.<\/p>\n<p>&nbsp;<\/p>\n<h3>C\u00f4ng nh\u1eadn tr\u00ecnh \u0111\u1ed9 trung h\u1ecdc c\u01a1 s\u1edf, ph\u1ed5 th\u00f4ng v\u00e0 cao \u0111\u1eb3ng<\/h3>\n<p>N\u1ebfu con b\u1ea1n hay b\u1ea1n n\u1ed9p phi\u1ebfu \u0111\u0103ng k\u00fd x\u00e9t tuy\u1ec3n v\u00e0o tr\u01b0\u1eddng trung h\u1ecdc ho\u1eb7c \u0111\u1ea1i h\u1ecdc, tr\u01b0\u1eddng s\u1ebd b\u1eaft b\u1ea1n n\u1ed9p c\u00f4ng nh\u1eadn v\u0103n b\u1eb1ng t\u1ed1t nghi\u1ec7p trung h\u1ecdc c\u01a1 s\u1edf ho\u1eb7c ph\u1ed5 th\u00f4ng. \u0110\u1ec3 xin c\u00f4ng nh\u1eadn v\u0103n b\u1eb1ng v\u1ec1 tr\u00ecnh \u0111\u1ed9 h\u1ecdc v\u1ea5n b\u1ea1n s\u1ebd ph\u1ea3i \u0111\u1ec7 \u0111\u01a1n xin l\u00ean Ph\u00f2ng gi\u00e1o d\u1ee5c v\u00e0 thi\u1ebfu ni\u00ean c\u1ee7a T\u00f2a th\u1ecb ch\u00ednh th\u1ee7 \u0111\u00f4 Praha (Jungmannova 35\/29, 111 21 Praha 1).<\/p>\n<p>Trong tr\u01b0\u1eddng h\u1ee3p C\u1ed9ng h\u00f2a S\u00e9c c\u00f3 k\u00fd hi\u1ec7p \u0111\u1ecbnh qu\u1ed1c t\u1ebf v\u1ec1 c\u00f4ng nh\u1eadn v\u0103n b\u1eb1ng gi\u00e1o d\u1ee5c v\u1edbi n\u01b0\u1edbc \u0111\u00e3 c\u1ea5p b\u1eb1ng, b\u1ea1n s\u1ebd nh\u1eadn \u0111\u01b0\u1ee3c ch\u1ee9ng nh\u1eadn v\u0103n b\u1eb1ng khi \u0111\u01a1n xin c\u1ee7a b\u1ea1n \u0111\u01b0\u1ee3c duy\u1ec7t. Trong tr\u01b0\u1eddng h\u1ee3p n\u01b0\u1edbc c\u1ea5p b\u1eb1ng kh\u00f4ng k\u00fd hi\u1ec7p \u0111\u1ecbnh t\u01b0\u01a1ng \u1ee9ng, vi\u1ec7c c\u00f4ng nh\u1eadn v\u0103n b\u1eb1ng s\u1ebd do \u1ee7y ban c\u00f4ng nh\u1eadn gi\u00e1 tr\u1ecb v\u0103n b\u1eb1ng n\u01b0\u1edbc ngo\u00e0i quy\u1ebft \u0111\u1ecbnh.<\/p>\n<p>C\u1ea3 hai lo\u1ea1i quy tr\u00ecnh \u0111\u1ec1u c\u00f3 l\u1ec7 ph\u00ed h\u00e0nh ch\u00ednh l\u00e0 3 000 cua-ron. Trong tr\u01b0\u1eddng h\u1ee3p c\u00f4ng nh\u1eadn v\u0103n b\u1eb1ng c\u0169ng c\u00f3 th\u1ec3 c\u00f3 th\u00eam \u0111i\u1ec1u ki\u1ec7n <strong>thi c\u00f4ng nh\u1eadn v\u0103n b\u1eb1ng<\/strong>. T\u1ea1i \u0111\u00e2y h\u1ecd ki\u1ec3m tra l\u1ea1i ki\u1ebfn th\u1ee9c m\u1ed9t s\u1ed1 m\u00f4n nh\u1ea5t \u0111\u1ecbnh.<\/p>\n<ul class=\"bullet-links\">\n<li>Th\u00f4ng tin chi ti\u1ebft v\u1ec1 c\u00f4ng nh\u1eadn v\u0103n b\u1eb1ng v\u1ec1 gi\u00e1o d\u1ee5c n\u01b0\u1edbc ngo\u00e0i v\u00e0 th\u00f4ng tin li\u00ean h\u1ec7 v\u1edbi nh\u1eefng c\u00e1n b\u1ed9 t\u01b0\u01a1ng \u1ee9ng c\u00f3 th\u1ec3 t\u00ecm th\u1ea5y tr\u00ean <a href=\"\/\/www.praha.eu\/jnp\/cz\/potrebuji_resit\/zivotni_situace\/skolstvi\/uznavani_rovnocennosti_a_nostrifikace.html\">trang web c\u1ee7a Ph\u00f2ng gi\u00e1o d\u1ee5c c\u1ee7a T\u00f2a th\u1ecb ch\u00ednh th\u1ee7 \u0111\u00f4 Praha<\/a><\/li>\n<\/ul>\n<div class=\"box-fixa\"><\/p>\n<p><em>\u1ede Praha c\u00f3 nh\u1eefng ng\u01b0\u1eddi d\u1ecbch v\u1ee5 h\u1ee9a s\u1ebd xin c\u00f4ng nh\u1eadn v\u0103n b\u1eb1ng cho b\u1ea1n v\u1edbi gi\u00e1 cao. B\u1ea1n h\u00e3y c\u1ea9n th\u1eadn trong nh\u1eefng tr\u01b0\u1eddng h\u1ee3p nh\u01b0 v\u1eady, t\u1ea1i trong m\u1ed9t s\u1ed1 tr\u01b0\u1eddng h\u1ee3p \u0111\u00f3 l\u00e0 <strong>h\u00e0nh \u0111\u1ed9ng l\u1eeba \u0111\u1ea3o<\/strong> (c\u1ea5p ch\u1ee9ng t\u1eeb c\u00f4ng nh\u1eadn tr\u00ecnh \u0111\u1ed9 h\u1ecdc v\u1ea5n gi\u1ea3, chi ph\u00ed d\u1ecbch v\u1ee5 qu\u00e1 cao).<\/em><\/p>\n<p><\/div>\n<div class=\"box-ok\"><\/p>\n<p><em>N\u1ebfu b\u1ea1n c\u1ea7n t\u01b0 v\u1ea5n v\u1ec1 th\u1ee7 t\u1ee5c \u0111\u1ec7 \u0111\u01a1n xin c\u00f4ng nh\u1eadn v\u0103n b\u1eb1ng ho\u1eb7c chu\u1ea9n b\u1ecb thi c\u00f4ng nh\u1eadn v\u0103n b\u1eb1ng, b\u1ea1n c\u00f3 th\u1ec3 li\u00ean h\u1ec7 v\u1edbi nh\u00e2n vi\u00ean Ph\u00f2ng gi\u00e1o d\u1ee5c T\u00f2a th\u1ecb ch\u00ednh th\u1ee7 \u0111\u00f4 Praha ho\u1eb7c chuy\u00ean gia c\u1ee7a c\u00e1c t\u1ed5 ch\u1ee9c gi\u00fap \u0111\u1ee1 ng\u01b0\u1eddi di c\u01b0.<\/em><\/p>\n<p><\/div>\n<p>&nbsp;<\/p>\n<h3>C\u00f4ng nh\u1eadn tr\u00ecnh \u0111\u1ed9 \u0111\u1ea1i h\u1ecdc<\/h3>\n<p>B\u1ea1n t\u1ed1t nghi\u1ec7p \u0111\u1ea1i h\u1ecdc \u1edf n\u01b0\u1edbc ngo\u00e0i? T\u01b0\u01a1ng t\u1ef1 nh\u01b0 \u1edf ch\u01b0\u01a1ng tr\u01b0\u1edbc b\u1ea1n c\u00f3 th\u1ec3 xin c\u00f4ng nh\u1eadn b\u1eb1ng \u0111\u1ea1i h\u1ecdc c\u1ee7a m\u00ecnh t\u01b0\u01a1ng \u0111\u01b0\u01a1ng ho\u1eb7c c\u00f3 gi\u00e1 tr\u1ecb. Ch\u1ee9ng nh\u1eadn n\u00e0y c\u00f3 th\u1ec3 s\u1ebd \u0111\u01b0\u1ee3c ch\u1ee7 lao \u0111\u1ed9ng t\u01b0\u01a1ng lai c\u1ee7a b\u1ea1n y\u00eau c\u1ea7u.<\/p>\n<p>Kh\u00e1c v\u1edbi v\u0103n b\u1eb1ng v\u1ec1 tr\u00ecnh \u0111\u1ed9 h\u1ecdc v\u1ea5n trung h\u1ecdc c\u01a1 s\u1edf v\u00e0 ph\u1ed5 th\u00f4ng, b\u1eb1ng \u0111\u1ea1i h\u1ecdc kh\u00f4ng do \u1ee7y ban t\u1ec9nh c\u00f4ng ch\u1ee9ng m\u00e0 do <strong>tr\u01b0\u1eddng \u0111\u1ea1i h\u1ecdc cung c\u1ea5p ch\u01b0\u01a1ng tr\u00ecnh h\u1ecdc t\u01b0\u01a1ng t\u1ef1<\/strong>. V\u00ed d\u1ee5 n\u1ebfu b\u1ea1n \u0111\u00e3 h\u1ecdc kinh t\u1ebf, b\u1ea1n c\u00f3 th\u1ec3 \u0111\u1ec7 \u0111\u01a1n xin c\u00f4ng nh\u1eadn v\u0103n b\u1eb1ng v\u1ec1 tr\u00ecnh \u0111\u1ed9 \u0111\u1ea1i h\u1ecdc l\u00ean Tr\u01b0\u1eddng \u0111\u1ea1i h\u1ecdc Kinh t\u1ebf Praha.<\/p>\n<p>Th\u00f4ng tin v\u1ec1 th\u1ee7 t\u1ee5c v\u00e0 c\u00e1c m\u1eabu \u0111\u01a1n xin th\u01b0\u1eddng c\u00f3 th\u1ec3 t\u00ecm th\u1ea5y tr\u00ean trang web c\u1ee7a t\u1eebng tr\u01b0\u1eddng \u0111\u1ea1i h\u1ecdc. B\u1ea1n c\u0169ng c\u00f3 th\u1ec3 h\u1ecfi \u1edf ph\u00f2ng qu\u1ea3n l\u00fd sinh vi\u00ean hay v\u0103n ph\u00f2ng th\u01b0 k\u00fd c\u1ee7a tr\u01b0\u1eddng \u0111\u1ea1i h\u1ecdc t\u01b0\u01a1ng \u1ee9ng.<\/p>\n<p>C\u00f4ng nh\u1eadn tr\u00ecnh \u0111\u1ed9 \u0111\u1ea1i h\u1ecdc c\u00f3 l\u1ec7 ph\u00ed l\u00e0 3\u00a0000 cua-ron.<\/p>\n<p>Trong tr\u01b0\u1eddng h\u1ee3p b\u1ea1n kh\u00f4ng t\u00ecm \u0111\u01b0\u1ee3c ch\u01b0\u01a1ng tr\u00ecnh h\u1ecdc t\u01b0\u01a1ng \u0111\u01b0\u01a1ng cho h\u1ecdc v\u1ea5n c\u1ee7a m\u00ecnh trong c\u00e1c tr\u01b0\u1eddng \u0111\u1ea1i h\u1ecdc S\u00e9c, b\u1ea1n c\u00f3 th\u1ec3 xin c\u00f4ng nh\u1eadn v\u0103n b\u1eb1ng t\u1ea1i ch\u00ednh B\u1ed9 gi\u00e1o d\u1ee5c, thi\u1ebfu ni\u00ean v\u00e0 th\u1ec3 thao. Th\u00f4ng tin chi ti\u1ebft c\u00f3 th\u1ec3 t\u00ecm th\u1ea5y tr\u00ean <a href=\"\/\/www.msmt.cz\/vzdelavani\/vysoke-skolstvi\/nostrifikace\">trang web c\u1ee7a B\u1ed9 gi\u00e1o d\u1ee5c, thi\u1ebfu ni\u00ean v\u00e0 th\u1ec3 thao<\/a>.<\/p>","protected":false},"excerpt":{"rendered":"<p>C\u00f4ng nh\u1eadn tr\u00ecnh \u0111\u1ed9 trung h\u1ecdc c\u01a1 s\u1edf, ph\u1ed5 th\u00f4ng v\u00e0 cao \u0111\u1eb3ng C\u00f4ng nh\u1eadn tr\u00ecnh \u0111\u1ed9 \u0111\u1ea1i h\u1ecdc C\u00f4ng nh\u1eadn v\u0103ng b\u1eb1ng (nostrifikace) l\u00e0 t\u1eeb ph\u1ed5 bi\u1ebfn ch\u1ec9 s\u1ef1 c\u00f4ng nh\u1eadn v\u0103n b\u1eb1ng v\u1ec1 tr\u00ecnh \u0111\u1ed9 h\u1ecdc v\u1ea5n \u0111\u1ea1t&#8230;<\/p>\n<a class=\"more-block\" href=\"https:\/\/metropolevsech.eu\/vi\/potrebuji-resit\/vzdelavani-a-nostrifikace-diplomu\/nostrifikace\/\">\u0110\u1ecdc th\u00eam<\/a>","protected":false},"author":7,"featured_media":7863,"parent":633,"menu_order":3,"comment_status":"closed","ping_status":"closed","template":"","meta":[],"acf":[],"_links":{"self":[{"href":"https:\/\/metropolevsech.eu\/vi\/wp-json\/wp\/v2\/pages\/640"}],"collection":[{"href":"https:\/\/metropolevsech.eu\/vi\/wp-json\/wp\/v2\/pages"}],"about":[{"href":"https:\/\/metropolevsech.eu\/vi\/wp-json\/wp\/v2\/types\/page"}],"author":[{"embeddable":true,"href":"https:\/\/metropolevsech.eu\/vi\/wp-json\/wp\/v2\/users\/7"}],"replies":[{"embeddable":true,"href":"https:\/\/metropolevsech.eu\/vi\/wp-json\/wp\/v2\/comments?post=640"}],"version-history":[{"count":48,"href":"https:\/\/metropolevsech.eu\/vi\/wp-json\/wp\/v2\/pages\/640\/revisions"}],"predecessor-version":[{"id":24741,"href":"https:\/\/metropolevsech.eu\/vi\/wp-json\/wp\/v2\/pages\/640\/revisions\/24741"}],"up":[{"embeddable":true,"href":"https:\/\/metropolevsech.eu\/vi\/wp-json\/wp\/v2\/pages\/633"}],"wp:featuredmedia":[{"embeddable":true,"href":"https:\/\/metropolevsech.eu\/vi\/wp-json\/wp\/v2\/media\/7863"}],"wp:attachment":[{"href":"https:\/\/metropolevsech.eu\/vi\/wp-json\/wp\/v2\/media?parent=640"}],"curies":[{"name":"wp","href":"https:\/\/api.w.org\/{rel}","templated":true}]}}