{"id":642,"date":"2017-01-01T12:35:30","date_gmt":"2017-01-01T11:35:30","guid":{"rendered":"https:\/\/metropolevsech.eu\/?page_id=642"},"modified":"2026-01-15T08:30:14","modified_gmt":"2026-01-15T07:30:14","slug":"zdravotnictvi-zdravotni-a-socialni-pojisteni","status":"publish","type":"page","link":"https:\/\/metropolevsech.eu\/vi\/potrebuji-resit\/zdravotnictvi-zdravotni-a-socialni-pojisteni\/","title":{"rendered":"Y t\u1ebf"},"content":{"rendered":"<p><em>Nh\u1eefng d\u00f2ng ti\u1ebfp theo tr\u00ean trang web Praha &#8211; Th\u1ee7 \u0111o c\u1ee7a m\u1ecdi ng\u01b0\u1eddi s\u1ebd mang cho ng\u01b0\u1eddi n\u01b0\u1edbc ngo\u00e0i s\u1ed1ng t\u1ea1i CH S\u00e9c nh\u1eefng th\u00f4ng tin c\u01a1 b\u1ea3n v\u1ec1 cung c\u1ea5p d\u1ecbch v\u1ee5 y t\u1ebf t\u1ea1i C\u1ed9ng h\u00f2a S\u00e9c, v\u1ec1 c\u00e1c lo\u1ea1i b\u1ea3o hi\u1ec3m y t\u1ebf c\u1ee7a ng\u01b0\u1eddi n\u01b0\u1edbc ngo\u00e0i, ch\u0103m s\u00f3c y t\u1ebf v\u00e0 c\u1ea5p c\u1ee9u, th\u00f4ng tin li\u00ean h\u1ec7 v\u1edbi c\u00e1c c\u01a1 quan chuy\u00ean cho ng\u01b0\u1eddi di c\u01b0 v\u00e0 c\u00e1c th\u00f4ng tin h\u1eefu \u00edch kh\u00e1c.\u00a0<\/em><\/p>\n<ul class=\"bullet\">\n<li><a href=\"\/\/metropolevsech.eu\/vi\/potrebuji-resit\/zdravotnictvi-zdravotni-a-socialni-pojisteni\/zdravotni-pojisteni\/\">B\u1ea3o hi\u1ec3m y t\u1ebf c\u1ee7a ng\u01b0\u1eddi n\u01b0\u1edbc ngo\u00e0i<\/a><\/li>\n<li><a href=\"\/\/metropolevsech.eu\/cs\/potrebuji-resit\/zdravotnictvi-zdravotni-a-socialni-pojisteni\/lekari-a-pohotovost\/\">H\u1ec7 th\u1ed1ng ch\u1eafm s\u00f3c y t\u1ebf t\u1ea1i CH S\u00e9c\u00a0<\/a><\/li>\n<li>B\u1ec7nh vi\u00ean chuy\u00ean v\u1ec1 ng\u01b0\u1eddi di c\u01b0<\/li>\n<li>C\u1ea5p c\u1ee9u y t\u1ebf<\/li>\n<li>Li\u00ean h\u1ec7 c\u1ea5p c\u1ee9u y t\u1ebf \u1edf Praha<\/li>\n<li>Xe c\u1ee9u th\u01b0\u01a1ng<\/li>\n<li>Ch\u0103m s\u00f3c s\u1ee9c kh\u1ecfe cho ph\u1ee5 n\u1eef ng\u01b0\u1eddi n\u01b0\u1edbc ngo\u00e0i c\u00f3 thai v\u00e0 con c\u1ee7a ng\u01b0\u1eddi n\u01b0\u1edbc ngo\u00e0i<\/li>\n<\/ul>\n<p><span style=\"font-weight: 400;\">Ch\u0103m s\u00f3c s\u1ee9c kh\u1ecfe v\u00e0 h\u1ec7 th\u1ed1ng ch\u0103m s\u00f3c s\u1ee9c kh\u1ecfe \u1edf C\u1ed9ng h\u00f2a S\u00e9c\u00a0 m\u1ee9c r\u1ea5t t\u1ed1t. M\u1ecdi ng\u01b0\u1eddi c\u00f3 c\u01b0 tr\u00fa t\u1ea1i C\u1ed9ng h\u00f2a S\u00e9c (t\u1ee9c l\u00e0 c\u00f4ng d\u00e2n c\u1ee7a C\u1ed9ng h\u00f2a S\u00e9c, k\u1ec3 c\u1ea3 ng\u01b0\u1eddi n\u01b0\u1edbc ngo\u00e0i) c\u00f3 ngh\u0129a v\u1ee5 \u0111\u00f3ng b\u1ea3o hi\u1ec3m y t\u1ebf. H\u1ec7 th\u1ed1ng d\u1ef1a tr\u00ean s\u1ef1 \u0111o\u00e0n k\u1ebft. T\u1ea5t c\u1ea3 nh\u1eefng ng\u01b0\u1eddi \u0111\u01b0\u1ee3c b\u1ea3o hi\u1ec3m th\u01b0\u1eddng xuy\u00ean \u0111\u00f3ng g\u00f3p v\u00e0o \u0111\u00f3 v\u00e0 b\u1ea5t k\u1ef3 ai c\u0169ng c\u00f3 th\u1ec3 r\u00fat ra t\u1eeb \u0111\u00f3 n\u1ebfu c\u1ea7n. Ch\u0103m s\u00f3c s\u1ee9c kh\u1ecfe trong ph\u1ea1m vi ti\u00eau chu\u1ea9n \u0111\u01b0\u1ee3c cung c\u1ea5p, \u0111\u1ec3 m\u1ecdi ng\u01b0\u1eddi \u0111\u01b0\u1ee3c b\u1ea3o hi\u1ec3m ph\u1ea3i nh\u1eadn \u0111\u01b0\u1ee3c, ngo\u00e0i ph\u1ea1m vi ti\u00eau chu\u1ea9n, c\u00f2n c\u00f3 b\u1ed5 sung cho ch\u0103m s\u00f3c y t\u1ebf v\u00e0 thu\u1ed1c men.<\/span><\/p>\n<p><span style=\"font-weight: 400;\">\u0110\u1ed1i v\u1edbi ng\u01b0\u1eddi n\u01b0\u1edbc ngo\u00e0i s\u1ed1ng t\u1ea1i C\u1ed9ng h\u00f2a S\u00e9c, ph\u1ea1m vi ch\u0103m s\u00f3c s\u1ee9c kh\u1ecfe \u0111\u01b0\u1ee3c cung c\u1ea5p kh\u00e1c nhau t\u00f9y thu\u1ed9c v\u00e0o lo\u1ea1i b\u1ea3o hi\u1ec3m y t\u1ebf m\u00e0 h\u1ecd c\u00f3. C\u1ee5 th\u1ec3, ng\u01b0\u1eddi n\u01b0\u1edbc ngo\u00e0i c\u00f3 th\u1ec3 c\u00f3 b\u1ea3o hi\u1ec3m y t\u1ebf th\u01b0\u01a1ng m\u1ea1i ho\u1eb7c, nh\u01b0 c\u00f4ng d\u00e2n C\u1ed9ng h\u00f2a S\u00e9c, b\u1ea3o hi\u1ec3m y t\u1ebf c\u00f4ng c\u1ed9ng. N\u00f3i chung, b\u1ea3o hi\u1ec3m y t\u1ebf c\u00f4ng c\u1ed9ng bao g\u1ed3m nhi\u1ec1u lo\u1ea1i d\u1ecbch v\u1ee5 ch\u0103m s\u00f3c h\u01a1n v\u00e0 c\u00f3 l\u1ee3i h\u01a1n cho ng\u01b0\u1eddi n\u01b0\u1edbc ngo\u00e0i. M\u1ecdi ng\u01b0\u1eddi n\u01b0\u1edbc ngo\u00e0i \u0111\u1ec1u c\u00f3 th\u1ec3 ti\u1ebfp c\u1eadn n\u00f3 khi c\u00f3 v\u0129nh tr\u00fa t\u1ea1i C\u1ed9ng h\u00f2a S\u00e9c. Xem chi ti\u1ebft b\u00ean d\u01b0\u1edbi.<\/span><\/p>\n<p><span style=\"font-weight: 400;\">T\u1ea5t c\u1ea3 nh\u1eefng ng\u01b0\u1eddi ho\u1ea1t \u0111\u1ed9ng kinh t\u1ebf \u0111\u1ec1u tr\u1ea3 m\u1ed9t t\u1ef7 l\u1ec7 thu nh\u1eadp nh\u1ea5t \u0111\u1ecbnh c\u1ee7a h\u1ecd cho h\u1ec7 th\u1ed1ng ch\u0103m s\u00f3c s\u1ee9c kh\u1ecfe (m\u1ed9t ph\u1ea7n c\u1ee7a ng\u01b0\u1eddi lao \u0111\u1ed9ng \u0111\u01b0\u1ee3c tr\u1ea3 b\u1edfi ng\u01b0\u1eddi ch\u1ee7 d\u1ee5ng lao \u0111\u1ed9ng, nh\u1eefng ng\u01b0\u1eddi kinh doanh\u00a0 (t\u1ee9c l\u00e0 nh\u1eefng ng\u01b0\u1eddi kinh doanh c\u00e1 th\u1ec3 t\u1ef1 tr\u1ea3 ti\u1ec1n b\u1ea3o hi\u1ec3m). Nh\u00e0 n\u01b0\u1edbc tr\u1ea3 ti\u1ec1n b\u1ea3o hi\u1ec3m cho m\u1ed9t s\u1ed1 nh\u00f3m c\u00f4ng d\u00e2n (v\u00ed d\u1ee5 nh\u01b0 tr\u1ebb em\u00a0 theo)<\/span><\/p>\n<p>Ph\u1ea1m vi c\u1ee7a c\u00e1c d\u1ecbch v\u1ee5 y t\u1ebf \u0111\u01b0\u1ee3c chi tr\u1ea3 t\u1eeb b\u1ea3o hi\u1ec3m y t\u1ebf c\u00f4ng c\u1ed9ng c\u00f3 th\u1ec3 t\u00ecm th\u1ea5y tr\u00ean <a href=\"https:\/\/www.mzcr.cz\/zdravotni-pece-hrazena-z-verejneho-zdravotniho-pojisteni\/\">trang web c\u1ee7a <strong>B\u1ed9 Y t\u1ebf<\/strong><\/a>, b\u1ed9 ch\u1ecbu tr\u00e1ch nhi\u1ec7m v\u1ec1 l\u0129nh v\u1ef1c ch\u0103m s\u00f3c y t\u1ebf v\u00e0 c\u00e1c v\u1ea5n \u0111\u1ec1 li\u00ean quan kh\u00e1c, k\u1ec3 c\u1ea3 b\u1ea3o hi\u1ec3m y t\u1ebf t\u1ea1i C\u1ed9ng h\u00f2a S\u00e9c.<\/p>","protected":false},"excerpt":{"rendered":"<p>Nh\u1eefng d\u00f2ng ti\u1ebfp theo tr\u00ean trang web Praha &#8211; Th\u1ee7 \u0111o c\u1ee7a m\u1ecdi ng\u01b0\u1eddi s\u1ebd mang cho ng\u01b0\u1eddi n\u01b0\u1edbc ngo\u00e0i s\u1ed1ng t\u1ea1i CH S\u00e9c nh\u1eefng th\u00f4ng tin c\u01a1 b\u1ea3n v\u1ec1 cung c\u1ea5p d\u1ecbch v\u1ee5 y t\u1ebf t\u1ea1i C\u1ed9ng h\u00f2a S\u00e9c,&#8230;<\/p>\n<a class=\"more-block\" href=\"https:\/\/metropolevsech.eu\/vi\/potrebuji-resit\/zdravotnictvi-zdravotni-a-socialni-pojisteni\/\">\u0110\u1ecdc th\u00eam<\/a>","protected":false},"author":7,"featured_media":7895,"parent":736,"menu_order":3,"comment_status":"closed","ping_status":"closed","template":"","meta":[],"acf":[],"_links":{"self":[{"href":"https:\/\/metropolevsech.eu\/vi\/wp-json\/wp\/v2\/pages\/642"}],"collection":[{"href":"https:\/\/metropolevsech.eu\/vi\/wp-json\/wp\/v2\/pages"}],"about":[{"href":"https:\/\/metropolevsech.eu\/vi\/wp-json\/wp\/v2\/types\/page"}],"author":[{"embeddable":true,"href":"https:\/\/metropolevsech.eu\/vi\/wp-json\/wp\/v2\/users\/7"}],"replies":[{"embeddable":true,"href":"https:\/\/metropolevsech.eu\/vi\/wp-json\/wp\/v2\/comments?post=642"}],"version-history":[{"count":24,"href":"https:\/\/metropolevsech.eu\/vi\/wp-json\/wp\/v2\/pages\/642\/revisions"}],"predecessor-version":[{"id":24436,"href":"https:\/\/metropolevsech.eu\/vi\/wp-json\/wp\/v2\/pages\/642\/revisions\/24436"}],"up":[{"embeddable":true,"href":"https:\/\/metropolevsech.eu\/vi\/wp-json\/wp\/v2\/pages\/736"}],"wp:featuredmedia":[{"embeddable":true,"href":"https:\/\/metropolevsech.eu\/vi\/wp-json\/wp\/v2\/media\/7895"}],"wp:attachment":[{"href":"https:\/\/metropolevsech.eu\/vi\/wp-json\/wp\/v2\/media?parent=642"}],"curies":[{"name":"wp","href":"https:\/\/api.w.org\/{rel}","templated":true}]}}