{"id":646,"date":"2017-01-01T12:37:30","date_gmt":"2017-01-01T11:37:30","guid":{"rendered":"https:\/\/metropolevsech.eu\/?page_id=646"},"modified":"2025-05-24T23:03:06","modified_gmt":"2025-05-24T21:03:06","slug":"zdravotni-pojisteni","status":"publish","type":"page","link":"https:\/\/metropolevsech.eu\/vi\/potrebuji-resit\/zdravotnictvi-zdravotni-a-socialni-pojisteni\/zdravotni-pojisteni\/","title":{"rendered":"B\u1ea3o hi\u1ec3m y t\u1ebf"},"content":{"rendered":"<p><em>M\u1ed7i ng\u01b0\u1eddi tr\u00ean l\u00e3nh th\u1ed5 C\u1ed9ng h\u00f2a S\u00e9c \u0111\u1ec1u ph\u1ea3i c\u00f3 b\u1ea3o hi\u1ec3m. M\u1ed7i ng\u01b0\u1eddi \u0111\u1ec1u c\u00f3 ngh\u0129a v\u1ee5 ph\u1ea3i tr\u1ea3 b\u1ea3o hi\u1ec3m y t\u1ebf v\u00e0 b\u1ea3o hi\u1ec3m y t\u1ebf v\u1eabn c\u00f2n gi\u00e1 tr\u1ecb! D\u01b0\u1edbi \u0111\u00e2y b\u1ea1n s\u1ebd bi\u1ebft \u0111\u01b0\u1ee3c lo\u1ea1i b\u1ea3o hi\u1ec3m c\u1ee7a ng\u01b0\u1eddi n\u01b0\u1edbc n\u00e0o li\u00ean quan \u0111\u1ebfn b\u1ea1n.<\/em><\/p>\n<div class=\"box-fixa\"><\/p>\n<p><em>H\u00e3y lu\u00f4n mang th\u1ebb b\u1ea3o hi\u1ec3m y t\u1ebf theo ng\u01b0\u1eddi! N\u1ebfu b\u1ea1n k\u00fd h\u1ee3p \u0111\u1ed3ng b\u1ea3o hi\u1ec3m y t\u1ebf th\u01b0\u01a1ng m\u1ea1i, b\u1ea1n lu\u00f4n lu\u00f4n ph\u1ea3i mang theo c\u1ea3 h\u00f3a \u0111\u01a1n ch\u1ee9ng nh\u1eadn b\u1ea1n \u0111\u00e3 tr\u1ea3 ti\u1ec1n b\u1ea3o hi\u1ec3m.<\/em><\/p>\n<p><\/div>\n<p><strong>Khi n\u00e0o ng\u01b0\u1eddi n\u01b0\u1edbc ngo\u00e0i l\u00e0 m\u1ed9t ph\u1ea7n c\u1ee7a h\u1ec7 th\u1ed1ng b\u1ea3o hi\u1ec3m y t\u1ebf c\u00f4ng c\u1ed9ng?<\/strong><\/p>\n<p>Ng\u01b0\u1eddi n\u01b0\u1edbc ngo\u00e0i tham gia b\u1ea3o hi\u1ec3m y t\u1ebf c\u00f4ng c\u1ed9ng S\u00e9c, m\u1ed9t khi c\u00f3 v\u0129nh tr\u00fa ho\u1eb7c l\u00e0 nh\u00e2n vi\u00ean c\u1ee7a ch\u1ee7 lao \u0111\u1ed9ng c\u00f3 tr\u1ee5 s\u1edf v\u00e0 v\u0129nh tr\u00fa t\u1ea1i CH S\u00e9c. D\u01b0\u1edbi nh\u1eefng \u0111i\u1ec1u ki\u1ec7n nh\u1ea5t \u0111\u1ecbnh, c\u00f4ng d\u00e2n EU v\u00e0 th\u00e0nh vi\u00ean gia \u0111\u00ecnh c\u1ee7a h\u1ecd, nh\u1eefng nh\u00f3m ng\u01b0\u1eddi kh\u00e1c v\u00ed d\u1ee5 nh\u01b0 ng\u01b0\u1eddi xin t\u1ecb n\u1ea1n c\u0169ng l\u00e0 m\u1ed9t ph\u1ea7n c\u1ee7a h\u1ec7 th\u1ed1ng b\u1ea3o hi\u1ec3m y t\u1ebf c\u00f4ng c\u1ed9ng. T\u1ea5t c\u1ea3 nh\u1eefng ng\u01b0\u1eddi n\u00f3i tr\u00ean \u0111\u1ec1u \u0111\u01b0\u1ee3c h\u01b0\u1edfng c\u00e1c d\u1ecbch v\u1ee5 y t\u1ebf \u0111\u01b0\u1ee3c chi tr\u1ea3 t\u1eeb b\u1ea3o hi\u1ec3m y t\u1ebf c\u00f4ng c\u1ed9ng nh\u01b0 nh\u1eefng ng\u01b0\u1eddi S\u00e9c.<\/p>\n<p><div class=\"box-fixa\"> T\u1eeb ng\u00e0y 1 th\u00e1ng 1 n\u0103m 2024, t\u1ea5t c\u1ea3 tr\u1ebb em n\u01b0\u1edbc ngo\u00e0i d\u01b0\u1edbi 18 tu\u1ed5i c\u00f3 <a href=\"https:\/\/frs.gov.cz\/wp-content\/uploads\/2023\/01\/DP-1.png\">gi\u1ea5y ph\u00e9p c\u01b0 tr\u00fa d\u00e0i<\/a> h\u1ea1n h\u1ee3p ph\u00e1p \u0111\u1ec1u s\u1ebd c\u00f3 b\u1ea3o hi\u1ec3m y t\u1ebf c\u00f4ng c\u1ed9ng. Chi ph\u00ed b\u1ea3o hi\u1ec3m do cha m\u1eb9 c\u1ee7a tr\u1ebb chi tr\u1ea3. B\u1ea1n c\u00f3 th\u1ec3 t\u00ecm hi\u1ec3u th\u00eam th\u00f4ng tin <a href=\"https:\/\/metropolevsech.eu\/cs\/news\/verejne-zdravotni-pojisteni-pro-deti-s-dlouhodobym-pobytem\/\">t\u1ea1i\u00a0<\/a>\u0111\u00e2y. <span style=\"font-weight: 400;\">\u00a0<\/div><\/span><\/p>\n<h4>B\u1ea3o hi\u1ec3m cho c\u00f4ng d\u00e2n EU<\/h4>\n<p>C\u00f4ng d\u00e2n EU ph\u1ea3i \u0111\u01b0\u1ee3c b\u1ea3o hi\u1ec3m t\u1ea1i C\u1ed9ng h\u00f2a S\u00e9c theo ho\u1ea1t \u0111\u1ed9ng kinh t\u1ebf v\u00e0 n\u01a1i c\u01b0 tr\u00fa th\u1ef1c t\u1ebf c\u1ee7a h\u1ecd.<br \/>\n&lt;ulclass=bulletlink&gt;<\/p>\n<ul>\n<li><strong>C\u00f4ng d\u00e2n EU l\u00e0m vi\u1ec7c t\u1ea1i C\u1ed9ng h\u00f2a S\u00e9c<\/strong> ph\u1ea3i tham gia h\u1ec7 th\u1ed1ng ch\u0103m s\u00f3c s\u1ee9c kh\u1ecfe c\u1ee7a S\u00e9c v\u00e0 <strong>h\u1ee7y \u0111\u0103ng k\u00fd b\u1ea3o hi\u1ec3m t\u1ea1i qu\u1ed1c gia g\u1ed1c c\u1ee7a h\u1ecd.<\/strong><\/li>\n<li><strong>C\u00f4ng d\u00e2n EU kh\u00f4ng ho\u1ea1t \u0111\u1ed9ng kinh t\u1ebf<\/strong> c\u00f3 th\u1ec3 \u0111\u01b0\u1ee3c b\u1ea3o hi\u1ec3m t\u1ea1i C\u1ed9ng h\u00f2a S\u00e9c n\u1ebfu ng\u01b0\u1eddi \u0111\u00f3 <strong>c\u00f3 th\u1ec3 ch\u1ee9ng minh n\u01a1i c\u01b0 tr\u00fa t\u1ea1m th\u1eddi ho\u1eb7c n\u01a1i c\u01b0 tr\u00fa th\u1ef1c t\u1ebf t\u1ea1i \u0111\u00e2y<\/strong> (v\u00ed d\u1ee5: h\u1ee3p \u0111\u1ed3ng thu\u00ea nh\u00e0, h\u00f3a \u0111\u01a1n \u0111i\u1ec7n n\u01b0\u1edbc, v.v.).<\/li>\n<li>N\u1ebfu m\u1ed9t c\u00f4ng d\u00e2n EU kh\u00f4ng c\u00f3 b\u1ea3o hi\u1ec3m t\u1ea1i C\u1ed9ng h\u00f2a S\u00e9c, <strong>b\u1ea3o hi\u1ec3m c\u1ee7a h\u1ecd t\u1eeb qu\u1ed1c gia h\u1ecd sinh s\u1ed1ng<\/strong> v\u1eabn c\u00f3 hi\u1ec7u l\u1ef1c v\u00e0 h\u1ecd \u0111\u01b0\u1ee3c h\u01b0\u1edfng <strong>Th\u1ebb b\u1ea3o hi\u1ec3m y t\u1ebf ch\u00e2u \u00c2u (EHIC)<\/strong> \u0111\u1ec3 \u0111\u1ea3m b\u1ea3o <strong>ch\u0103m s\u00f3c s\u1ee9c kh\u1ecfe c\u1ea7n thi\u1ebft.<\/strong><\/li>\n<\/ul>\n<div class=\"box-ok\"> N\u1ebfu b\u1ea1n c\u00f3 th\u1eafc m\u1eafc v\u1ec1 b\u1ea3o hi\u1ec3m y t\u1ebf, b\u1ea1n c\u00f3 th\u1ec3 li\u00ean h\u1ec7 v\u1edbi <a href=\"https:\/\/kancelarzp.cz\/\">V\u0103n ph\u00f2ng B\u1ea3o hi\u1ec3m Y t\u1ebf<\/a> (\u0111i\u1ec3m li\u00ean h\u1ec7 c\u1ee7a h\u00e0nh ch\u00ednh nh\u00e0 n\u01b0\u1edbc v\u1ec1 b\u1ea3o hi\u1ec3m y t\u1ebf). <\/div>\n<h3>B\u1ea3o hi\u1ec3m y t\u1ebf th\u01b0\u01a1ng m\u1ea1i<\/h3>\n<p>Nh\u1eefng nh\u00f3m ng\u01b0\u1eddi di c\u01b0 c\u00f2n l\u1ea1i (ng\u01b0\u1eddi kinh doanh c\u00e1 th\u1ec3, nh\u1eefng th\u00e0nh vi\u00ean gia \u0111\u00ecnh ng\u01b0\u1eddi n\u01b0\u1edbc ngo\u00e0i kh\u00f4ng ho\u1ea1t \u0111\u1ed9ng kinh t\u1ebf) ph\u1ea3i tr\u1ea3 <strong>b\u1ea3o hi\u1ec3m y t\u1ebf th\u01b0\u01a1ng m\u1ea1i<\/strong> (<strong>komer\u010dn\u00ed zdravotn\u00ed poji\u0161t\u011bn\u00ed) <\/strong>t\u1ea1i C\u1ed9ng h\u00f2a S\u00e9c.<\/p>\n<p>Nh\u00ecn chung, c\u00f3 2 lo\u1ea1i b\u1ea3o hi\u1ec3m y t\u1ebf th\u01b0\u01a1ng m\u1ea1i cho ng\u01b0\u1eddi n\u01b0\u1edbc ngo\u00e0i \u1edf C\u1ed9ng h\u00f2a S\u00e9c: <strong>1) b\u1ea3o hi\u1ec3m ch\u0103m s\u00f3c s\u1ee9c y t\u1ebf c\u1ea7n thi\u1ebft v\u00e0 kh\u00f4ng th\u1ec3 tr\u00ec ho\u00e3n khi \u0111i du l\u1ecbch (b\u1ea3o hi\u1ec3m du l\u1ecbch<\/strong> cho ng\u01b0\u1eddi n\u01b0\u1edbc ngo\u00e0i) v\u00e0 2<strong>) b\u1ea3o hi\u1ec3m y t\u1ebf t\u1ed5ng h\u1ee3p.<\/strong><\/p>\n<div class=\"box-fixa\"><\/p>\n<p><em>N\u1ebfu b\u1ea1n xin c\u01b0 tr\u00fa d\u00e0i h\u1ea1n t\u1ea1i CH S\u00e9c ho\u1eb7c gia h\u1ea1n c\u01b0 tr\u00fa d\u00e0i h\u1ea1n, b\u1ea1n ph\u1ea3i tr\u00ecnh <strong>b\u1ea3o hi\u1ec3m y t\u1ebf t\u1ed5ng h\u1ee3p<\/strong>! B\u1ea3o hi\u1ec3m y t\u1ebf ph\u1ea3i \u0111\u01b0\u1ee3c tr\u1ea3 cho to\u00e0n b\u1ed9 th\u1eddi gian \u0111\u1ecbnh c\u01b0 tr\u00fa (nhi\u1ec1u nh\u1ea5t 2 n\u0103m).<\/em><\/p>\n<p><\/div>\n<p>N\u1ebfu b\u1ea1n c\u00f3 b\u1ea3o hi\u1ec3m y t\u1ebf th\u01b0\u01a1ng m\u1ea1i, ch\u1ec9 c\u00f3 m\u1ed9t s\u1ed1 l\u01b0\u1ee3ng h\u1ea1n ch\u1ebf c\u00e1c b\u00e1c s\u0129 v\u00e0 c\u01a1 s\u1edf kh\u00e1m b\u1ec7nh cho b\u1ea1n. \u0110\u00f3 l\u00e0 nh\u1eefng ng\u01b0\u1eddi k\u00fd h\u1ee3p \u0111\u1ed3ng v\u1edbi h\u00e3ng b\u1ea3o hi\u1ec3m th\u01b0\u01a1ng m\u1ea1i c\u1ee7a b\u1ea1n. V\u00ec v\u1eady b\u1ea1n h\u00e3y xin <strong>danh s\u00e1ch t\u1ea5t c\u1ea3 c\u00e1c b\u00e1c s\u0129 v\u00e0 c\u01a1 s\u1edf k\u00fd k\u1ebft h\u1ee3p \u0111\u1ed3ng<\/strong> \u1edf h\u00e3ng b\u1ea3o hi\u1ec3m y t\u1ebf c\u1ee7a b\u1ea1n. Trong m\u1ed9t s\u1ed1 tr\u01b0\u1eddng h\u1ee3p, b\u00e1c s\u0129 s\u1ebd y\u00eau c\u1ea7u b\u1ea1n tr\u1ea3 ti\u1ec1n m\u1eb7t cho vi\u1ec7c kh\u00e1m b\u1ec7nh. H\u00e3ng b\u1ea3o hi\u1ec3m s\u1ebd ho\u00e0n tr\u1ea3 l\u1ea1i ti\u1ec1n ch\u0103m s\u00f3c y t\u1ebf \u0111\u00f3 cho b\u1ea1n. V\u00ec v\u1eady b\u1ea1n h\u00e3y xin c\u1ea5p h\u00f3a \u0111\u01a1n thanh to\u00e1n.<\/p>\n<div class=\"box-fixa\"><\/p>\n<p><em>H\u00e3y lu\u00f4n lu\u00f4n xem c\u00e1c \u0111i\u1ec1u ki\u1ec7n th\u1ecfa thu\u1eadn trong h\u1ee3p \u0111\u1ed3ng b\u1ea3o hi\u1ec3m c\u1ee7a m\u00ecnh m\u1ed9t c\u00e1ch c\u1ea9n th\u1eadn v\u00e0 h\u00e3y t\u00ecm hi\u1ec3u c\u00e1c ngo\u1ea1i l\u1ec7 lo\u1ea1i tr\u1eeb tr\u00e1ch nhi\u1ec7m b\u1ea3o hi\u1ec3m!<\/em><\/p>\n<p><\/div>\n<h3>T\u00f4i \u0111i ra n\u01b0\u1edbc ngo\u00e0i \u2013 t\u00f4i c\u00f3 th\u1ec3 t\u1ea1m d\u1eebng b\u1ea3o hi\u1ec3m y t\u1ebf \u0111\u01b0\u1ee3c kh\u00f4ng?<\/h3>\n<p>B\u1ea3o hi\u1ec3m y t\u1ebf th\u01b0\u01a1ng m\u1ea1i c\u1ee7a ng\u01b0\u1eddi n\u01b0\u1edbc ngo\u00e0i \u0111\u01b0\u1ee3c tr\u1ea3 tr\u01b0\u1edbc, v\u00ec v\u1eady kh\u00f4ng th\u1ec3 h\u1ee7y ho\u1eb7c t\u1ea1m d\u1eebng b\u1ea3o hi\u1ec3m khi t\u1eeb CH S\u00e9c \u0111i ra n\u01b0\u1edbc ngo\u00e0i.<\/p>\n<p>B\u1ea3o hi\u1ec3m y t\u1ebf c\u00f4ng c\u1ed9ng c\u00f3 th\u1ec3 t\u1ea1m d\u1eebng, n\u1ebfu b\u1ea1n \u0111i ra kh\u1ecfi CH S\u00e9c trong th\u1eddi gian d\u00e0i h\u01a1n 6 th\u00e1ng li\u00ean ti\u1ebfp. Tuy nhi\u00ean trong tr\u01b0\u1eddng h\u1ee3p \u0111\u00f3, b\u1ea1n ph\u1ea3i ch\u1ee9ng minh, b\u1ea1n c\u00f3 b\u1ea3o hi\u1ec3m c\u00f3 gi\u00e1 tr\u1ecb \u1edf n\u01b0\u1edbc ngo\u00e0i.<\/p>\n<p>&nbsp;<\/p>\n<p style=\"text-align: right;\">C\u1eadp nh\u1eadt l\u1ea7n cu\u1ed1i: 4 th\u00e1ng 3 n\u0103m 2025<\/p>\n<p><\/p>","protected":false},"excerpt":{"rendered":"<p>M\u1ed7i ng\u01b0\u1eddi tr\u00ean l\u00e3nh th\u1ed5 C\u1ed9ng h\u00f2a S\u00e9c \u0111\u1ec1u ph\u1ea3i c\u00f3 b\u1ea3o hi\u1ec3m. M\u1ed7i ng\u01b0\u1eddi \u0111\u1ec1u c\u00f3 ngh\u0129a v\u1ee5 ph\u1ea3i tr\u1ea3 b\u1ea3o hi\u1ec3m y t\u1ebf v\u00e0 b\u1ea3o hi\u1ec3m y t\u1ebf v\u1eabn c\u00f2n gi\u00e1 tr\u1ecb! D\u01b0\u1edbi \u0111\u00e2y b\u1ea1n s\u1ebd bi\u1ebft \u0111\u01b0\u1ee3c&#8230;<\/p>\n<a class=\"more-block\" href=\"https:\/\/metropolevsech.eu\/vi\/potrebuji-resit\/zdravotnictvi-zdravotni-a-socialni-pojisteni\/zdravotni-pojisteni\/\">\u0110\u1ecdc th\u00eam<\/a>","protected":false},"author":7,"featured_media":0,"parent":642,"menu_order":2,"comment_status":"closed","ping_status":"closed","template":"","meta":[],"acf":[],"_links":{"self":[{"href":"https:\/\/metropolevsech.eu\/vi\/wp-json\/wp\/v2\/pages\/646"}],"collection":[{"href":"https:\/\/metropolevsech.eu\/vi\/wp-json\/wp\/v2\/pages"}],"about":[{"href":"https:\/\/metropolevsech.eu\/vi\/wp-json\/wp\/v2\/types\/page"}],"author":[{"embeddable":true,"href":"https:\/\/metropolevsech.eu\/vi\/wp-json\/wp\/v2\/users\/7"}],"replies":[{"embeddable":true,"href":"https:\/\/metropolevsech.eu\/vi\/wp-json\/wp\/v2\/comments?post=646"}],"version-history":[{"count":31,"href":"https:\/\/metropolevsech.eu\/vi\/wp-json\/wp\/v2\/pages\/646\/revisions"}],"predecessor-version":[{"id":22920,"href":"https:\/\/metropolevsech.eu\/vi\/wp-json\/wp\/v2\/pages\/646\/revisions\/22920"}],"up":[{"embeddable":true,"href":"https:\/\/metropolevsech.eu\/vi\/wp-json\/wp\/v2\/pages\/642"}],"wp:attachment":[{"href":"https:\/\/metropolevsech.eu\/vi\/wp-json\/wp\/v2\/media?parent=646"}],"curies":[{"name":"wp","href":"https:\/\/api.w.org\/{rel}","templated":true}]}}