{"id":648,"date":"2017-01-01T12:38:14","date_gmt":"2017-01-01T11:38:14","guid":{"rendered":"https:\/\/metropolevsech.eu\/?page_id=648"},"modified":"2026-01-23T18:06:36","modified_gmt":"2026-01-23T17:06:36","slug":"lekari-a-pohotovost","status":"publish","type":"page","link":"https:\/\/metropolevsech.eu\/vi\/potrebuji-resit\/zdravotnictvi-zdravotni-a-socialni-pojisteni\/lekari-a-pohotovost\/","title":{"rendered":"H\u1ec7 th\u1ed1ng ch\u0103m s\u00f3c s\u1ee9c kh\u1ecfe"},"content":{"rendered":"<p><em>Trong ph\u1ea7n n\u00e0y c\u1ee7a trang web Praha &#8211; Th\u1ee7 \u0111\u00f4 cho m\u1ecdi ng\u01b0\u1eddi, b\u1ea1n s\u1ebd t\u00ecm hi\u1ec3u c\u00e1ch th\u1ee9c ho\u1ea1t \u0111\u1ed9ng c\u1ee7a d\u1ecbch v\u1ee5 ch\u0103m s\u00f3c s\u1ee9c kh\u1ecfe \u0111\u1ecbnh k\u1ef3 \u1edf C\u1ed9ng h\u00f2a S\u00e9c, t\u1ea1i sao vi\u1ec7c \u0111\u0103ng k\u00fd b\u00e1c s\u0129 \u0111a khoa (kh\u00f4ng ch\u1ec9 b\u00e1c s\u0129) cho b\u1ea3n th\u00e2n m\u00ecnh l\u1ea1i quan tr\u1ecdng quan tr\u1ecdng \u00a0v\u00e0 c\u00e1ch ch\u0103m s\u00f3c s\u1ee9c kh\u1ecfe cho ph\u1ee5 n\u1eef n\u01b0\u1edbc ngo\u00e0i mang thai v\u00e0 tr\u1ebb em ng\u01b0\u1eddi n\u01b0\u1edbc ngo\u00e0i, bao g\u1ed3m c\u1ea3 b\u1ea3o hi\u1ec3m.<\/em><\/p>\n<ul>\n<li style=\"font-weight: 400;\"><a href=\"https:\/\/metropolevsech.eu\/wp-admin\/post.php?post=648&amp;action=edit\">Th\u0103m kh\u00e1m b\u00e1c s\u0129 v\u00e0 ch\u0103m s\u00f3c ph\u00f2ng ng\u1eeba<\/a><\/li>\n<li style=\"font-weight: 400;\"><a href=\"#lekarskapohotovost\">C\u1ea5p c\u1ee9u y t\u1ebf<\/a><\/li>\n<li style=\"font-weight: 400;\"><a href=\"#zdravotnickazachrannaslu\u017eba\">D\u1ecbch v\u1ee5 c\u1ea5p c\u1ee9u \u2013 \u0111\u01b0\u1eddng d\u00e2y \u0111i\u1ec7n tho\u1ea1i 112<\/a><\/li>\n<li style=\"font-weight: 400;\"><a href=\"https:\/\/metropolevsech.eu\/potrebuji-resit\/zdravotnictvi-zdravotni-a-socialni-pojisteni\/lekari-a-pohotovost\/nemocnice-v-praze-specializovane-na-peci-o-cizince\">B\u1ec7nh vi\u1ec7n \u1edf Praha chuy\u00ean ch\u0103m s\u00f3c ng\u01b0\u1eddi n\u01b0\u1edbc ngo\u00e0i<\/a><\/li>\n<li style=\"font-weight: 400;\"><a href=\"https:\/\/metropolevsech.eu\/potrebuji-resit\/zdravotnictvi-zdravotni-a-socialni-pojisteni\/lekari-a-pohotovost\/zdravotni-pece-o-tehotne-zeny-cizinky-a-novorozence\">Ch\u0103m s\u00f3c s\u1ee9c kh\u1ecfe cho ph\u1ee5 n\u1eef n\u01b0\u1edbc ngo\u00e0i mang thai v\u00e0 tr\u1ebb s\u01a1 sinh, bao g\u1ed3m b\u1ea3o hi\u1ec3m, kh\u00e1m ph\u00f2ng ng\u1eeba cho tr\u1ebb em<\/a><\/li>\n<\/ul>\n<p style=\"font-weight: 400;\"><strong>Th\u0103m kh\u00e1m b\u00e1c s\u0129 v\u00e0 ch\u0103m s\u00f3c ph\u00f2ng ng\u1eeba<\/strong><\/p>\n<p style=\"font-weight: 400;\">M\u1ed7i m\u1ed9t ng\u01b0\u1eddi n\u01b0\u1edbc ngo\u00e0i \u0111\u1ec1u n\u00ean <strong>\u0111\u0103ng k\u00fd \u1edf m\u1ed9t b\u00e1c s\u0129 \u0111a khoa<\/strong>. B\u1ea1n h\u00e3y \u0111\u0103ng k\u00fd b\u00e1c s\u0129 \u0111a khoa c\u00e0ng s\u1edbm c\u00e0ng t\u1ed1t \u0111\u1ec3 b\u1ea1n c\u00f3 th\u1ec3 \u0111\u1ebfn kh\u00e1m l\u00fac c\u1ea7n. \u1ede C\u1ed9ng h\u00f2a S\u00e9c, nam gi\u1edbi v\u00e0 ph\u1ee5 n\u1eef th\u01b0\u1eddng \u0111\u1ebfn b\u00e1c s\u0129 \u0111a khoa \u0111\u1ec3 kh\u00e1m s\u1ee9c kh\u1ecfe ph\u00f2ng ng\u1eeba \u0111\u1ecbnh k\u1ef3. Nh\u1eefng d\u1ecbch v\u1ee5 n\u00e0y \u0111\u01b0\u1ee3c chi tr\u1ea3 b\u1edfi b\u1ea3o hi\u1ec3m\u00a0 y t\u1ebf c\u00f4ng c\u1ed9ng.<br \/>\nN\u1ebfu c\u1ea7n, b\u00e1c s\u0129 \u0111a khoa s\u1ebd gi\u1edbi thi\u1ec7u b\u1ea1n \u0111\u1ebfn <strong>b\u00e1c s\u0129 chuy\u00ean khoa<\/strong> (ch\u1eb3ng h\u1ea1n nh\u01b0 b\u00e1c s\u0129 th\u1ea7n kinh, b\u00e1c s\u0129 ti\u1ebft ni\u1ec7u, b\u00e1c s\u0129 ti\u1ec3u \u0111\u01b0\u1eddng, v.v.). B\u1ea1n c\u00f3 th\u1ec3 \u0111\u1ebfn g\u1eb7p m\u1ed9t s\u1ed1 b\u00e1c s\u0129 chuy\u00ean khoa m\u00e0 kh\u00f4ng c\u1ea7n s\u1ef1 gi\u1edbi thi\u1ec7u c\u1ee7a b\u00e1c s\u0129 \u0111a khoa (v\u00ed d\u1ee5: nha s\u0129, b\u00e1c s\u0129 ph\u1ee5 khoa, b\u00e1c s\u0129 da li\u1ec5u, tai m\u0169i h\u1ecdng ho\u1eb7c b\u00e1c s\u0129 nh\u00e3n khoa).<br \/>\nC\u0169ng c\u1ea7n ph\u1ea3i \u0111i kh\u00e1m s\u1ee9c kh\u1ecfe \u0111\u1ecbnh k\u1ef3 v\u1edbi b\u00e1c s\u0129 chuy\u00ean khoa &#8211; nha s\u0129 (1 n\u0103m\/ 2 l\u1ea7n) v\u00e0 ph\u1ee5 n\u1eef c\u0169ng c\u1ea7n kh\u00e1m ph\u1ee5 khoa (th\u01b0\u1eddng 1 n\u0103m \/ 1 l\u1ea7n).<\/p>\n<p style=\"font-weight: 400;\"><div class=\"box-ok\"><\/p>\n<p style=\"font-weight: 400;\">Ph\u00f2ng ng\u1eeba gi\u00fap ng\u0103n ng\u1eeba c\u00e1c v\u1ea5n \u0111\u1ec1 s\u1ee9c kh\u1ecfe c\u1ea5p t\u00ednh c\u00f3 th\u1ec3 x\u1ea3y ra, \u0111\u00f3 l\u00e0 l\u00fd do t\u1ea1i sao vi\u1ec7c ch\u0103m s\u00f3c y t\u1ebf d\u1ef1 ph\u00f2ng \u1edf C\u1ed9ng h\u00f2a S\u00e9c r\u1ea5t \u0111\u01b0\u1ee3c ch\u00fa tr\u1ecdng.<\/p>\n<p><span style=\"font-weight: 400;\"><\/div><\/span><\/p>\n<p>Tr\u1ebb em \u0111i kh\u00e1m \u1edf b\u00e1c s\u0129 nhi &#8211; b\u00e1c s\u0129 nhi khoa. Theo lu\u1eadt \u0111\u1ecbnh ng\u01b0\u1eddi l\u1edbn ngh\u0129a v\u1ee5 th\u01b0\u1eddng xuy\u00ean \u0111\u01b0a tr\u1ebb \u0111i kh\u00e1m s\u1ee9c kh\u1ecfe t\u1ea1i b\u00e1c s\u0129 nhi khoa. \u0110\u1ec3 bi\u1ebft th\u00eam th\u00f4ng tin, h\u00e3y xem <strong>Ki\u1ec3m tra ph\u00f2ng ng\u1eeba cho tr\u1ebb em.<\/strong><\/p>\n<p>C\u1ea7n ph\u1ea3i \u0111\u0103ng k\u00fd v\u1edbi t\u1ea5t c\u1ea3 c\u00e1c b\u00e1c s\u0129 chuy\u00ean khoa. Tuy nhi\u00ean, c\u00e1c b\u00e1c s\u0129 chuy\u00ean khoa nh\u01b0 nha s\u0129 th\u1ec3 nh\u1eadn b\u1ea1n v\u00ec c\u00f2n ch\u1ed7.<\/p>\n<p>N\u1ebfu b\u1ea1n c\u1ea7n tr\u1ee3 gi\u00fap \u0111\u1ec3 t\u00ecm m\u1ed9t b\u00e1c s\u0129 ph\u00f9 h\u1ee3p, h\u00e3y li\u00ean h\u1ec7 v\u1edbi t\u01b0 v\u1ea5n x\u00e3 h\u1ed9i do c\u00e1c trung t\u00e2m h\u1ed9i nh\u1eadp v\u00e0 c\u00e1c t\u1ed5 ch\u1ee9c phi l\u1ee3i nhu\u1eadn phi ch\u00ednh ph\u1ee7 cung c\u1ea5p. N\u1ebfu b\u1ea1n c\u00f3 b\u1ea3o hi\u1ec3m y t\u1ebf th\u01b0\u01a1ng m\u1ea1i, h\u00e3ng b\u1ea3o hi\u1ec3m s\u1ebd cung c\u1ea5p cho b\u1ea1n m\u1ed9t danh s\u00e1ch c\u00e1c b\u00e1c s\u0129 s\u1ebd cung c\u1ea5p d\u1ecbch v\u1ee5 cho ty b\u1ea3o hi\u1ec3m s\u1ee9c kh\u1ecfe c\u1ee7a b\u1ea1n.<\/p>\n<h3>D\u1ecbch v\u1ee5 c\u1ea5p c\u1ee9u<\/h3>\n<p><span style=\"font-weight: 400;\">N\u1ebfu b\u1ea1n g\u1eb7p <strong>c\u00e1c v\u1ea5n \u0111\u1ec1 v\u1ec1 s\u1ee9c kh\u1ecfe \u0111\u1ed9t ng\u1ed9t kh\u00f4ng nguy hi\u1ec3m \u0111\u1ebfn t\u00ednh m\u1ea1ng, b\u1ea1n c\u00f3 th\u1ec3 \u0111\u1ebfn ph\u00f2ng c\u1ea5p c\u1ee9u.<\/strong><\/span><\/p>\n<p><span style=\"font-weight: 400;\">\u0110\u00f3 c\u00f3 th\u1ec3 l\u00e0 vi\u00eam \u0111\u01b0\u1eddng h\u00f4 h\u1ea5p tr\u00ean v\u00e0 d\u01b0\u1edbi, s\u1ed1t, \u0111au h\u1ecdng, vi\u00eam \u0111\u01b0\u1eddng ti\u1ebft ni\u1ec7u, v.v.<\/span><\/p>\n<p><span style=\"font-weight: 400;\">T\u1ea1i c\u00e1c khoa c\u1ea5p c\u1ee9u c\u1ee7a b\u1ec7nh vi\u1ec7n, b\u1ea1n c\u0169ng s\u1ebd t\u00ecm th\u1ea5y c\u00e1c tr\u01b0\u1eddng h\u1ee3p kh\u1ea9n c\u1ea5p do tai n\u1ea1n li\u00ean quan \u0111\u1ebfn g\u00e3y x\u01b0\u01a1ng ho\u1eb7c ch\u1ea5n th\u01b0\u01a1ng nghi\u00eam tr\u1ecdng.<\/span><\/p>\n<p><span style=\"font-weight: 400;\">B\u1ea1n kh\u00f4ng c\u1ea7n ph\u1ea3i ch\u1ecbu \u0111au \u0111\u1edbn ngay c\u1ea3 trong tr\u01b0\u1eddng h\u1ee3p r\u0103ng, v\u00e0 trong tr\u01b0\u1eddng h\u1ee3p vi\u00eam c\u1ea5p t\u00ednh, c\u00e1c v\u1ea5n \u0111\u1ec1 v\u1ec1 r\u0103ng kh\u00f4n ho\u1eb7c c\u00e1c bi\u1ebfn ch\u1ee9ng sau m\u1ed9t th\u1ee7 thu\u1eadt nha khoa tr\u01b0\u1edbc \u0111\u00f3 c\u0169ng c\u00f3 th\u1ec3 \u0111\u01b0\u1ee3c gi\u1ea3i quy\u1ebft \u1edf ph\u00f2ng c\u1ea5p c\u1ee9u.<\/span><\/p>\n<p><span style=\"font-weight: 400;\">C\u00e1c d\u1ecbch v\u1ee5 c\u1ea5p c\u1ee9u n\u00e0y c\u0169ng \u0111\u01b0\u1ee3c cung c\u1ea5p cho tr\u1ebb em.<\/span><\/p>\n<p><span style=\"font-weight: 400;\">Ngo\u00e0i gi\u1edd l\u00e0m vi\u1ec7c b\u00ecnh th\u01b0\u1eddng c\u1ee7a b\u00e1c s\u0129 b\u1ea1n ph\u1ea3i t\u00ecm \u0111\u1ebfn d\u1ecbch v\u1ee5 c\u1ea5p c\u1ee9u, t\u1ee9c l\u00e0 v\u00e0o bu\u1ed5i t\u1ed1i ho\u1eb7c cu\u1ed1i tu\u1ea7n. C\u1ea5p c\u1ee9u th\u01b0\u1eddng n\u1eb1m trong b\u1ec7nh vi\u1ec7n. T\u1ea1i ph\u00f2ng c\u1ea5p c\u1ee9u ph\u1ea3i tr\u1ea3 ph\u00ed nh\u01b0 quy \u0111\u1ecbnh. <\/span><\/p>\n<p><span style=\"font-weight: 400;\">B\u1ea1n c\u00f3 th\u1ec3 t\u00ecm th\u1ea5y danh s\u00e1ch c\u00e1c d\u1ecbch v\u1ee5 kh\u1ea9n c\u1ea5p \u1edf Praha <a href=\"https:\/\/lps.praha.eu\/?tags=general,pediatrician,dentist,pharmacy\">t\u1ea1i \u0111\u00e2y<\/a>.<\/span><\/p>\n<p style=\"font-weight: 400;\"><div class=\"box-fixa\"><\/p>\n<p><em>B\u1ea1n h\u00e3y t\u00ecm tr\u01b0\u1edbc ph\u00f2ng c\u1ea5p c\u1ee9u \u0111\u1ecba ph\u01b0\u01a1ng g\u1ea7n nh\u00e0 b\u1ea1n nh\u1ea5t, n\u01a1i b\u1ea1n c\u00f3 th\u1ec3 t\u1ef1 \u0111\u1ebfn ho\u1eb7c \u0111\u01b0a con m\u00ecnh \u0111\u1ebfn m\u1ed9t c\u00e1ch nhanh ch\u00f3ng trong tr\u01b0\u1eddng h\u1ee3p kh\u1ea9n c\u1ea5p.<span style=\"font-weight: 400;\"><\/div><\/span><\/em><\/p>\n<p><strong>D\u1ecbch v\u1ee5 c\u1ee9u th\u01b0\u01a1ng &#8211; \u0111\u01b0\u1eddng 112<\/strong><\/p>\n<p><strong>Trong tr\u01b0\u1eddng h\u1ee3p \u0111\u1ed9t ng\u1ed9t nghi\u00eam tr\u1ecdng v\u1ec1 s\u1ee9c kh\u1ecfe \u0111e d\u1ecda tr\u1ef1c ti\u1ebfp \u0111\u1ebfn t\u00ednh m\u1ea1ng, c\u1ea7n c\u1ee9u tr\u1ee3.<\/strong><\/p>\n<p>L\u00e0 nh\u1eefng ch\u1ea5n th\u01b0\u01a1ng nghi\u00eam tr\u1ecdng, r\u1ed1i lo\u1ea1n \u00fd th\u1ee9c, h\u00f4 h\u1ea5p, ng\u1ed9 \u0111\u1ed9c, d\u1ecb \u1ee9ng ho\u1eb7c suy gi\u1ea3m s\u1ee9c kh\u1ecfe kh\u00e1c, c\u00f3 th\u1ec3 d\u1eabn \u0111\u1ebfn h\u1eadu qu\u1ea3 l\u00e2u d\u00e0i ho\u1eb7c v\u0129nh vi\u1ec5n, th\u1eadm ch\u00ed \u0111\u1ed9t t\u1eed.<\/p>\n<p><em>Tr\u00e1ch nhi\u1ec7m ph\u00e1p l\u00fd c\u1ee7a t\u1ea5t c\u1ea3 m\u1ecdi ng\u01b0\u1eddi, cho d\u00f9 b\u1ea1n l\u00e0 ng\u01b0\u1eddi n\u01b0\u1edbc ngo\u00e0i hay c\u00f4ng d\u00e2n c\u1ee7a C\u1ed9ng h\u00f2a S\u00e9c, l\u00e0 cung c\u1ea5p v\u00e0 k\u00eau g\u1ecdi s\u1ef1 gi\u00fap \u0111\u1ee1 ngay trong tr\u01b0\u1eddng h\u1ee3p s\u1ee9c kh\u1ecfe ho\u1eb7c t\u00ednh m\u1ea1ng c\u1ee7a ng\u01b0\u1eddi kh\u00e1c b\u1ecb \u0111e d\u1ecda.<\/em><\/p>\n<p style=\"font-weight: 400;\"><div class=\"box-fixa\"><\/p>\n<p><strong>Trong tr\u01b0\u1eddng h\u1ee3p nguy hi\u1ec3m nghi\u00eam tr\u1ecdng \u0111\u1ebfn s\u1ee9c kh\u1ecfe ho\u1eb7c t\u00ednh m\u1ea1ng, h\u00e3y g\u1ecdi s\u1ed1 kh\u1ea9n c\u1ea5p 112. <\/strong><em>\u0110\u00e2y l\u00e0 m\u1ed9t s\u1ed1 ph\u1ed5 bi\u1ebfn c\u1ee7a Ch\u00e2u \u00c2u m\u00e0 c\u00f3 th\u1ec3 cung c\u1ea5p d\u1ecbch v\u1ee5 kh\u1ea9n c\u1ea5p, \u0111\u1ed9i c\u1ee9u h\u1ecfa ho\u1eb7c c\u1ea3nh s\u00e1t. B\u1ea1n c\u00f3 th\u1ec3 g\u1ecdi \u0111\u01b0\u1eddng d\u00e2y n\u00e0y t\u1eeb b\u1ea5t k\u1ef3 \u0111i\u1ec7n tho\u1ea1i n\u00e0o ngay c\u1ea3 khi kh\u00f4ng c\u00f3 th\u1ebb SIM ho\u1eb7c ti\u1ec1n. Nh\u1eefng ng\u01b0\u1eddi t\u1ed5ng \u0111\u00e0i c\u0169ng n\u00f3i ti\u1ebfng n\u01b0\u1edbc ngo\u00e0i v\u00e0 b\u1ea1n c\u00f3 th\u1ec3 g\u1ecdi ngay c\u1ea3 t\u1eeb nh\u1eefng n\u01a1i kh\u00f4ng c\u00f3 t\u00edn hi\u1ec7u th\u00f4ng th\u01b0\u1eddng.<\/em><br \/>\n<em>Nh\u01b0ng h\u00e3y c\u1ea9n th\u1eadn v\u1edbi nh\u1eefng cu\u1ed9c g\u1ecdi kh\u00f4ng c\u1ea7n thi\u1ebft \u0111\u1ebfn \u0111\u01b0\u1eddng d\u00e2y kh\u1ea9n c\u1ea5p! Vi\u1ec7c g\u1ecdi trong nh\u1eefng tr\u01b0\u1eddng h\u1ee3p kh\u00f4ng ch\u00ednh \u0111\u00e1ng c\u00f3 th\u1ec3 d\u1eabn \u0111\u1ebfn vi\u1ec7c b\u1ecb ph\u1ea1t v\u00ec l\u1ea1m d\u1ee5ng. Do \u0111\u00f3, h\u00e3y \u0111\u1ecdc l\u1ea1i m\u1ed9t l\u1ea7n n\u1eefa trong tr\u01b0\u1eddng h\u1ee3p n\u00e0o m\u1ecdi ng\u01b0\u1eddi \u0111i c\u1ea5p c\u1ee9u \u1edf C\u1ed9ng h\u00f2a S\u00e9c v\u00e0 tr\u01b0\u1eddng h\u1ee3p n\u00e0o th\u00ec g\u1ecdi d\u1ecbch v\u1ee5 c\u1ee9u h\u1ed9. \u0110i\u1ec1u n\u00e0y c\u00f3 th\u1ec3 r\u1ea5t kh\u00e1c so v\u1edbi th\u1ef1c t\u1ebf \u1edf qu\u1ed1c gia c\u1ee7a b\u1ea1n!<\/em><\/p>\n<p style=\"font-weight: 400;\"><\/div><\/p>\n<p style=\"font-weight: 400;\"><div class=\"box-fixa\"><\/p>\n<p><em>Khi b\u1ecb nguy hi\u1ec3m \u0111\u1ebfn t\u00ednh m\u1ea1ng, ng\u01b0\u1eddi n\u00e0o c\u0169ng \u0111\u01b0\u1ee3c \u0111i\u1ec1u tr\u1ecb k\u1ec3 c\u1ea3 kh\u00f4ng c\u00f3 b\u1ea3o hi\u1ec3m y t\u1ebf, tuy nhi\u00ean sau \u0111\u00f3 kho\u1ea3n n\u1ee3 s\u1ebd b\u1ecb \u0111\u00f2i.<\/em><\/p>\n<p><\/div><\/p>\n<p>&nbsp;<\/p>","protected":false},"excerpt":{"rendered":"<p>Trong ph\u1ea7n n\u00e0y c\u1ee7a trang web Praha &#8211; Th\u1ee7 \u0111\u00f4 cho m\u1ecdi ng\u01b0\u1eddi, b\u1ea1n s\u1ebd t\u00ecm hi\u1ec3u c\u00e1ch th\u1ee9c ho\u1ea1t \u0111\u1ed9ng c\u1ee7a d\u1ecbch v\u1ee5 ch\u0103m s\u00f3c s\u1ee9c kh\u1ecfe \u0111\u1ecbnh k\u1ef3 \u1edf C\u1ed9ng h\u00f2a S\u00e9c, t\u1ea1i sao vi\u1ec7c \u0111\u0103ng k\u00fd b\u00e1c&#8230;<\/p>\n<a class=\"more-block\" href=\"https:\/\/metropolevsech.eu\/vi\/potrebuji-resit\/zdravotnictvi-zdravotni-a-socialni-pojisteni\/lekari-a-pohotovost\/\">\u0110\u1ecdc th\u00eam<\/a>","protected":false},"author":7,"featured_media":7897,"parent":642,"menu_order":3,"comment_status":"closed","ping_status":"closed","template":"","meta":[],"acf":[],"_links":{"self":[{"href":"https:\/\/metropolevsech.eu\/vi\/wp-json\/wp\/v2\/pages\/648"}],"collection":[{"href":"https:\/\/metropolevsech.eu\/vi\/wp-json\/wp\/v2\/pages"}],"about":[{"href":"https:\/\/metropolevsech.eu\/vi\/wp-json\/wp\/v2\/types\/page"}],"author":[{"embeddable":true,"href":"https:\/\/metropolevsech.eu\/vi\/wp-json\/wp\/v2\/users\/7"}],"replies":[{"embeddable":true,"href":"https:\/\/metropolevsech.eu\/vi\/wp-json\/wp\/v2\/comments?post=648"}],"version-history":[{"count":49,"href":"https:\/\/metropolevsech.eu\/vi\/wp-json\/wp\/v2\/pages\/648\/revisions"}],"predecessor-version":[{"id":24552,"href":"https:\/\/metropolevsech.eu\/vi\/wp-json\/wp\/v2\/pages\/648\/revisions\/24552"}],"up":[{"embeddable":true,"href":"https:\/\/metropolevsech.eu\/vi\/wp-json\/wp\/v2\/pages\/642"}],"wp:featuredmedia":[{"embeddable":true,"href":"https:\/\/metropolevsech.eu\/vi\/wp-json\/wp\/v2\/media\/7897"}],"wp:attachment":[{"href":"https:\/\/metropolevsech.eu\/vi\/wp-json\/wp\/v2\/media?parent=648"}],"curies":[{"name":"wp","href":"https:\/\/api.w.org\/{rel}","templated":true}]}}