{"id":650,"date":"2017-01-01T12:46:10","date_gmt":"2017-01-01T11:46:10","guid":{"rendered":"https:\/\/metropolevsech.eu\/?page_id=650"},"modified":"2026-01-27T21:01:47","modified_gmt":"2026-01-27T20:01:47","slug":"bydleni","status":"publish","type":"page","link":"https:\/\/metropolevsech.eu\/vi\/potrebuji-resit\/bydleni\/","title":{"rendered":"Nh\u00e0 \u1edf"},"content":{"rendered":"<p><em>Trong ch\u01b0\u01a1ng n\u00e0y b\u1ea1n s\u1ebd bi\u1ebft nh\u1eefng th\u00f4ng tin c\u01a1 b\u1ea3n v\u1ec1 nh\u00e0 \u1edf c\u1ee7a ng\u01b0\u1eddi n\u01b0\u1edbc ngo\u00e0i t\u1ea1i C\u1ed9ng h\u00f2a S\u00e9c, \u0111\u1eb7c bi\u1ec7t v\u1ec1 vi\u1ec7c thu\u00ea c\u0103n h\u1ed9 ho\u1eb7c nh\u00e0 ri\u00eang, t\u00ecm nh\u00e0 \u1edf \u1edf \u0111\u00e2u, h\u1ee3p \u0111\u1ed3ng thu\u00ea nh\u00e0 c\u1ea7n c\u00f3 nh\u1eefng g\u00ec, ph\u00ed d\u1ecbch v\u1ee5 g\u1ed3m c\u00f3 t\u1ea5t c\u1ea3 nh\u1eefng g\u00ec, l\u00e0 ng\u01b0\u1eddi di c\u01b0 b\u1ea1n c\u00f3 ngh\u0129a v\u1ee5 g\u00ec \u0111\u1ed1i v\u1edbi B\u1ed9 N\u1ed9i v\u1ee5 C\u1ed9ng h\u00f2a S\u00e9c, nh\u1eefng li\u00ean k\u1ebft v\u00e0 th\u00f4ng tin li\u00ean h\u1ec7 h\u1eefu \u00edch.<\/em><\/p>\n<ul class=\"bullet\">\n<li style=\"list-style-type: none;\">\n<ul class=\"bullet\">\n<li><a href=\"#Kde m\u016f\u017eete bydlet\">B\u1ea1n c\u00f3 th\u1ec3 s\u1ed1ng \u1edf \u0111\u00e2u<\/a><\/li>\n<li><a href=\"#Kde hledat bydlen\u00ed\">B\u1ea1n c\u00f3 th\u1ec3 t\u00ecm nh\u00e0 \u1edf \u1edf \u0111\u00e2u<\/a><\/li>\n<li><a href=\"#N\u00e1jemn\u00ed smlouva\">H\u1ee3p \u0111\u1ed3ng thu\u00ea nh\u00e0<\/a><\/li>\n<li><a href=\"https:\/\/metropolevsech.eu\/vi\/hlaseni-mista-pobytu-cizince\/\">Th\u00f4ng b\u00e1o \u0111\u1ecba ch\u1ec9 c\u01b0 tr\u00fa cho B\u1ed9 N\u1ed9i v\u1ee5 CH S\u00e9c<\/a><\/li>\n<\/ul>\n<\/li>\n<\/ul>\n<p>&nbsp;<\/p>\n<h3>B\u1ea1n c\u00f3 th\u1ec3 s\u1ed1ng \u1edf \u0111\u00e2u<\/h3>\n<p>T\u1ea1i C\u1ed9ng h\u00f2a S\u00e9c b\u1ea1n c\u00f3 th\u1ec3 s\u1ed1ng trong c\u0103n h\u1ed9 ho\u1eb7c nh\u00e0 ri\u00eang do b\u1ea1n mua, b\u1ea1n thu\u00ea ho\u1eb7c thu\u00ea l\u1ea1i. Khi t\u00ecm nh\u00e0 \u1edf, h\u00e3y nh\u1edb r\u1eb1ng \u0111\u00f3 ph\u1ea3i l\u00e0 m\u1eb7t b\u1eb1ng \u0111\u01b0\u1ee3c ch\u1ec9 \u0111\u1ecbnh \u0111\u1ec3 \u1edf (kh\u00f4ng th\u1ec3 s\u1ed1ng \u1edf m\u1eb7t b\u1eb1ng th\u01b0\u01a1ng m\u1ea1i v\u00ed d\u1ee5 nh\u01b0 v\u0103n ph\u00f2ng v.v..) v\u00e0 di\u1ec7n t\u00edch \u1edf ph\u1ea3i \u0111\u1ee7 r\u1ed9ng so v\u1edbi s\u1ed1 ng\u01b0\u1eddi (1 ng\u01b0\u1eddi \u2013 8 m<sup>2<\/sup>, 2 ng\u01b0\u1eddi \u2013 12,6 m<sup>2<\/sup>, th\u00eam m\u1ed7i m\u1ed9t ng\u01b0\u1eddi n\u1eefa \u2013 c\u1ed9ng th\u00eam 5 m<sup>2<\/sup>).<\/p>\n<p>&nbsp;<\/p>\n<h3>B\u1ea1n c\u00f3 th\u1ec3 t\u00ecm nh\u00e0 \u1edf \u1edf \u0111\u00e2u<\/h3>\n<p>B\u1ea1n c\u00f3 th\u1ec3 li\u00ean h\u1ec7 v\u1edbi <strong>v\u0103n ph\u00f2ng m\u00f4i gi\u1edbi b\u1ea5t \u0111\u1ed9ng s\u1ea3n<\/strong>, n\u01a1i cung c\u1ea5p b\u1ea5t \u0111\u1ed9ng s\u1ea3n v\u00e0 m\u00f4i gi\u1edbi b\u1ea5t \u0111\u1ed9ng s\u1ea3n \u0111\u1ec3 b\u00e1n ho\u1eb7c cho thu\u00ea. Tuy nhi\u00ean b\u1ea1n ph\u1ea3i t\u00ednh \u0111\u1ebfn chuy\u1ec7n v\u0103n ph\u00f2ng m\u00f4i gi\u1edbi s\u1ebd y\u00eau c\u1ea7u l\u1ec7 ph\u00ed m\u00f4i gi\u1edbi. Khi thu\u00ea nh\u00e0 th\u00ec l\u1ec7 ph\u00ed m\u00f4i gi\u1edbi th\u01b0\u1eddng l\u00e0 m\u1ed9t th\u00e1ng ti\u1ec1n thu\u00ea nh\u00e0.<\/p>\n<div class=\"box-fixa\"><\/p>\n<p><em>Khi b\u1ea1n k\u00fd h\u1ee3p \u0111\u1ed3ng \u0111\u1eb7t c\u1ecdc \u0111\u1ea3m b\u1ea3o b\u1ea5t \u0111\u1ed9ng s\u1ea3n s\u1ebd kh\u00f4ng b\u1ecb b\u00e1n ho\u1eb7c cho ng\u01b0\u1eddi kh\u00e1c thu\u00ea, b\u1ea1n c\u0169ng s\u1ebd ph\u1ea3i tr\u1ea3 ti\u1ec1n \u0111\u1eb7t c\u1ecdc. H\u00e3y lu\u00f4n lu\u00f4n y\u00eau c\u1ea7u gi\u1ea5y bi\u00ean nh\u1eadn ti\u1ec1n \u0111\u1eb7t c\u1ecdc!<\/em><\/p>\n<p><\/div>\n<p>\u0110\u1eebng ng\u1ea1i t\u1ef1 t\u00ecm b\u1ea5t \u0111\u1ed9ng s\u1ea3n ho\u1eb7c t\u1ef1 li\u00ean h\u1ec7 v\u1edbi ch\u1ee7 nh\u00e0 ho\u1eb7c ng\u01b0\u1eddi cho thu\u00ea. B\u1ea1n c\u00f3 th\u1ec3 t\u00ecm nh\u00e0 c\u1ee7a ch\u00ednh ch\u1ee7 qua c\u00e1c trang web kh\u00e1c nhau v\u00ed d\u1ee5 nh\u01b0 <a href=\"\/\/www.bezrealitky.cz\/\">www.bezrealitky.cz<\/a>. N\u1ebfu b\u1ea1n c\u1ea7n gi\u00fap \u0111\u1ee1 t\u00ecm nh\u00e0, b\u1ea1n c\u00f3 th\u1ec3 li\u00ean h\u1ec7 t\u01b0 v\u1ea5n x\u00e3 h\u1ed9i c\u1ee7a c\u00e1c trung t\u00e2m h\u1ed9i nh\u1eadp ho\u1eb7c c\u00e1c t\u1ed5 ch\u1ee9c phi l\u1ee3i nhu\u1eadn phi ch\u00ednh ph\u1ee7. H\u1ecd c\u00f3 th\u1ec3 gi\u00fap b\u1ea1n kh\u00f4ng nh\u1eefng ch\u1ec9 t\u00ecm qu\u1ea3ng c\u00e1o th\u00edch h\u1ee3p, m\u00e0 c\u00f2n li\u00ean h\u1ec7 v\u1edbi ng\u01b0\u1eddi cho thu\u00ea, tr\u1ee3 gi\u00fap khi \u0111i xem nh\u00e0 v\u00e0 ki\u1ec3m tra h\u1ee3p \u0111\u1ed3ng thu\u00ea nh\u00e0.<\/p>\n<p>&nbsp;<\/p>\n<h3>H\u1ee3p \u0111\u1ed3ng thu\u00ea nh\u00e0<\/h3>\n<p>H\u1ee3p \u0111\u1ed3ng thu\u00ea nh\u00e0 ph\u1ea3i \u1edf d\u1ea1ng v\u0103n b\u1ea3n. Tr\u01b0\u1edbc ti\u00ean h\u1ee3p \u0111\u1ed3ng ph\u1ea3i c\u00f3 th\u00f4ng tin v\u1ec1 hai b\u00ean th\u1ecfa thu\u1eadn \u2013 ng\u01b0\u1eddi thu\u00ea nh\u00e0 v\u00e0 ng\u01b0\u1eddi cho thu\u00ea, th\u00f4ng tin v\u1ec1 nh\u00e0 \u1edf, k\u1ec3 c\u1ea3 nh\u1eefng ti\u1ec7n nghi c\u1ee7a nh\u00e0, th\u1ecfa thu\u1eadn gi\u00e1 thu\u00ea bao g\u1ed3m <strong>ph\u00ed d\u1ecbch v\u1ee5<\/strong> v\u00e0 bao l\u00e2u tr\u1ea3 ti\u1ec1n m\u1ed9t l\u1ea7n (th\u01b0\u1eddng tr\u1ea3 m\u1ed9t th\u00e1ng m\u1ed9t l\u1ea7n). Th\u01b0\u1eddng trong h\u1ee3p \u0111\u1ed3ng c\u0169ng n\u00eau nh\u00e0 \u0111\u01b0\u1ee3c k\u00fd cho thu\u00ea bao nhi\u00eau l\u00e2u. N\u1ebfu trong h\u1ee3p \u0111\u1ed3ng kh\u00f4ng c\u00f3 th\u00f4ng tin n\u00e0y, nh\u00e0 \u0111\u01b0\u1ee3c cho thu\u00ea th\u1eddi gian kh\u00f4ng nh\u1ea5t \u0111\u1ecbnh. H\u1ee3p \u0111\u1ed3ng c\u0169ng n\u00ean c\u00f3 th\u00f4ng tin v\u1ec1 nh\u1eefng ng\u01b0\u1eddi \u0111\u01b0\u1ee3c s\u1ed1ng trong nh\u00e0 v\u1edbi ng\u01b0\u1eddi k\u00fd h\u1ee3p \u0111\u1ed3ng (gia \u0111\u00ecnh v.v..).<\/p>\n<h4>Ph\u00ed d\u1ecbch v\u1ee5<\/h4>\n<p>C\u1ea7n ph\u1ea3i l\u01b0u \u00fd r\u1eb1ng ti\u1ec1n thu\u00ea nh\u00e0 th\u01b0\u1eddng kh\u00f4ng ph\u1ea3i l\u00e0 s\u1ed1 ti\u1ec1n cu\u1ed1i c\u00f9ng b\u1ea1n ph\u1ea3i tr\u1ea3 cho nh\u00e0 \u1edf. Ti\u1ec1n thu\u00ea nh\u00e0 th\u01b0\u1eddng kh\u00f4ng bao g\u1ed3m c\u00e1c l\u1ec7 ph\u00ed kh\u00e1c cho \u0111i\u1ec7n s\u01b0\u1edfi v\u00e0 c\u00e1c d\u1ecbch v\u1ee5 nh\u01b0 n\u01b0\u1edbc, ga v\u00e0 \u0111i\u1ec7n, \u0111\u1ed5 r\u00e1c th\u1ea3i \u0111\u00f4 th\u1ecb, l\u1ec7 ph\u00ed ti vi v\u00e0 \u0111\u00e0i, ti\u1ec1n \u0111i\u1ec7n tho\u1ea1i t\u01b0\u1eddng ho\u1eb7c thang m\u00e1y.<\/p>\n<h4>Ti\u1ec1n \u0111\u1eb7t c\u1ecdc<\/h4>\n<p>Ng\u01b0\u1eddi cho thu\u00ea r\u1ea5t c\u00f3 th\u1ec3 s\u1ebd y\u00eau c\u1ea7u ti\u1ec1n \u0111\u1eb7t c\u1ecdc th\u01b0\u1eddng l\u00e0 s\u1ed1 ti\u1ec1n hai th\u00e1ng thu\u00ea nh\u00e0. Kho\u1ea3n ti\u1ec1n n\u00e0y \u0111\u01b0\u1ee3c d\u00f9ng \u0111\u1ec3 \u0111\u1ec1 ph\u00f2ng tr\u01b0\u1eddng h\u1ee3p b\u1ea1n kh\u00f4ng tr\u1ea3 ti\u1ec1n thu\u00ea nh\u00e0, ho\u1eb7c l\u00e0m h\u1ecfng trang thi\u1ebft b\u1ecb trong nh\u00e0. N\u1ebfu c\u00f3 chuy\u1ec7n \u0111\u00f3 x\u1ea3y ra, ng\u01b0\u1eddi cho thu\u00ea c\u00f3 ngh\u0129a v\u1ee5 ph\u1ea3i t\u00ednh ch\u00ednh x\u00e1c ti\u1ec1n thi\u1ec7t h\u1ea1i r\u1ed3i sau \u0111\u00f3 tr\u1eeb ti\u1ec1n thi\u1ec7t h\u1ea1i t\u1eeb ti\u1ec1n \u0111\u1eb7t c\u1ecdc.<\/p>\n<h3><\/h3>\n<h4>B\u1ea3n \u0111\u1ed3 gi\u00e1<\/h4>\n<p>\u0110\u1ec3 \u0111\u1ecbnh h\u01b0\u1edbng d\u1ec5 d\u00e0ng h\u01a1n tr\u00ean th\u1ecb tr\u01b0\u1eddng b\u1ea5t \u0111\u1ed9ng s\u1ea3n v\u00e0 \u0111\u1ec3 c\u00f3 c\u00e1i h\u00ecnh dung v\u1ec1 gi\u00e1 c\u1ea3, b\u1ea1n c\u00f3 th\u1ec3 s\u1eed d\u1ee5ng b\u1ea3n \u0111\u1ed3 gi\u00e1 do <strong>Hi\u1ec7p h\u1ed9i v\u0103n ph\u00f2ng m\u00f4i gi\u1edbi b\u1ea5t \u0111\u1ed9ng s\u1ea3n l\u1eadp n\u00ean v\u00e0 qu\u1ea3n l\u00fd<\/strong>:<\/p>\n<ul class=\"bullet-links\">\n<li><a href=\"\/\/cenovamapa.gekonsro.cz\/#c=(49.809632,%2015.501831000000038)&amp;z=7&amp;sB=1&amp;t=null&amp;st=\">B\u1ea3n \u0111\u1ed3 gi\u00e1<\/a><\/li>\n<\/ul>\n<h4>Gi\u00fap \u0111\u1ee1 v\u00e0 th\u00f4ng tin mi\u1ec5n ph\u00ed<\/h4>\n<p>N\u1ebfu c\u1ea7n b\u1ea1n h\u00e3y li\u00ean h\u1ec7 v\u1edbi c\u00e1c <a href=\"\/\/metropolevsech.eu\/vi\/sluzby-pro-migranty\/\"><strong>trung t\u00e2m h\u1ed9i nh\u1eadp v\u00e0 t\u1ed5 ch\u1ee9c phi l\u1ee3i nhu\u1eadn phi ch\u00ednh ph\u1ee7<\/strong><\/a>. Trong khu\u00f4n kh\u1ed5 t\u01b0 v\u1ea5n x\u00e3 h\u1ed9i h\u1ecd s\u1ebd gi\u00fap \u0111\u1ee1 b\u1ea1n mi\u1ec5n ph\u00ed v\u1edbi vi\u1ec7c t\u00ecm nh\u00e0 \u1edf, li\u00ean h\u1ec7 v\u1edbi ng\u01b0\u1eddi cho thu\u00ea nh\u00e0, \u0111i c\u00f9ng b\u1ea1n \u0111\u1ebfn xem nh\u00e0, gi\u00fap b\u1ea1n ki\u1ec3m tra c\u00e1c \u0111i\u1ec1u kho\u1ea3n trong h\u1ee3p \u0111\u1ed3ng thu\u00ea nh\u00e0 v\u00e0 gi\u1ea3i th\u00edch m\u1ecdi \u0111i\u1ec1u c\u1ea7n thi\u1ebft c\u00f2n l\u1ea1i.<\/p>","protected":false},"excerpt":{"rendered":"<p>Trong ch\u01b0\u01a1ng n\u00e0y b\u1ea1n s\u1ebd bi\u1ebft nh\u1eefng th\u00f4ng tin c\u01a1 b\u1ea3n v\u1ec1 nh\u00e0 \u1edf c\u1ee7a ng\u01b0\u1eddi n\u01b0\u1edbc ngo\u00e0i t\u1ea1i C\u1ed9ng h\u00f2a S\u00e9c, \u0111\u1eb7c bi\u1ec7t v\u1ec1 vi\u1ec7c thu\u00ea c\u0103n h\u1ed9 ho\u1eb7c nh\u00e0 ri\u00eang, t\u00ecm nh\u00e0 \u1edf \u1edf \u0111\u00e2u, h\u1ee3p \u0111\u1ed3ng thu\u00ea&#8230;<\/p>\n<a class=\"more-block\" href=\"https:\/\/metropolevsech.eu\/vi\/potrebuji-resit\/bydleni\/\">\u0110\u1ecdc th\u00eam<\/a>","protected":false},"author":7,"featured_media":9392,"parent":736,"menu_order":9,"comment_status":"closed","ping_status":"closed","template":"","meta":[],"acf":[],"_links":{"self":[{"href":"https:\/\/metropolevsech.eu\/vi\/wp-json\/wp\/v2\/pages\/650"}],"collection":[{"href":"https:\/\/metropolevsech.eu\/vi\/wp-json\/wp\/v2\/pages"}],"about":[{"href":"https:\/\/metropolevsech.eu\/vi\/wp-json\/wp\/v2\/types\/page"}],"author":[{"embeddable":true,"href":"https:\/\/metropolevsech.eu\/vi\/wp-json\/wp\/v2\/users\/7"}],"replies":[{"embeddable":true,"href":"https:\/\/metropolevsech.eu\/vi\/wp-json\/wp\/v2\/comments?post=650"}],"version-history":[{"count":16,"href":"https:\/\/metropolevsech.eu\/vi\/wp-json\/wp\/v2\/pages\/650\/revisions"}],"predecessor-version":[{"id":24746,"href":"https:\/\/metropolevsech.eu\/vi\/wp-json\/wp\/v2\/pages\/650\/revisions\/24746"}],"up":[{"embeddable":true,"href":"https:\/\/metropolevsech.eu\/vi\/wp-json\/wp\/v2\/pages\/736"}],"wp:featuredmedia":[{"embeddable":true,"href":"https:\/\/metropolevsech.eu\/vi\/wp-json\/wp\/v2\/media\/9392"}],"wp:attachment":[{"href":"https:\/\/metropolevsech.eu\/vi\/wp-json\/wp\/v2\/media?parent=650"}],"curies":[{"name":"wp","href":"https:\/\/api.w.org\/{rel}","templated":true}]}}