{"id":658,"date":"2017-01-01T12:54:33","date_gmt":"2017-01-01T11:54:33","guid":{"rendered":"https:\/\/metropolevsech.eu\/?page_id=658"},"modified":"2026-02-02T19:00:42","modified_gmt":"2026-02-02T18:00:42","slug":"ridicsky-prukaz-a-registrace-vozidla-v-cr","status":"publish","type":"page","link":"https:\/\/metropolevsech.eu\/vi\/potrebuji-resit\/ridicsky-prukaz-a-registrace-vozidla-v-cr\/","title":{"rendered":"L\u00e1i xe \u00f4 t\u00f4"},"content":{"rendered":"<p><em>Trong ph\u1ea7n n\u00e0y b\u1ea1n s\u1ebd t\u00ecm hi\u1ec3u v\u1ec1 l\u00e1i xe c\u01a1 gi\u1edbi \u1edf C\u1ed9ng h\u00f2a S\u00e9c, b\u1eb1ng l\u00e1i xe v\u00e0 \u0111\u0103ng k\u00fd xe.<\/em><\/p>\n<ul class=\"bullet\">\n<li><a href=\"#\u0158\u00edzen\u00ed motorov\u00fdch vozidel v \u010cR a \u0159idi\u010dsk\u00e9 pr\u016fkazy\">L\u00e1i xe c\u01a1 gi\u1edbi t\u1ea1i CH S\u00e9c v\u00e0 b\u1eb1ng l\u00e1i xe<\/a><\/li>\n<li><a href=\"#Registr vozidel\">Danh b\u1ea1 xe<\/a><\/li>\n<\/ul>\n<p>&nbsp;<\/p>\n<h3>L\u00e1i xe c\u01a1 gi\u1edbi t\u1ea1i CH S\u00e9c v\u00e0 b\u1eb1ng l\u00e1i xe<\/h3>\n<p>\u0110\u1ec3 l\u00e1i xe c\u01a1 gi\u1edbi \u1edf CH S\u00e9c b\u1ea1n c\u1ea7n \u0111\u01b0\u1ee3c c\u1ea5p ph\u00e9p l\u00e1i xe \u1edf d\u1ea1ng b\u1eb1ng l\u00e1i xe. Vi\u1ec7c c\u1ea5p b\u1eb1ng l\u00e1i xe ph\u1ee5 thu\u1ed9c v\u00e0o vi\u1ec7c b\u1ea1n t\u1ed1t nghi\u1ec7p kh\u00f3a h\u1ecdc l\u00e1i xe \u1edf tr\u01b0\u1eddng d\u1ea1y l\u00e1i v\u00e0 v\u01b0\u1ee3t qua k\u1ef3 thi l\u00e1i xe. Kh\u00f3a h\u1ecdc v\u00e0 k\u1ef3 thi c\u00f3 th\u1ec3 di\u1ec5n ra b\u1eb1ng ti\u1ebfng n\u01b0\u1edbc ngo\u00e0i. Tuy nhi\u00ean khi \u0111\u00f3 b\u1ea1n ph\u1ea3i c\u00f3 ng\u01b0\u1eddi phi\u00ean d\u1ecbch. L\u00e0 ng\u01b0\u1eddi n\u01b0\u1edbc ngo\u00e0i mu\u1ed1n \u0111\u01b0\u1ee3c c\u1ea5p b\u1eb1ng l\u00e1i xe b\u1ea1n ph\u1ea3i c\u00f3 v\u0129nh tr\u00fa ho\u1eb7c t\u1ea1m tr\u00fa t\u1ea1i CH S\u00e9c. Trong tr\u01b0\u1eddng h\u1ee3p t\u1ea1m tr\u00fa \u1edf CH S\u00e9c b\u1ea1n ph\u1ea3i \u1edf \u0111\u00e2y \u00edt nh\u1ea5t 185 ng\u00e0y.<\/p>\n<p>B\u1eb1ng l\u00e1i xe do \u1ee7y ban x\u00e3 c\u00f3 ph\u1ea1m vi m\u1edf r\u1ed9ng c\u1ea5p. \u1ede Praha c\u01a1 quan c\u00f3 tr\u00e1ch nhi\u1ec7m l\u00e0 Danh b\u1ea1 ng\u01b0\u1eddi l\u00e1i c\u1ee7a T\u00f2a th\u1ecb ch\u00ednh th\u1ee7 \u0111\u00f4 Praha. Khi l\u00e1i xe c\u01a1 gi\u1edbi, ng\u01b0\u1eddi l\u00e1i xe c\u1ea7n ph\u1ea3i mang theo ng\u01b0\u1eddi b\u1eb1ng l\u00e1i xe, gi\u1ea5y t\u1edd t\u00f9y th\u00e2n v\u00e0 gi\u1ea5y t\u1edd c\u1ee7a xe \u0111\u1ec3 c\u00f3 th\u1ec3 xu\u1ea5t tr\u00ecnh khi b\u1ecb ki\u1ec3m tra.<\/p>\n<p>Ng\u01b0\u1eddi s\u1edf h\u1eefu nh\u1eefng lo\u1ea1i b\u1eb1ng l\u00e1i xe sau \u0111\u00e2y c\u00f3 th\u1ec3 l\u00e1i xe c\u01a1 gi\u1edbi \u1edf CH S\u00e9c:<\/p>\n<ul class=\"bullet\">\n<li>B\u1eb1ng l\u00e1i xe C\u1ed9ng h\u00f2a S\u00e9c c\u00f3 gi\u00e1 tr\u1ecb<\/li>\n<li>B\u1eb1ng l\u00e1i xe c\u00f3 gi\u00e1 tr\u1ecb do n\u01b0\u1edbc th\u00e0nh vi\u00ean EU kh\u00e1c c\u1ea5p<\/li>\n<li>B\u1eb1ng l\u00e1i xe c\u00f3 gi\u00e1 tr\u1ecb do n\u01b0\u1edbc ngo\u00e0i c\u1ea5p theo C\u00f4ng \u01b0\u1edbc Vienna v\u1ec1 Giao th\u00f4ng \u0111\u01b0\u1eddng b\u1ed9 Vienna 1968) v\u00e0 theo C\u00f4ng \u01b0\u1edbc v\u1ec1 Giao th\u00f4ng \u0111\u01b0\u1eddng b\u1ed9 (Gen\u00e8ve 1949)<\/li>\n<li>B\u1eb1ng l\u00e1i xe qu\u1ed1c t\u1ebf do n\u01b0\u1edbc ngo\u00e0i c\u1ea5p theo C\u00f4ng \u01b0\u1edbc Vienna v\u1ec1 Giao th\u00f4ng \u0111\u01b0\u1eddng b\u1ed9 (Vienna 1968) \u2013 c\u00f3 gi\u00e1 tr\u1ecb tr\u00ean l\u00e3nh th\u1ed5 CH S\u00e9c trong v\u00f2ng ba n\u0103m k\u1ec3 t\u1eeb ng\u00e0y c\u1ea5p<\/li>\n<li>B\u1eb1ng l\u00e1i xe qu\u1ed1c t\u1ebf do n\u01b0\u1edbc ngo\u00e0i c\u1ea5p theo C\u00f4ng \u01b0\u1edbc v\u1ec1 Giao th\u00f4ng \u0111\u01b0\u1eddng b\u1ed9 (Gen\u00e8ve 1949) \u2013 c\u00f3 gi\u00e1 tr\u1ecb tr\u00ean l\u00e3nh th\u1ed5 CH S\u00e9c trong v\u00f2ng m\u1ed9t n\u0103m k\u1ec3 t\u1eeb ng\u00e0y c\u1ea5p<\/li>\n<li>B\u1eb1ng l\u00e1i xe c\u00f3 gi\u00e1 tr\u1ecb c\u1ee7a nh\u00e2n vi\u00ean ngo\u1ea1i giao c\u1ee7a c\u01a1 quan \u0111\u1ea1i di\u1ec7n n\u01b0\u1edbc ngo\u00e0i<\/li>\n<\/ul>\n<h4>\u0110\u1ed5i b\u1eb1ng l\u00e1i xe<\/h4>\n<p>Ngh\u0129a v\u1ee5 ph\u1ea3i \u0111\u1ed5i b\u1eb1ng l\u00e1i xe n\u01b0\u1edbc ngo\u00e0i sang b\u1eb1ng l\u00e1i xe S\u00e9c \u0111\u01b0\u1ee3c \u00e1p d\u1ee5ng cho t\u1ea5t c\u1ea3 c\u00e1c ng\u01b0\u1eddi di c\u01b0 kh\u00f4ng ph\u1ea3i c\u00f4ng d\u00e2n n\u01b0\u1edbc th\u00e0nh vi\u00ean Li\u00ean minh ch\u00e2u \u00c2u v\u00e0 c\u00f3 v\u0129nh tr\u00fa ho\u1eb7c t\u1ea1m tr\u00fa b\u1eb1ng th\u1ecb th\u1ef1c d\u00e0i h\u1ea1n t\u1ea1i C\u1ed9ng h\u00f2a S\u00e9c cho th\u1eddi gian d\u00e0i h\u01a1n 1 n\u0103m. Ng\u01b0\u1eddi di c\u01b0 ph\u1ea3i xin \u0111\u1ed5i b\u1eb1ng trong v\u00f2ng 3 th\u00e1ng k\u1ec3 t\u1eeb ng\u00e0y gi\u1ea5y ph\u00e9p v\u0129nh tr\u00fa ho\u1eb7c t\u1ea1m tr\u00fa b\u1eb1ng th\u1ecb th\u1ef1c d\u00e0i h\u1ea1n c\u00f3 gi\u00e1 tr\u1ecb.<\/p>\n<p>Ch\u1ec9 nh\u1eefng b\u1eb1ng sau m\u1edbi c\u00f3 th\u1ec3 \u0111\u1ed5i sang b\u1eb1ng l\u00e1i xe S\u00e9c: b\u1eb1ng l\u00e1i xe n\u01b0\u1edbc ngo\u00e0i c\u1ea5p theo C\u00f4ng \u01b0\u1edbc v\u1ec1 Giao th\u00f4ng \u0111\u01b0\u1eddng b\u1ed9 (Vienna 1968), ho\u1eb7c C\u00f4ng \u01b0\u1edbc v\u1ec1 Giao th\u00f4ng \u0111\u01b0\u1eddng b\u1ed9 (Gen\u00e8ve 1949), ho\u1eb7c b\u1eb1ng l\u00e1i xe c\u1ee7a C\u1ed9ng \u0111\u1ed3ng ch\u00e2u \u00c2u. B\u1ea1n n\u00ean h\u1ecfi Danh b\u1ea1 ng\u01b0\u1eddi l\u00e1i c\u1ee7a T\u00f2a th\u1ecb ch\u00ednh th\u1ee7 \u0111\u00f4 Praha b\u1eb1ng l\u00e1i xe c\u1ee7a b\u1ea1n c\u00f3 \u0111\u1ed5i sang b\u1eb1ng S\u00e9c \u0111\u01b0\u1ee3c kh\u00f4ng hay b\u1ea1n s\u1ebd ph\u1ea3i thi l\u00e1i xe c\u01a1 gi\u1edbi.<\/p>\n<p>Ng\u01b0\u1eddi xin \u0111\u1ed5i b\u1eb1ng l\u00e1i xe ph\u1ea3i tr\u1ef1c ti\u1ebfp (ng\u01b0\u1eddi \u0111\u1ea1i di\u1ec7n kh\u00f4ng \u0111\u01b0\u1ee3c) l\u00ean \u1ee7y ban xu\u1ea5t tr\u00ecnh:<\/p>\n<ul class=\"bullet\">\n<li>\u0110\u01a1n xin c\u1ea5p b\u1eb1ng l\u00e1i xe \u2013 ng\u01b0\u1eddi \u0111\u1ec7 \u0111\u01a1n s\u1ebd nh\u1eadn \u0111\u01b0\u1ee3c m\u1eabu \u0111\u01a1n v\u1edbi th\u00f4ng tin c\u00e1 nh\u00e2n in s\u1eb5n \u1edf qu\u1ea7y c\u1ee7a Danh b\u1ea1 ng\u01b0\u1eddi l\u00e1i (m\u1eabu \u0111\u01a1n l\u00e0 v\u0103n b\u1ea3n \u0111\u1eb7c bi\u1ec7t c\u00f3 s\u1ed1 \u0111\u0103ng k\u00fd v\u00e0 m\u00e3 v\u1ea1ch t\u1eeb l\u00fac s\u1ea3n xu\u1ea5t, v\u00ec v\u1eady kh\u00f4ng th\u1ec3 photo hay t\u1ea3i m\u1eabu \u0111\u01a1n t\u1eeb tr\u00ean m\u1ea1ng v\u1ec1, m\u1eabu \u0111\u01a1n tr\u1edf th\u00e0nh \u0111\u01a1n xin sau khi in nh\u1eefng th\u00f4ng tin c\u00e1 nh\u00e2n v\u00e0 th\u00f4ng tin kh\u00e1c tr\u00ean m\u00e1y t\u00ednh c\u1ee7a Danh b\u1ea1 ng\u01b0\u1eddi l\u00e1i v\u00e0 \u0111\u01b0\u1ee3c ng\u01b0\u1eddi l\u00e1i k\u00fd ch\u1ee9ng nh\u1eadn nh\u1eefng th\u00f4ng tin in tr\u00ean \u0111\u00f3 \u0111\u00fang.<\/li>\n<li>Gi\u1ea5y t\u1edd t\u00f9y th\u00e2n c\u00f3 gi\u00e1 tr\u1ecb c\u1ee7a ng\u01b0\u1eddi xin \u0111\u1ed5i (ng\u01b0\u1eddi di c\u01b0 tr\u00ecnh gi\u1ea5y ph\u00e9p c\u01b0 tr\u00fa v\u00e0 c\u00e1c gi\u1ea5y t\u1edd kh\u00e1c ch\u1ee9ng minh \u0111\u1ecba ch\u1ec9 th\u01b0\u1eddng xuy\u00ean t\u1ea1i CH S\u00e9c. \u0110\u1ecba ch\u1ec9 th\u01b0\u1eddng xuy\u00ean l\u00e0 \u0111\u1ecba ch\u1ec9 th\u01b0\u1eddng tr\u00fa c\u1ee7a c\u00e1 nh\u00e2n tr\u00ean l\u00e3nh th\u1ed5 C\u1ed9ng h\u00f2a S\u00e9c, ho\u1eb7c l\u00e0 n\u01a1i c\u00e1 nh\u00e2n th\u01b0\u1eddng c\u01b0 tr\u00fa (\u0111i\u1ec1u 2 kho\u1ea3n hh) B\u1ed9 lu\u1eadt s\u1ed1 361\/200, b\u1ea3n c\u00f3 hi\u1ec7u l\u1ef1c).<\/li>\n<li>M\u1ed9t t\u1ea5m \u1ea3nh k\u00edch c\u1ee1 35 \u00d7 45 mm<\/li>\n<li>50 cua-ron (h\u1ea1n c\u1ea5p trong v\u00f2ng 20 ng\u00e0y)<\/li>\n<li>500 cua-ron (h\u1ea1n c\u1ea5p trong v\u00f2ng 5 ng\u00e0y l\u00e0m vi\u1ec7c)<\/li>\n<\/ul>\n<p>Ng\u01b0\u1eddi xin \u0111\u1ed5i s\u1ebd \u0111\u01b0\u1ee3c c\u1ea5p b\u1eb1ng l\u00e1i xe m\u1edbi (m\u1eabu ES) theo l\u1ef1a ch\u1ecdn h\u1ea1n trong v\u00f2ng 20 ho\u1eb7c 5 ng\u00e0y l\u00e0m vi\u1ec7c.<\/p>\n<p>&nbsp;<\/p>\n<h3>Danh b\u1ea1 xe<\/h3>\n<p>T\u1ea1i CH S\u00e9c, c\u00e1c xe c\u01a1 gi\u1edbi ph\u1ea3i \u0111\u01b0\u1ee3c \u0111\u0103ng k\u00fd t\u1ea1i \u1ee7y ban x\u00e3 t\u01b0\u01a1ng \u1ee9ng. C\u1ea7n ph\u1ea3i l\u00e0m th\u1ee7 t\u1ee5c \u0111\u0103ng k\u00fd xe m\u1edbi mua l\u1eabn sang t\u00ean \u0111\u1ed5i ch\u1ee7.<\/p>\n<p>T\u1eeb 1.6.2017 lu\u1eadt s\u1eeda \u0111\u1ed5i b\u1ed9 lu\u1eadt giao th\u00f4ng \u0111\u01b0\u1eddng b\u1ed9 \u0111\u00e3 c\u00f3 hi\u1ec7u l\u1ef1c. Lu\u1eadt s\u1eeda \u0111\u1ed5i cho ph\u00e9p b\u1ea5t c\u1ee9 \u1ee7y ban c\u1ee7a x\u00e3 c\u00f3 ph\u1ea1m vi m\u1edf r\u1ed9ng c\u0169ng c\u00f3 th\u1ec3 gi\u1ea3i quy\u1ebft vi\u1ec7c sang t\u00ean \u0111\u1ed5i ch\u1ee7 c\u1ee7a chi\u1ebfc xe \u0111\u00e3 \u0111\u01b0\u1ee3c \u0111\u0103ng k\u00fd, \u0111\u0103ng k\u00fd xe m\u1edbi ho\u1eb7c xe nh\u1eadp kh\u1ea9u, lo\u1ea1i b\u1ecf xe, th\u00f4ng b\u00e1o xe h\u1ebft ho\u1ea1t \u0111\u1ed9ng, \u0111\u01a1n xin c\u1ea5p bi\u1ec3n s\u1ed1 xe theo nguy\u1ec7n v\u1ecdng ho\u1eb7c xin bi\u1ec3n cho gi\u00e1 ch\u1edf xe \u0111\u1ea1p, ho\u1eb7c \u0111\u0103ng k\u00fd r\u01a1 mo\u00f3c.<\/p>\n<div class=\"box-ok\"><\/p>\n<p><em>B\u1ed9 Giao th\u00f4ng \u0111\u00e3 chu\u1ea9n b\u1ecb cho ng\u01b0\u1eddi l\u00e1i xe m\u1ed9t b\u1ea3n \u0111\u1ed3 \u0111\u01a1n gi\u1ea3n c\u00f3 t\u1ea5t c\u1ea3 \u1ee7y ban x\u00e3 c\u00f3 ph\u1ea1m vi m\u1edf r\u1ed9ng, \u0111\u1ecba ch\u1ec9 v\u00e0 c\u00e1ch li\u00ean l\u1ea1c. B\u1edfi v\u1eady ai c\u0169ng c\u00f3 th\u1ec3 v\u00e0o trang c\u1ee7a B\u1ed9 \u0111\u1ec3 t\u00ecm \u0111\u1ecba \u0111i\u1ec3m \u0111\u0103ng k\u00fd xe th\u00edch h\u1ee3p nh\u1ea5t v\u00e0 l\u00ean k\u1ebf ho\u1ea1ch \u0111\u1ebfn \u0111\u00f3. \u0110\u01b0\u1eddng link \u0111\u1ebfn b\u1ea3n \u0111\u1ed3 <a href=\"\/\/www.mdcr.cz\/Dokumenty\/Silnicni-doprava\/Registrace-vozidel\/Obecni-urady-s-rozsirenou-pusobnosti\">t\u1ea1i \u0111\u00e2y<\/a>.<\/em><\/p>\n<p><\/div>\n<p>Trong tr\u01b0\u1eddng h\u1ee3p sang t\u00ean \u0111\u1ed5i ch\u1ee7 sang ch\u1ee7 m\u1edbi, ch\u1ee7 c\u0169 l\u1eabn ch\u1ee7 m\u1edbi tr\u1ef1c ti\u1ebfp l\u00ean \u1ee7y ban \u0111\u1ec7 \u0111\u01a1n xin sang t\u00ean \u0111\u1ed5i ch\u1ee7 tr\u00ean m\u1eabu \u0111\u01a1n h\u1ee3p nh\u1ea5t \u0111i k\u00e8m v\u1edbi:<\/p>\n<ul class=\"bullet\">\n<li>S\u1ed5 ch\u1ee9ng nh\u1eadn ki\u1ec3m \u0111\u1ecbnh v\u00e0 ch\u1ee9ng nh\u1eadn \u0111\u0103ng k\u00fd xe<\/li>\n<li>V\u0103n b\u1ea3n ki\u1ec3m tra \u0111\u0103ng k\u00fd kh\u00f4ng c\u0169 qu\u00e1 30 ng\u00e0y<\/li>\n<li>Th\u1ebb xanh (gi\u1ea5y ch\u1ee9ng nh\u1eadn b\u1ea3o hi\u1ec3m xe)<\/li>\n<\/ul>\n<p>Trong tr\u01b0\u1eddng h\u1ee3p m\u1ed9t trong hai ng\u01b0\u1eddi c\u00f3 \u0111\u1ea1i di\u1ec7n tr\u00ean c\u01a1 s\u1edf gi\u1ea5y \u1ee7y quy\u1ec1n b\u1eb1ng v\u0103n b\u1ea3n, gi\u1ea5y \u1ee7y quy\u1ec1n ph\u1ea3i \u0111\u01b0\u1ee3c c\u00f4ng ch\u1ee9ng c\u00e1c ch\u1eef k\u00fd.<\/p>\n<div class=\"box-fixa\"><\/p>\n<p><em>Sang t\u00ean \u0111\u1ed5i ch\u1ee7 xe &#8211; vi\u1ec7c sang t\u00ean \u0111\u1ed5i ch\u1ee7 do ng\u01b0\u1eddi mua v\u00e0 ng\u01b0\u1eddi b\u00e1n c\u00f9ng th\u1ef1c hi\u1ec7n, ho\u1eb7c m\u1ed9t trong hai ng\u01b0\u1eddi tr\u00ean c\u01a1 s\u1edf gi\u1ea5y \u1ee7y quy\u1ec1n \u0111\u01b0\u1ee3c c\u00f4ng ch\u1ee9ng c\u1ee7a ng\u01b0\u1eddi kia. Trong tr\u01b0\u1eddng h\u1ee3p ng\u01b0\u1eddi mua kh\u00f4ng h\u1ee3p t\u00e1c khi \u0111i \u0111\u0103ng k\u00fd, lu\u1eadt s\u1eeda \u0111\u1ed5i c\u00f3 hi\u1ec7u l\u1ef1c t\u1eeb 1.7.2017 ch\u1ec9 y\u00eau c\u1ea7u m\u1ed9t trong hai ng\u01b0\u1eddi mua b\u00e1n xe xin sang t\u00ean \u0111\u1ed5i ch\u1ee7 sau khi th\u1eddi h\u1ea1n 10 ng\u00e0y tr\u00f4i qua.<\/em><\/p>\n<p><\/div>\n<p>Vi\u1ec7c sang t\u00ean \u0111\u1ed5i ch\u1ee7 \u0111\u01b0\u1ee3c ghi v\u00e0o ph\u1ea7n II c\u1ee7a Gi\u1ea5y ch\u1ee9ng nh\u1eadn \u0111\u0103ng k\u00fd xe (Gi\u1ea5y ch\u1ee9ng nh\u1eadn ch\u1ea5t l\u01b0\u1ee3ng an to\u00e0n k\u1ef9 thu\u1eadt v\u00e0 b\u1ea3o v\u1ec7 m\u00f4i tr\u01b0\u1eddng) v\u00e0 xe \u0111\u01b0\u1ee3c c\u1ea5p ph\u1ea7n I m\u1edbi c\u1ee7a Gi\u1ea5y ch\u1ee9ng nh\u1eadn \u0111\u0103ng k\u00fd.<\/p>\n<p>L\u00ean Danh b\u1ea1 xe c\u1ee7a T\u00f2a th\u1ecb ch\u00ednh th\u1ee7 \u0111\u00f4 Praha, b\u1ea1n c\u00f3 th\u1ec3 \u0111\u1eb7t l\u1ecbch h\u1eb9n tr\u00ean m\u1ea1ng tr\u01b0\u1edbc. Tr\u00ean h\u1ec7 th\u1ed1ng tr\u1ef1c tuy\u1ebfn, b\u1ea1n t\u1ef1 ch\u1ecdn ng\u00e0y gi\u1edd cho ph\u00f2ng l\u00e0m vi\u1ec7c b\u1ea1n mu\u1ed1n \u0111\u1ebfn.<\/p>\n<div class=\"box-fixa\"><\/p>\n<p><em>T\u1ea5t c\u1ea3 m\u1ecdi xe c\u01a1 gi\u1edbi t\u1ea1i CH S\u00e9c ph\u1ea3i c\u00f3 b\u1ea3o hi\u1ec3m. \u0110\u1ea5y l\u00e0 b\u1ea3o hi\u1ec3m tr\u00e1ch nhi\u1ec7m t\u1eeb vi\u1ec7c v\u1eadn h\u00e0nh xe (\u0111\u01b0\u1ee3c g\u1ecdi l\u00e0 povinn\u00e9 ru\u010den\u00ed (b\u1ea3o hi\u1ec3m b\u1eaft bu\u1ed9c) hay zelen\u00e1 karta (th\u1ebb xanh)). C\u00e1c xe c\u01a1 gi\u1edbi c\u0169ng ph\u1ea3i \u0111\u01b0\u1ee3c ki\u1ec3m \u0111\u1ecbnh an to\u00e0n k\u1ef9 thu\u1eadt v\u00e0 \u0111o kh\u00ed th\u1ea3i \u0111\u1ecbnh k\u1ef3. Khi s\u1eed d\u1ee5ng xa l\u1ed9 \u1edf CH S\u00e9c, b\u1ea1n c\u1ea7n ph\u1ea3i mua v\u00e0 d\u00e1n tem xa l\u1ed9 l\u00ean k\u00ednh xe.<\/em><\/p>\n<p><\/div>\n<ul class=\"bullet-links\">\n<li><a href=\"\/\/www.praha.eu\/jnp\/cz\/potrebuji_resit\/zivotni_situace\/dopravnespravni_cinnosti\/registr_vozidel\/registr_vozidel-motorova_a_pripojna_vozidla.html\">Ph\u00f2ng l\u00e0m vi\u1ec7c c\u1ee7a Danh b\u1ea1 xe c\u1ee7a T\u00f2a th\u1ecb ch\u00ednh th\u1ee7 \u0111\u00f4 Praha<\/a><\/li>\n<\/ul>\n<p><\/p>","protected":false},"excerpt":{"rendered":"<p>Trong ph\u1ea7n n\u00e0y b\u1ea1n s\u1ebd t\u00ecm hi\u1ec3u v\u1ec1 l\u00e1i xe c\u01a1 gi\u1edbi \u1edf C\u1ed9ng h\u00f2a S\u00e9c, b\u1eb1ng l\u00e1i xe v\u00e0 \u0111\u0103ng k\u00fd xe. L\u00e1i xe c\u01a1 gi\u1edbi t\u1ea1i CH S\u00e9c v\u00e0 b\u1eb1ng l\u00e1i xe Danh b\u1ea1 xe &nbsp; L\u00e1i xe&#8230;<\/p>\n<a class=\"more-block\" href=\"https:\/\/metropolevsech.eu\/vi\/potrebuji-resit\/ridicsky-prukaz-a-registrace-vozidla-v-cr\/\">\u0110\u1ecdc th\u00eam<\/a>","protected":false},"author":7,"featured_media":9371,"parent":736,"menu_order":10,"comment_status":"closed","ping_status":"closed","template":"","meta":[],"acf":[],"_links":{"self":[{"href":"https:\/\/metropolevsech.eu\/vi\/wp-json\/wp\/v2\/pages\/658"}],"collection":[{"href":"https:\/\/metropolevsech.eu\/vi\/wp-json\/wp\/v2\/pages"}],"about":[{"href":"https:\/\/metropolevsech.eu\/vi\/wp-json\/wp\/v2\/types\/page"}],"author":[{"embeddable":true,"href":"https:\/\/metropolevsech.eu\/vi\/wp-json\/wp\/v2\/users\/7"}],"replies":[{"embeddable":true,"href":"https:\/\/metropolevsech.eu\/vi\/wp-json\/wp\/v2\/comments?post=658"}],"version-history":[{"count":20,"href":"https:\/\/metropolevsech.eu\/vi\/wp-json\/wp\/v2\/pages\/658\/revisions"}],"predecessor-version":[{"id":24871,"href":"https:\/\/metropolevsech.eu\/vi\/wp-json\/wp\/v2\/pages\/658\/revisions\/24871"}],"up":[{"embeddable":true,"href":"https:\/\/metropolevsech.eu\/vi\/wp-json\/wp\/v2\/pages\/736"}],"wp:featuredmedia":[{"embeddable":true,"href":"https:\/\/metropolevsech.eu\/vi\/wp-json\/wp\/v2\/media\/9371"}],"wp:attachment":[{"href":"https:\/\/metropolevsech.eu\/vi\/wp-json\/wp\/v2\/media?parent=658"}],"curies":[{"name":"wp","href":"https:\/\/api.w.org\/{rel}","templated":true}]}}