{"id":664,"date":"2017-01-01T12:57:33","date_gmt":"2017-01-01T11:57:33","guid":{"rendered":"https:\/\/metropolevsech.eu\/?page_id=664"},"modified":"2026-01-15T19:52:52","modified_gmt":"2026-01-15T18:52:52","slug":"czechpoint","status":"publish","type":"page","link":"https:\/\/metropolevsech.eu\/vi\/potrebuji-resit\/czechpoint\/","title":{"rendered":"Czech POINT"},"content":{"rendered":"<p><em>T\u1ea1i \u0111\u00e2y b\u1ea1n s\u1ebd bi\u1ebft \u0111\u01b0\u1ee3c Czech POINT l\u00e0 g\u00ec, b\u1ea1n c\u00f3 th\u1ec3 gi\u1ea3i quy\u1ebft nh\u1eefng vi\u1ec7c g\u00ec \u1edf \u0111\u00e2y v\u00e0 b\u1ea1n c\u00f3 th\u1ec3 t\u00ecm th\u1ea5y Czech POINT \u1edf \u0111\u00e2u.<\/em><\/p>\n<p><strong>Czech POINT<\/strong> (\u010cesk\u00fd podac\u00ed ov\u011b\u0159ovac\u00ed informa\u010dn\u00ed n\u00e1rodn\u00ed termin\u00e1l \u2013 Tr\u1ea1m cung c\u1ea5p v\u00e0 x\u00e1c nh\u1eadn th\u00f4ng tin qu\u1ed1c gia S\u00e9c) l\u00e0 n\u01a1i \u0111a n\u0103ng \u0111\u1ec3 \u1ee7y ban v\u00e0 ng\u01b0\u1eddi d\u00e2n giao ti\u1ebfp d\u1ec5 d\u00e0ng h\u01a1n. D\u1ef1 \u00e1n d\u1ea7n d\u1ea7n s\u1ebd cho ph\u00e9p gi\u1ea3i quy\u1ebft m\u1ecdi vi\u1ec7c c\u1ea7n thi\u1ebft qua m\u1ea1ng.<\/p>\n<h3><strong>T\u00f4i c\u00f3 th\u1ec3 gi\u1ea3i quy\u1ebft nh\u1eefng vi\u1ec7c g\u00ec t\u1ea1i \u0111\u00e2y?<\/strong><\/h3>\n<p>T\u1ea1i Czech POINT b\u1ea1n c\u00f3 th\u1ec3 gi\u1ea3i quy\u1ebft r\u1ea5t nhi\u1ec1u vi\u1ec7c kh\u00e1c nhau \u2013 l\u1ea5y v\u00e0 c\u00f4ng ch\u1ee9ng th\u00f4ng tin t\u1eeb nh\u1eefng h\u1ec7 th\u1ed1ng th\u00f4ng tin c\u00f4ng c\u1ed9ng v\u00e0 t\u01b0 nh\u00e2n (l\u1ea5y tr\u00edch l\u1ee5c danh b\u1ea1 kinh doanh, danh b\u1ea1 th\u01b0\u01a1ng m\u1ea1i, danh b\u1ea1 ph\u00e1 s\u1ea3n, phi\u1ebfu l\u00fd l\u1ecbch t\u01b0 ph\u00e1p, tr\u00edch l\u1ee5c danh b\u1ea1 nh\u00e0 \u0111\u1ea5t, phi\u1ebfu \u0111i\u1ec3m l\u00e1i xe c\u1ee7a ng\u01b0\u1eddi l\u00e1i xe v.v..), c\u00f4ng ch\u1ee9ng v\u0103n b\u1ea3n v\u00e0 ch\u1ee9ng t\u1eeb, chuy\u1ec3n v\u0103n b\u1ea3n sang d\u1ea1ng \u0111i\u1ec7n t\u1eed v\u00e0 ng\u01b0\u1ee3c l\u1ea1i, xin th\u00f4ng tin v\u1ec1 qu\u00e1 tr\u00ecnh th\u1ee7 t\u1ee5c h\u00e0nh ch\u00ednh v\u00e0 \u0111\u1ec7 \u0111\u01a1n xin b\u1eaft \u0111\u1ea7u th\u1ee7 t\u1ee5c h\u00e0nh ch\u00ednh. M\u1ee5c \u0111\u00edch c\u1ee7a Czech POINT l\u00e0 \u0111\u1ec3 d\u1eef li\u1ec7u ch\u1ea1y, ch\u1ee9 kh\u00f4ng ph\u1ea3i \u0111\u1ec3 ng\u01b0\u1eddi ch\u1ea1y t\u1eeb \u1ee7y ban n\u00e0y \u0111\u1ebfn \u1ee7y ban kh\u00e1c.<\/p>\n<p>\u0110\u1ec3 bi\u1ebft th\u00eam th\u00f4ng tin v\u1ec1 nh\u1eefng vi\u1ec7c b\u1ea1n c\u00f3 th\u1ec3 gi\u1ea3i quy\u1ebft \u1edf Czech POINT, h\u00e3y truy c\u1eadp trang web ch\u00ednh th\u1ee9c <a href=\"\/\/www.czechpoint.cz\/public\/\" rel=\"noopener noreferrer\" target=\"_blank\">www.czechpoint.cz<\/a>.<\/p>\n<h3><strong>T\u00f4i c\u00f3 th\u1ec3 t\u00ecm th\u1ea5y Czech POINT \u1edf \u0111\u00e2u?<\/strong><\/h3>\n<p>D\u1ecbch v\u1ee5 Czech POINT hi\u1ec7n t\u1ea1i \u0111\u01b0\u1ee3c cung c\u1ea5p t\u1ea1i h\u01a1n 7\u00a0100 \u0111\u1ecba \u0111i\u1ec3m t\u1ea1i CH S\u00e9c (v\u00ed d\u1ee5 \u1edf b\u01b0u \u0111i\u1ec7n, \u1ee7y ban qu\u1eadn), v\u00e0 t\u1ea1i m\u1ed9t s\u1ed1 c\u01a1 quan \u0111\u1ea1i di\u1ec7n. Tr\u00ean trang web ch\u00ednh th\u1ee9c b\u1ea1n c\u0169ng s\u1ebd t\u00ecm ra \u0111\u1ecba \u0111i\u1ec3m Czech POINT g\u1ea7n m\u00ecnh nh\u1ea5t \u1edf \u0111\u00e2u.<\/p>\n<h3><strong>Li\u00ean k\u1ebft<\/strong><\/h3>\n<ul class=\"bullet-links\">\n<li><a href=\"\/\/www.czechpoint.cz\/public\/\" rel=\"noopener noreferrer\" target=\"_blank\">Czech POINT<\/a><\/li>\n<\/ul>\n<p><\/p>","protected":false},"excerpt":{"rendered":"<p>T\u1ea1i \u0111\u00e2y b\u1ea1n s\u1ebd bi\u1ebft \u0111\u01b0\u1ee3c Czech POINT l\u00e0 g\u00ec, b\u1ea1n c\u00f3 th\u1ec3 gi\u1ea3i quy\u1ebft nh\u1eefng vi\u1ec7c g\u00ec \u1edf \u0111\u00e2y v\u00e0 b\u1ea1n c\u00f3 th\u1ec3 t\u00ecm th\u1ea5y Czech POINT \u1edf \u0111\u00e2u. Czech POINT (\u010cesk\u00fd podac\u00ed ov\u011b\u0159ovac\u00ed informa\u010dn\u00ed n\u00e1rodn\u00ed termin\u00e1l \u2013 Tr\u1ea1m&#8230;<\/p>\n<a class=\"more-block\" href=\"https:\/\/metropolevsech.eu\/vi\/potrebuji-resit\/czechpoint\/\">\u0110\u1ecdc th\u00eam<\/a>","protected":false},"author":7,"featured_media":2559,"parent":736,"menu_order":12,"comment_status":"closed","ping_status":"closed","template":"","meta":[],"acf":[],"_links":{"self":[{"href":"https:\/\/metropolevsech.eu\/vi\/wp-json\/wp\/v2\/pages\/664"}],"collection":[{"href":"https:\/\/metropolevsech.eu\/vi\/wp-json\/wp\/v2\/pages"}],"about":[{"href":"https:\/\/metropolevsech.eu\/vi\/wp-json\/wp\/v2\/types\/page"}],"author":[{"embeddable":true,"href":"https:\/\/metropolevsech.eu\/vi\/wp-json\/wp\/v2\/users\/7"}],"replies":[{"embeddable":true,"href":"https:\/\/metropolevsech.eu\/vi\/wp-json\/wp\/v2\/comments?post=664"}],"version-history":[{"count":2,"href":"https:\/\/metropolevsech.eu\/vi\/wp-json\/wp\/v2\/pages\/664\/revisions"}],"predecessor-version":[{"id":24454,"href":"https:\/\/metropolevsech.eu\/vi\/wp-json\/wp\/v2\/pages\/664\/revisions\/24454"}],"up":[{"embeddable":true,"href":"https:\/\/metropolevsech.eu\/vi\/wp-json\/wp\/v2\/pages\/736"}],"wp:featuredmedia":[{"embeddable":true,"href":"https:\/\/metropolevsech.eu\/vi\/wp-json\/wp\/v2\/media\/2559"}],"wp:attachment":[{"href":"https:\/\/metropolevsech.eu\/vi\/wp-json\/wp\/v2\/media?parent=664"}],"curies":[{"name":"wp","href":"https:\/\/api.w.org\/{rel}","templated":true}]}}