{"id":666,"date":"2017-01-01T13:03:13","date_gmt":"2017-01-01T12:03:13","guid":{"rendered":"https:\/\/metropolevsech.eu\/?page_id=666"},"modified":"2026-02-02T21:56:25","modified_gmt":"2026-02-02T20:56:25","slug":"krizove-situace","status":"publish","type":"page","link":"https:\/\/metropolevsech.eu\/vi\/potrebuji-resit\/krizove-situace-2\/krizove-situace\/","title":{"rendered":"T\u00ecnh hu\u1ed1ng kh\u00f3 kh\u0103n trong cu\u1ed9c s\u1ed1ng"},"content":{"rendered":"<p><em>M\u1ed7i ng\u01b0\u1eddi \u0111\u1ec1u c\u00f3 th\u1ec3 g\u1eb7p t\u00ecnh hu\u1ed1ng kh\u00f3 kh\u0103n trong cu\u1ed9c s\u1ed1ng m\u00e0 m\u00ecnh kh\u00f4ng th\u1ec3 t\u1ef1 gi\u1ea3i quy\u1ebft, ng\u01b0\u1ee3c l\u1ea1i c\u1ea7n l\u1eddi khuy\u00ean v\u00e0 s\u1ef1 gi\u00fap \u0111\u1ee1 c\u1ee7a ng\u01b0\u1eddi kh\u00e1c. T\u1ea1i C\u1ed9ng h\u00f2a S\u00e9c ch\u00fang t\u00f4i c\u00f3 h\u1ec7 th\u1ed1ng x\u00e3 h\u1ed9i ph\u00e1t tri\u1ec3n ho\u1ea1t \u0111\u1ed9ng t\u01b0\u01a1ng \u0111\u1ed1i t\u1ed1t gi\u00fap \u0111\u1ee1 cho c\u00e1 nh\u00e2n kh\u00f4ng b\u1ecb r\u01a1i xu\u1ed1ng \u0111\u00e1y c\u1ee7a x\u00e3 h\u1ed9i v\u00e0 cu\u1ed9c s\u1ed1ng.<\/em><\/p>\n<p><em>Trong ch\u01b0\u01a1ng n\u00e0y b\u1ea1n s\u1ebd bi\u1ebft \u0111\u01b0\u1ee3c ph\u1ea3i t\u00ecm ai khi g\u1eb7p kh\u00f3 kh\u0103n trong cu\u1ed9c s\u1ed1ng v\u00e0 b\u1ea1n c\u00f3 th\u1ec3 \u0111\u01b0\u1ee3c gi\u00fap \u0111\u1ee1 \u1edf \u0111\u00e2u. Ch\u00fang t\u00f4i hi v\u1ecdng b\u1ea1n s\u1ebd kh\u00f4ng bao gi\u1edd ph\u1ea3i s\u1eed d\u1ee5ng nh\u1eefng d\u1ecbch v\u1ee5 n\u00e0y, tuy nhi\u00ean n\u00ean bi\u1ebft l\u00e0 c\u00f3 ch\u00fang.<\/em><\/p>\n<ul class=\"bullet\">\n<li><a href=\"#Ztr\u00e1ta bydlen\u00ed, \u017eivot bez p\u0159\u00edst\u0159e\u0161\u00ed\">M\u1ea5t nh\u00e0 \u1edf, cu\u1ed9c s\u1ed1ng v\u00f4 gia c\u01b0<\/a><\/li>\n<li><a href=\"#Drogov\u00e1 z\u00e1vislost\">Nghi\u1ec7n ma t\u00fay<\/a><\/li>\n<li><a href=\"#Pracovn\u00ed vyko\u0159is\u0165ov\u00e1n\u00ed\">B\u00f3c l\u1ed9t lao \u0111\u1ed9ng<\/a><\/li>\n<li><a href=\"#Dom\u00e1c\u00ed n\u00e1sil\u00ed\">B\u1ea1o h\u00e0nh gia \u0111\u00ecnh<\/a><\/li>\n<li><a href=\"#Gamblerstv\u00ed\">Nghi\u1ec7n c\u1edd b\u1ea1c<\/a><\/li>\n<li><a href=\"#Dluhy a exekuce\">N\u1ee3 n\u1ea7n v\u00e0 t\u1ecbch bi\u00ean<\/a><\/li>\n<\/ul>\n<p>&nbsp;<\/p>\n<h3>M\u1ea5t nh\u00e0 \u1edf, cu\u1ed9c s\u1ed1ng v\u00f4 gia c\u01b0<\/h3>\n<p>B\u1ea1n c\u00f3 th\u1ec3 tr\u1edf th\u00e0nh ng\u01b0\u1eddi v\u00f4 gia c\u01b0 r\u1ea5t nhanh ch\u00f3ng, th\u01b0\u1eddng li\u00ean quan \u0111\u1ebfn t\u00ecnh hu\u1ed1ng kh\u00f3 kh\u0103n khi ly h\u00f4n, b\u1ecb \u1ed1m n\u1eb7ng, m\u1ea5t vi\u1ec7c l\u00e0m v\u00e0 m\u1ea5t thu nh\u1eadp \u0111\u1ec1u \u0111\u1eb7n, b\u1ecb t\u1ecbch bi\u00ean v.v..<\/p>\n<p>N\u1ebfu b\u1ea1n g\u1eb7p t\u00ecnh hu\u1ed1ng m\u1ea5t nh\u00e0 \u1edf, h\u00e3y li\u00ean l\u1ea1c v\u1edbi nh\u1eefng t\u1ed5 ch\u1ee9c d\u01b0\u1edbi d\u00e2y. H\u1ecd cung c\u1ea5p d\u1ecbch v\u1ee5 t\u01b0 v\u1ea5n, ng\u1ee7 qua \u0111\u00eam, v\u1ec7 sinh c\u00e1 nh\u00e2n c\u01a1 b\u1ea3n, th\u1ee9c \u0103n v\u00e0 qu\u1ea7n \u00e1o.<\/p>\n<p>T\u1ed5 ch\u1ee9c b\u1ea3o tr\u1ee3 qu\u1ed1c gia t\u1eadp trung c\u00e1c t\u1ed5 ch\u1ee9c chuy\u00ean v\u1ec1 v\u1ea5n \u0111\u1ec1 ng\u01b0\u1eddi v\u00f4 gia c\u01b0 l\u00e0 <strong><a href=\"\/\/www.azylovedomy.cz\/\">Hi\u1ec7p h\u1ed9i c\u00e1c nh\u00e0 t\u1ea1m tr\u00fa t\u1ea1i CH S\u00e9c<\/a><\/strong>. Tr\u00ean trang web c\u1ee7a h\u1ecd c\u00f3 th\u1ec3 t\u00ecm th\u1ea5y <a href=\"\/\/www.azylovedomy.cz\/?stranka=databaze\">danh s\u00e1ch nh\u1eefng nh\u00e0 cung c\u1ea5p d\u1ecbch v\u1ee5 gi\u00fap ng\u01b0\u1eddi g\u1eb7p n\u1ea1n<\/a> \u0111\u01b0\u1ee3c s\u1eafp x\u1ebfp r\u00f5 r\u00e0ng theo th\u1ec3 lo\u1ea1i d\u1ecbch v\u1ee5, t\u1ec9nh v\u00e0 \u0111\u1ed1i t\u01b0\u1ee3ng d\u1ecbch v\u1ee5.<\/p>\n<h4>Li\u00ean k\u1ebft<\/h4>\n<ul class=\"bullet-links\">\n<li><em>Nh\u1eefng t\u1ed5 ch\u1ee9c gi\u00fap \u0111\u1ee1 ng\u01b0\u1eddi v\u00f4 gia c\u01b0 ho\u1ea1t \u0111\u1ed9ng t\u1ea1i th\u1ee7 \u0111\u00f4 Praha c\u00f3 th\u1ec3 t\u00ecm th\u1ea5y tr\u00ean <a href=\"\/\/www.icm.cz\/bezdomovectvi-adresar-organizaci-0\">trang web n\u00e0y<\/a><\/em><\/li>\n<\/ul>\n<p>&nbsp;<\/p>\n<h3>Nghi\u1ec7n ma t\u00fay<\/h3>\n<p>C\u00e1c t\u1ed5 ch\u1ee9c sau \u0111\u00e2y cung c\u1ea5p th\u00f4ng tin v\u1ec1 v\u1ea5n \u0111\u1ec1 ma t\u00fay, gi\u00fap \u0111\u1ee1 cai nghi\u1ec7n ho\u1eb7c \u0111\u1ed5i \u1ed1ng ti\u00eam mi\u1ec5n ph\u00ed \u0111\u1ec3 \u00edt nh\u1ea5t ng\u0103n ch\u1eb7n l\u00e2y lan b\u1ec7nh t\u1eadt gi\u1eefa nh\u1eefng ng\u01b0\u1eddi nghi\u1ec7n ma t\u00fay.<\/p>\n<h4>Drop In, o. p. s.<\/h4>\n<p>Karol\u00edny Sv\u011btl\u00e9 18, 110 00 Praha 1<\/p>\n<p>+420 222 221 124<\/p>\n<p><a href=\"mailto:stredisko@dropin.cz\">stredisko@dropin.cz<\/a><\/p>\n<p><a href=\"\/\/www.dropin.cz\">www.dropin.cz<\/a><\/p>\n<h4>Sananim, o. s.<\/h4>\n<p>Na Skalce 819\/15, 150 00 Praha 5<\/p>\n<p>+420 283 872 186<\/p>\n<p><a href=\"mailto:kacko@sananim.cz\">kacko@sananim.cz<\/a><\/p>\n<p><a href=\"\/\/www.sananim.cz\">www.sananim.cz<\/a><\/p>\n<h4>Prev-Centrum<\/h4>\n<p>Mezi\u0161kolsk\u00e1 1120\/2, 169 00 Praha 6<\/p>\n<p>+420 233 355 459 +420 777 161 138<\/p>\n<p><a href=\"mailto:poradna@prevcentrum.cz\">poradna@prevcentrum.cz<\/a><\/p>\n<p><a href=\"\/\/www.prevcentrum.cz\">www.prevcentrum.cz<\/a><\/p>\n<p>&nbsp;<\/p>\n<h3>B\u00f3c l\u1ed9t lao \u0111\u1ed9ng<\/h3>\n<p>Th\u1eadt kh\u00f4ng may l\u00e0 ng\u01b0\u1eddi di c\u01b0 th\u01b0\u1eddng hay tr\u1edf th\u00e0nh n\u1ea1n nh\u00e2n b\u1ecb b\u00f3c l\u1ed9t lao \u0111\u1ed9ng. C\u00e1c n\u1ea1n nh\u00e2n hay b\u1ecb d\u1ee5 d\u1ed7 b\u1edfi l\u1eddi h\u1ee9a s\u1ebd \u0111\u01b0\u1ee3c l\u00e0m vi\u1ec7c l\u01b0\u01a1ng cao v\u00e0 sau \u0111\u00f3 h\u1ecd b\u1ecb l\u1ee3i d\u1ee5ng ch\u1ee7 y\u1ebfu v\u1edbi m\u1ee5c \u0111\u00edch b\u00f3c l\u1ed9t lao \u0111\u1ed9ng. Tr\u01b0\u1eddng h\u1ee3p th\u01b0\u1eddng x\u1ea3y ra l\u00e0 h\u1ecd ph\u1ea3i tr\u1ea3 n\u1ee3 tr\u01b0\u1edbc \u0111\u00f3 v\u00ec m\u00f4i gi\u1edbi vi\u1ec7c l\u00e0m, m\u01b0\u1ee3n d\u1ee5ng c\u1ee5 lao \u0111\u1ed9ng v.v.. T\u00ean g\u1ecdi chung cho v\u1ea5n \u0111\u1ec1 n\u00e0y l\u00e0 n\u1ea1n bu\u00f4n ng\u01b0\u1eddi, b\u00f3c l\u1ed9t lao \u0111\u1ed9ng v\u00e0 b\u00f3c l\u1ed9t t\u00ecnh d\u1ee5c \u0111\u1ec1u thu\u1ed9c n\u1ea1n bu\u00f4n ng\u01b0\u1eddi.<\/p>\n<h4>L\u00e0m th\u1ebf n\u00e0o \u0111\u1ec3 nh\u1eadn ra \u0111\u01b0\u1ee3c l\u00e0 b\u1ea1n \u0111\u00e3 tr\u1edf th\u00e0nh n\u1ea1n nh\u00e2n bu\u00f4n ng\u01b0\u1eddi?<\/h4>\n<ul class=\"bullet\">\n<li>Ch\u1ee7 lao \u0111\u1ed9ng kh\u00f4ng k\u00fd h\u1ee3p \u0111\u1ed3ng lao \u0111\u1ed9ng v\u1edbi b\u1ea1n.<\/li>\n<li>Ch\u1ee7 lao \u0111\u1ed9ng \u00e9p b\u1ea1n l\u00e0m c\u00f4ng vi\u1ec7c kh\u00f4ng thu\u1ed9c nh\u1eefng c\u00f4ng vi\u1ec7c b\u1ea1n ph\u1ea3i l\u00e0m.<\/li>\n<li>Ch\u1ee7 lao \u0111\u1ed9ng \u00e9p b\u1ea1n l\u00e0m vi\u1ec7c nguy hi\u1ec3m \u0111\u1ebfn s\u1ee9c kh\u1ecfe.<\/li>\n<li>B\u1ea1n l\u00e0m vi\u1ec7c trong m\u00f4i tr\u01b0\u1eddng nguy hi\u1ec3m \u0111\u1ebfn t\u00ednh m\u1ea1ng ho\u1eb7c b\u1ea1n kh\u00f4ng \u0111\u01b0\u1ee3c b\u1ea3o h\u1ed9 \u0111\u1ea7y \u0111\u1ee7.<\/li>\n<li>Ch\u1ee7 lao \u0111\u1ed9ng kh\u00f4ng cho b\u1ea1n ngh\u1ec9 gi\u1ea3i lao \u0111\u1ec3 \u0103n u\u1ed1ng ho\u1eb7c \u0111i v\u1ec7 sinh.<\/li>\n<li>Ch\u1ee7 lao \u0111\u1ed9ng kh\u00f4ng tr\u1ea3 l\u01b0\u01a1ng \u0111\u00e3 th\u1ecfa thu\u1eadn v\u1edbi b\u1ea1n ho\u1eb7c ch\u1ec9 tr\u1ea3 m\u1ed9t ph\u1ea7n.<\/li>\n<li>Ph\u1ee5 n\u1eef c\u00f3 th\u1ec3 g\u1eb7p t\u00ecnh hu\u1ed1ng b\u1ecb b\u00f3c l\u1ed9t t\u00ecnh d\u1ee5c.<\/li>\n<li>vv..<\/li>\n<\/ul>\n<p>N\u1ebfu b\u1ea1n lo m\u00ecnh l\u00e0 n\u1ea1n nh\u00e2n b\u1ecb b\u00f3c l\u1ed9t, ho\u1eb7c lo l\u1eafng cho ai \u0111\u00f3 kh\u00e1c, h\u00e3y li\u00ean h\u1ec7 v\u1edbi nh\u1eefng t\u1ed5 ch\u1ee9c phi l\u1ee3i nhu\u1eadn d\u01b0\u1edbi \u0111\u00e2y. H\u1ecd s\u1ebd khuy\u00ean v\u00e0 gi\u00fap b\u1ea1n:<\/p>\n<h4>La Strada<\/h4>\n<p>\u0110\u01b0\u1eddng d\u00e2y SOS: +420 222 71 7 1 71,<\/p>\n<p>+420 800 07 77 77<\/p>\n<p><span style=\"font-weight: 400;\">lastrada@strada.cz<\/span><\/p>\n<p><a href=\"\/\/www.strada.cz\">www.strada.cz<\/a><\/p>\n<h4>Arcidiec\u00e9zn\u00ed charita Praha &#8211; d\u1ef1 \u00e1n Magdala<\/h4>\n<p>Lond\u00fdnsk\u00e1 44, 120 00 Praha 2<\/p>\n<p><span style=\"font-weight: 400;\">+420 224 246 573<\/span><\/p>\n<p><span style=\"font-weight: 400;\">praha@praha.charita.cz<\/span><\/p>\n<p><a href=\"\/\/praha.charita.cz\/sluzby\/magdala\"><span style=\"font-weight: 400;\">\/\/praha.charita.cz\/sluzby\/magdala<\/span><\/a><\/p>\n<div class=\"box-fixa\"><\/p>\n<p><em>B\u1ea1n c\u00f3 th\u1ec3 li\u00ean h\u1ec7 tr\u1ef1c ti\u1ebfp v\u1edbi C\u1ea3nh s\u00e1t CH S\u00e9c theo s\u1ed1 <\/em><em>158! <\/em><\/p>\n<p><\/div>\n<p>&nbsp;<\/p>\n<h3>B\u1ea1o h\u00e0nh gia \u0111\u00ecnh<\/h3>\n<p>T\u1ea1i CH S\u00e9c, m\u1ecdi th\u1ec3 lo\u1ea1i b\u1ea1o l\u1ef1c, k\u1ec3 c\u1ea3 trong khu\u00f4n kh\u1ed5 gia \u0111\u00ecnh, \u0111\u1ec1u b\u1ea5t h\u1ee3p ph\u00e1p. B\u1ea1o h\u00e0nh gia \u0111\u00ecnh kh\u00f4ng ch\u1ec9 l\u00e0 b\u1ea1o l\u1ef1c th\u1ec3 ch\u1ea5t, m\u00e0 c\u1ea3 tr\u01b0\u1eddng h\u1ee3p l\u00e0m nh\u1ee5c ho\u1eb7c c\u00f4ng k\u00edch b\u1eb1ng l\u1eddi trong th\u1eddi gian d\u00e0i.<\/p>\n<p>B\u1ea1o h\u00e0nh gia \u0111\u00ecnh kh\u00f4ng bi\u1ebft \u0111\u1ebfn bi\u00ean gi\u1edbi. N\u00f3 c\u00f3 th\u1ec3 di\u1ec5n ra gi\u1eefa nh\u1eefng ng\u01b0\u1eddi chung d\u00e2n t\u1ed9c l\u1eabn gi\u1eefa nh\u1eefng c\u1eb7p kh\u00e1c d\u00e2n t\u1ed9c khi m\u1ed9t trong hai ng\u01b0\u1eddi l\u00e0 ng\u01b0\u1eddi di c\u01b0. L\u00e0 n\u1ea1n nh\u00e2n v\u00e0 \u0111\u1ed3ng th\u1eddi l\u00e0 ng\u01b0\u1eddi di c\u01b0, h\u1ecd c\u1ea3m nh\u1eadn n\u1ed7i \u0111au v\u00e0 n\u1ed7i nh\u1ee5c nh\u01b0 m\u1ecdi ng\u01b0\u1eddi kh\u00e1c, nh\u01b0ng so v\u1edbi c\u00f4ng d\u00e2n S\u00e9c h\u1ecd c\u00f2n b\u1ecb b\u1ea5t l\u1ee3i b\u1edfi v\u1ecb tr\u00ed x\u00e3 h\u1ed9i c\u1ee7a h\u1ecd. H\u1ecd d\u1ec5 b\u1ecb t\u1ed5n th\u01b0\u01a1ng b\u1edfi kh\u00f4ng bi\u1ebft ti\u1ebfng, thi\u1ebfu hi\u1ec3u bi\u1ebft v\u1ec1 quy\u1ec1n l\u1ee3i v\u00e0 lu\u1eadt l\u1ec7, b\u1ecb x\u00e3 h\u1ed9i c\u00f4 l\u1eadp ho\u1eb7c b\u1ecb nh\u1eefng h\u1ea1n ch\u1ebf v\u1ec1 c\u01b0 tr\u00fa t\u1ea1i CH S\u00e9c. T\u1ea5t c\u1ea3 nh\u1eefng \u0111i\u1ec1u \u0111\u00f3 l\u00e0m cho h\u1ecd d\u1ec5 tr\u1edf th\u00e0nh n\u1ea1n nh\u00e2n v\u00e0 h\u1ecd kh\u00f4ng bi\u1ebft ph\u1ea3i ch\u1ed1ng l\u1ea1i \u0111i\u1ec1u \u0111\u00f3 m\u1ed9t c\u00e1ch hi\u1ec7u qu\u1ea3 ho\u1eb7c s\u1ee3 s\u1eed d\u1ee5ng nh\u1eefng h\u00ecnh th\u1ee9c b\u1ea3o v\u1ec7. Th\u00f4ng th\u01b0\u1eddng h\u1ecd b\u1ecb ph\u1ee5 thu\u1ed9c v\u00e0o ng\u01b0\u1eddi th\u00e2n \u0111ang b\u1ea1o h\u00e0nh h\u1ecd. H\u1ecd th\u01b0\u1eddng kh\u00f3 ti\u1ebfp c\u1eadn nh\u1eefng d\u1ecbch v\u1ee5 gi\u00fap \u0111\u1ee1 chuy\u00ean m\u00f4n, ho\u1eb7c kh\u00f4ng tin t\u01b0\u1edfng nh\u1eefng d\u1ecbch v\u1ee5 \u0111\u00f3.<\/p>\n<p>Trong tr\u01b0\u1eddng h\u1ee3p b\u1ea1n tr\u1edf th\u00e0nh n\u1ea1n nh\u00e2n b\u1ea1o h\u00e0nh gia \u0111\u00ecnh ho\u1eb7c b\u1ea1n bi\u1ebft c\u00f3 ng\u01b0\u1eddi ch\u1eafc \u0111ang l\u00e0 n\u1ea1n nh\u00e2n, h\u00e3y li\u00ean h\u1ec7 tr\u1ef1c ti\u1ebfp v\u1edbi C\u1ea3nh s\u00e1t CH S\u00e9c (\u0110T: 158), ho\u1eb7c c\u00e1c t\u1ed5 ch\u1ee9c phi l\u1ee3i nhu\u1eadn chuy\u00ean v\u1ec1 b\u1ea1o h\u00e0nh gia \u0111\u00ecnh:<\/p>\n<h4>SIMI (Sdru\u017een\u00ed pro integraci a migraci &#8211; Hi\u1ec7p h\u1ed9i v\u00ec h\u1ed9i nh\u1eadp v\u00e0 di c\u01b0)<\/h4>\n<p>Havl\u00ed\u010dkovo n\u00e1m. 2, 130 00 Praha 3-\u017di\u017ekov<\/p>\n<p>+420 224 224 379, 603 547 450<\/p>\n<p><a href=\"mailto:poradna@refug.cz\">poradna@refug.cz<\/a><\/p>\n<p><a href=\"\/\/www.migrace.com\/\">www.migrace.com<\/a><\/p>\n<p>H\u1ecd t\u01b0 v\u1ea5n ph\u00e1p l\u00fd, x\u00e3 h\u1ed9i v\u00e0 t\u00e2m l\u00fd x\u00e3 h\u1ed9i b\u1eb1ng ti\u1ebfng S\u00e9c, ti\u1ebfng Nga, ti\u1ebfng Anh v\u00e0 ti\u1ebfng Ph\u00e1p mi\u1ec5n ph\u00ed. C\u1ea7n t\u01b0 v\u1ea5n b\u1eb1ng ng\u00f4n ng\u1eef kh\u00e1c, h\u1ecd s\u1ebd h\u1eb9n nh\u00e2n vi\u00ean giao v\u0103n h\u00f3a \u0111\u1ebfn d\u1ecbch.<\/p>\n<h4>ACORUS &#8211; centrum pro osoby ohro\u017een\u00e9 dom\u00e1c\u00edm n\u00e1sil\u00edm (trung t\u00e2m d\u00e0nh cho ng\u01b0\u1eddi c\u00f3 nguy c\u01a1 b\u1ecb b\u1ea1o h\u00e0nh gia \u0111\u00ecnh)<\/h4>\n<p>D\u011blnick\u00e1 213\/12, Praha 7 (\u0111\u1ecba ch\u1ec9 t\u01b0 v\u1ea5n c\u00e1 nh\u00e2n, d\u1ecbch v\u1ee5 ch\u1ed7 \u1edf \u0111\u01b0\u1ee3c cung c\u1ea5p \u1edf \u0111\u1ecba ch\u1ec9 kh\u00f4ng c\u00f4ng b\u1ed1)<\/p>\n<p><a href=\"mailto:info@acorus.cz\">info@acorus.cz<\/a><\/p>\n<p><a href=\"\/\/www.acorus.cz\">www.acorus.cz<\/a><\/p>\n<p>\u0110\u01b0\u1eddng d\u00e2y n\u00f3ng NONSTOP: 283 892 772<\/p>\n<p>H\u1ecd gi\u00fap \u0111\u1ee1 trong t\u00ecnh hu\u1ed1ng kh\u1ea9n c\u1ea5p \u2013 cung c\u1ea5p gi\u01b0\u1eddng ng\u1ee7 qua \u0111\u00eam kh\u1ea9n c\u1ea5p t\u1ea1i \u0111\u1ecba ch\u1ec9 kh\u00f4ng c\u00f4ng b\u1ed1, d\u1ecbch v\u1ee5 t\u1ea1m tr\u00fa \u1edf \u0111\u1ecba ch\u1ec9 kh\u00f4ng c\u00f4ng b\u1ed1, ph\u00f2ng t\u01b0 v\u1ea5n cho ng\u01b0\u1eddi c\u00f3 nguy c\u01a1 b\u1ecb b\u1ea1o h\u00e0nh gia \u0111\u00ecnh, th\u00f4ng tin ph\u00e1p l\u00fd cho n\u1ea1n nh\u00e2n c\u1ee7a t\u1ed9i ph\u1ea1m li\u00ean quan \u0111\u1ebfn b\u1ea1o h\u00e0nh gia \u0111\u00ecnh, c\u0103n h\u1ed9 v\u00e0 s\u1ef1 gi\u00fap \u0111\u1ee1 sau \u0111\u00f3 t\u1ea1i \u0111\u1ecba ch\u1ec9 kh\u00f4ng c\u00f4ng b\u1ed1. D\u1ecbch v\u1ee5 c\u1ee7a Acorus \u0111\u01b0\u1ee3c cung c\u1ea5p b\u1eb1ng ti\u1ebfng S\u00e9c. Khi c\u1ea7n ng\u00f4n ng\u1eef kh\u00e1c h\u1ecd h\u1ee3p t\u00e1c v\u1edbi t\u1ed5 ch\u1ee9c SIMI v\u00e0 nh\u00e2n vi\u00ean giao v\u0103n h\u00f3a c\u1ee7a h\u1ecd.<\/p>\n<h4>B\u00edl\u00fd kruh bezpe\u010d\u00ed<\/h4>\n<p>U Trojice 2, 150 00 Praha 5<\/p>\n<p>+420 257 317 100<\/p>\n<p><a href=\"mailto:bkb.praha@bkb.cz\">bkb.praha@bkb.cz<\/a><\/p>\n<p><a href=\"\/\/www.bkb.cz\">www.bkb.cz<\/a><\/p>\n<h4>Interven\u010dn\u00ed centrum Praha (Trung t\u00e2m can thi\u1ec7p kh\u1ea9n c\u1ea5p)<\/h4>\n<p>Chel\u010dick\u00e9ho 39, 130 00 Praha 3<\/p>\n<p>+420 281 911 883, +420 734 510 292<\/p>\n<p><a href=\"mailto:icpraha@csspraha.cz\">icpraha@csspraha.cz<\/a><\/p>\n<p><a href=\"\/\/www.intervencnicentrum.cz\">www.intervencnicentrum.cz<\/a><\/p>\n<h4>proFem, o. p. s.<\/h4>\n<p>Plze\u0148sk\u00e1 66, 150 00 Praha 5<\/p>\n<p>+420 608 22 22 77<\/p>\n<p><a href=\"mailto:poradna@profem.cz\">poradna@profem.cz<\/a><\/p>\n<p><a href=\"\/\/www.profem.cz\">www.profem.cz<\/a><\/p>\n<h4>Rosa, o. s.<\/h4>\n<p>Podolsk\u00e1 242\/25, 147 00 Praha 4<\/p>\n<p>+420 241 432 466<\/p>\n<p>\u0110\u01b0\u1eddng d\u00e2y SOS: +420 602 246 102<\/p>\n<p><a href=\"mailto:info@rosa-os.cz\">info@rosa-os.cz<\/a><\/p>\n<p><a href=\"\/\/www.rosa-os.cz\">www.rosa-os.cz<\/a><\/p>\n<p>&nbsp;<\/p>\n<h3>Nghi\u1ec7n c\u1edd b\u1ea1c<\/h3>\n<p>Nghi\u1ec7n c\u1edd b\u1ea1c l\u00e0 b\u1ec7nh d\u1eabn \u0111\u1ebfn nh\u1eefng m\u00f3n n\u1ee3 h\u00e0ng tr\u0103m ngh\u00ecn \u0111\u1ebfn h\u00e0ng tri\u1ec7u cua-ron, m\u1ea5t vi\u1ec7c l\u00e0m, m\u1ea5t b\u1ea1n b\u00e8, gia \u0111\u00ecnh v\u00e0 g\u00e2y n\u00ean nh\u1eefng v\u1ea5n \u0111\u1ec1 s\u1ee9c kh\u1ecfe nghi\u00eam tr\u1ecdng.<\/p>\n<p>Ng\u01b0\u1eddi nghi\u1ec7n c\u1edd b\u1ea1c th\u01b0\u1eddng b\u1ecb nghi\u1ec7n ch\u01a1i m\u00e1y \u0111\u00e1nh b\u1ea1c ho\u1eb7c nghi\u1ec7n ch\u01a1i b\u00e0i (k\u1ec3 c\u1ea3 d\u1ea1ng tr\u1ef1c tuy\u1ebfn).<\/p>\n<p>\u0110\u1ec3 xin t\u01b0 v\u1ea5n v\u00e0 gi\u00fap \u0111\u1ee1 h\u00e3y li\u00ean h\u1ec7 v\u1edbi:<\/p>\n<h4>Stop z\u00e1vislosti, o. s.<\/h4>\n<p>+420 775 122 273<\/p>\n<p><a href=\"mailto:info@stopzavislosti.cz\">info@stopzavislosti.cz<\/a><\/p>\n<p>&nbsp;<\/p>\n<h3>N\u1ee3 n\u1ea7n v\u00e0 t\u1ecbch bi\u00ean<\/h3>\n<p>Ai c\u0169ng c\u00f3 th\u1ec3 r\u01a1i v\u00e0o t\u00ecnh hu\u1ed1ng t\u00e0i ch\u00ednh kh\u00f3 kh\u0103n l\u00ean \u0111\u1ebfn \u0111\u1ec9nh \u0111i\u1ec3m l\u00e0 b\u1ecb n\u1ee3 n\u1ea7n ho\u1eb7c b\u1ecb t\u1ecbch bi\u00ean. N\u1ebfu b\u1ea1n g\u1eb7p ph\u1ea3i t\u00ecnh hu\u1ed1ng nh\u01b0 v\u1eady, h\u00e3y li\u00ean h\u1ec7 v\u1edbi c\u00e1c t\u1ed5 ch\u1ee9c phi l\u1ee3i nhu\u1eadn sau \u0111\u00e2y. H\u1ecd s\u1ebd cung c\u1ea5p cho b\u1ea1n th\u00f4ng tin l\u00e0m g\u00ec v\u1edbi m\u00f3n n\u1ee3, l\u1ecbch tr\u1ea3 g\u00f3p, v\u1ee1 n\u1ee3 c\u00e1 nh\u00e2n l\u00e0 g\u00ec v.v..<\/p>\n<h4>Malt\u00e9zsk\u00e1 pomoc, o. p. s.<\/h4>\n<p>L\u00e1ze\u0148sk\u00e1 2, 118 00 Praha 1<\/p>\n<p>+420 736 620 894<\/p>\n<p><a href=\"mailto:lidevnouzi@maltezskapomoc.cz\">lidevnouzi@maltezskapomoc.cz<\/a><\/p>\n<h4>Poradna p\u0159i finan\u010dn\u00ed t\u00edsni, o. p. s. (Ph\u00f2ng t\u01b0 v\u1ea5n khi g\u1eb7p kh\u00f3 kh\u0103n t\u00e0i ch\u00ednh)<\/h4>\n<p>Americk\u00e1 22, 120 00 Praha 2<\/p>\n<p>+420 222 922 240<\/p>\n<p><a href=\"mailto:poradna@financnitisen.cz\">poradna@financnitisen.cz<\/a><\/p>\n<p><a href=\"\/\/www.financnitisen.cz\">www.financnitisen.cz<\/a><\/p>\n<p>&nbsp;<\/p>","protected":false},"excerpt":{"rendered":"<p>M\u1ed7i ng\u01b0\u1eddi \u0111\u1ec1u c\u00f3 th\u1ec3 g\u1eb7p t\u00ecnh hu\u1ed1ng kh\u00f3 kh\u0103n trong cu\u1ed9c s\u1ed1ng m\u00e0 m\u00ecnh kh\u00f4ng th\u1ec3 t\u1ef1 gi\u1ea3i quy\u1ebft, ng\u01b0\u1ee3c l\u1ea1i c\u1ea7n l\u1eddi khuy\u00ean v\u00e0 s\u1ef1 gi\u00fap \u0111\u1ee1 c\u1ee7a ng\u01b0\u1eddi kh\u00e1c. T\u1ea1i C\u1ed9ng h\u00f2a S\u00e9c ch\u00fang t\u00f4i c\u00f3 h\u1ec7&#8230;<\/p>\n<a class=\"more-block\" href=\"https:\/\/metropolevsech.eu\/vi\/potrebuji-resit\/krizove-situace-2\/krizove-situace\/\">\u0110\u1ecdc th\u00eam<\/a>","protected":false},"author":7,"featured_media":0,"parent":3099,"menu_order":2,"comment_status":"closed","ping_status":"closed","template":"","meta":[],"acf":[],"_links":{"self":[{"href":"https:\/\/metropolevsech.eu\/vi\/wp-json\/wp\/v2\/pages\/666"}],"collection":[{"href":"https:\/\/metropolevsech.eu\/vi\/wp-json\/wp\/v2\/pages"}],"about":[{"href":"https:\/\/metropolevsech.eu\/vi\/wp-json\/wp\/v2\/types\/page"}],"author":[{"embeddable":true,"href":"https:\/\/metropolevsech.eu\/vi\/wp-json\/wp\/v2\/users\/7"}],"replies":[{"embeddable":true,"href":"https:\/\/metropolevsech.eu\/vi\/wp-json\/wp\/v2\/comments?post=666"}],"version-history":[{"count":4,"href":"https:\/\/metropolevsech.eu\/vi\/wp-json\/wp\/v2\/pages\/666\/revisions"}],"predecessor-version":[{"id":24887,"href":"https:\/\/metropolevsech.eu\/vi\/wp-json\/wp\/v2\/pages\/666\/revisions\/24887"}],"up":[{"embeddable":true,"href":"https:\/\/metropolevsech.eu\/vi\/wp-json\/wp\/v2\/pages\/3099"}],"wp:attachment":[{"href":"https:\/\/metropolevsech.eu\/vi\/wp-json\/wp\/v2\/media?parent=666"}],"curies":[{"name":"wp","href":"https:\/\/api.w.org\/{rel}","templated":true}]}}