{"id":6787,"date":"2018-05-10T20:43:27","date_gmt":"2018-05-10T18:43:27","guid":{"rendered":"https:\/\/metropolevsech.eu\/?page_id=6787"},"modified":"2022-06-02T19:45:27","modified_gmt":"2022-06-02T17:45:27","slug":"oddeleni-narodnostnich-mensin-a-cizincu","status":"publish","type":"page","link":"https:\/\/metropolevsech.eu\/vi\/o-nas\/hlavni-mesto-praha-a-integrace\/oddeleni-narodnostnich-mensin-a-cizincu\/","title":{"rendered":"(\u010ce\u0161tina) Odd\u011blen\u00ed n\u00e1rodnostn\u00edch men\u0161in a cizinc\u016f"},"content":{"rendered":"<p class=\"qtranxs-available-languages-message qtranxs-available-languages-message-vi\">R\u1ea5t ti\u1ebfc, m\u1ee5c n\u00e0y ch\u1ec9 t\u1ed3n t\u1ea1i \u1edf <a href=\"https:\/\/metropolevsech.eu\/cs\/wp-json\/wp\/v2\/pages\/6787\" class=\"qtranxs-available-language-link qtranxs-available-language-link-cs\" title=\"\u010ce\u0161tina\">Ti\u1ebfng S\u00e9c<\/a>.<\/p>","protected":false},"excerpt":{"rendered":"<p>R\u1ea5t ti\u1ebfc, m\u1ee5c n\u00e0y ch\u1ec9 t\u1ed3n t\u1ea1i \u1edf Ti\u1ebfng S\u00e9c.<\/p>\n<a class=\"more-block\" href=\"https:\/\/metropolevsech.eu\/vi\/o-nas\/hlavni-mesto-praha-a-integrace\/oddeleni-narodnostnich-mensin-a-cizincu\/\">\u0110\u1ecdc th\u00eam<\/a>","protected":false},"author":7,"featured_media":0,"parent":16975,"menu_order":3,"comment_status":"closed","ping_status":"closed","template":"","meta":[],"acf":[],"_links":{"self":[{"href":"https:\/\/metropolevsech.eu\/vi\/wp-json\/wp\/v2\/pages\/6787"}],"collection":[{"href":"https:\/\/metropolevsech.eu\/vi\/wp-json\/wp\/v2\/pages"}],"about":[{"href":"https:\/\/metropolevsech.eu\/vi\/wp-json\/wp\/v2\/types\/page"}],"author":[{"embeddable":true,"href":"https:\/\/metropolevsech.eu\/vi\/wp-json\/wp\/v2\/users\/7"}],"replies":[{"embeddable":true,"href":"https:\/\/metropolevsech.eu\/vi\/wp-json\/wp\/v2\/comments?post=6787"}],"version-history":[{"count":7,"href":"https:\/\/metropolevsech.eu\/vi\/wp-json\/wp\/v2\/pages\/6787\/revisions"}],"predecessor-version":[{"id":16981,"href":"https:\/\/metropolevsech.eu\/vi\/wp-json\/wp\/v2\/pages\/6787\/revisions\/16981"}],"up":[{"embeddable":true,"href":"https:\/\/metropolevsech.eu\/vi\/wp-json\/wp\/v2\/pages\/16975"}],"wp:attachment":[{"href":"https:\/\/metropolevsech.eu\/vi\/wp-json\/wp\/v2\/media?parent=6787"}],"curies":[{"name":"wp","href":"https:\/\/api.w.org\/{rel}","templated":true}]}}