{"id":7069,"date":"2018-07-08T14:51:43","date_gmt":"2018-07-08T12:51:43","guid":{"rendered":"https:\/\/metropolevsech.eu\/?page_id=7069"},"modified":"2022-12-09T11:02:26","modified_gmt":"2022-12-09T10:02:26","slug":"seznam-interkulturnich-pracovniku","status":"publish","type":"page","link":"https:\/\/metropolevsech.eu\/vi\/kontakty\/seznam-interkulturnich-pracovniku\/","title":{"rendered":"Danh s\u00e1ch nh\u00e2n vi\u00ean giao v\u0103n h\u00f3a"},"content":{"rendered":"        <section class=\"ikp-wrapper js-ikp-wrapper\">\n\t\t\t\n<section class=\"ikp-filter-wrapper\">\n    <div class=\"ikp-filter-item\">\n        <label for=\"languages\">H\u00e3y ch\u1ecdn ng\u00f4n ng\u1eef<\/label>\n        <select id=\"languages\" name=\"languages[]\" class=\"js-ikp-select js-ikp-filter-select js-ikp-filter-languages\" multiple=\"multiple\"\n                data-placeholder=\"H\u00e3y ch\u1ecdn ng\u00f4n ng\u1eef\"\n        >\n\t\t\t\t\t\t\t                <option value=\"70\" >\n\t\t\t\t\tNg\u01b0\u1eddi Ukraina                <\/option>\n\t\t\t\t\t\t\t                <option value=\"46\" >\n\t\t\t\t\tTi\u1ebfng Anh                <\/option>\n\t\t\t\t\t\t\t                <option value=\"62\" >\n\t\t\t\t\tTi\u1ebfng M\u00f4ng C\u1ed5                <\/option>\n\t\t\t\t\t\t\t                <option value=\"74\" selected>\n\t\t\t\t\tTi\u1ebfng Vi\u1ec7t                <\/option>\n\t\t\t\t\t\t\t                <option value=\"78\" >\n\t\t\t\t\tng\u01b0\u1eddi Trung Qu\u1ed1c                <\/option>\n\t\t\t\t\t\t\t                <option value=\"79\" >\n\t\t\t\t\tng\u01b0\u1eddi T\u00e2y Ban Nha                <\/option>\n\t\t\t\t\t\t\t                <option value=\"66\" >\n\t\t\t\t\tti\u1ebfng Nga                <\/option>\n\t\t\t\t\t\t\t                <option value=\"47\" >\n\t\t\t\t\tti\u1ebfng \u1ea2 R\u1eadp                <\/option>\n\t\t\t        <\/select>\n    <\/div>\n    <div class=\"ikp-filter-item\">\n        <label for=\"companies\">H\u00e3y ch\u1ecdn t\u1ed5 ch\u1ee9c<\/label>\n        <select id=\"companies\" name=\"companies[]\" class=\"js-ikp-select js-ikp-filter-select js-ikp-filter-companies\" multiple=\"multiple\"\n                data-placeholder=\"H\u00e3y ch\u1ecdn t\u1ed5 ch\u1ee9c\"\n        >\n\t\t\t                <option value=\"\"><\/option>\n\t\t\t                <option value=\"101\">InB\u00e1ze, z.s.<\/option>\n\t\t\t                <option value=\"104\">Trung t\u00e2m H\u1ed9i nh\u1eadp Praha o.p.s.<\/option>\n\t\t\t                <option value=\"128\">U\u1ef7 ban qu\u1eadn Praha 10<\/option>\n\t\t\t                <option value=\"107\">U\u1ef7 ban qu\u1eadn Praha 11<\/option>\n\t\t\t                <option value=\"119\">U\u1ef7 ban qu\u1eadn Praha 14<\/option>\n\t\t\t                <option value=\"111\">Ph\u00f2ng t\u01b0 v\u1ea5n h\u1ed9i nh\u1eadp<\/option>\n\t\t\t                <option value=\"116\">Hi\u1ec7p h\u1ed9i v\u00ec h\u1ed9i nh\u1eadp v\u00e0 di c\u01b0<\/option>\n\t\t\t        <\/select>\n    <\/div>\n    <div class=\"ikp-filter-item\">\n        <input type=\"search\" class=\"js-ikp-filter-search\" placeholder=\"H\u00e3y nh\u1eadp t\u00ean nh\u00e2n vi\u00ean\"\/>\n    <\/div>\n<\/section>\n\n<table class=\"ikp-person-table js-ikp-table\">\n    <thead>\n    <tr>\n        <th>T\u00ean nh\u00e2n vi\u00ean<\/th>\n        <th>Gi\u1edd l\u00e0m vi\u1ec7c<\/th>\n        <th>Ng\u00f4n ng\u1eef<\/th>\n        <th>\u0110i\u1ec7n tho\u1ea1i<\/th>\n        <th>Email<\/th>\n    <\/tr>\n    <\/thead>\n    <tbody class=\"js-ikp-persons-tbody\">\n\t\n\t\t\t        <tr class=\"ikp-person-row-main js-ikp-person-row \">\n            <td><strong class=\"ikp-person-name js-ikp-person-name\">Luk\u00e1\u0161 Nguyen<\/strong><\/td>\n            <td>theo th\u1ecfa thu\u1eadn<\/td>\n            <td>\n\t\t\t\tTi\u1ebfng Vi\u1ec7t            <\/td>\n            <td>777 022 924<\/td>\n            <td>\n\t\t\t\t                    <a href=\"mailto:viet2@icpraha.com\">viet2@icpraha.com<\/a>\n\t\t\t\t\t            <\/td>\n        <\/tr>\n        <tr class=\"ikp-person-row-companies js-ikp-person-row-companies \">\n            <td><\/td>\n            <td colspan=\"4\">\n                <section class=\"ikp-person-companies-list\">\n                    <div class=\"ikp-person-company-labels\">\n\t\t\t\t\t\tT\u1ed5 ch\u1ee9c:<br\/>\n\t\t\t\t\t\tNg\u01b0\u1eddi ph\u1ee5 tr\u00e1ch:\n                    <\/div>\n\t\t\t\t\t                        <div class=\"ikp-person-company-item\">\n                            <span class=\"company-mobile-label\">T\u1ed5 ch\u1ee9c<\/span>\n                            <strong>Trung t\u00e2m H\u1ed9i nh\u1eadp Praha o.p.s.<\/strong><br\/>\n\t\t\t\t\t\t\t                                <span class=\"company-mobile-label\">Ng\u01b0\u1eddi ph\u1ee5 tr\u00e1ch<\/span>\n                                <a href=\"mailto:n.borovska@icpraha.com\">\n\t\t\t\t\t\t\t\t\tn.borovska@icpraha.com                                <\/a>\n\t\t\t\t\t\t\t                        <\/div>\n\t\t\t\t\t                <\/section>\n            <\/td>\n        <\/tr>\n\t\t\t        <tr class=\"ikp-person-row-main js-ikp-person-row ikp-person-row-grey\">\n            <td><strong class=\"ikp-person-name js-ikp-person-name\">Quynh Taov\u00e1<\/strong><\/td>\n            <td>theo th\u1ecfa thu\u1eadn<\/td>\n            <td>\n\t\t\t\tTi\u1ebfng Vi\u1ec7t            <\/td>\n            <td>774 124 094<\/td>\n            <td>\n\t\t\t\t                    <a href=\"mailto:viet@icpraha.com\">viet@icpraha.com<\/a>\n\t\t\t\t\t            <\/td>\n        <\/tr>\n        <tr class=\"ikp-person-row-companies js-ikp-person-row-companies ikp-person-row-grey\">\n            <td><\/td>\n            <td colspan=\"4\">\n                <section class=\"ikp-person-companies-list\">\n                    <div class=\"ikp-person-company-labels\">\n\t\t\t\t\t\tT\u1ed5 ch\u1ee9c:<br\/>\n\t\t\t\t\t\tNg\u01b0\u1eddi ph\u1ee5 tr\u00e1ch:\n                    <\/div>\n\t\t\t\t\t                        <div class=\"ikp-person-company-item\">\n                            <span class=\"company-mobile-label\">T\u1ed5 ch\u1ee9c<\/span>\n                            <strong>Trung t\u00e2m H\u1ed9i nh\u1eadp Praha o.p.s.<\/strong><br\/>\n\t\t\t\t\t\t\t                                <span class=\"company-mobile-label\">Ng\u01b0\u1eddi ph\u1ee5 tr\u00e1ch<\/span>\n                                <a href=\"mailto:n.borovska@icpraha.com\">\n\t\t\t\t\t\t\t\t\tn.borovska@icpraha.com                                <\/a>\n\t\t\t\t\t\t\t                        <\/div>\n\t\t\t\t\t                <\/section>\n            <\/td>\n        <\/tr>\n\t\t\t        <tr class=\"ikp-person-row-main js-ikp-person-row \">\n            <td><strong class=\"ikp-person-name js-ikp-person-name\">Nguyen Thi Minh Trang<\/strong><\/td>\n            <td>theo th\u1ecfa thu\u1eadn<\/td>\n            <td>\n\t\t\t\tTi\u1ebfng Vi\u1ec7t            <\/td>\n            <td>777 420 049<\/td>\n            <td>\n\t\t\t\t                    <a href=\"mailto:trang@migrace.com\">trang@migrace.com<\/a>\n\t\t\t\t\t            <\/td>\n        <\/tr>\n        <tr class=\"ikp-person-row-companies js-ikp-person-row-companies \">\n            <td><\/td>\n            <td colspan=\"4\">\n                <section class=\"ikp-person-companies-list\">\n                    <div class=\"ikp-person-company-labels\">\n\t\t\t\t\t\tT\u1ed5 ch\u1ee9c:<br\/>\n\t\t\t\t\t\tNg\u01b0\u1eddi ph\u1ee5 tr\u00e1ch:\n                    <\/div>\n\t\t\t\t\t                        <div class=\"ikp-person-company-item\">\n                            <span class=\"company-mobile-label\">T\u1ed5 ch\u1ee9c<\/span>\n                            <strong>Hi\u1ec7p h\u1ed9i v\u00ec h\u1ed9i nh\u1eadp v\u00e0 di c\u01b0<\/strong><br\/>\n\t\t\t\t\t\t\t                                <span class=\"company-mobile-label\">Ng\u01b0\u1eddi ph\u1ee5 tr\u00e1ch<\/span>\n                                <a href=\"mailto:ostranska@migrace.com\">\n\t\t\t\t\t\t\t\t\tostranska@migrace.com                                <\/a>\n\t\t\t\t\t\t\t                        <\/div>\n\t\t\t\t\t                <\/section>\n            <\/td>\n        <\/tr>\n\t\t\t        <tr class=\"ikp-person-row-main js-ikp-person-row ikp-person-row-grey\">\n            <td><strong class=\"ikp-person-name js-ikp-person-name\">Van Anh Tranov\u00e1<\/strong><\/td>\n            <td>theo th\u1ecfa thu\u1eadn<\/td>\n            <td>\n\t\t\t\tTi\u1ebfng Vi\u1ec7t            <\/td>\n            <td>602 187 674<br\/>778 527 939<\/td>\n            <td>\n\t\t\t\t                    <a href=\"mailto:tranovava@praha11.cz\">tranovava@praha11.cz<\/a>\n\t\t\t\t\t<br\/>                    <a href=\"mailto:tranovava@gmail.com\">tranovava@gmail.com<\/a>\n\t\t\t\t\t            <\/td>\n        <\/tr>\n        <tr class=\"ikp-person-row-companies js-ikp-person-row-companies ikp-person-row-grey\">\n            <td><\/td>\n            <td colspan=\"4\">\n                <section class=\"ikp-person-companies-list\">\n                    <div class=\"ikp-person-company-labels\">\n\t\t\t\t\t\tT\u1ed5 ch\u1ee9c:<br\/>\n\t\t\t\t\t\tNg\u01b0\u1eddi ph\u1ee5 tr\u00e1ch:\n                    <\/div>\n\t\t\t\t\t                        <div class=\"ikp-person-company-item\">\n                            <span class=\"company-mobile-label\">T\u1ed5 ch\u1ee9c<\/span>\n                            <strong>U\u1ef7 ban qu\u1eadn Praha 11<\/strong><br\/>\n\t\t\t\t\t\t\t                                <span class=\"company-mobile-label\">Ng\u01b0\u1eddi ph\u1ee5 tr\u00e1ch<\/span>\n                                <a href=\"mailto:hostomskag@praha11.cz\">\n\t\t\t\t\t\t\t\t\thostomskag@praha11.cz                                <\/a>\n\t\t\t\t\t\t\t                        <\/div>\n\t\t\t\t\t                <\/section>\n            <\/td>\n        <\/tr>\n\t    <\/tbody>\n<\/table>        <\/section>\n\t\t\n","protected":false},"excerpt":{"rendered":"<a class=\"more-block\" href=\"https:\/\/metropolevsech.eu\/vi\/kontakty\/seznam-interkulturnich-pracovniku\/\">\u0110\u1ecdc th\u00eam<\/a>","protected":false},"author":7,"featured_media":0,"parent":895,"menu_order":2,"comment_status":"closed","ping_status":"closed","template":"page-without-sidebar.php","meta":[],"acf":[],"_links":{"self":[{"href":"https:\/\/metropolevsech.eu\/vi\/wp-json\/wp\/v2\/pages\/7069"}],"collection":[{"href":"https:\/\/metropolevsech.eu\/vi\/wp-json\/wp\/v2\/pages"}],"about":[{"href":"https:\/\/metropolevsech.eu\/vi\/wp-json\/wp\/v2\/types\/page"}],"author":[{"embeddable":true,"href":"https:\/\/metropolevsech.eu\/vi\/wp-json\/wp\/v2\/users\/7"}],"replies":[{"embeddable":true,"href":"https:\/\/metropolevsech.eu\/vi\/wp-json\/wp\/v2\/comments?post=7069"}],"version-history":[{"count":27,"href":"https:\/\/metropolevsech.eu\/vi\/wp-json\/wp\/v2\/pages\/7069\/revisions"}],"predecessor-version":[{"id":18208,"href":"https:\/\/metropolevsech.eu\/vi\/wp-json\/wp\/v2\/pages\/7069\/revisions\/18208"}],"up":[{"embeddable":true,"href":"https:\/\/metropolevsech.eu\/vi\/wp-json\/wp\/v2\/pages\/895"}],"wp:attachment":[{"href":"https:\/\/metropolevsech.eu\/vi\/wp-json\/wp\/v2\/media?parent=7069"}],"curies":[{"name":"wp","href":"https:\/\/api.w.org\/{rel}","templated":true}]}}