{"id":772,"date":"2017-01-01T16:33:49","date_gmt":"2017-01-01T15:33:49","guid":{"rendered":"https:\/\/metropolevsech.eu\/?page_id=772"},"modified":"2026-01-23T16:40:35","modified_gmt":"2026-01-23T15:40:35","slug":"zamestnani","status":"publish","type":"page","link":"https:\/\/metropolevsech.eu\/vi\/potrebuji-resit\/zamestnani\/","title":{"rendered":"Lao \u0111\u1ed9ng"},"content":{"rendered":"<p><i>T\u1ea1i \u0111\u00e2y\u00a0tr\u00ean trang web Praha th\u1ee7 \u0111\u00f4 c\u1ee7a m\u1ecdi ng\u01b0\u1eddi b\u1ea1n s\u1ebd bi\u1ebft th\u00eam th\u00f4ng tin v\u1ec1 \u00a0ng\u01b0\u1eddi n\u01b0\u1edbc\u00a0ngo\u00e0i c\u00f3 th\u1ec3 l\u00e0m vi\u1ec7c t\u1ea1i CH S\u00e9c v\u1edbi nh\u1eefng \u0111i\u1ec1u ki\u1ec7n g\u00ec v\u00e0 t\u00ecm vi\u1ec7c l\u00e0m nh\u01b0 th\u1ebf n\u00e0o. Ch\u00fang t\u00f4i s\u1ebd cung c\u1ea5p cho b\u1ea1n th\u00f4ng tin v\u1ec1 c\u00e1ch m\u1ed9t ng\u01b0\u1eddi n\u01b0\u1edbc ngo\u00e0i \u1edf C\u1ed9ng h\u00f2a S\u00e9c c\u00f3 th\u1ec3 xin gi\u1ea5y ph\u00e9p lao \u0111\u1ed9ng v\u00e0 gia h\u1ea1n gi\u1ea5y ph\u00e9p lao \u0111\u1ed9ng ho\u1eb7c thay \u0111\u1ed5i vi\u1ec7c l\u00e0m ra sao. T\u1ea1i \u0111\u00e2y b\u1ea1n c\u0169ng s\u1ebd t\u00ecm th\u1ea5y th\u00f4ng tin v\u1ec1 n\u1ed9i dung c\u1ee7a h\u1ee3p \u0111\u1ed3ng lao \u0111\u1ed9ng c\u1ea7n c\u00f3 nh\u1eefng g\u00ec v\u00e0 ng\u01b0\u1eddi lao \u0111\u1ed9ng c\u00f3 quy\u1ec1n l\u1ee3i v\u00e0 ngh\u0129a v\u1ee5 g\u00ec. B\u1ea1n s\u1ebd t\u00ecm th\u1ea5y th\u00f4ng tin li\u00ean l\u1ea1c trong tr\u01b0\u1eddng h\u1ee3p quy\u1ec1n l\u1ee3i c\u1ee7a b\u1ea1n b\u1ecb x\u00e2m ph\u1ea1m.<\/i><\/p>\n<ul class=\"bullet\">\n<li><a href=\"\/\/metropolevsech.eu\/vi\/potrebuji-resit\/zamestnani\/podminky-prace-cizincu\/\"><strong>\u0110i\u1ec1u ki\u1ec7n l\u00e0m vi\u1ec7c c\u1ee7a ng\u01b0\u1eddi n\u01b0\u1edbc ngo\u00e0i t\u1ea1i CH S\u00e9c<\/strong><\/a><\/li>\n<li><a href=\"\/\/metropolevsech.eu\/vi\/potrebuji-resit\/zamestnani\/kde-hledat-praci\/\"><strong>Ng\u01b0\u1eddi n\u01b0\u1edbc ngo\u00e0i t\u1ea1i CH\u00a0S\u00e9c c\u00f3\u00a0th\u1ec3 t\u00ecm vi\u1ec7c l\u00e0m \u1edf \u0111\u00e2u?<\/strong><\/a><\/li>\n<li><a href=\"\/\/metropolevsech.eu\/vi\/potrebuji-resit\/zamestnani\/zakladni-informace-o-zamestnavani-v-cr\/\"><strong>Th\u00f4ng tin c\u01a1 b\u1ea3n v\u1ec1 lao \u0111\u1ed9ng c\u1ee7a ng\u01b0\u1eddi n\u01b0\u1edbc ngo\u00e0i t\u1ea1i CH S\u00e9c<\/strong><\/a><\/li>\n<li><a href=\"\/\/metropolevsech.eu\/vi\/potrebuji-resit\/zamestnani\/kam-se-obratit-uzitecne-kontakty-a-odkazy\/\"><strong>Li\u00ean h\u1ec7 v\u1edbi ai \u2013 Nh\u1eefng th\u00f4ng tin li\u00ean h\u1ec7 v\u00e0 li\u00ean k\u1ebft h\u1eefu \u00edch<\/strong><\/a><\/li>\n<\/ul>\n<p><\/p>","protected":false},"excerpt":{"rendered":"<p>T\u1ea1i \u0111\u00e2y\u00a0tr\u00ean trang web Praha th\u1ee7 \u0111\u00f4 c\u1ee7a m\u1ecdi ng\u01b0\u1eddi b\u1ea1n s\u1ebd bi\u1ebft th\u00eam th\u00f4ng tin v\u1ec1 \u00a0ng\u01b0\u1eddi n\u01b0\u1edbc\u00a0ngo\u00e0i c\u00f3 th\u1ec3 l\u00e0m vi\u1ec7c t\u1ea1i CH S\u00e9c v\u1edbi nh\u1eefng \u0111i\u1ec1u ki\u1ec7n g\u00ec v\u00e0 t\u00ecm vi\u1ec7c l\u00e0m nh\u01b0 th\u1ebf n\u00e0o. Ch\u00fang t\u00f4i&#8230;<\/p>\n<a class=\"more-block\" href=\"https:\/\/metropolevsech.eu\/vi\/potrebuji-resit\/zamestnani\/\">\u0110\u1ecdc th\u00eam<\/a>","protected":false},"author":7,"featured_media":2553,"parent":736,"menu_order":5,"comment_status":"closed","ping_status":"closed","template":"","meta":[],"acf":[],"_links":{"self":[{"href":"https:\/\/metropolevsech.eu\/vi\/wp-json\/wp\/v2\/pages\/772"}],"collection":[{"href":"https:\/\/metropolevsech.eu\/vi\/wp-json\/wp\/v2\/pages"}],"about":[{"href":"https:\/\/metropolevsech.eu\/vi\/wp-json\/wp\/v2\/types\/page"}],"author":[{"embeddable":true,"href":"https:\/\/metropolevsech.eu\/vi\/wp-json\/wp\/v2\/users\/7"}],"replies":[{"embeddable":true,"href":"https:\/\/metropolevsech.eu\/vi\/wp-json\/wp\/v2\/comments?post=772"}],"version-history":[{"count":22,"href":"https:\/\/metropolevsech.eu\/vi\/wp-json\/wp\/v2\/pages\/772\/revisions"}],"predecessor-version":[{"id":24542,"href":"https:\/\/metropolevsech.eu\/vi\/wp-json\/wp\/v2\/pages\/772\/revisions\/24542"}],"up":[{"embeddable":true,"href":"https:\/\/metropolevsech.eu\/vi\/wp-json\/wp\/v2\/pages\/736"}],"wp:featuredmedia":[{"embeddable":true,"href":"https:\/\/metropolevsech.eu\/vi\/wp-json\/wp\/v2\/media\/2553"}],"wp:attachment":[{"href":"https:\/\/metropolevsech.eu\/vi\/wp-json\/wp\/v2\/media?parent=772"}],"curies":[{"name":"wp","href":"https:\/\/api.w.org\/{rel}","templated":true}]}}