{"id":8,"date":"2016-11-06T19:06:10","date_gmt":"2016-11-06T18:06:10","guid":{"rendered":"https:\/\/metropolevsech.eu\/?page_id=8"},"modified":"2025-03-04T11:12:45","modified_gmt":"2025-03-04T10:12:45","slug":"o-nas","status":"publish","type":"page","link":"https:\/\/metropolevsech.eu\/vi\/o-nas\/","title":{"rendered":"Gi\u1edbi thi\u1ec7u"},"content":{"rendered":"<p>T\u1ea1i \u0111\u00e2y b\u1ea1n s\u1ebd t\u00ecm th\u1ea5y nh\u1eefng th\u00f4ng tin gi\u00fap b\u1ea1n t\u00ecm hi\u1ec3u v\u1ec1 th\u1ee7 \u0111\u00f4, c\u00e1c \u1ee7y ban v\u00e0 c\u01a1 quan ch\u1ecbu tr\u00e1ch nhi\u1ec7m c\u1ee7a th\u1ee7 \u0111\u00f4 qu\u1ea3n l\u00fd c\u00e1c ho\u1ea1t \u0111\u1ed9ng trong l\u0129nh v\u1ef1c h\u1ed9i nh\u1eadp ng\u01b0\u1eddi di c\u01b0 v\u00e0 h\u1ed7 tr\u1ee3 t\u1ea5t c\u1ea3 m\u1ecdi ng\u01b0\u1eddi d\u00e2n c\u1ee7a th\u1ee7 \u0111\u00f4 chung s\u1ed1ng. B\u1ea1n s\u1ebd c\u00f3 \u0111\u01b0\u1ee3c c\u00e1i nh\u00ecn t\u1ed5ng qu\u00e1t v\u00ec sao l\u0129nh v\u1ef1c h\u1ed7 tr\u1ee3 h\u1ed9i nh\u1eadp v\u00e0 chung s\u1ed1ng \u1edf th\u1ee7 \u0111\u00f4 l\u1ea1i quan tr\u1ecdng \u0111\u1ebfn nh\u01b0 v\u1eady v\u00e0 s\u1ebd bi\u1ebft \u0111\u01b0\u1ee3c ch\u00ednh m\u00ecnh c\u0169ng c\u00f3 th\u1ec3 tham gia nh\u01b0 th\u1ebf n\u00e0o. B\u1ea1n s\u1ebd bi\u1ebft \u0111\u01b0\u1ee3c v\u1ec1 nh\u1eefng ho\u1ea1t \u0111\u1ed9ng m\u1edbi nh\u1ea5t v\u1ec1 l\u0129nh v\u1ef1c n\u00e0y \u1edf c\u1ea5p T\u00f2a th\u1ecb ch\u00ednh th\u1ee7 \u0111\u00f4 Praha.<\/p>\n<p>Trong ch\u01b0\u01a1ng n\u00e0y b\u1ea1n c\u00f3 th\u1ec3 t\u1ea3i v\u1ec1 m\u1ecdi t\u00e0i li\u1ec7u quan tr\u1ecdng li\u00ean quan \u0111\u1ebfn l\u0129nh v\u1ef1c h\u1ed9i nh\u1eadp v\u00e0 chung s\u1ed1ng \u1edf th\u1ee7 \u0111\u00f4 Praha. Nh\u1eefng ng\u01b0\u1eddi di c\u01b0 c\u00f3 th\u1ec3 t\u1ea3i v\u1ec1 mi\u1ec5n ph\u00ed C\u1ea9m nang th\u00f4ng tin d\u00e0nh cho ng\u01b0\u1eddi di c\u01b0, c\u1ea9m nang gi\u00fap h\u1ecd t\u00ecm hi\u1ec3u v\u1ec1 th\u1ee7 \u0111\u00f4.<\/p>\n<p>Trong ph\u1ea7n li\u00ean h\u1ec7 b\u1ea1n c\u00f3 th\u1ec3 li\u00ean h\u1ec7 v\u1edbi nh\u00e2n vi\u00ean T\u00f2a th\u1ecb ch\u00ednh th\u1ee7 \u0111\u00f4 Praha \u0111\u1ec3 h\u1ecfi v\u1ec1 trang web n\u00e0y ho\u1eb7c v\u1ec1 ch\u00ednh s\u00e1ch v\u00e0 th\u1ef1c h\u00e0nh trong l\u0129nh v\u1ef1c h\u1ed9i nh\u1eadp v\u00e0 chung s\u1ed1ng tr\u00ean \u0111\u1ecba b\u00e0n th\u1ee7 \u0111\u00f4 Praha.<\/p>\n<p>Ng\u01b0\u1eddi di c\u01b0 c\u00f3 th\u1ec3 li\u00ean h\u1ec7 tr\u1ef1c ti\u1ebfp v\u1edbi Trung t\u00e2m h\u1ed9i nh\u1eadp Praha \u0111\u01b0\u1ee3c ch\u00ednh T\u00f2a th\u1ecb ch\u00ednh th\u1ee7 \u0111\u00f4 Praha th\u00e0nh l\u1eadp.<\/p>\n<p>T\u1ea5t c\u1ea3 m\u1ecdi ng\u01b0\u1eddi d\u00e2n Praha c\u00f3 th\u1ec3 l\u00e0m quen v\u1edbi nhau v\u00e0 hi\u1ec3u nhau nhi\u1ec1u h\u01a1n qua c\u00e1c s\u1ef1 ki\u1ec7n v\u0103n h\u00f3a, c\u1ed9ng \u0111\u1ed3ng v\u00e0 th\u1ec3 thao c\u1ee7a Trung t\u00e2m h\u1ed9i nh\u1eadp Praha.<\/p>","protected":false},"excerpt":{"rendered":"<p>T\u1ea1i \u0111\u00e2y b\u1ea1n s\u1ebd t\u00ecm th\u1ea5y nh\u1eefng th\u00f4ng tin gi\u00fap b\u1ea1n t\u00ecm hi\u1ec3u v\u1ec1 th\u1ee7 \u0111\u00f4, c\u00e1c \u1ee7y ban v\u00e0 c\u01a1 quan ch\u1ecbu tr\u00e1ch nhi\u1ec7m c\u1ee7a th\u1ee7 \u0111\u00f4 qu\u1ea3n l\u00fd c\u00e1c ho\u1ea1t \u0111\u1ed9ng trong l\u0129nh v\u1ef1c h\u1ed9i nh\u1eadp ng\u01b0\u1eddi di&#8230;<\/p>\n<a class=\"more-block\" href=\"https:\/\/metropolevsech.eu\/vi\/o-nas\/\">\u0110\u1ecdc th\u00eam<\/a>","protected":false},"author":2,"featured_media":9390,"parent":0,"menu_order":1,"comment_status":"closed","ping_status":"closed","template":"","meta":[],"acf":[],"_links":{"self":[{"href":"https:\/\/metropolevsech.eu\/vi\/wp-json\/wp\/v2\/pages\/8"}],"collection":[{"href":"https:\/\/metropolevsech.eu\/vi\/wp-json\/wp\/v2\/pages"}],"about":[{"href":"https:\/\/metropolevsech.eu\/vi\/wp-json\/wp\/v2\/types\/page"}],"author":[{"embeddable":true,"href":"https:\/\/metropolevsech.eu\/vi\/wp-json\/wp\/v2\/users\/2"}],"replies":[{"embeddable":true,"href":"https:\/\/metropolevsech.eu\/vi\/wp-json\/wp\/v2\/comments?post=8"}],"version-history":[{"count":3,"href":"https:\/\/metropolevsech.eu\/vi\/wp-json\/wp\/v2\/pages\/8\/revisions"}],"predecessor-version":[{"id":21975,"href":"https:\/\/metropolevsech.eu\/vi\/wp-json\/wp\/v2\/pages\/8\/revisions\/21975"}],"wp:featuredmedia":[{"embeddable":true,"href":"https:\/\/metropolevsech.eu\/vi\/wp-json\/wp\/v2\/media\/9390"}],"wp:attachment":[{"href":"https:\/\/metropolevsech.eu\/vi\/wp-json\/wp\/v2\/media?parent=8"}],"curies":[{"name":"wp","href":"https:\/\/api.w.org\/{rel}","templated":true}]}}