{"id":856,"date":"2017-01-15T19:49:22","date_gmt":"2017-01-15T18:49:22","guid":{"rendered":"https:\/\/metropolevsech.eu\/?page_id=856"},"modified":"2025-02-11T10:31:24","modified_gmt":"2025-02-11T09:31:24","slug":"mestske-casti","status":"publish","type":"page","link":"https:\/\/metropolevsech.eu\/vi\/kontakty\/urady-v-praze\/mestske-casti\/","title":{"rendered":"C\u00e1c qu\u1eadn"},"content":{"rendered":"<p><em>Trong ph\u1ea7n n\u00e0y b\u1ea1n s\u1ebd \u0111\u01b0\u1ee3c bi\u1ebft v\u1ec1 c\u1ea5u tr\u00fac c\u1ee7a Praha. B\u1ea1n s\u1ebd t\u00ecm th\u1ea5y nh\u1eefng th\u00f4ng tin v\u1ec1 ho\u1ea1t \u0111\u1ed9ng b\u00ean trong c\u1ee7a \u1ee7y ban qu\u1eadn, c\u00e1c b\u1ed9 ph\u1eadn c\u1ee7a \u1ee7y ban qu\u1eadn l\u00e0 g\u00ec, ai l\u00e0 ng\u01b0\u1eddi \u0111\u1ee9ng \u0111\u1ea7u, c\u00e1i g\u00ec thu\u1ed9c v\u1ec1 quy\u1ec1n h\u00e0nh c\u1ee7a \u1ee7y ban qu\u1eadn v\u00e0 ph\u1ea3i g\u1eb7p ai khi c\u1ea7n. M\u1ed7i m\u1ed9t \u1ee7y ban qu\u1eadn c\u00f3 m\u1ed9t ph\u1ea7n gi\u1edbi thi\u1ec7u h\u1ea5p d\u1eabn bao g\u1ed3m c\u1ea3 nh\u1eefng ho\u1ea1t \u0111\u1ed9ng h\u1ed9i nh\u1eadp do \u1ee7y ban qu\u1eadn t\u1ed5 ch\u1ee9c v\u00e0 nh\u1eefng th\u00f4ng tin li\u00ean h\u1ec7, trong \u0111\u00f3 c\u00f3 c\u00e1c trang web th\u01b0\u1eddng ch\u1ee9a th\u00f4ng tin b\u1eb1ng c\u1ea3 nh\u1eefng ng\u00f4n ng\u1eef kh\u00e1c (b\u1eb1ng ti\u1ebfng Anh, ti\u1ebfng Nga, ti\u1ebfng Vi\u1ec7t v.v..).<\/em><\/p>\n<p>Th\u1ee7 \u0111\u00f4 Praha bao g\u1ed3m 57 qu\u1eadn ch\u1ee7 qu\u1ea3n, \u0111\u01b0\u1ee3c chia ti\u1ebfp th\u00e0nh 22 qu\u1eadn ch\u1ee7 qu\u1ea3n c\u00f3 quy\u1ec1n h\u00e0nh m\u1edf r\u1ed9ng. M\u1ed7i m\u1ed9t qu\u1eadn c\u00f3 \u1ee7y ban ri\u00eang th\u1ef1c hi\u1ec7n nh\u1eefng ho\u1ea1t \u0111\u1ed9ng ch\u1ee7 qu\u1ea3n v\u00e0 c\u00e1c ho\u1ea1t \u0111\u1ed9ng c\u1ee7a quy\u1ec1n h\u00e0nh chuy\u1ec3n nh\u01b0\u1ee3ng.<\/p>\n<p>T\u00ean, l\u00e3nh th\u1ed5 v\u00e0 ph\u1ea1m vi ho\u1ea1t \u0111\u1ed9ng c\u1ee7a c\u00e1c \u1ee7y ban qu\u1eadn \u0111\u01b0\u1ee3c quy \u0111\u1ecbnh trong Quy ch\u1ebf th\u1ee7 \u0111\u00f4 Praha, \u0111\u01b0\u1ee3c th\u1ee7 \u0111\u00f4 Praha \u0111\u01b0a ra nh\u01b0 m\u1ed9t ngh\u1ecb \u0111\u1ecbnh r\u00e0ng bu\u1ed9c chung. N\u1ed9i dung Quy ch\u1ebf hi\u1ec7n t\u1ea1i c\u00f3 th\u1ec3 t\u00ecm th\u1ea5y tr\u00ean <a href=\"https:\/\/praha.eu\/statut-hmp\">trang n\u00e0y<\/a>.<\/p>","protected":false},"excerpt":{"rendered":"<p>Trong ph\u1ea7n n\u00e0y b\u1ea1n s\u1ebd \u0111\u01b0\u1ee3c bi\u1ebft v\u1ec1 c\u1ea5u tr\u00fac c\u1ee7a Praha. B\u1ea1n s\u1ebd t\u00ecm th\u1ea5y nh\u1eefng th\u00f4ng tin v\u1ec1 ho\u1ea1t \u0111\u1ed9ng b\u00ean trong c\u1ee7a \u1ee7y ban qu\u1eadn, c\u00e1c b\u1ed9 ph\u1eadn c\u1ee7a \u1ee7y ban qu\u1eadn l\u00e0 g\u00ec, ai l\u00e0 ng\u01b0\u1eddi&#8230;<\/p>\n<a class=\"more-block\" href=\"https:\/\/metropolevsech.eu\/vi\/kontakty\/urady-v-praze\/mestske-casti\/\">\u0110\u1ecdc th\u00eam<\/a>","protected":false},"author":7,"featured_media":7875,"parent":847,"menu_order":1,"comment_status":"closed","ping_status":"closed","template":"","meta":[],"acf":[],"_links":{"self":[{"href":"https:\/\/metropolevsech.eu\/vi\/wp-json\/wp\/v2\/pages\/856"}],"collection":[{"href":"https:\/\/metropolevsech.eu\/vi\/wp-json\/wp\/v2\/pages"}],"about":[{"href":"https:\/\/metropolevsech.eu\/vi\/wp-json\/wp\/v2\/types\/page"}],"author":[{"embeddable":true,"href":"https:\/\/metropolevsech.eu\/vi\/wp-json\/wp\/v2\/users\/7"}],"replies":[{"embeddable":true,"href":"https:\/\/metropolevsech.eu\/vi\/wp-json\/wp\/v2\/comments?post=856"}],"version-history":[{"count":3,"href":"https:\/\/metropolevsech.eu\/vi\/wp-json\/wp\/v2\/pages\/856\/revisions"}],"predecessor-version":[{"id":21825,"href":"https:\/\/metropolevsech.eu\/vi\/wp-json\/wp\/v2\/pages\/856\/revisions\/21825"}],"up":[{"embeddable":true,"href":"https:\/\/metropolevsech.eu\/vi\/wp-json\/wp\/v2\/pages\/847"}],"wp:featuredmedia":[{"embeddable":true,"href":"https:\/\/metropolevsech.eu\/vi\/wp-json\/wp\/v2\/media\/7875"}],"wp:attachment":[{"href":"https:\/\/metropolevsech.eu\/vi\/wp-json\/wp\/v2\/media?parent=856"}],"curies":[{"name":"wp","href":"https:\/\/api.w.org\/{rel}","templated":true}]}}