{"id":882,"date":"2017-01-15T21:14:34","date_gmt":"2017-01-15T20:14:34","guid":{"rendered":"https:\/\/metropolevsech.eu\/?page_id=882"},"modified":"2023-05-24T17:10:08","modified_gmt":"2023-05-24T15:10:08","slug":"pravo-volit-na-lokalni-urovni","status":"publish","type":"page","link":"https:\/\/metropolevsech.eu\/vi\/potrebuji-resit\/pravo-volit-na-lokalni-urovni\/","title":{"rendered":"Quy\u1ec1n b\u1ea7u c\u1eed \u1edf c\u1ea5p \u0111\u1ecba ph\u01b0\u01a1ng c\u1ee7a ng\u01b0\u1eddi n\u01b0\u1edbc ngo\u00e0i t\u1ea1i CH S\u00e9c."},"content":{"rendered":"<p><em>T\u1ea1i \u0111\u00e2y ng\u01b0\u1eddi n\u01b0\u1edbc ngo\u00e0i s\u1ed1ng t\u1ea1i CH S\u00e9c s\u1ebd bi\u1ebft c\u00e1c th\u00f4ng tin v\u1ec1 nh\u1eefng \u0111i\u1ec1u ki\u1ec7n b\u1ea1n c\u00f3 th\u1ec3 b\u1ea7u ch\u1ecdn ng\u01b0\u1eddi \u0111\u1ea1i di\u1ec7n c\u1ee7a m\u00ecnh v\u00e0o Qu\u1ed1c h\u1ed9i CH S\u00e9c, t\u1ed5ng th\u1ed1ng ho\u1eb7c h\u1ed9i \u0111\u1ed3ng th\u00e0nh ph\u1ed1. Ch\u00fang t\u00f4i s\u1ebd tr\u00ecnh b\u00e0y c\u00e1c \u0111\u1eb7c \u0111i\u1ec3m c\u1ee7a cu\u1ed9c b\u1ea7u c\u1eed \u1edf Praha v\u00e0 b\u1ea7u c\u1eed v\u00e0o Ngh\u1ecb vi\u1ec7n ch\u00e2u \u00c2u.<\/em><\/p>\n<h3>B\u1ea7u c\u1eed t\u1ea1i CH S\u00e9c<\/h3>\n<p>T\u1ea1i C\u1ed9ng h\u00f2a S\u00e9c di\u1ec5n ra cu\u1ed9c b\u1ea7u c\u1eed 4 n\u0103m m\u1ed9t l\u1ea7n v\u00e0o H\u1ea1 vi\u1ec7n v\u00e0 6 n\u0103m m\u1ed9t l\u1ea7n v\u00e0o Th\u01b0\u1ee3ng vi\u1ec7n c\u1ee7a Qu\u1ed1c h\u1ed9i CH S\u00e9c, t\u1ed5ng th\u1ed1ng c\u1ed9ng h\u00f2a \u0111\u01b0\u1ee3c b\u1ea7u c\u1eed tr\u1ef1c ti\u1ebfp 5 n\u0103m m\u1ed9t l\u1ea7n, v\u00e0 cu\u1ed9c b\u1ea7u c\u1eed \u1edf c\u1ea5p \u0111\u1ecba ph\u01b0\u01a1ng v\u00e0o h\u1ed9i \u0111\u1ed3ng x\u00e3. \u0110i\u1ec1u ki\u1ec7n cho t\u1ea5t c\u1ea3 c\u00e1c cu\u1ed9c b\u1ea7u c\u1eed l\u00e0 qu\u1ed1c t\u1ecbch C\u1ed9ng h\u00f2a S\u00e9c v\u00e0 \u0111\u1ee7 18 tu\u1ed5i.<\/p>\n<h3>B\u1ea7u c\u1eed \u1edf Praha<\/h3>\n<p>\u1ede Praha di\u1ec5n ra b\u1ea7u c\u1eed H\u1ed9i \u0111\u1ed3ng th\u1ee7 \u0111\u00f4 Praha v\u00e0 H\u1ed9i \u0111\u1ed3ng qu\u1eadn t\u1ea1i Praha. Cu\u1ed9c b\u1ea7u c\u1eed \u1edf c\u1ea5p \u0111\u1ecba ph\u01b0\u01a1ng th\u01b0\u1eddng \u0111\u01b0\u1ee3c t\u1ed5 ch\u1ee9c 4 n\u0103m m\u1ed9t l\u1ea7n. C\u00f4ng d\u00e2n n\u01b0\u1edbc th\u00e0nh vi\u00ean EU kh\u00e1c c\u0169ng c\u00f3 th\u1ec3 \u0111i b\u1ea7u \u1edf nh\u1eefng cu\u1ed9c b\u1ea7u c\u1eed n\u00e0y.<\/p>\n<h3>B\u1ea7u c\u1eed Ngh\u1ecb vi\u1ec7n ch\u00e2u \u00c2u<\/h3>\n<p>C\u00f4ng d\u00e2n n\u01b0\u1edbc th\u00e0nh vi\u00ean EU kh\u00e1c c\u0169ng c\u00f3 th\u1ec3 tham gia cu\u1ed9c b\u1ea7u c\u1eed Ngh\u1ecb vi\u1ec7n ch\u00e2u \u00c2u (c\u01a1 quan \u0111\u1ea1i di\u1ec7n c\u1ee7a Li\u00ean minh ch\u00e2u \u00c2u) t\u1ea1i CH S\u00e9c. T\u1ea1i cu\u1ed9c b\u1ea7u c\u1eed n\u00e0y b\u1ea1n b\u1ea7u ngh\u1ecb s\u0129 cho 5 n\u0103m. \u0110\u1ec3 \u0111i b\u1ea7u c\u1eed Ngh\u1ecb vi\u1ec7n ch\u00e2u \u00c2u, v\u00e0o ng\u00e0y b\u1ea7u c\u1eed b\u1ea1n c\u1ea7n ph\u1ea3i \u0111\u0103ng k\u00fd th\u01b0\u1eddng tr\u00fa ho\u1eb7c t\u1ea1m tr\u00fa t\u1ea1i CH S\u00e9c \u00edt nh\u1ea5t \u0111\u01b0\u1ee3c 45 ng\u00e0y.<\/p>\n<p>\u0110\u1ec3 b\u1ea1n c\u00f3 th\u1ec3 tham gia cu\u1ed9c b\u1ea7u c\u1eed c\u1ee5 th\u1ec3, b\u1ea1n ph\u1ea3i \u0111\u0103ng k\u00fd th\u01b0\u1eddng tr\u00fa tr\u00ean \u0111\u1ecba b\u00e0n (x\u00e3, t\u1ec9nh, qu\u1ed1c gia) li\u00ean quan \u0111\u1ebfn cu\u1ed9c b\u1ea7u c\u1eed, v\u00e0 b\u1ea1n ph\u1ea3i c\u00f3 t\u00ean trong danh s\u00e1ch c\u1eed tri. C\u00f4ng d\u00e2n CH S\u00e9c \u0111\u01b0\u1ee3c ghi t\u00ean v\u00e0o danh s\u00e1ch c\u1eed tri th\u01b0\u1eddng xuy\u00ean \u1edf x\u00e3 theo \u0111\u1ecba ch\u1ec9 th\u01b0\u1eddng tr\u00fa c\u1ee7a m\u00ecnh.<\/p>\n<p>N\u1ebfu b\u1ea1n mu\u1ed1n \u0111i b\u1ea7u c\u1eed \u1edf n\u01a1i kh\u00e1c, kh\u00f4ng ph\u1ea3i t\u1ea1i n\u01a1i b\u1ea7u c\u1eed theo \u0111\u1ecba ch\u1ec9 th\u01b0\u1eddng tr\u00fa, ho\u1eb7c b\u1ea1n mu\u1ed1n b\u1ea7u c\u1eed \u1edf n\u01b0\u1edbc ngo\u00e0i, b\u1ea1n c\u00f3 th\u1ec3 xin th\u1ebb c\u1eed tri t\u1ea1i n\u01a1i th\u01b0\u1eddng tr\u00fa.<\/p>","protected":false},"excerpt":{"rendered":"<p>T\u1ea1i \u0111\u00e2y ng\u01b0\u1eddi n\u01b0\u1edbc ngo\u00e0i s\u1ed1ng t\u1ea1i CH S\u00e9c s\u1ebd bi\u1ebft c\u00e1c th\u00f4ng tin v\u1ec1 nh\u1eefng \u0111i\u1ec1u ki\u1ec7n b\u1ea1n c\u00f3 th\u1ec3 b\u1ea7u ch\u1ecdn ng\u01b0\u1eddi \u0111\u1ea1i di\u1ec7n c\u1ee7a m\u00ecnh v\u00e0o Qu\u1ed1c h\u1ed9i CH S\u00e9c, t\u1ed5ng th\u1ed1ng ho\u1eb7c h\u1ed9i \u0111\u1ed3ng th\u00e0nh ph\u1ed1&#8230;.<\/p>\n<a class=\"more-block\" href=\"https:\/\/metropolevsech.eu\/vi\/potrebuji-resit\/pravo-volit-na-lokalni-urovni\/\">\u0110\u1ecdc th\u00eam<\/a>","protected":false},"author":7,"featured_media":9377,"parent":736,"menu_order":11,"comment_status":"closed","ping_status":"closed","template":"","meta":[],"acf":[],"_links":{"self":[{"href":"https:\/\/metropolevsech.eu\/vi\/wp-json\/wp\/v2\/pages\/882"}],"collection":[{"href":"https:\/\/metropolevsech.eu\/vi\/wp-json\/wp\/v2\/pages"}],"about":[{"href":"https:\/\/metropolevsech.eu\/vi\/wp-json\/wp\/v2\/types\/page"}],"author":[{"embeddable":true,"href":"https:\/\/metropolevsech.eu\/vi\/wp-json\/wp\/v2\/users\/7"}],"replies":[{"embeddable":true,"href":"https:\/\/metropolevsech.eu\/vi\/wp-json\/wp\/v2\/comments?post=882"}],"version-history":[{"count":3,"href":"https:\/\/metropolevsech.eu\/vi\/wp-json\/wp\/v2\/pages\/882\/revisions"}],"predecessor-version":[{"id":19083,"href":"https:\/\/metropolevsech.eu\/vi\/wp-json\/wp\/v2\/pages\/882\/revisions\/19083"}],"up":[{"embeddable":true,"href":"https:\/\/metropolevsech.eu\/vi\/wp-json\/wp\/v2\/pages\/736"}],"wp:featuredmedia":[{"embeddable":true,"href":"https:\/\/metropolevsech.eu\/vi\/wp-json\/wp\/v2\/media\/9377"}],"wp:attachment":[{"href":"https:\/\/metropolevsech.eu\/vi\/wp-json\/wp\/v2\/media?parent=882"}],"curies":[{"name":"wp","href":"https:\/\/api.w.org\/{rel}","templated":true}]}}