{"id":885,"date":"2017-01-16T10:28:54","date_gmt":"2017-01-16T09:28:54","guid":{"rendered":"https:\/\/metropolevsech.eu\/?page_id=885"},"modified":"2021-11-11T13:52:02","modified_gmt":"2021-11-11T12:52:02","slug":"sluzby-pro-migranty","status":"publish","type":"page","link":"https:\/\/metropolevsech.eu\/vi\/sluzby-pro-migranty\/","title":{"rendered":"D\u1ecbch v\u1ee5"},"content":{"rendered":"<p><em>Trong ch\u01b0\u01a1ng n\u00e0y b\u1ea1n s\u1ebd bi\u1ebft th\u00f4ng tin v\u1ec1 c\u00e1c t\u1ed5 ch\u1ee9c v\u00e0 d\u1ecbch v\u1ee5 d\u00e0nh cho ng\u01b0\u1eddi di c\u01b0 s\u1ed1ng t\u1ea1i Praha.<\/em><\/p>\n<p>N\u1ebfu b\u1ea1n l\u00e0 ng\u01b0\u1eddi di c\u01b0 s\u1ed1ng tr\u00ean \u0111\u1ecba b\u00e0n th\u1ee7 \u0111\u00f4 Praha v\u00e0 c\u1ea7n t\u01b0 v\u1ea5n, t\u00ecm kh\u00f3a h\u1ecdc ti\u1ebfng S\u00e9c ho\u1eb7c kh\u00f3a h\u1ecdc g\u00ec kh\u00e1c, b\u1ea1n mu\u1ed1n tham gia ho\u1eb7c tham d\u1ef1 m\u1ed9t trong nh\u1eefng s\u1ef1 ki\u1ec7n v\u0103n h\u00f3a, c\u1ed9ng \u0111\u1ed3ng ho\u1eb7c th\u1ec3 thao, h\u00e3y li\u00ean l\u1ea1c v\u1edbi Trung t\u00e2m h\u1ed9i nh\u1eadp Praha. Trung t\u00e2m h\u1ed9i nh\u1eadp Praha \u0111\u01b0\u1ee3c th\u1ee7 \u0111\u00f4 Praha th\u00e0nh l\u1eadp v\u1edbi m\u1ee5c \u0111\u00edch ho\u1ea1t \u0111\u1ed9ng m\u1ed9t c\u00e1ch to\u00e0n di\u1ec7n v\u00e0 c\u00f3 h\u1ec7 th\u1ed1ng trong l\u0129nh v\u1ef1c h\u1ed9i nh\u1eadp ng\u01b0\u1eddi di c\u01b0. Trung t\u00e2m h\u1ed9i nh\u1eadp Praha ho\u1ea1t \u0111\u1ed9ng theo kh\u1ea9u hi\u1ec7u \u201cTh\u1ee7 \u0111\u00f4 c\u1ee7a m\u1ecdi ng\u01b0\u1eddi\u201d h\u01b0\u1edbng \u0111\u1ebfn m\u1ed9t trong nh\u1eefng m\u1ee5c ti\u00eau quan tr\u1ecdng, \u0111\u00f3 l\u00e0 t\u1ea1o \u0111i\u1ec1u ki\u1ec7n \u0111\u1ec3 ng\u01b0\u1eddi di c\u01b0 s\u1ed1ng tr\u00ean \u0111\u1ecba b\u00e0n th\u1ee7 \u0111\u00f4 Praha c\u00f3 th\u1ec3 c\u1ea3m th\u1ea5y m\u00ecnh nh\u01b0 l\u00e0 m\u1ed9t c\u00f4ng d\u00e2n \u0111\u1ea7y \u0111\u1ee7 quy\u1ec1n l\u1ee3i c\u1ee7a th\u1ee7 \u0111\u00f4 v\u00e0 c\u00f9ng tham gia v\u00e0o c\u00e1c ho\u1ea1t \u0111\u1ed9ng x\u00e3 h\u1ed9i c\u1ee7a th\u1ee7 \u0111\u00f4.<\/p>\n<p>T\u1ea1i Praha c\u00f3 nhi\u1ec1u t\u1ed5 ch\u1ee9c phi l\u1ee3i nhu\u1eadn cung c\u1ea5p t\u01b0 v\u1ea5n x\u00e3 h\u1ed9i, ph\u00e1p l\u00fd ho\u1eb7c t\u00e2m l\u00fd, kh\u00f3a h\u1ecdc ti\u1ebfng S\u00e9c, c\u00e1c kh\u00f3a h\u1ecdc ti\u1ebfng S\u00e9c v\u00e0 c\u00e1c kh\u00f3a h\u1ecdc \u0111\u00e0o t\u1ea1o kh\u00e1c. B\u1ea1n c\u00f3 th\u1ec3 tham d\u1ef1 nh\u1eefng ho\u1ea1t \u0111\u1ed9ng v\u0103n h\u00f3a v\u00e0 c\u1ed9ng \u0111\u1ed3ng c\u1ee7a h\u1ecd v\u00e0 l\u00e0m quen v\u1edbi nh\u1eefng ng\u01b0\u1eddi di c\u01b0 kh\u00e1c v\u00e0 ng\u01b0\u1eddi S\u00e9c s\u1ed1ng t\u1ea1i Praha. B\u1ea1n c\u0169ng c\u00f3 th\u1ec3 tham gia c\u00e1c ho\u1ea1t \u0111\u1ed9ng t\u00ecnh nguy\u1ec7n v\u00e0 ho\u1ea1t \u0111\u1ed9ng gi\u00fap ng\u01b0\u1eddi d\u00e2n Praha chung s\u1ed1ng v\u1edbi nhau t\u1ed1t h\u01a1n. T\u1ea5t c\u1ea3 m\u1ecdi ng\u01b0\u1eddi d\u00e2n Praha mu\u1ed1n l\u00e0m quen b\u1ea1n m\u1edbi ho\u1eb7c n\u1ec1n v\u0103n h\u00f3a kh\u00e1c \u0111\u1ec1u c\u00f3 th\u1ec3 tham d\u1ef1 c\u00e1c s\u1ef1 ki\u1ec7n c\u1ee7a c\u00e1c t\u1ed5 ch\u1ee9c phi l\u1ee3i nhu\u1eadn.<\/p>\n<p>C\u00e1c ho\u1ea1t \u0111\u1ed9ng v\u00e0 d\u1ecbch v\u1ee5 c\u1ee7a c\u00e1c t\u1ed5 ch\u1ee9c phi l\u1ee3i nhu\u1eadn kh\u00f4ng m\u1ea5t ph\u00ed ho\u1eb7c m\u1ea5t ph\u00ed t\u01b0\u1ee3ng tr\u01b0ng.<\/p>\n<p>C\u00e1c t\u1ed5 ch\u1ee9c phi ch\u00ednh ph\u1ee7 phi l\u1ee3i nhu\u1eadn \u0111\u01b0\u1ee3c t\u00e0i tr\u1ee3 b\u1edfi nh\u00e0 n\u01b0\u1edbc, c\u00e1c d\u1ef1 \u00e1n c\u1ee7a Li\u00ean minh ch\u00e2u \u00c2u v\u00e0 c\u00e1c ngu\u1ed3n t\u00e0i ch\u00ednh kh\u00e1c. B\u1eb1ng nh\u1eefng ho\u1ea1t \u0111\u1ed9ng c\u00f3 \u00edch cho c\u1ed9ng \u0111\u1ed3ng, c\u00e1c t\u1ed5 ch\u1ee9c phi ch\u00ednh ph\u1ee7 gi\u00fap \u0111\u1ee1 \u1edf c\u00e1c l\u0129nh v\u1ef1c kh\u00e1ch nhau, c\u1ea3 trong l\u0129nh v\u1ef1c h\u1ed9i nh\u1eadp ng\u01b0\u1eddi di c\u01b0 ch\u1eb3ng h\u1ea1n.<\/p>\n<p>Trung t\u00e2m h\u1ed9i nh\u1eadp Praha v\u00e0 c\u00e1c t\u1ed5 ch\u1ee9c phi ch\u00ednh ph\u1ee7 cung c\u1ea5p t\u01b0 v\u1ea5n x\u00e3 h\u1ed9i v\u00e0 ph\u00e1p l\u00fd cho ng\u01b0\u1eddi di c\u01b0. T\u01b0 v\u1ea5n x\u00e3 h\u1ed9i \u0111\u01b0\u1ee3c cung c\u1ea5p trong khu\u00f4n kh\u1ed5 c\u00e1c d\u1ecbch v\u1ee5 x\u00e3 h\u1ed9i c\u1ee7a t\u1ed5 ch\u1ee9c v\u00e0 \u0111\u1ec3 l\u00e0m \u0111\u01b0\u1ee3c \u0111i\u1ec1u \u0111\u00f3 c\u1ea7n ph\u1ea3i \u0111\u0103ng k\u00fd. Trong khu\u00f4n kh\u1ed5 t\u01b0 v\u1ea5n x\u00e3 h\u1ed9i, chuy\u00ean vi\u00ean s\u1ebd t\u01b0 v\u1ea5n cho b\u1ea1n v\u1ec1 nh\u00e0 \u1edf, c\u00f4ng \u0103n vi\u1ec7c l\u00e0m, ch\u0103m s\u00f3c y t\u1ebf v\u00e0 b\u1ea3o hi\u1ec3m y t\u1ebf, an sinh x\u00e3 h\u1ed9i, gi\u00e1o d\u1ee5c cho tr\u1ebb em v\u00e0 ng\u01b0\u1eddi l\u1edbn, c\u00f4ng nh\u1eadn v\u0103n b\u1eb1ng, \u0111i l\u00ean c\u00f4ng s\u1edf v.v.<\/p>\n<p>Khi \u0111i t\u01b0 v\u1ea5n ph\u00e1p l\u00fd, c\u00f3 th\u1ec3 b\u1ea1n c\u1ea7n gi\u1ea3i quy\u1ebft c\u00e1c v\u1ea5n \u0111\u1ec1 li\u00ean quan \u0111\u1ebfn c\u01b0 tr\u00fa tr\u00ean l\u00e3nh th\u1ed5 CH S\u00e9c, t\u1ee9c l\u00e0 vi\u1ec7c xin c\u1ea5p th\u1ecb th\u1ef1c d\u00e0i h\u1ea1n ho\u1eb7c c\u01b0 tr\u00fa d\u00e0i h\u1ea1n v\u00e0 \u0111i gia h\u1ea1n, xin c\u1ea5p t\u1ea1m tr\u00fa ho\u1eb7c v\u0129nh tr\u00fa, v\u1ea5n \u0111\u1ec1 c\u01a1 quan h\u00e0nh ch\u00ednh kh\u00f4ng ra quy\u1ebft \u0111\u1ecbnh trong th\u1ee7 t\u1ee5c c\u01b0 tr\u00fa, ho\u1eb7c b\u1ecb h\u1ee7y c\u01b0 tr\u00fa v.v. T\u01b0 v\u1ea5n ph\u00e1p l\u00fd c\u0169ng gi\u1ea3i quy\u1ebft c\u00e1c v\u1ea5n \u0111\u1ec1 trong quan h\u1ec7 gia \u0111\u00ecnh (x\u00e1c \u0111\u1ecbnh cha ru\u1ed9t, h\u00f4n nh\u00e2n, ly h\u00f4n, ti\u1ec1n nu\u00f4i con), vi\u1ec7c l\u00e0m (gi\u1ea5y ph\u00e9p lao \u0111\u1ed9ng, kh\u00f4ng \u0111\u01b0\u1ee3c tr\u1ea3 l\u01b0\u01a1ng, h\u1ee3p \u0111\u1ed3ng lao \u0111\u1ed9ng), quan h\u1ec7 ph\u00e1p lu\u1eadt d\u00e2n s\u1ef1 (h\u1ee3p \u0111\u1ed3ng thu\u00ea nh\u00e0, n\u1ee3 n\u1ea7n) ho\u1eb7c kinh doanh.<\/p>\n<p>M\u1ed7i t\u1ed5 ch\u1ee9c \u0111\u01b0\u1ee3c li\u1ec7t k\u00ea d\u01b0\u1edbi \u0111\u00e2y cung c\u1ea5p c\u00e1c lo\u1ea1i d\u1ecbch v\u1ee5 v\u00e0 ho\u1ea1t \u0111\u1ed9ng kh\u00e1c nhau, v\u00ec v\u1eady tr\u01b0\u1edbc ti\u00ean b\u1ea1n h\u00e3y t\u00ecm hi\u1ec3u trang web c\u1ee7a h\u1ecd k\u1ef9 c\u00e0ng. H\u00e3y tham kh\u1ea3o nh\u1eefng \u0111i\u1ec1u ki\u1ec7n cung c\u1ea5p t\u01b0 v\u1ea5n x\u00e3 h\u1ed9i ho\u1eb7c ph\u00e1p l\u00fd t\u1ea1i t\u1eebng t\u1ed5 ch\u1ee9c.<\/p>\n<p>Nh\u1eefng t\u1ed5 ch\u1ee9c n\u00e0y c\u00f3 to\u00e0n chuy\u00ean gia l\u00e0m vi\u1ec7c cho h\u1ecd, v\u00e0 vi\u1ec7c t\u01b0 v\u1ea5n s\u1ebd do lu\u1eadt s\u01b0 ho\u1eb7c nh\u00e2n vi\u00ean x\u00e3 h\u1ed9i c\u00f3 nhi\u1ec1u n\u0103m kinh nghi\u1ec7m cung c\u1ea5p. T\u1ea1i \u0111\u00f3 b\u1ea1n s\u1ebd lu\u00f4n nh\u1eadn \u0111\u01b0\u1ee3c nh\u1eefng th\u00f4ng tin m\u1edbi \u0111\u01b0\u1ee3c c\u1eadp nh\u1eadt v\u00e0 ch\u00ednh x\u00e1c. Nh\u00e2n vi\u00ean c\u1ee7a nh\u1eefng t\u1ed5 ch\u1ee9c n\u00e0y s\u1ebd gi\u00fap b\u1ea1n d\u1ea7n d\u1ea7n t\u1ef1 l\u1eadp \u0111\u1ec3 sau n\u00e0y b\u1ea1n c\u00f3 th\u1ec3 t\u1ef1 gi\u1ea3i quy\u1ebft ph\u1ea7n l\u1edbn m\u1ecdi vi\u1ec7c c\u1ee7a m\u00ecnh.<\/p>\n<p>T\u1ea1i Praha c\u00f3 nhi\u1ec1u t\u1ed5 ch\u1ee9c do ng\u01b0\u1eddi c\u00f3 ngu\u1ed3n g\u1ed1c di c\u01b0 th\u00e0nh l\u1eadp. H\u1ecd t\u1ed5 ch\u1ee9c nhi\u1ec1u ho\u1ea1t \u0111\u1ed9ng, \u0111a s\u1ed1 l\u00e0 ho\u1ea1t \u0111\u1ed9ng v\u0103n h\u00f3a. Nhi\u1ec1u t\u1ed5 ch\u1ee9c ph\u00e1t h\u00e0nh t\u1ea1p ch\u00ed. Li\u00ean l\u1ea1c v\u1edbi ng\u01b0\u1eddi \u0111\u1ed3ng h\u01b0\u01a1ng, l\u00e0m quen b\u1ea1n m\u1edbi v\u00e0 gi\u00fap \u0111\u1ee1 ng\u01b0\u1eddi di c\u01b0 l\u1eabn nhau r\u1ea5t quan tr\u1ecdng, nh\u1ea5t l\u00e0 trong th\u1eddi gian \u0111\u1ea7u khi b\u1ea1n \u0111\u1ebfn \u0111\u1ea5t n\u01b0\u1edbc m\u1edbi. Nh\u1eefng t\u1ed5 ch\u1ee9c n\u00e0y \u0111\u1ed3ng th\u1eddi c\u1ed1 g\u1eafng gi\u1edbi thi\u1ec7u v\u1ebb \u0111\u1eb9p c\u1ee7a n\u1ec1n v\u0103n h\u00f3a \u0111\u1ea5t n\u01b0\u1edbc m\u00ecnh v\u1edbi ng\u01b0\u1eddi S\u00e9c.<\/p>\n<p>Trong ch\u01b0\u01a1ng vi\u1ebft v\u1ec1 nh\u00e2n vi\u00ean giao v\u0103n h\u00f3a v\u00e0 phi\u00ean d\u1ecbch vi\u00ean c\u1ed9ng \u0111\u1ed3ng, b\u1ea1n s\u1ebd t\u00ecm th\u1ea5y nh\u1eefng th\u00f4ng tin li\u00ean l\u1ea1c h\u1eefu \u00edch, n\u1ebfu b\u1ea1n c\u1ea7n gi\u00fap \u0111\u1ee1 giao ti\u1ebfp v\u00e0 ph\u00e1 b\u1ecf r\u00e0o c\u1ea3n ng\u00f4n ng\u1eef v\u00e0 v\u0103n h\u00f3a x\u00e3 h\u1ed9i gi\u1eefa ng\u01b0\u1eddi S\u00e9c v\u00e0 ng\u01b0\u1eddi di c\u01b0. Phi\u00ean d\u1ecbch vi\u00ean c\u1ed9ng \u0111\u1ed3ng kh\u00f4ng nh\u1eefng bi\u1ebft x\u1eed l\u00fd nh\u1eefng s\u1ef1 kh\u00e1c bi\u1ec7t v\u1ec1 ng\u00f4n ng\u1eef m\u00e0 c\u00f2n bi\u1ebft \u0111\u1ed1i ph\u00f3 v\u1edbi nh\u1eefng s\u1ef1 kh\u00e1c bi\u1ec7t v\u1ec1 v\u0103n h\u00f3a. \u0110\u00e2y l\u00e0 nh\u1eefng \u0111i\u1ec1u th\u01b0\u1eddng g\u00e2y c\u1ea3n tr\u1edf khi s\u1ed1ng \u1edf trong m\u00f4i tr\u01b0\u1eddng m\u1edbi.<\/p>\n<p>Trong ph\u1ea7n n\u00e0y c\u1ee7a trang web Th\u1ee7 \u0111\u00f4 c\u1ee7a m\u1ecdi ng\u01b0\u1eddi, ch\u00fang t\u00f4i d\u00e0nh nhi\u1ec1u s\u1ef1 quan t\u00e2m cho c\u00e1c kh\u00f3a h\u1ecdc ti\u1ebfng S\u00e9c d\u00e0nh cho nh\u1eefng ng\u01b0\u1eddi d\u00e2n th\u1ee7 \u0111\u00f4 m\u1edbi do nhi\u1ec1u t\u1ed5 ch\u1ee9c kh\u00e1c nhau cung c\u1ea5p.<\/p>\n<p>Ch\u00fang t\u00f4i khuy\u00ean b\u1ea1n n\u00ean t\u00ecm hi\u1ec3u v\u1ec1 c\u00e1c kh\u00f3a h\u1ecdc h\u1ed9i nh\u1eadp Ch\u00e0o m\u1eebng b\u1ea1n \u0111\u1ebfn C\u1ed9ng h\u00f2a S\u00e9c \u0111\u01b0\u1ee3c B\u1ed9 N\u1ed9i v\u1ee5 CH S\u00e9c t\u00e0i tr\u1ee3. Nh\u1eefng kh\u00f3a h\u1ecdc n\u00e0y gi\u00fap t\u1ea5t c\u1ea3 nh\u1eefng ng\u01b0\u1eddi m\u1edbi \u0111\u1ebfn l\u00e0m quen v\u1edbi nh\u1eefng quy\u1ec1n l\u1ee3i v\u00e0 ngh\u0129a v\u1ee5 c\u1ee7a m\u00ecnh sau khi \u0111\u1ebfn C\u1ed9ng h\u00f2a S\u00e9c v\u00e0 \u0111\u1ebfn th\u1ee7 \u0111\u00f4 Praha.<\/p>\n<ul class=\"bullet\">\n<li><a href=\"\/\/metropolevsech.eu\/vi\/sluzby-pro-migranty\/integracni-centrum-praha\/\">Trung t\u00e2m h\u1ed9i nh\u1eadp Praha<\/a><\/li>\n<li><a href=\"\/\/metropolevsech.eu\/vi\/sluzby-pro-migranty\/tieng-viet-nevladni-neziskove-organizace\/\">C\u00e1c t\u1ed5 ch\u1ee9c phi ch\u00ednh ph\u1ee7 phi l\u1ee3i nhu\u1eadn<\/a><\/li>\n<li><a href=\"\/\/metropolevsech.eu\/vi\/sluzby-pro-migranty\/migrantske-a-komunitni-organizace\/\">C\u00e1c t\u1ed5 ch\u1ee9c di c\u01b0 v\u00e0 c\u1ed9ng \u0111\u1ed3ng<\/a><\/li>\n<li><a href=\"\/\/metropolevsech.eu\/vi\/sluzby-pro-migranty\/interkulturni-pracovnici-a-komunitni-tlumocnici\/\">Nh\u00e2n vi\u00ean giao v\u0103n h\u00f3a v\u00e0 phi\u00ean d\u1ecbch c\u1ed9ng \u0111\u1ed3ng<\/a><\/li>\n<li><a href=\"\/\/metropolevsech.eu\/vi\/sluzby-pro-migranty\/kurzy-ceskeho-jazyka\/\">C\u00e1c kh\u00f3a h\u1ecdc ti\u1ebfng S\u00e9c<\/a><\/li>\n<li><a href=\"\/\/metropolevsech.eu\/vi\/sluzby-pro-migranty\/adaptacne-integracni-kurzy-vitejte-v-ceske-republice\/\">C\u00e1c kh\u00f3a h\u1ecdc h\u1ed9i nh\u1eadp Ch\u00e0o m\u1eebng b\u1ea1n \u0111\u1ebfn C\u1ed9ng h\u00f2a S\u00e9c<\/a><\/li>\n<\/ul>\n<p><\/p>","protected":false},"excerpt":{"rendered":"<p>Trong ch\u01b0\u01a1ng n\u00e0y b\u1ea1n s\u1ebd bi\u1ebft th\u00f4ng tin v\u1ec1 c\u00e1c t\u1ed5 ch\u1ee9c v\u00e0 d\u1ecbch v\u1ee5 d\u00e0nh cho ng\u01b0\u1eddi di c\u01b0 s\u1ed1ng t\u1ea1i Praha. N\u1ebfu b\u1ea1n l\u00e0 ng\u01b0\u1eddi di c\u01b0 s\u1ed1ng tr\u00ean \u0111\u1ecba b\u00e0n th\u1ee7 \u0111\u00f4 Praha v\u00e0 c\u1ea7n t\u01b0 v\u1ea5n,&#8230;<\/p>\n<a class=\"more-block\" href=\"https:\/\/metropolevsech.eu\/vi\/sluzby-pro-migranty\/\">\u0110\u1ecdc th\u00eam<\/a>","protected":false},"author":7,"featured_media":3063,"parent":0,"menu_order":6,"comment_status":"closed","ping_status":"closed","template":"","meta":[],"acf":[],"_links":{"self":[{"href":"https:\/\/metropolevsech.eu\/vi\/wp-json\/wp\/v2\/pages\/885"}],"collection":[{"href":"https:\/\/metropolevsech.eu\/vi\/wp-json\/wp\/v2\/pages"}],"about":[{"href":"https:\/\/metropolevsech.eu\/vi\/wp-json\/wp\/v2\/types\/page"}],"author":[{"embeddable":true,"href":"https:\/\/metropolevsech.eu\/vi\/wp-json\/wp\/v2\/users\/7"}],"replies":[{"embeddable":true,"href":"https:\/\/metropolevsech.eu\/vi\/wp-json\/wp\/v2\/comments?post=885"}],"version-history":[{"count":1,"href":"https:\/\/metropolevsech.eu\/vi\/wp-json\/wp\/v2\/pages\/885\/revisions"}],"predecessor-version":[{"id":15592,"href":"https:\/\/metropolevsech.eu\/vi\/wp-json\/wp\/v2\/pages\/885\/revisions\/15592"}],"wp:featuredmedia":[{"embeddable":true,"href":"https:\/\/metropolevsech.eu\/vi\/wp-json\/wp\/v2\/media\/3063"}],"wp:attachment":[{"href":"https:\/\/metropolevsech.eu\/vi\/wp-json\/wp\/v2\/media?parent=885"}],"curies":[{"name":"wp","href":"https:\/\/api.w.org\/{rel}","templated":true}]}}