{"id":887,"date":"2017-01-16T10:30:13","date_gmt":"2017-01-16T09:30:13","guid":{"rendered":"https:\/\/metropolevsech.eu\/?page_id=887"},"modified":"2025-05-27T10:28:49","modified_gmt":"2025-05-27T08:28:49","slug":"migrantske-a-komunitni-organizace","status":"publish","type":"page","link":"https:\/\/metropolevsech.eu\/vi\/kontakty\/migrantske-a-komunitni-organizace\/","title":{"rendered":"C\u00e1c t\u1ed5 ch\u1ee9c di c\u01b0 v\u00e0 c\u1ed9ng \u0111\u1ed3ng"},"content":{"rendered":"<p>Ti\u1ebfp x\u00fac v\u1edbi nh\u1eefng ng\u01b0\u1eddi \u0111\u1ed3ng h\u01b0\u01a1ng, l\u00e0m quen v\u1edbi b\u1ea1n m\u1edbi v\u00e0 gi\u00fap \u0111\u1ee1 nh\u1eefng ng\u01b0\u1eddi di c\u01b0 l\u1eabn nhau r\u1ea5t quan tr\u1ecdng, nh\u1ea5t l\u00e0 th\u1eddi gian \u0111\u1ea7u khi b\u1ea1n \u0111\u1ebfn m\u1ed9t \u0111\u1ea5t n\u01b0\u1edbc m\u1edbi. Nh\u1eefng ng\u01b0\u1eddi di c\u01b0 \u0111\u00e3 s\u1ed1ng nhi\u1ec1u n\u0103m t\u1ea1i CH S\u00e9c th\u00e0nh l\u1eadp c\u00e1c hi\u1ec7p h\u1ed9i qua \u0111\u00f3 c\u00f3 th\u1ec3 g\u1eb7p g\u1ee1, nh\u1edb v\u1ec1 qu\u00ea h\u01b0\u01a1ng c\u1ee7a m\u00ecnh, t\u1ed5 ch\u1ee9c c\u00e1c s\u1ef1 ki\u1ec7n v\u0103n h\u00f3a v\u00e0 c\u1ed1 g\u1eafng gi\u1edbi thi\u1ec7u cho ng\u01b0\u1eddi S\u00e9c v\u1ebb \u0111\u1eb9p v\u0103n h\u00f3a c\u1ee7a n\u01b0\u1edbc m\u00ecnh.<\/p>\n<p>Th\u00f4ng tin v\u1ec1 c\u00e1c t\u1ed5 ch\u1ee9c di c\u01b0 v\u00e0 c\u1ed9ng \u0111\u1ed3ng c\u00f3 th\u1ec3 t\u00ecm th\u1ea5y tr\u00ean trang web <a href=\"\/\/www.migraceonline.cz\/\">Migrace Online<\/a>, ch\u00fang t\u00f4i \u0111\u00e3 l\u1ea5y nh\u1eefng th\u00f4ng tin v\u00e0 li\u00ean h\u1ec7 t\u1eeb \u0111\u00f3 v\u1ec1 \u0111\u00e2y cho b\u1ea1n. C\u00e1c th\u00f4ng tin li\u00ean l\u1ea1c c\u00f3 th\u1ec3 s\u1ebd thay \u0111\u1ed5i theo th\u1eddi gian, v\u00ec v\u1eady n\u1ebfu quan t\u00e2m b\u1ea1n h\u00e3y theo d\u00f5i trang web c\u1ee7a t\u1eebng t\u1ed5 ch\u1ee9c. Trong phi\u00ean b\u1ea3n ti\u1ebfng S\u00e9c b\u1ea1n s\u1ebd t\u00ecm th\u1ea5y t\u1ea5t c\u1ea3 c\u00e1c t\u1ed5 ch\u1ee9c di c\u01b0 v\u00e0 c\u1ed9ng \u0111\u1ed3ng, trong c\u00e1c phi\u00ean b\u1ea3n d\u1ecbch ra ng\u00f4n ng\u1eef kh\u00e1c b\u1ea1n s\u1ebd t\u00ecm th\u1ea5y th\u00f4ng tin li\u00ean h\u1ec7 v\u1edbi c\u00e1c t\u1ed5 ch\u1ee9c li\u00ean quan \u0111\u1ebfn ng\u00f4n ng\u1eef \u0111\u1ea5y m\u00e0 th\u00f4i.<\/p>\n<p>M\u1ed9t s\u1ed1 t\u1ed5 ch\u1ee9c \u0111\u01b0\u1ee3c li\u1ec7t k\u00ea thu\u1ed9c v\u1ec1 c\u00e1c d\u00e2n t\u1ed9c thi\u1ec3u s\u1ed1. Theo lu\u1eadt S\u00e9c, d\u00e2n t\u1ed9c thi\u1ec3u s\u1ed1 l\u00e0 c\u1ed9ng \u0111\u1ed3ng c\u00f4ng d\u00e2n CH S\u00e9c c\u00f3 chung ngu\u1ed3n g\u1ed1c d\u00e2n t\u1ed9c, ng\u00f4n ng\u1eef, v\u0103n h\u00f3a, truy\u1ec1n th\u1ed1ng, t\u1ea1o th\u00e0nh m\u1ed9t nh\u00f3m ng\u01b0\u1eddi d\u00e2n thi\u1ec3u s\u1ed1 v\u00e0 \u0111\u1ed3ng th\u1eddi mong mu\u1ed1n \u0111\u01b0\u1ee3c coi l\u00e0 d\u00e2n t\u1ed9c thi\u1ec3u s\u1ed1. H\u1ecd c\u00f9ng nhau n\u1ed7 l\u1ef1c b\u1ea3o v\u1ec7 v\u00e0 ph\u00e1t tri\u1ec3n b\u1ea3n s\u1eafc, ng\u00f4n ng\u1eef v\u00e0 v\u0103n h\u00f3a c\u1ee7a m\u00ecnh. T\u1ea1i CH S\u00e9c c\u00f3 nh\u1eefng d\u00e2n t\u1ed9c thi\u1ec3u s\u1ed1 sau: Belarus, Bulgaria, Croatia, Hungary, \u0110\u1ee9c, Ba Lan, Di-gan, Rusyn, Nga, Hy L\u1ea1p, Slovakia, Serbia, Ucraina, Vi\u1ec7t Nam. M\u1ed9t trang web \u0111\u1eb7c bi\u1ec7t \u0111ang \u0111\u01b0\u1ee3c t\u1ea1o ra d\u00e0nh cho c\u00e1c d\u00e2n t\u1ed9c thi\u1ec3u s\u1ed1. T\u1ea1i \u0111\u00e2y ng\u01b0\u1eddi d\u00e2n t\u1ed9c thi\u1ec3u s\u1ed1 c\u00f3 th\u1ec3 t\u00ecm th\u1ea5y nhi\u1ec1u th\u00f4ng tin h\u01a1n. N\u1ebfu b\u1ea1n c\u00f3 m\u1ed9t t\u1ed5 ch\u1ee9c \u0111\u01b0\u1ee3c \u0111\u0103ng k\u00fd ch\u00ednh th\u1ee9c \u1edf Praha v\u00e0 b\u1ea1n mu\u1ed1n cho ng\u01b0\u1eddi \u0111\u1ed3ng h\u01b0\u01a1ng v\u00e0 ng\u01b0\u1eddi Praha bi\u1ebft \u0111\u01b0\u1ee3c v\u1ec1 nh\u1eefng ho\u1ea1t \u0111\u1ed9ng c\u1ee7a m\u00ecnh, xin h\u00e3y li\u00ean l\u1ea1c v\u1edbi ch\u00fang t\u00f4i.<\/p>\n<ul class=\"bullet-links\">\n<li><a href=\"\/\/migraceonline.cz\/cz\/uzitecne-zdroje\/institutions-and-organizations-in-cze-3#cat-zajmove-a-kulturni-organizace-komunit-migrantu-v-ceske-republice\">Migrace Online<\/a><\/li>\n<li style=\"font-weight: 400;\"><span style=\"font-weight: 400;\"><a href=\"\/\/www.vlada.cz\/cz\/ppov\/rnm\/odkazy\/odkazy-na-nektere-narodnostne-mensinove-organizace-16169\/\">\u0110\u01b0\u1eddng link \u0111\u1ebfn m\u1ed9t s\u1ed1 c\u00e1c t\u1ed5 ch\u1ee9c d\u00e2n t\u1ed9c thi\u1ec3u s\u1ed1<\/a><\/span><\/li>\n<li><a target=\"_blank\" href=\"\/\/www.dnm-praha.eu\/?l=5\" rel=\"noopener\">Trang web d\u00e2n t\u1ed9c thi\u1ec3u s\u1ed1 c\u1ee7a T\u00f2a th\u1ecb ch\u00ednh Praha<\/a><\/li>\n<\/ul>\n<h3><\/h3>\n<p>&nbsp;<\/p>\n<h3><strong>Ng\u01b0\u1eddi Vi\u1ec7t Nam<\/strong><\/h3>\n<p><strong>Klub Hanoi \/ SEA-liaison<\/strong><\/p>\n<p>Klub Hanoi l\u00e0 hi\u1ec7p h\u1ed9i c\u00f4ng d\u00e2n m\u00e0 b\u1ea5t k\u1ef3 ai quan t\u00e2m \u0111\u1ebfn Vi\u1ec7t Nam, v\u0103n h\u00f3a, l\u1ecbch s\u1eed v\u00e0 truy\u1ec1n th\u1ed1ng v\u00e0 cu\u1ed9c s\u1ed1ng c\u1ee7a c\u1ed9ng \u0111\u1ed3ng ng\u01b0\u1eddi Vi\u1ec7t t\u1ea1i C\u1ed9ng h\u00f2a S\u00e9c \u0111\u1ec1u c\u00f3 th\u1ec3 tr\u1edf th\u00e0nh th\u00e0nh vi\u00ean. Klub Hanoi t\u1eadp trung v\u00e0o vi\u1ec7c qu\u1ea3ng b\u00e1 v\u0103n h\u00f3a Vi\u1ec7t Nam v\u00e0 h\u1ed9i nh\u1eadp ng\u01b0\u1eddi Vi\u1ec7t v\u00e0o x\u00e3 h\u1ed9i S\u00e9c m\u00e0 v\u1eabn gi\u1eef g\u00ecn b\u1ea3n s\u1eafc v\u0103n h\u00f3a c\u1ee7a h\u1ecd.<\/p>\n<p><strong>E-mail:<\/strong> <a href=\"mailto:sea-l@sea-l.cz\">sea-l@sea-l.cz<\/a><\/p>\n<p><strong>Web: <\/strong><a href=\"https:\/\/sea-l.cz\/vi\/\">sea-l.cz\/vi\/<\/a><\/p>\n<p><strong>Facebook:\u00a0<\/strong><a href=\"\/\/www.facebook.com\/klubhanoi.cz\">www.facebook.com\/klubhanoi.cz<\/a><\/p>\n<p>&nbsp;<\/p>\n<p><strong><span style=\"color: black;\">T\u1ed5 ch\u1ee9c c\u00f4ng d\u00e2n INFO-DR\u00c1\u010cEK<\/span><\/strong><\/p>\n<p style=\"margin: 0cm 0cm 14.0pt 0cm;\"><span style=\"color: black;\">T\u1ed5 ch\u1ee9c INFO-DR\u00c1\u010cEK ra \u0111\u1eddi t\u1eeb nhu c\u1ea7u \u0111\u01b0a th\u00f4ng tin v\u1ec1 cu\u1ed9c s\u1ed1ng tr\u00ean \u0111\u1ea5t S\u00e9c \u0111\u1ebfn ng\u01b0\u1eddi Vi\u1ec7t Nam s\u1ed1ng t\u1ea1i \u0111\u00e2y b\u1eb1ng m\u1ed9t h\u00ecnh th\u1ee9c \u0111\u01a1n gi\u1ea3n v\u00e0 d\u1ec5 hi\u1ec3u. M\u1ed9t trong nh\u1eefng m\u1ee5c ti\u00eau ch\u00ednh c\u1ee7a t\u1ed5 ch\u1ee9c l\u00e0 gi\u00fap \u0111\u1ee1 v\u01b0\u1ee3t qua nh\u1eefng kh\u00f3 kh\u0103n trong giao ti\u1ebfp c\u1ee7a m\u1ecdi l\u1ee9a tu\u1ed5i v\u00e0 th\u00f4ng qua nh\u1eefng ho\u1ea1t \u0111\u1ed9ng kh\u00e1c nhau gi\u00fap ng\u01b0\u1eddi d\u00e2n Vi\u1ec7t Nam h\u1ed9i nh\u1eadp v\u00e0o x\u00e3 h\u1ed9i CH S\u00e9c m\u1ed9t c\u00e1ch th\u1ecfa \u0111\u00e1ng. M\u1ed9t trong nh\u1eefng nhi\u1ec7m v\u1ee5 quan tr\u1ecdng c\u1ee7a t\u1ed5 ch\u1ee9c l\u00e0 gi\u00fap hai b\u00ean t\u00ecm hi\u1ec3u v\u0103n h\u00f3a, t\u01b0 duy v\u00e0 l\u1ed1i s\u1ed1ng, nh\u1eefng th\u00f3i quen trong cu\u1ed9c s\u1ed1ng, c\u00e1ch ti\u1ebfp c\u1eadn nh\u1eefng t\u00ecnh hu\u1ed1ng kh\u00e1c nhau trong cu\u1ed9c s\u1ed1ng. T\u1ed5 ch\u1ee9c \u00fd th\u1ee9c \u0111\u01b0\u1ee3c c\u1ea3 m\u1ed1i quan h\u1ec7 gia \u0111\u00ecnh m\u1eadt thi\u1ebft v\u00e0 m\u1ed1i quan h\u1ec7 g\u1ea7n g\u0169i v\u1edbi tr\u1ebb em, nh\u1eefng ng\u01b0\u1eddi th\u00e2n trong gia \u0111\u00ecnh g\u1ea7n g\u0169i nh\u1ea5t.<\/span><\/p>\n<p style=\"margin: 0cm 0cm 14.0pt 0cm;\"><span style=\"color: black;\"><strong>\u0110\u1ecba ch\u1ec9:<\/strong> Libu\u0161sk\u00e1 319\/126, 142 00 Praha 4<\/span><\/p>\n<p style=\"margin: 0cm 0cm 14.0pt 0cm;\"><strong><span style=\"color: black;\">E-mail: <\/span><\/strong><a href=\"mailto:zdenka@info-dracek.cz\">zdenka@info-dracek.cz<\/a><\/p>\n<p style=\"margin: 0cm 0cm 14.0pt 0cm;\"><strong><span style=\"color: black;\">Web: <\/span><\/strong><span style=\"color: black;\"><a href=\"\/\/www.info-dracek.cz\">www.info-dracek.cz<\/a><\/span><strong><span style=\"color: black;\"><br \/>\n<\/span><\/strong><\/p>\n<p style=\"margin: 0cm 0cm 14.0pt 0cm;\"><a href=\"\/\/www.info-dracek.cz\"><\/a><span style=\"color: black;\"><strong>Facebook:<\/strong> <a href=\"\/\/cs-cz.facebook.com\/infodracek\/\">www.facebook.com\/infodracek<\/a><\/span><\/p>\n<h4><\/h4>\n<p>&nbsp;<\/p>\n<p><strong>\u010cesko-vietnamsk\u00e1 spole\u010dnost<\/strong><\/p>\n<p>D\u1ecbch v\u1ee5 th\u00f4ng tin v\u1ec1 c\u1ed9ng \u0111\u1ed3ng ng\u01b0\u1eddi Vi\u1ec7t t\u1ea1i C\u1ed9ng h\u00f2a S\u00e9c.<\/p>\n<h4><\/h4>\n<p>&nbsp;<\/p>\n<p><strong>H\u1ed9i ng\u01b0\u1eddi Czech g\u1ed1c Vi\u1ec7t Nam<\/strong><\/p>\n<p>H\u1ed9i ng\u01b0\u1eddi Czech g\u1ed1c Vi\u1ec7t Nam \u0111\u01b0\u1ee3c th\u00e0nh l\u1eadp v\u1edbi ti\u00eau ch\u00ed b\u1ea3o v\u1ec7 ti\u1ebfng Vi\u1ec7t, b\u1ea3o v\u1ec7 v\u0103n h\u00f3a Vi\u1ec7t v\u00e0 truy\u1ec1n th\u1ed1ng Vi\u1ec7t cho c\u1ed9ng \u0111\u1ed3ng ch\u00fang ta.<\/p>\n<p><span style=\"font-weight: 400;\"><strong>Web:<\/strong> <\/span><a href=\"\/\/www.acvn.cz\/\"><span style=\"font-weight: 400;\">www.acvn.cz<\/span><\/a><\/p>\n<h4><\/h4>\n<p>&nbsp;<\/p>\n<p><strong>H\u1ed9i ng\u01b0\u1eddi Vi\u1ec7t Nam t\u1ea1i C\u1ed9ng h\u00f2a S\u00e9c<\/strong><\/p>\n<p><strong>\u0110\u1ecba ch\u1ec9:<\/strong> TTTM SAPA, Libu\u0161sk\u00e1 319, 14200 Praha 4 \u2013 Libu\u0161<\/p>\n<p><strong>E-mail:<\/strong> <a href=\"mailto:hnvn@seznam.cz\">hnvn@seznam.cz<\/a><\/p>\n<p><strong>Web:<\/strong> <a href=\"\/\/www.hnvn.cz\">www.hnvn.cz<\/a><\/p>\n<h4><\/h4>\n<p>&nbsp;<\/p>\n<p><strong>Hi\u1ec7p h\u1ed9i Potraviny t\u1ea1i CZ<\/strong><\/p>\n<p>Hi\u1ec7p h\u1ed9i Potraviny t\u1ea1i CZ l\u00e0 m\u1ed9t trong nh\u1eefng hi\u1ec7p h\u1ed9i ng\u01b0\u1eddi Vi\u1ec7t t\u1ea1i S\u00e9c l\u1edbn nh\u1ea5t \u0111\u01b0\u1ee3c th\u00e0nh l\u1eadp tr\u00ean facebook. Ti\u00eau ch\u00ed ch\u00ednh c\u1ee7a hi\u1ec7p h\u1ed9i g\u1ed3m c\u00f3 th\u00fac \u0111\u1ea9y s\u1ef1 g\u1eafn k\u1ebft gi\u1eefa c\u00e1c doanh nh\u00e2n Vi\u1ec7t Nam b\u00e1n h\u00e0ng potraviny v\u1edbi c\u00e1c \u0111\u1ea1i l\u00fd cung c\u1ea5p, t\u1ea1o m\u1ed1i giao l\u01b0u, th\u1eaft ch\u1eb7t m\u1ed1i quan h\u1ec7 gi\u1eefa nh\u1eefng ng\u01b0\u1eddi Vi\u1ec7t trong c\u1ed9ng \u0111\u1ed3ng ng\u01b0\u1eddi Vi\u1ec7t \u0111ang s\u1ed1ng t\u1ea1i S\u00e9c nh\u1eb1m h\u00f2a nh\u1eadp v\u1edbi c\u00f4ng d\u00e2n n\u01b0\u1edbc s\u1edf t\u1ea1i, c\u00f9ng nhau th\u1ea3o lu\u1eadn v\u00e0 \u0111\u00f3ng g\u00f3p \u0111\u1ec3 hi\u1ec7p h\u1ed9i c\u00e0ng ng\u00e0y c\u00e0ng ph\u00e1t tri\u1ec3n v\u00e0 h\u1ed7 tr\u1ee3 c\u1ed9ng \u0111\u1ed3ng t\u1ed1t h\u01a1n.<\/p>\n<p><strong>Facebook:<\/strong> <a href=\"\/\/www.facebook.com\/groups\/hiephoipotravinycz\/\">www.facebook.com\/groups\/hiephoipotravinycz<\/a><\/p>\n<h4><\/h4>\n<p>&nbsp;<\/p>\n<p><strong>H\u1ed9i Th\u00f4ng d\u1ecbch vi\u00ean Vi\u1ec7t-S\u00e9c\/S\u00e9c-Vi\u1ec7t<\/strong><\/p>\n<p>M\u1ee5c ti\u00eau c\u1ee7a H\u1ed9i Th\u00f4ng d\u1ecbch vi\u00ean Vi\u1ec7t-S\u00e9c\/S\u00e9c-Vi\u1ec7t l\u00e0 tr\u1edf th\u00e0nh m\u1ed9t c\u1ea7u n\u1ed1i b\u1ed5 \u00edch gi\u1eefa c\u00e1c th\u00f4ng d\u1ecbch vi\u00ean v\u1edbi nhau. Tr\u00ean trang facebook c\u1ee7a hi\u1ec7p h\u1ed9i, b\u1ea1n c\u00f3 th\u1ec3 nh\u1edd c\u00e1c b\u1ea1n trong hi\u1ec7p h\u1ed9i d\u1ecbch gi\u00fap nh\u1eefng g\u00ec b\u1ea1n kh\u00f4ng hi\u1ec3u.<\/p>\n<p><strong>Facebook:<\/strong> <a href=\"\/\/www.facebook.com\/groups\/thongdichvietsecsecviet\/\">www.facebook.com\/groups\/thongdichvietsecsecviet<\/a><\/p>\n<h4><\/h4>\n<p>&nbsp;<\/p>\n<p><strong>Ng\u01b0\u1eddi t\u00ecm vi\u1ec7c\/Vi\u1ec7c t\u00ecm ng\u01b0\u1eddi t\u1ea1i S\u00e9c<\/strong><\/p>\n<p>Trang facebook m\u00f4i gi\u1edbi vi\u1ec7c l\u00e0m cho c\u1ed9ng \u0111\u1ed3ng ng\u01b0\u1eddi Vi\u1ec7t \u1edf S\u00e9c.<\/p>\n<p><strong>Facebook:<\/strong> <a href=\"\/\/www.facebook.com\/groups\/nguoitimviecviectimnguoisec\/\">www.facebook.com\/groups\/nguoitimviecviectimnguoisec<\/a><\/p>\n<h4><\/h4>\n<p>&nbsp;<\/p>\n<p><strong>Vietnamsk\u00e1 men\u0161ina<\/strong><\/p>\n<p>Trang facebook th\u01b0\u1eddng c\u1eadp nh\u1eadt nh\u1eefng th\u00f4ng tin v\u00e0 s\u1ef1 ki\u1ec7n v\u0103n h\u00f3a li\u00ean quan \u0111\u1ebfn c\u1ed9ng \u0111\u1ed3ng ng\u01b0\u1eddi Vi\u1ec7t t\u1ea1i CH S\u00e9c.<\/p>\n<p><strong>Facebook:<\/strong> <a href=\"\/\/www.facebook.com\/ahojvietnam\/\">www.facebook.com\/ahojvietnam<\/a><\/p>","protected":false},"excerpt":{"rendered":"<p>Ti\u1ebfp x\u00fac v\u1edbi nh\u1eefng ng\u01b0\u1eddi \u0111\u1ed3ng h\u01b0\u01a1ng, l\u00e0m quen v\u1edbi b\u1ea1n m\u1edbi v\u00e0 gi\u00fap \u0111\u1ee1 nh\u1eefng ng\u01b0\u1eddi di c\u01b0 l\u1eabn nhau r\u1ea5t quan tr\u1ecdng, nh\u1ea5t l\u00e0 th\u1eddi gian \u0111\u1ea7u khi b\u1ea1n \u0111\u1ebfn m\u1ed9t \u0111\u1ea5t n\u01b0\u1edbc m\u1edbi. Nh\u1eefng ng\u01b0\u1eddi di c\u01b0&#8230;<\/p>\n<a class=\"more-block\" href=\"https:\/\/metropolevsech.eu\/vi\/kontakty\/migrantske-a-komunitni-organizace\/\">\u0110\u1ecdc th\u00eam<\/a>","protected":false},"author":7,"featured_media":0,"parent":895,"menu_order":3,"comment_status":"closed","ping_status":"closed","template":"","meta":[],"acf":[],"_links":{"self":[{"href":"https:\/\/metropolevsech.eu\/vi\/wp-json\/wp\/v2\/pages\/887"}],"collection":[{"href":"https:\/\/metropolevsech.eu\/vi\/wp-json\/wp\/v2\/pages"}],"about":[{"href":"https:\/\/metropolevsech.eu\/vi\/wp-json\/wp\/v2\/types\/page"}],"author":[{"embeddable":true,"href":"https:\/\/metropolevsech.eu\/vi\/wp-json\/wp\/v2\/users\/7"}],"replies":[{"embeddable":true,"href":"https:\/\/metropolevsech.eu\/vi\/wp-json\/wp\/v2\/comments?post=887"}],"version-history":[{"count":14,"href":"https:\/\/metropolevsech.eu\/vi\/wp-json\/wp\/v2\/pages\/887\/revisions"}],"predecessor-version":[{"id":22954,"href":"https:\/\/metropolevsech.eu\/vi\/wp-json\/wp\/v2\/pages\/887\/revisions\/22954"}],"up":[{"embeddable":true,"href":"https:\/\/metropolevsech.eu\/vi\/wp-json\/wp\/v2\/pages\/895"}],"wp:attachment":[{"href":"https:\/\/metropolevsech.eu\/vi\/wp-json\/wp\/v2\/media?parent=887"}],"curies":[{"name":"wp","href":"https:\/\/api.w.org\/{rel}","templated":true}]}}