{"id":893,"date":"2017-01-16T10:33:38","date_gmt":"2017-01-16T09:33:38","guid":{"rendered":"https:\/\/metropolevsech.eu\/?page_id=893"},"modified":"2026-01-14T23:01:56","modified_gmt":"2026-01-14T22:01:56","slug":"adaptacne-integracni-kurzy-vitejte-v-ceske-republice","status":"publish","type":"page","link":"https:\/\/metropolevsech.eu\/vi\/potrebuji-resit\/adaptacne-integracni-kurzy-vitejte-v-ceske-republice\/","title":{"rendered":"C\u00e1c kh\u00f3a h\u1ed9i nh\u1eadp Ch\u00e0o m\u1eebng b\u1ea1n \u0111\u1ebfn C\u1ed9ng h\u00f2a S\u00e9c"},"content":{"rendered":"<p><em>T\u1ea1i \u0111\u00e2y, b\u1ea1n s\u1ebd t\u00ecm hi\u1ec3u v\u1ec1 c\u00e1c kh\u00f3a h\u1ecdc th\u00edch \u1ee9ng-h\u1ed9i nh\u1eadp, ng\u01b0\u1eddi n\u01b0\u1edbc ngo\u00e0i n\u00e0o ph\u1ea3i tham gia, c\u00e1c kh\u00f3a h\u1ecdc di\u1ec5n ra \u1edf \u0111\u00e2u, ai l\u00e0 ng\u01b0\u1eddi t\u1ed5 ch\u1ee9c c\u00e1c kh\u00f3a h\u1ecdc v\u00e0 n\u1ed9i dung c\u1ee7a ch\u00fang l\u00e0 g\u00ec. Ngo\u00e0i ra c\u00f2n c\u00f3 th\u00f4ng tin li\u00ean l\u1ea1c v\u1ec1 n\u01a1i \u0111\u0103ng k\u00fd v\u00e0 n\u01a1i truy c\u1eadp th\u00eam th\u00f4ng tin.<\/em><\/p>\n<div class=\"box-fixa\"><strong>T\u1eeb ng\u00e0y 1 th\u00e1ng 1 n\u0103m 2021, m\u1ed9t s\u1ed1 ng\u01b0\u1eddi n\u01b0\u1edbc ngo\u00e0i t\u1eeb c\u00e1c n\u01b0\u1edbc th\u1ee9 ba c\u01b0 tr\u00fa l\u00e2u d\u00e0i t\u1ea1i C\u1ed9ng h\u00f2a S\u00e9c \u0111\u01b0\u1ee3c y\u00eau c\u1ea7u ho\u00e0n th\u00e0nh KH\u00d3A H\u1ed8I NH\u1eacP-TH\u00cdCH NGHI k\u00e9o d\u00e0i b\u1ed1n gi\u1edd, kh\u00f3a h\u1ecdc n\u00e0y s\u1ebd cung c\u1ea5p cho h\u1ecd c\u00e1i nh\u00ecn t\u1ed5ng quan c\u01a1 b\u1ea3n v\u1ec1 c\u00e1c quy\u1ec1n v\u00e0 ngh\u0129a v\u1ee5 c\u1ee7a h\u1ecd t\u1ea1i C\u1ed9ng h\u00f2a S\u00e9c v\u00e0 n\u01a1i h\u1ecd s\u1ebd c\u00f3 \u0111\u01b0\u1ee3c nh\u1eefng li\u00ean h\u1ec7 h\u1eefu \u00edch cho m\u1ed9t s\u1ed1 d\u1ecbch v\u1ee5 mi\u1ec5n ph\u00ed.<\/strong><\/p>\n<p><strong>\u0110\u1ec3 c\u00f3 c\u00e1i nh\u00ecn t\u1ed5ng quan nhanh, h\u00e3y xem <a href=\"https:\/\/youtu.be\/JGfEAwWvckc\">video ch\u00ednh th\u1ee9c ng\u1eafn gi\u1edbi thi\u1ec7u v\u1ec1 kh\u00f3a h\u1ecdc<\/a><\/strong>.<\/div>\n<img loading=\"lazy\" class=\"aligncenter size-full wp-image-19264\" src=\"https:\/\/metropolevsech.eu\/wp-content\/uploads\/2023\/07\/adaptacneintegracnikurzy.png\" alt=\"\" width=\"1200\" height=\"630\" srcset=\"https:\/\/metropolevsech.eu\/wp-content\/uploads\/2023\/07\/adaptacneintegracnikurzy.png 1200w, https:\/\/metropolevsech.eu\/wp-content\/uploads\/2023\/07\/adaptacneintegracnikurzy-300x158.png 300w, https:\/\/metropolevsech.eu\/wp-content\/uploads\/2023\/07\/adaptacneintegracnikurzy-1040x546.png 1040w, https:\/\/metropolevsech.eu\/wp-content\/uploads\/2023\/07\/adaptacneintegracnikurzy-768x403.png 768w, https:\/\/metropolevsech.eu\/wp-content\/uploads\/2023\/07\/adaptacneintegracnikurzy-670x352.png 670w\" sizes=\"(max-width: 1200px) 100vw, 1200px\" \/>\n<p style=\"font-weight: 400;\"><strong>AI PH\u1ea2I THAM<\/strong><strong> GIA<\/strong><strong> KH\u00d3A H\u1eccC?<\/strong><\/p>\n<p>C\u00e1c kh\u00f3a h\u1ecdc n\u00e0y d\u00e0nh cho h\u1ea7u h\u1ebft ng\u01b0\u1eddi n\u01b0\u1edbc ngo\u00e0i t\u1eeb c\u00e1c qu\u1ed1c gia th\u1ee9 ba c\u00f3 gi\u1ea5y ph\u00e9p c\u01b0 tr\u00fa d\u00e0i h\u1ea1n ho\u1eb7c v\u0129nh tr\u00fa c\u00f3 hi\u1ec7u l\u1ef1c h\u1ee3p ph\u00e1p sau ng\u00e0y 1 th\u00e1ng 1 n\u0103m 2021.<\/p>\n<p>C\u00e1c kh\u00f3a h\u1ecdc kh\u00f4ng b\u1eaft bu\u1ed9c \u0111\u1ed1i v\u1edbi:<br \/>\n&lt;ulclass=vi\u00ean \u0111\u1ea1n&gt;<\/p>\n<ul>\n<li>C\u00f4ng d\u00e2n Li\u00ean minh Ch\u00e2u \u00c2u v\u00e0 c\u00e1c th\u00e0nh vi\u00ean gia \u0111\u00ecnh c\u1ee7a h\u1ecd c\u00f3 gi\u1ea5y ph\u00e9p t\u1ea1m tr\u00fa ho\u1eb7c<\/li>\n<li>ng\u01b0\u1eddi n\u01b0\u1edbc ngo\u00e0i c\u01b0 tr\u00fa t\u1ea1i C\u1ed9ng h\u00f2a S\u00e9c tr\u00ean c\u01a1 s\u1edf th\u1ecb th\u1ef1c;<\/li>\n<li>ng\u01b0\u1eddi \u0111\u01b0\u1ee3c b\u1ea3o v\u1ec7 t\u1ea1m th\u1eddi;<\/li>\n<li>ng\u01b0\u1eddi \u0111\u01b0\u1ee3c b\u1ea3o v\u1ec7 qu\u1ed1c t\u1ebf;<\/li>\n<li>ng\u01b0\u1eddi n\u01b0\u1edbc ngo\u00e0i c\u01b0 tr\u00fa t\u1ea1i C\u1ed9ng h\u00f2a S\u00e9c tr\u00ean c\u01a1 s\u1edf gi\u1ea5y ph\u00e9p c\u01b0 tr\u00fa d\u00e0i h\u1ea1n v\u1edbi m\u1ee5c \u0111\u00edch h\u1ecdc t\u1eadp ho\u1eb7c \u0111\u1ea7u t\u01b0<\/li>\n<li>ho\u1eb7c v\u1edbi t\u01b0 c\u00e1ch l\u00e0 nh\u00e2n vi\u00ean n\u1ed9i b\u1ed9 c\u00f4ng ty;<\/li>\n<li>ng\u01b0\u1eddi c\u00f3 vi\u1ec7c l\u00e0m v\u00e0 th\u1ebb xanh \u0111\u01b0\u1ee3c c\u1ea5p theo ch\u01b0\u01a1ng tr\u00ecnh c\u1ee7a ch\u00ednh ph\u1ee7 Nh\u00e2n vi\u00ean tr\u00ecnh \u0111\u1ed9 cao v\u00e0 Nh\u00e2n vi\u00ean khoa h\u1ecdc ch\u1ee7 ch\u1ed1t;<\/li>\n<li>ng\u01b0\u1eddi n\u01b0\u1edbc ngo\u00e0i d\u01b0\u1edbi 15 tu\u1ed5i ho\u1eb7c tr\u00ean 61 tu\u1ed5i.<\/li>\n<\/ul>\n<p>C\u00e1c tr\u01b0\u1eddng h\u1ee3p ngo\u1ea1i l\u1ec7 kh\u00e1c \u0111\u1ed1i v\u1edbi ngh\u0129a v\u1ee5 n\u00e0y \u0111\u01b0\u1ee3c li\u1ec7t k\u00ea tr\u00ean <a href=\"https:\/\/kurzy.frs.gov.cz\/cs\/uvodni-informace\">C\u1ed5ng th\u00f4ng tin d\u00e0nh cho ng\u01b0\u1eddi n\u01b0\u1edbc ngo\u00e0i c\u1ee7a B\u1ed9 N\u1ed9i v\u1ee5 C\u1ed9ng h\u00f2a S\u00e9c.<\/a><\/p>\n<p style=\"font-weight: 400;\"><div class=\"box-ok\"> B\u1ea1n c\u00f3 ph\u1ea3i tham gia kh\u00f3a h\u1ecdc th\u00edch \u1ee9ng v\u00e0 h\u1ed9i nh\u1eadp kh\u00f4ng? M\u1ed9t b\u00e0i ki\u1ec3m tra nhanh tr\u00ean trang web c\u1ee7a Trung t\u00e2m H\u1ed9i nh\u1eadp Praha <a href=\"https:\/\/aik.icpraha.com\/form\/\">aik.icpraha.com.<\/a> [\/ box-ok]<\/p>\n<p style=\"font-weight: 400;\"><strong>KH\u00d3A H\u1eccC TH\u00cdCH<\/strong> <strong>\u1ee8NG<\/strong><strong> V\u00c0 <\/strong><strong>H\u1ed8I NH\u1eacP L\u00c0 G\u00cc?<\/strong><\/p>\n<p style=\"font-weight: 400;\">Ch\u00fang t\u00f4i bi\u1ebft r\u1eb1ng b\u1eaft \u0111\u1ea7u s\u1ed1ng \u1edf m\u1ed9t \u0111\u1ea5t n\u01b0\u1edbc m\u1edbi kh\u00f4ng ph\u1ea3i l\u00fac n\u00e0o c\u0169ng d\u1ec5 d\u00e0ng. C\u00e1c kh\u00f3a h\u1ecdc v\u1ec1 th\u00edch \u1ee9ng-h\u1ed9i nh\u1eadp l\u00e0 b\u01b0\u1edbc kh\u1edfi \u0111\u1ea7u h\u1eefu \u00edch cho ng\u01b0\u1eddi di c\u01b0 cho cu\u1ed9c s\u1ed1ng \u1edf m\u1ed9t qu\u1ed1c gia m\u1edbi. N\u1ebfu b\u1ea1n \u0111\u00e3 \u0111\u1ebfn C\u1ed9ng h\u00f2a S\u00e9c v\u1edbi m\u1ee5c \u0111\u00edch sinh s\u1ed1ng l\u00e2u d\u00e0i t\u1ea1i \u0111\u00e2y, b\u1ea1n s\u1ebd nh\u1eadn \u0111\u01b0\u1ee3c v\u00f4 s\u1ed1 th\u00f4ng tin thi\u1ebft th\u1ef1c v\u1ec1 ho\u1ea1t \u0111\u1ed9ng c\u1ee7a x\u00e3 h\u1ed9i S\u00e9c tr\u00ean kh\u00f3a h\u1ecdc. H\u01a1n n\u1eefa, b\u1ea1n s\u1ebd kh\u00f4ng ch\u1ec9 \u0111\u01b0\u1ee3c gi\u1edbi thi\u1ec7u v\u1ec1 c\u00e1c gi\u00e1 tr\u1ecb c\u01a1 b\u1ea3n, \u0111i\u1ec1u ki\u1ec7n \u0111\u1ecba ph\u01b0\u01a1ng v\u00e0 phong t\u1ee5c v\u0103n h\u00f3a c\u1ee7a ch\u00fang t\u00f4i, m\u00e0 tr\u00ean h\u1ebft b\u1ea1n s\u1ebd t\u00ecm hi\u1ec3u c\u00e1c quy\u1ec1n v\u00e0 ngh\u0129a v\u1ee5 c\u1ee7a m\u00ecnh trong th\u1eddi gian l\u01b0u tr\u00fa tr\u00ean l\u00e3nh th\u1ed5 C\u1ed9ng h\u00f2a S\u00e9c. Trong kh\u00f3a h\u1ecdc, h\u1ecd c\u0169ng s\u1ebd cung c\u1ea5p cho b\u1ea1n nh\u1eefng th\u00f4ng tin r\u1ea5t c\u00f3 gi\u00e1 tr\u1ecb v\u1ec1 c\u00e1c t\u1ed5 ch\u1ee9c v\u00e0 c\u01a1 s\u1edf cung c\u1ea5p s\u1ef1 tr\u1ee3 gi\u00fap v\u00e0 t\u01b0 v\u1ea5n mi\u1ec5n ph\u00ed cho ng\u01b0\u1eddi n\u01b0\u1edbc ngo\u00e0i.<\/p>\n<p style=\"font-weight: 400;\"><strong>\u0110\u1ebeN KHI N\u00c0O NG\u01af\u1edcI N\u01af\u1edaC NGO\u00c0I PH\u1ea2I HO\u00c0N TH\u00c0NH KH\u00d3A H\u1eccC?<\/strong><\/p>\n<p>B\u1ea1n ph\u1ea3i ho\u00e0n th\u00e0nh kh\u00f3a h\u1ecdc <strong>trong v\u00f2ng m\u1ed9t n\u0103m k\u1ec3 t\u1eeb ng\u00e0y quy\u1ebft \u0111\u1ecbnh c\u1ea5p gi\u1ea5y ph\u00e9p c\u01b0 tr\u00fa c\u00f3 hi\u1ec7u l\u1ef1c ph\u00e1p l\u00fd<\/strong>. (Gi\u1ea5y ph\u00e9p c\u01b0 tr\u00fa c\u1ee7a b\u1ea1n th\u01b0\u1eddng c\u00f3 hi\u1ec7u l\u1ef1c ph\u00e1p l\u00fd ngay khi b\u1ea1n nh\u1eadn \u0111\u01b0\u1ee3c th\u1ebb c\u01b0 tr\u00fa). Tuy nhi\u00ean, ch\u00fang t\u00f4i khuy\u00ean b\u1ea1n n\u00ean ho\u00e0n th\u00e0nh c\u00e0ng s\u1edbm c\u00e0ng t\u1ed1t sau khi \u0111\u1ebfn C\u1ed9ng h\u00f2a S\u00e9c \u0111\u1ec3 b\u1ea1n c\u00f3 \u0111\u1ea7y \u0111\u1ee7 th\u00f4ng tin ngay t\u1eeb \u0111\u1ea7u.<\/p>\n<div class=\"box-fixa\"><strong>N\u1ebfu b\u1ea1n kh\u00f4ng ho\u00e0n th\u00e0nh kh\u00f3a h\u1ecdc trong th\u1eddi h\u1ea1n n\u00e0y, b\u1ea1n c\u00f3 nguy c\u01a1 b\u1ecb ph\u1ea1t t\u1edbi 10.000 korun.\u00a0 B\u1ea1n c\u00f3 th\u1ec3 b\u1ecb ph\u1ea1t nhi\u1ec1u l\u1ea7n cho \u0111\u1ebfn khi b\u1ea1n ho\u00e0n th\u00e0nh ngh\u0129a v\u1ee5 tham gia kh\u00f3a h\u1ecdc<\/strong>. <\/div>\n<div class=\"box-ok\"><\/div> Khi tham gia kh\u00f3a h\u1ecdc, b\u1ea1n s\u1ebd \u0111\u01b0\u1ee3c c\u1ea5p ch\u1ee9ng ch\u1ec9 ho\u00e0n th\u00e0nh kho\u00e1 h\u1ecdc, b\u1ea1n kh\u00f4ng c\u1ea7n ph\u1ea3i \u0111\u01b0a ch\u1ee9ng ch\u1ec9 n\u00e0y cho ai xem n\u1eefa. B\u1ea1n h\u00e3y gi\u1eef n\u00f3 l\u1ea1i cho ri\u00eang m\u00ecnh.<\/div>\n<p style=\"font-weight: 400;\"><strong>AI T\u1ed4<\/strong><strong> CH\u1ee8C<\/strong><strong> KH\u00d3A H\u1eccC V\u00c0 KHO\u00c1<\/strong><strong> H\u1eccC DI\u1ec4N RA \u1ede \u0110\u00c2U<\/strong><strong>?<\/strong><\/p>\n<p>C\u00e1c kh\u00f3a h\u1ecdc th\u00edch \u1ee9ng v\u00e0 h\u00f2a nh\u1eadp lu\u00f4n \u0111\u01b0\u1ee3c qu\u1ea3n l\u00fd b\u1edfi <a href=\"http:\/\/www.integracnicentra.cz\">Trung t\u00e2m h\u1ed7 tr\u1ee3 h\u1ed9i nh\u1eadp cho ng\u01b0\u1eddi n\u01b0\u1edbc ngo\u00e0i.<\/a> T\u1ed5ng c\u1ed9ng c\u00f3 m\u01b0\u1eddi t\u00e1m trung t\u00e2m nh\u01b0 v\u1eady t\u1ea1i C\u1ed9ng h\u00f2a S\u00e9c v\u00e0 b\u1ea1n ho\u00e0n to\u00e0n c\u00f3 th\u1ec3 quy\u1ebft \u0111\u1ecbnh ch\u1ecdn\u00a0 tham gia kho\u00e1 h\u1ecdc \u1edf \u0111\u00e2u. T\u1ea1i Praha, c\u00e1c kh\u00f3a h\u1ecdc n\u00e0y \u0111\u01b0\u1ee3c t\u1ed5 ch\u1ee9c b\u1edfi <a href=\"https:\/\/aik.icpraha.com\/\">Trung t\u00e2m H\u1ed9i nh\u1eadp Praha<\/a>. Kh\u00f3a h\u1ecdc c\u0169ng \u0111\u01b0\u1ee3c t\u1ed5 ch\u1ee9c th\u00f4ng qua s\u1ef1 h\u1ee3p t\u00e1c gi\u1eefa Trung t\u00e2m v\u00e0 ch\u1ee7 lao \u0111\u1ed9ng c\u1ee7a b\u1ea1n (\u0111\u00e2y \u0111\u01b0\u1ee3c g\u1ecdi l\u00e0 kh\u00f3a h\u1ecdc kh\u00f4ng c\u00f4ng khai).<\/p>\n<div class=\"box-ok\">T\u1ed1t nh\u1ea5t l\u00e0 b\u1ea1n n\u00ean tham gia kh\u00f3a h\u1ecdc \u1edf khu v\u1ef1c b\u1ea1n sinh s\u1ed1ng ho\u1eb7c l\u00e0m vi\u1ec7c &#8211; theo c\u00e1ch n\u00e0y, b\u1ea1n s\u1ebd c\u00f3 \u0111\u01b0\u1ee3c th\u00f4ng tin ch\u00ednh x\u00e1c nh\u1ea5t v\u1ec1 c\u00e1c d\u1ecbch v\u1ee5 v\u00e0 t\u1ed5 ch\u1ee9c \u0111\u1ecba ph\u01b0\u01a1ng c\u00f3 s\u1eb5n d\u00e0nh cho b\u1ea1n. N\u1ebfu b\u1ea1n l\u00e0 c\u01b0 d\u00e2n Praha, h\u00e3y \u0111\u1ebfn <a href=\"https:\/\/aik.icpraha.com\/\">Trung t\u00e2m h\u1ed9i nh\u1eadp Praha<\/a>.<\/div>\n<div class=\"box-fixa\"><strong>Kh\u00f3a h\u1ecdc kh\u00f4ng do Trung t\u00e2m h\u1ed7 tr\u1ee3 h\u1ed9i nh\u1eadp ng\u01b0\u1eddi n\u01b0\u1edbc ngo\u00e0i tr\u1ef1c ti\u1ebfp t\u1ed5 ch\u1ee9c ho\u1eb7c qu\u1ea3n l\u00fd s\u1ebd kh\u00f4ng \u0111\u01b0\u1ee3c c\u00f4ng nh\u1eadn l\u00e0 \u0111\u00e3 ho\u00e0n th\u00e0nh ngh\u0129a v\u1ee5!<\/strong> <\/div>\n<p>&nbsp;<\/p>\n<p><strong>L\u00c0M TH\u1ebe N\u00c0O \u0110\u1ec2 \u0110\u0102NG K\u00dd KH\u00d3A H\u1eccC?<\/strong><\/p>\n<p>B\u1ea1n c\u00f3 th\u1ec3 \u0111\u0103ng k\u00fd kh\u00f3a h\u1ecdc d\u00e0nh cho c\u00f4ng ch\u00fang b\u1eb1ng c\u00e1ch:<\/p>\n<ul>\n<li>\u0111\u0103ng k\u00fd tr\u00ean c\u1ed5ng th\u00f4ng tin c\u1ee7a <a href=\"https:\/\/kurzy.frs.gov.cz\/cs\/user\/register\">B\u1ed9 N\u1ed9i v\u1ee5 C\u1ed9ng h\u00f2a S\u00e9c<\/a><\/li>\n<li>b\u1ea1n thanh to\u00e1n s\u1ed1 ti\u1ec1n 1.500 korun v\u00e0 nh\u1eadn \u0111\u01b0\u1ee3c x\u00e1c nh\u1eadn thanh to\u00e1n<\/li>\n<li>b\u1ea1n \u0111\u0103ng k\u00fd m\u1ed9t kh\u00f3a h\u1ecdc c\u1ee5 th\u1ec3 v\u00e0 nh\u1eadn \u0111\u01b0\u1ee3c x\u00e1c nh\u1eadn qua email.<\/li>\n<\/ul>\n<p>N\u1ebfu b\u1ea1n c\u1ea7n tr\u1ee3 gi\u00fap \u0111\u1ec3 \u0111\u0103ng k\u00fd kh\u00f3a h\u1ecdc, vui l\u00f2ng li\u00ean h\u1ec7 v\u1edbi <a href=\"https:\/\/icpraha.com\/kontakty\/\">Trung t\u00e2m h\u1ed9i nh\u1eadp Praha<\/a>, n\u01a1i h\u1ecd s\u1ebd h\u1ed7 tr\u1ee3 b\u1ea1n ho\u00e0n to\u00e0n mi\u1ec5n ph\u00ed trong to\u00e0n b\u1ed9 qu\u00e1 tr\u00ecnh \u0111\u0103ng k\u00fd.<\/p>\n<p style=\"font-weight: 400;\"><strong>KH\u00d3A H\u1eccC \u0110\u01af\u1ee2C AI GI\u1ea2NG D\u1ea0Y V\u00c0 B\u1eb0NG NG\u00d4N NG\u1eee N\u00c0O?<\/strong><\/p>\n<p style=\"font-weight: 400;\">C\u00e1c kh\u00f3a h\u1ecdc \u0111\u01b0\u1ee3c gi\u1ea3ng d\u1ea1y b\u1edfi c\u00e1c gi\u1ea3ng vi\u00ean \u0111\u01b0\u1ee3c ch\u1ee9ng nh\u1eadn (chuy\u00ean gia h\u00e0nh ngh\u1ec1, lu\u1eadt s\u01b0 v\u00e0 nh\u00e2n vi\u00ean x\u00e3 h\u1ed9i c\u00f3 nhi\u1ec1u n\u0103m kinh nghi\u1ec7m) v\u00e0 b\u1eb1ng ti\u1ebfng S\u00e9c. N\u1ebfu b\u1ea1n kh\u00f4ng n\u00f3i ti\u1ebfng S\u00e9c, b\u1ea1n kh\u00f4ng ph\u1ea3i lo l\u1eafng v\u1ec1 b\u1ea5t c\u1ee9 \u0111i\u1ec1u g\u00ec. N\u1ed9i dung lu\u00f4n \u0111\u01b0\u1ee3c d\u1ecbch b\u1edfi m\u1ed9t d\u1ecbch gi\u1ea3 c\u00f3 chuy\u00ean m\u00f4n sang ti\u1ebfng Anh, \u1ea2 R\u1eadp, Ph\u00e1p, M\u00f4ng C\u1ed5, Nga, Serbia, T\u00e2y Ban Nha, Ukraina ho\u1eb7c Vi\u1ec7t Nam. N\u1ebfu c\u1ea7n, B\u1ed9 N\u1ed9i v\u1ee5 C\u1ed9ng h\u00f2a S\u00e9c c\u0169ng c\u00f3 th\u1ec3 ph\u00ea duy\u1ec7t b\u1ea3n d\u1ecbch sang ng\u00f4n ng\u1eef kh\u00e1c.<\/p>\n<p style=\"font-weight: 400;\"><strong>KH\u00d3A H\u1eccC K\u00c9O D\u00c0I TRONG BAO L\u00c2U?<\/strong><\/p>\n<p style=\"font-weight: 400;\">Kh\u00f3a h\u1ecdc th\u00edch \u1ee9ng v\u00e0 h\u1ed9i nh\u1eadp k\u00e9o d\u00e0i b\u1ed1n ti\u1ebfng.<\/p>\n<p style=\"font-weight: 400;\"><strong>KH\u00d3A H\u1eccC N\u00c0Y BAO NHI\u00caU TI\u1ec0N?<\/strong><\/p>\n<p style=\"font-weight: 400;\">L\u1ec7 ph\u00ed kh\u00f3a h\u1ecdc do c\u00e1 nh\u00e2n tham gia tr\u1ea3 l\u00e0 1.500 korun.<\/p>\n<p style=\"font-weight: 400;\"><strong>T\u00d4I S\u1ebc H\u1eccC \u0110\u01af\u1ee2C TH\u00d4NG TIN C\u1ee4 TH\u1ec2 N\u00c0O V\u1ec0 KH\u00d3A H\u1eccC?<\/strong><\/p>\n<p style=\"font-weight: 400;\">C\u00e1c kh\u00f3a h\u1ecdc cung c\u1ea5p nh\u1eefng th\u00f4ng tin th\u1ef1c t\u1ebf v\u00e0 c\u1ea7n thi\u1ebft t\u1eeb nh\u1eefng l\u0129nh v\u1ef1c sau:<\/p>\n<p>&lt;ulclass=bullet&gt;<\/p>\n<ul>\n<li><strong>Th\u00f4ng tin c\u01a1 b\u1ea3n li\u00ean quan \u0111\u1ebfn ngh\u0129a v\u1ee5 \u0111i k\u00e8m v\u1edbi c\u01b0 tr\u00fa t\u1ea1i CH S\u00e9c, bao g\u1ed3m c\u1ea3 lu\u1eadt c\u01b0 tr\u00fa, \u0111\u1eb7c bi\u1ec7t v\u1ec1<\/strong><strong>:<\/strong> Th\u1ecb th\u1ef1c, gi\u1ea5y ph\u00e9p c\u01b0 tr\u00fa d\u00e0i h\u1ea1n, v\u0129nh tr\u00fa, qu\u1ed1c t\u1ecbch. Thay \u0111\u1ed5i v\u00e0 gia h\u1ea1n c\u01b0 tr\u00fa (\u1edf \u0111\u00e2u v\u00e0 l\u00e0m nh\u01b0 th\u1ebf n\u00e0o). Th\u1eddi h\u1ea1n v\u00e0 \u0111i\u1ec1u ki\u1ec7n. Sinh tr\u1eafc. Gi\u1ea5y t\u1edd \u0111i k\u00e8m \u0111\u01a1n xin, m\u1eabu \u0111\u01a1n v\u00e0 l\u1ec7 ph\u00ed. \u0110i l\u1ea1i trong EU\/Schengen. M\u1eddi ng\u01b0\u1eddi th\u00e2n ho\u1eb7c b\u1ea1n b\u00e8. \u0110o\u00e0n t\u1ee5 gia \u0111\u00ecnh. \u0110i\u1ec1u ki\u1ec7n du h\u1ecdc theo lu\u1eadt c\u01b0 tr\u00fa. Thay \u0111\u1ed5i tr\u01b0\u1eddng ho\u1eb7c t\u1ed1t nghi\u1ec7p. Th\u00f4ng tin li\u00ean h\u1ec7 h\u1eefu \u00edch.<\/li>\n<li><strong>Nh\u00e0 \u1edf<\/strong><strong>:<\/strong> T\u00ecm nh\u00e0 \u1edf. Thu\u00ea c\u0103n h\u1ed9. L\u1ec7 ph\u00ed \u0111i k\u00e8m thu\u00ea nh\u00e0. R\u1ee7i ro v\u00e0 b\u1ea3o v\u1ec7. Th\u00f4ng b\u00e1o \u0111\u1ecba ch\u1ec9 c\u01b0 tr\u00fa t\u1ea1i CH S\u00e9c v\u00e0 thay \u0111\u1ed5i \u0111\u1ecba ch\u1ec9 theo lu\u1eadt c\u01b0 tr\u00fa S\u00e9c.<\/li>\n<li><strong>Y t\u1ebf, b\u1ea3o hi\u1ec3m y t\u1ebf v\u00e0 x\u00e3 h\u1ed9i<\/strong><strong>:<\/strong> H\u1ec7 th\u1ed1ng y t\u1ebf t\u1ea1i C\u1ed9ng h\u00f2a S\u00e9c. B\u1ea3o hi\u1ec3m c\u00f4ng c\u1ed9ng v\u00e0 th\u01b0\u01a1ng m\u1ea1i. H\u1ec7 th\u1ed1ng an sinh x\u00e3 h\u1ed9i t\u1ea1i C\u1ed9ng h\u00f2a S\u00e9c.<\/li>\n<li><strong>Gi\u00e1o d\u1ee5c<\/strong><strong>:<\/strong> H\u1ec7 th\u1ed1ng gi\u00e1o d\u1ee5c S\u00e9c. \u0110\u0103ng k\u00fd cho con v\u00e0o h\u1ecdc trong h\u1ec7 th\u1ed1ng tr\u01b0\u1eddng h\u1ecdc S\u00e9c. Kh\u00f3a h\u1ecdc ti\u1ebfng S\u00e9c cho ng\u01b0\u1eddi l\u1edbn v\u00e0 tr\u1ebb em. C\u00f4ng nh\u1eadn tr\u00ecnh \u0111\u1ed9 h\u1ecdc v\u1ea5n tr\u01b0\u1edbc \u0111\u00f3.<\/li>\n<li><strong>Kinh doanh<\/strong><strong>:<\/strong> B\u1eaft \u0111\u1ea7u kinh doanh c\u00e1 th\u1ec3 t\u1ea1i CH S\u00e9c. Ngh\u0129a v\u1ee5 &#8211; b\u1ea3o hi\u1ec3m y t\u1ebf, x\u00e3 h\u1ed9i, thu\u1ebf. C\u01b0 tr\u00fa c\u1ee7a ng\u01b0\u1eddi n\u01b0\u1edbc ngo\u00e0i v\u1edbi m\u1ee5c \u0111\u00edch kinh doanh.<\/li>\n<li><strong>Lao \u0111\u1ed9ng<\/strong><strong>:<\/strong> Th\u1ebb lao \u0111\u1ed9ng. C\u00e1c th\u1ec3 lo\u1ea1i h\u1ee3p \u0111\u1ed3ng lao \u0111\u1ed9ng. T\u00ecm vi\u1ec7c l\u00e0m nh\u01b0 th\u1ebf n\u00e0o. Thu\u1ebf. B\u1ea3o hi\u1ec3m y t\u1ebf v\u00e0 x\u00e3 h\u1ed9i. Sinh vi\u00ean v\u00e0 lao \u0111\u1ed9ng. R\u1ee7i ro v\u00e0 b\u1ea3o v\u1ec7 ng\u01b0\u1eddi lao \u0111\u1ed9ng.<\/li>\n<li><strong>Th\u00f4ng tin li\u00ean h\u1ec7 v\u1edbi c\u00e1c c\u01a1 quan S\u00e9c<\/strong>: B\u1ed9 N\u1ed9i v\u1ee5. C\u1ea3nh s\u00e1t ngo\u1ea1i ki\u1ec1u t\u1ea1i khu v\u1ef1c. Th\u00f4ng tin li\u00ean h\u1ec7 v\u1edbi c\u00e1c t\u1ed5 ch\u1ee9c gi\u00fap \u0111\u1ee1 ng\u01b0\u1eddi n\u01b0\u1edbc ngo\u00e0i mi\u1ec5n ph\u00ed \u2013 trung t\u00e2m h\u1ed9i nh\u1eadp tr\u00ean to\u00e0n C\u1ed9ng h\u00f2a S\u00e9c v\u00e0 c\u00e1c t\u1ed5 ch\u1ee9c phi l\u1ee3i nhu\u1eadn phi ch\u00ednh ph\u1ee7.<\/li>\n<li><strong>Ng\u00e0y l\u1ec5. T\u1eadp t\u1ee5c v\u00e0 truy\u1ec1n th\u1ed1ng. Ki\u1ebfn th\u1ee9c v\u0103n h\u00f3a c\u01a1 b\u1ea3n. C\u00e1c \u0111\u1ecba \u0111i\u1ec3m th\u00fa v\u1ecb t\u1ea1i S\u00e9c v\u00e0 ho\u1ea1t \u0111\u1ed9ng gi\u1ea3i tr\u00ed.<\/strong><\/li>\n<li><strong>Cu\u1ed9c s\u1ed1ng th\u1ef1c t\u1ebf h\u00e0ng ng\u00e0y<\/strong><strong>:<\/strong> C\u00e1c t\u00ecnh hu\u1ed1ng kh\u1ee7ng ho\u1ea3ng. Giao th\u00f4ng. L\u00e1i xe. \u0110\u0103ng k\u00fd xe. B\u01b0u \u0111i\u1ec7n. Th\u01b0 t\u1eeb ch\u00ednh th\u1ee9c.<\/li>\n<\/ul>\n<p><strong>C\u00c1C TH\u00d4NG TIN TI\u1ebeP THEO<\/strong><\/p>\n<p>B\u1ea1n c\u00f3 th\u1ec3 t\u00ecm hi\u1ec3u th\u00eam th\u00f4ng tin v\u1ec1 kh\u00f3a h\u1ecdc, bao g\u1ed3m c\u00e1ch \u0111\u0103ng k\u00fd kh\u00f3a h\u1ecdc, tr\u00ean trang web <a href=\"http:\/\/aik.icpraha.com\/\">aik.icpraha.com<\/a> v\u00e0 <a href=\"https:\/\/www.vitejtevcr.cz\/cs\/\">www.vitejtevcr.cz.<\/a><\/p>\n<p>B\u1ea1n c\u0169ng c\u00f3 th\u1ec3 t\u00ecm th\u1ea5y th\u00eam th\u00f4ng tin tr\u00ean <a href=\"https:\/\/kurzy.frs.gov.cz\/cs\">C\u1ed5ng th\u00f4ng tin d\u00e0nh cho ng\u01b0\u1eddi n\u01b0\u1edbc ngo\u00e0i c\u1ee7a B\u1ed9 N\u1ed9i v\u1ee5 C\u1ed9ng h\u00f2a S\u00e9c.<\/a><\/p>\n<p>&nbsp;<\/p>\n<p style=\"text-align: right;\">C\u1eadp nh\u1eadt l\u1ea7n cu\u1ed1i: 4 th\u00e1ng 3 n\u0103m 2025<\/p>\n<p>&nbsp;<\/p>","protected":false},"excerpt":{"rendered":"<p>T\u1ea1i \u0111\u00e2y, b\u1ea1n s\u1ebd t\u00ecm hi\u1ec3u v\u1ec1 c\u00e1c kh\u00f3a h\u1ecdc th\u00edch \u1ee9ng-h\u1ed9i nh\u1eadp, ng\u01b0\u1eddi n\u01b0\u1edbc ngo\u00e0i n\u00e0o ph\u1ea3i tham gia, c\u00e1c kh\u00f3a h\u1ecdc di\u1ec5n ra \u1edf \u0111\u00e2u, ai l\u00e0 ng\u01b0\u1eddi t\u1ed5 ch\u1ee9c c\u00e1c kh\u00f3a h\u1ecdc v\u00e0 n\u1ed9i dung c\u1ee7a ch\u00fang&#8230;<\/p>\n<a class=\"more-block\" href=\"https:\/\/metropolevsech.eu\/vi\/potrebuji-resit\/adaptacne-integracni-kurzy-vitejte-v-ceske-republice\/\">\u0110\u1ecdc th\u00eam<\/a>","protected":false},"author":7,"featured_media":7344,"parent":736,"menu_order":3,"comment_status":"closed","ping_status":"closed","template":"","meta":[],"acf":[],"_links":{"self":[{"href":"https:\/\/metropolevsech.eu\/vi\/wp-json\/wp\/v2\/pages\/893"}],"collection":[{"href":"https:\/\/metropolevsech.eu\/vi\/wp-json\/wp\/v2\/pages"}],"about":[{"href":"https:\/\/metropolevsech.eu\/vi\/wp-json\/wp\/v2\/types\/page"}],"author":[{"embeddable":true,"href":"https:\/\/metropolevsech.eu\/vi\/wp-json\/wp\/v2\/users\/7"}],"replies":[{"embeddable":true,"href":"https:\/\/metropolevsech.eu\/vi\/wp-json\/wp\/v2\/comments?post=893"}],"version-history":[{"count":55,"href":"https:\/\/metropolevsech.eu\/vi\/wp-json\/wp\/v2\/pages\/893\/revisions"}],"predecessor-version":[{"id":24434,"href":"https:\/\/metropolevsech.eu\/vi\/wp-json\/wp\/v2\/pages\/893\/revisions\/24434"}],"up":[{"embeddable":true,"href":"https:\/\/metropolevsech.eu\/vi\/wp-json\/wp\/v2\/pages\/736"}],"wp:featuredmedia":[{"embeddable":true,"href":"https:\/\/metropolevsech.eu\/vi\/wp-json\/wp\/v2\/media\/7344"}],"wp:attachment":[{"href":"https:\/\/metropolevsech.eu\/vi\/wp-json\/wp\/v2\/media?parent=893"}],"curies":[{"name":"wp","href":"https:\/\/api.w.org\/{rel}","templated":true}]}}