{"id":895,"date":"2017-01-16T10:34:34","date_gmt":"2017-01-16T09:34:34","guid":{"rendered":"https:\/\/metropolevsech.eu\/?page_id=895"},"modified":"2026-02-01T17:52:48","modified_gmt":"2026-02-01T16:52:48","slug":"kontakty","status":"publish","type":"page","link":"https:\/\/metropolevsech.eu\/vi\/kontakty\/","title":{"rendered":"Li\u00ean h\u1ec7"},"content":{"rendered":"<p><\/p>\n<ul class=\"bullet\">\n<li><a href=\"#Magistr\u00e1t hl. m. Prahy\">T\u00f2a th\u1ecb ch\u00ednh th\u1ee7 \u0111\u00f4 Praha<\/a><\/li>\n<li><a href=\"\/\/metropolevsech.eu\/vi\/urady-v-praze\/jednotlive-mestske-casti\/\">C\u00e1c \u1ee7y ban qu\u1eadn<\/a><\/li>\n<li><a href=\"#Integra\u010dn\u00ed centrum Praha o.p.s.\">Trung t\u00e2m h\u1ed9i nh\u1eadp Praha<\/a><\/li>\n<li><a href=\"\/\/metropolevsech.eu\/vi\/sluzby-pro-migranty\/\">C\u00e1c t\u1ed5 ch\u1ee9c phi ch\u00ednh ph\u1ee7 phi l\u1ee3i nhu\u1eadn<\/a><\/li>\n<li><a href=\"\/\/metropolevsech.eu\/vi\/sluzby-pro-migranty\/interkulturni-pracovnici-a-komunitni-tlumocnici\/\">Nh\u00e2n vi\u00ean giao v\u0103n h\u00f3a v\u00e0 phi\u00ean d\u1ecbch c\u1ed9ng \u0111\u1ed3ng<\/a><\/li>\n<li><a href=\"\/\/metropolevsech.eu\/vi\/sluzby-pro-migranty\/migrantske-a-komunitni-organizace\/\">C\u00e1c t\u1ed5 ch\u1ee9c c\u1ee7a ng\u01b0\u1eddi di c\u01b0 v\u00e0 c\u1ed9ng \u0111\u1ed3ng<\/a><\/li>\n<li><a href=\"#D\u016fm n\u00e1rodnostn\u00edch men\u0161in - Praha\">T\u00f2a nh\u00e0 c\u00e1c d\u00e2n t\u1ed9c thi\u1ec3u s\u1ed1 &#8211; Praha<\/a><\/li>\n<li><a href=\"#Ministerstvo vnitra \u010cesk\u00e9 republiky (MV \u010cR), Odbor azylov\u00e9 a migra\u010dn\u00ed politiky (OAMP)\">B\u1ed9 N\u1ed9i v\u1ee5 C\u1ed9ng h\u00f2a S\u00e9c, C\u1ee5c ch\u00ednh s\u00e1ch t\u1ecb n\u1ea1n v\u00e0 di d\u00e2n<\/a><\/li>\n<li><a href=\"#Policie \u010cesk\u00e9 republiky \u2013 Slu\u017eba cizineck\u00e9 policie\">C\u1ea3nh s\u00e1t ngo\u1ea1i ki\u1ec1u C\u1ed9ng h\u00f2a S\u00e9c \u2013 D\u1ecbch v\u1ee5 c\u1ea3nh s\u00e1t ngo\u1ea1i ki\u1ec1u<\/a><\/li>\n<\/ul>\n<div class=\"box-ok\"><\/p>\n<p><em>C\u00e1c th\u00f4ng tin li\u00ean h\u1ec7 h\u1eefu \u00edch c\u00f3 th\u1ec3 t\u00ecm th\u1ea5y tr\u00ean <a href=\"\/\/www.cizinci.cz\/web\/cz\/adresar-organizaci-a-instituci\">trang web c\u1ee7a B\u1ed9 N\u1ed9i v\u1ee5 CH S\u00e9c<\/a><\/em><\/p>\n<p><\/div>\n<p>&nbsp;<\/p>\n<h3>T\u00f2a th\u1ecb ch\u00ednh th\u1ee7 \u0111\u00f4 Praha<\/h3>\n<p>V\u0103n ph\u00f2ng T\u00f2a th\u1ecb ch\u00ednh \u2013 Ph\u00f2ng D\u00e2n t\u1ed9c thi\u1ec3u s\u1ed1 v\u00e0 Ng\u01b0\u1eddi n\u01b0\u1edbc ngo\u00e0i<\/p>\n<p>\u0110\u1ecba ch\u1ec9:\u00a0<a href=\"\/\/wgp.praha-mesto.cz\/tms\/html\/wgp_imb\/index.php?autolog_anonymous=1&amp;client_type=map_html&amp;strange_opener=0&amp;interface=tmv&amp;MAP=TMS_WGP_IMB&amp;client_type=map_html&amp;m_map_size=middle_map&amp;Values=30015&amp;Theme=stavebni_objekty_ui&amp;Field=IDBUD&amp;Command=SelByFld&amp;Zoom=ToExtent&amp;interface=tmv&amp;Project=TMS_WGP_IMB&amp;strange_opener=0&amp;client_lang=cz_iso&amp;cacheID=1163413428687\">\u0160kod\u016fv pal\u00e1c<\/a> &#8211; \u00a0Jungmannova 35 \/ 29, 110 01 Praha 1<\/p>\n<p>\u0110i\u1ec7n tho\u1ea1i: 236\u00a0002 599<\/p>\n<p>E-mail: <a href=\"mailto:integrace@praha.eu\">integrace@praha.eu<\/a><\/p>\n<p>Web:\u00a0<a href=\"\/\/www.praha.eu\">www.praha.eu<\/a><\/p>\n<p>&nbsp;<\/p>\n<h3>Trung t\u00e2m h\u1ed9i nh\u1eadp Praha (Integra\u010dn\u00ed centrum Praha o.p.s.)<\/h3>\n<p>\u0110\u1ecba ch\u1ec9: \u017ditn\u00e1 1574\/51, 110\u00a000 Praha 1<\/p>\n<p>\u0110i\u1ec7n tho\u1ea1i: 252\u00a0543\u00a0846<\/p>\n<p>E-mail: <a href=\"mailto:info@icpraha.com\">info@icpraha.com<\/a><\/p>\n<p>Web:\u00a0<a href=\"\/\/www.icpraha.com\">www.icpraha.com<\/a><\/p>\n<p>&nbsp;<\/p>\n<h3>T\u00f2a nh\u00e0 c\u00e1c d\u00e2n t\u1ed9c thi\u1ec3u s\u1ed1 (D\u016fm n\u00e1rodnostn\u00edch men\u0161in \u2013 Praha)<\/h3>\n<p>\u0110\u1ecba ch\u1ec9: Vocelova 602\/3, 120 00 Praha 2<\/p>\n<p>\u0110i\u1ec7n tho\u1ea1i: 221 419\u00a0800<\/p>\n<p>Web: <a href=\"\/\/www.dnm-praha.eu\">\/\/www.dnm-praha.eu<\/a><\/p>\n<p>&nbsp;<\/p>\n<h3>B\u1ed9 N\u1ed9i v\u1ee5 C\u1ed9ng h\u00f2a S\u00e9c, C\u1ee5c ch\u00ednh s\u00e1ch t\u1ecb n\u1ea1n v\u00e0 di d\u00e2n (Ministerstvo vnitra \u010cesk\u00e9 republiky (MV \u010cR), Odbor azylov\u00e9 a migra\u010dn\u00ed politiky (OAMP))<\/h3>\n<p>\u0110\u1ecba ch\u1ec9: Nad \u0160tolou 3, 170\u00a034 Praha 7 (po\u0161tovn\u00ed schr\u00e1nka (h\u00f2m th\u01b0) 21)<\/p>\n<p>E-mail: <a href=\"mailto:opu@mvcr.cz\">opu@mvcr.cz<\/a><\/p>\n<p>E-mail: <a href=\"mailto:pobyty@mvcr.cz\">pobyty@mvcr.cz<\/a> (\u0111\u01b0\u1eddng d\u00e2y th\u00f4ng tin chung chung)<\/p>\n<p>\u0110i\u1ec7n tho\u1ea1i: (th\u1ee9 hai \u2013\u00a0th\u1ee9 n\u0103m: 8 \u2013 16h, th\u1ee9 s\u00e1u t\u1eeb 9- 12h ): 974\u00a0801 801,(\u0111\u01b0\u1eddng d\u00e2y cung c\u1ea5p th\u00f4ng tin chung)<\/p>\n<p>Web:\u00a0<a href=\"\/\/www.mvcr.cz\/\">\/\/www.mvcr.cz\/<\/a><\/p>\n<p>Th\u00f4ng tin li\u00ean h\u1ec7 v\u1edbi c\u00e1c v\u0103n ph\u00f2ng khu v\u1ef1c c\u1ee7a C\u1ee5c ch\u00ednh s\u00e1ch t\u1ecb n\u1ea1n v\u00e0 di d\u00e2n B\u1ed9 N\u1ed9i v\u1ee5 CH S\u00e9c <a href=\"\/\/www.mvcr.cz\/clanek\/sluzby-pro-verejnost-informace-pro-cizince-kontakty.aspx\">t\u1ea1i \u0111\u00e2y<\/a>.<strong>\u00a0<\/strong><br \/>\n<a><\/a><\/p>\n<h3>C\u1ea3nh s\u00e1t ngo\u1ea1i ki\u1ec1u C\u1ed9ng h\u00f2a S\u00e9c \u2013 D\u1ecbch v\u1ee5 c\u1ea3nh s\u00e1t ngo\u1ea1i ki\u1ec1u (Policie \u010cesk\u00e9 republiky \u2013 Slu\u017eba cizineck\u00e9 policie)<\/h3>\n<p>\u0110\u1ecba ch\u1ec9: Ol\u0161ansk\u00e1 2, 130\u00a051 Praha 3 (po\u0161tovn\u00ed schr\u00e1nka (h\u00f2m th\u01b0) 78)<\/p>\n<p>\u0110i\u1ec7n tho\u1ea1i: 974\u00a0841\u00a0219 \u2013 v\u0103n ph\u00f2ng th\u01b0 k\u00fd, Fax: 974\u00a0841\u00a0093<\/p>\n<p>E-mail: <a href=\"mailto:pp.rscp.sekretariat@pcr.cz\">pp.rscp.sekretariat@pcr.cz<\/a><\/p>\n<p>Ph\u00f2ng nh\u1eadn h\u1ed3 s\u01a1 \u0111i\u1ec7n t\u1eed (\u0111\u1ec3 g\u1eedi gi\u1ea5y t\u1edd c\u00f3 ch\u1eef k\u00fd \u0111i\u1ec7n t\u1eed): <a href=\"mailto:epodatelna.policie@pcr.cz\">epodatelna.policie@pcr.cz<\/a><\/p>\n<p>Web:\u00a0<a href=\"\/\/www.policie.cz\/sluzba-cizinecke-policie.aspx\">\/\/www.policie.cz\/sluzba-cizinecke-policie.aspx<\/a><\/p>\n<p>Th\u00f4ng tin li\u00ean h\u1ec7 v\u1edbi c\u00e1c v\u0103n ph\u00f2ng c\u1ea3nh s\u00e1t ngo\u1ea1i ki\u1ec1u khu v\u1ef1c <a href=\"\/\/www.policie.cz\/clanek\/oddeleni-pobytovych-agend.aspx\">t\u1ea1i \u0111\u00e2y<\/a>.<\/p>\n<p>&nbsp;<\/p>\n<p>&nbsp;<\/p>","protected":false},"excerpt":{"rendered":"<p>T\u00f2a th\u1ecb ch\u00ednh th\u1ee7 \u0111\u00f4 Praha C\u00e1c \u1ee7y ban qu\u1eadn Trung t\u00e2m h\u1ed9i nh\u1eadp Praha C\u00e1c t\u1ed5 ch\u1ee9c phi ch\u00ednh ph\u1ee7 phi l\u1ee3i nhu\u1eadn Nh\u00e2n vi\u00ean giao v\u0103n h\u00f3a v\u00e0 phi\u00ean d\u1ecbch c\u1ed9ng \u0111\u1ed3ng C\u00e1c t\u1ed5 ch\u1ee9c c\u1ee7a ng\u01b0\u1eddi di&#8230;<\/p>\n<a class=\"more-block\" href=\"https:\/\/metropolevsech.eu\/vi\/kontakty\/\">\u0110\u1ecdc th\u00eam<\/a>","protected":false},"author":7,"featured_media":3600,"parent":0,"menu_order":7,"comment_status":"closed","ping_status":"closed","template":"","meta":[],"acf":[],"_links":{"self":[{"href":"https:\/\/metropolevsech.eu\/vi\/wp-json\/wp\/v2\/pages\/895"}],"collection":[{"href":"https:\/\/metropolevsech.eu\/vi\/wp-json\/wp\/v2\/pages"}],"about":[{"href":"https:\/\/metropolevsech.eu\/vi\/wp-json\/wp\/v2\/types\/page"}],"author":[{"embeddable":true,"href":"https:\/\/metropolevsech.eu\/vi\/wp-json\/wp\/v2\/users\/7"}],"replies":[{"embeddable":true,"href":"https:\/\/metropolevsech.eu\/vi\/wp-json\/wp\/v2\/comments?post=895"}],"version-history":[{"count":6,"href":"https:\/\/metropolevsech.eu\/vi\/wp-json\/wp\/v2\/pages\/895\/revisions"}],"predecessor-version":[{"id":24836,"href":"https:\/\/metropolevsech.eu\/vi\/wp-json\/wp\/v2\/pages\/895\/revisions\/24836"}],"wp:featuredmedia":[{"embeddable":true,"href":"https:\/\/metropolevsech.eu\/vi\/wp-json\/wp\/v2\/media\/3600"}],"wp:attachment":[{"href":"https:\/\/metropolevsech.eu\/vi\/wp-json\/wp\/v2\/media?parent=895"}],"curies":[{"name":"wp","href":"https:\/\/api.w.org\/{rel}","templated":true}]}}